{"id":976,"date":"2016-07-28T11:07:06","date_gmt":"2016-07-28T11:07:06","guid":{"rendered":"http:\/\/www.toletum-network.com\/?page_id=976"},"modified":"2020-11-18T11:11:01","modified_gmt":"2020-11-18T09:11:01","slug":"espanol-dr-felix-bartenstein","status":"publish","type":"page","link":"https:\/\/www.toletum-network.com\/es\/teilnehmer\/espanol-dr-felix-bartenstein\/","title":{"rendered":"Dr. Felix Bartenstein"},"content":{"rendered":"<p><img loading=\"lazy\" decoding=\"async\" class=\"alignnone wp-image-1145 size-full\" src=\"http:\/\/www.toletum-network.com\/wp-content\/uploads\/2016\/07\/Bartenstein-200x300.jpg\" width=\"200\" height=\"300\" \/><\/p>\n<h3 class=\"entry-title\"><strong>Dr. Felix Bartenstein<\/strong><\/h3>\n<p><span style=\"color: #999999;\"><a style=\"color: #999999;\" href=\"mailto:felixbartenstein@gmx.de\">felixbartenstein@gmx.de<\/a><\/span><\/p>\n<hr \/>\n<p><strong>Publikationen<br \/>\n<\/strong>1. Bis ans Ende der bewohnten Welt. Die r\u00f6mische Grenz- und Expansionspolitik in der augusteischen Zeit, Quellen und Forschungen zur Antiken Welt 59 (M\u00fcnchen 2013).<br \/>\n2. [Im Druck] Die r\u00f6mischen Feldz\u00fcge in Hispanien nach 27 v. Chr., in: G. A. Lehmann \u2013 R. Wiegels (Hrsg.), \u201e\u00dcber die Alpen und \u00fcber den Rhein\u201c \u2013 Anf\u00e4nge und fr\u00fcher Verlauf r\u00f6mischer Expansion nach Mitteleuropa, Kolloquium der Akademie der Wissenschaften zu G\u00f6ttingen 28.-30.11.2012.<br \/>\n3. Alfred Heu\u00df \u2013 Die Kritik am \u201ehistorischen Analphabetismus\u201c, in: S. Marg \u2013 F. Walter (Hrsg.), G\u00f6ttinger K\u00f6pfe und ihr Wirken in die Welt (G\u00f6ttingen 2012) 65-70.<\/p>\n<hr \/>\n<h5><strong>Akademische Bildung<\/strong><\/h5>\n<p><strong><span style=\"color: #999999;\">\u2014 <\/span><\/strong><span style=\"color: #999999;\">WS 2012<\/span><br \/>\nErfolgreicher Abschluss des Promotionsverfahrens in Alter Geschichte.<\/p>\n<p><span style=\"color: #999999;\"><strong>\u2014 <\/strong>SS 2008<\/span><br \/>\nErfolgreicher Abschlu\u00df (M.A.) in den F\u00e4chern Alte Geschichte (Hauptfach), Mittlere und Neuere Geschichte (1. Nebenfach) und Klassische Arch\u00e4ologie (2. Nebenfach).<\/p>\n<p><span style=\"color: #999999;\"><strong>\u2014 <\/strong>WS 2001\/2002<\/span><br \/>\nBeginn des Studiums an der Georg-August-Universit\u00e4t G\u00f6ttingen.<\/p>\n<p><strong>Lehrt\u00e4tigkeit<\/strong><br \/>\n<span style=\"color: #999999;\"><strong>\u2014 <\/strong>WS 2009\/10<\/span><br \/>\nIntegriertes Proseminar \u00abReligion und Gesellschaft\u00bb mit Exkursion in die Ausstellung \u00abAlexander der Gro\u00dfe\u00bb in die Reiss-Engelhorn-Museen Mannheim.<\/p>\n<p><span style=\"color: #999999;\"><strong>\u2014 <\/strong>WS 2009\/10<\/span><br \/>\nLekt\u00fcre\u00fcbung \u00abDie archaische Epoche\u00bb.<\/p>\n<p><span style=\"color: #999999;\"><strong>\u2014 <\/strong>SS 2008<\/span><br \/>\nIntegriertes Proseminar \u201eEntdeckungen und Eroberungen\u201c mit Exkursion ins R\u00f6merlager Hedem\u00fcnden.<\/p>\n","protected":false},"excerpt":{"rendered":"<p>Dr. Felix Bartenstein felixbartenstein@gmx.de Publikationen 1. Bis ans Ende der bewohnten Welt. Die r\u00f6mische Grenz- und Expansionspolitik in der augusteischen Zeit, Quellen und Forschungen zur Antiken Welt 59 (M\u00fcnchen 2013). 2. [Im Druck] Die r\u00f6mischen Feldz\u00fcge in Hispanien nach 27 v. Chr., in: G. A. Lehmann \u2013 R. Wiegels (Hrsg.), \u201e\u00dcber die Alpen und \u00fcber &hellip; <a href=\"https:\/\/www.toletum-network.com\/es\/teilnehmer\/espanol-dr-felix-bartenstein\/\" class=\"more-link\">Continuar leyendo<span class=\"screen-reader-text\"> \u00abDr. Felix Bartenstein\u00bb<\/span><\/a><\/p>\n","protected":false},"author":7,"featured_media":0,"parent":18,"menu_order":0,"comment_status":"closed","ping_status":"closed","template":"","meta":{"jetpack_post_was_ever_published":false,"footnotes":""},"class_list":["post-976","page","type-page","status-publish","hentry"],"jetpack_sharing_enabled":true,"jetpack_shortlink":"https:\/\/wp.me\/P82TDz-fK","_links":{"self":[{"href":"https:\/\/www.toletum-network.com\/es\/wp-json\/wp\/v2\/pages\/976","targetHints":{"allow":["GET"]}}],"collection":[{"href":"https:\/\/www.toletum-network.com\/es\/wp-json\/wp\/v2\/pages"}],"about":[{"href":"https:\/\/www.toletum-network.com\/es\/wp-json\/wp\/v2\/types\/page"}],"author":[{"embeddable":true,"href":"https:\/\/www.toletum-network.com\/es\/wp-json\/wp\/v2\/users\/7"}],"replies":[{"embeddable":true,"href":"https:\/\/www.toletum-network.com\/es\/wp-json\/wp\/v2\/comments?post=976"}],"version-history":[{"count":16,"href":"https:\/\/www.toletum-network.com\/es\/wp-json\/wp\/v2\/pages\/976\/revisions"}],"predecessor-version":[{"id":9470,"href":"https:\/\/www.toletum-network.com\/es\/wp-json\/wp\/v2\/pages\/976\/revisions\/9470"}],"up":[{"embeddable":true,"href":"https:\/\/www.toletum-network.com\/es\/wp-json\/wp\/v2\/pages\/18"}],"wp:attachment":[{"href":"https:\/\/www.toletum-network.com\/es\/wp-json\/wp\/v2\/media?parent=976"}],"curies":[{"name":"wp","href":"https:\/\/api.w.org\/{rel}","templated":true}]}}