{"id":9402,"date":"2016-10-07T17:01:32","date_gmt":"2016-10-07T16:01:32","guid":{"rendered":"http:\/\/www.toletum-network.com\/?page_id=9402"},"modified":"2017-09-24T19:06:54","modified_gmt":"2017-09-24T17:06:54","slug":"i-workshop-2010","status":"publish","type":"page","link":"https:\/\/www.toletum-network.com\/es\/workshops\/i-workshop-2010\/","title":{"rendered":"I. Workshop 2010"},"content":{"rendered":"<p><img loading=\"lazy\" decoding=\"async\" class=\"alignnone wp-image-478\" src=\"http:\/\/www.toletum-network.com\/wp-content\/uploads\/2016\/07\/Toletum-I-web-ok-210x300.jpg\" alt=\"Toletum-I-web-ok\" width=\"400\" height=\"572\" srcset=\"https:\/\/www.toletum-network.com\/wp-content\/uploads\/2016\/07\/Toletum-I-web-ok-210x300.jpg 210w, https:\/\/www.toletum-network.com\/wp-content\/uploads\/2016\/07\/Toletum-I-web-ok-768x1097.jpg 768w, https:\/\/www.toletum-network.com\/wp-content\/uploads\/2016\/07\/Toletum-I-web-ok-717x1024.jpg 717w, https:\/\/www.toletum-network.com\/wp-content\/uploads\/2016\/07\/Toletum-I-web-ok-1200x1715.jpg 1200w, https:\/\/www.toletum-network.com\/wp-content\/uploads\/2016\/07\/Toletum-I-web-ok.jpg 2000w\" sizes=\"auto, (max-width: 400px) 85vw, 400px\" \/><\/p>\n<hr \/>\n<h1><span style=\"color: #e6b900;\">Workshop I<\/span><\/h1>\n<h5><span style=\"color: #e6b900;\">22. \u2013 23. Oktober 2010 in Hamburg<\/span><\/h5>\n<p><strong>Tagungsort<\/strong><br \/>\n<a href=\"http:\/\/www.warburg-haus.de\/\">Warburg-Haus<\/a> \u00b7 Heilwigstr. 116 \u00b7 D-20249 Hamburg<br \/>\nDownload <a href=\"http:\/\/www.toletum-network.com\/wp-content\/uploads\/2016\/10\/JUAN-PosterToletum-1.pdf\">Programm Workshop 2010<\/a> (PDF)<br \/>\n<a href=\"http:\/\/hsozkult.geschichte.hu-berlin.de\/tagungsberichte\/id=3401\">Tagungsbericht<\/a> von Dominik Kloss und Sabine Panzram (H-Soz-u-Kult)<\/p>\n<hr \/>\n<h2>Tagungsprogramm<\/h2>\n<h3><span style=\"color: #e6b900;\"><strong>Freitag, 22.10.2010<\/strong><\/span><\/h3>\n<p><span style=\"color: #999999;\">\u2014 17.00 Uhr<\/span><strong><br \/>\nSabine Panzram \/ Markus Trunk<\/strong><br \/>\n<em>Begr\u00fc\u00dfung<\/em><\/p>\n<p><span style=\"color: #800080;\"><strong>\u201eAntike in der Moderne\u201c \u2013 die Iberische Halbinsel im Fokus der Forschung<\/strong><br \/>\n<\/span><\/p>\n<p><span style=\"color: #800080;\"><span style=\"color: #999999;\">\u2014 17.15 Uhr<\/span><br \/>\n<\/span><strong>Sabine Panzram<br \/>\n<\/strong><em>Alte Geschichte \/ Universit\u00e4t Hamburg \u2013 Deutsches Arch\u00e4ologisches Institut Berlin-Madrid<\/em><br \/>\n\u201eUn nudo m\u00e1s dif\u00edcil de desatar que el Gordiano\u201c \u2013 Forschungsfeld Iberische Halbinsel<\/p>\n<p><span style=\"color: #999999;\">\u2014 17.45 Uhr<\/span><strong><br \/>\nMarkus Trunk<br \/>\n<\/strong><em>Klassische Arch\u00e4ologie \/ Universit\u00e4t Trier<br \/>\n<\/em>Die Forschergruppe \u201eAntiguo o moderno. Encuadre de la escultura de estilo cl\u00e1sico en su per\u00edodo correspondiente\u201c<\/p>\n<p><span style=\"color: #999999;\">\u2014 18.15 Uhr<\/span><strong><br \/>\nDirce Marzoli<br \/>\n<\/strong><em>Vor-und Fr\u00fchgeschichte \/ Direktorin Deutsches Arch\u00e4ologisches Institut Madrid<\/em><br \/>\nGeschichte und Wirken des Deutschen Arch\u00e4ologischen Instituts auf der Iberischen Halbinsel von 1943\/1954 bis heute: Ein \u00dcberblick<\/p>\n<p><span style=\"color: #999999;\">\u2014 19.00 Uhr<\/span><em><br \/>\nEmpfang<\/em><\/p>\n<hr \/>\n<h3><span style=\"color: #e6b900;\"><strong>Samstag, 23.10.2010<\/strong><\/span><\/h3>\n<p><strong><span style=\"color: #800080;\">Die Iberische Halbinsel zwischen Republik und<\/span><\/strong><br \/>\n<strong><span style=\"color: #800080;\">\u201eformativer Phase\u201c (3. Jh. v. Chr.\u20131. Jh. n. Chr.)<br \/>\n<\/span><\/strong><\/p>\n<p><span style=\"color: #999999;\">\u2014 9.00 Uhr<\/span><strong><span style=\"color: #800080;\"><br \/>\n<\/span><\/strong><strong>Janine Lehmann<br \/>\n<\/strong><em>Klassische Arch\u00e4ologie \/ Universit\u00e4t zu K\u00f6ln<br \/>\n<\/em>Zur Architektursprache sp\u00e4trepublikanischer- fr\u00fchkaiserzeitlicher St\u00e4dte auf der Iberischen Halbinsel<\/p>\n<p><span style=\"color: #999999;\">\u2014 9.45 Uhr<\/span><strong><br \/>\nFelix Bartenstein<br \/>\n<\/strong><em>Alte Geschichte \/ Georg-August-Universit\u00e4t G\u00f6ttingen<br \/>\n<\/em>Augustus in Nordspanien \u2013 Konflikt und Ordnung<\/p>\n<p><span style=\"color: #999999;\">\u2014 10.30 Uhr<\/span><strong><br \/>\nCaroline Bergen<br \/>\n<\/strong><em>Alte Geschichte \/ Universit\u00e4t Hamburg<br \/>\n<\/em>Tarraco und Carthago Nova. Zwei Hafenst\u00e4dte in der Provinz Tarraconensis<\/p>\n<p><span style=\"color: #999999;\">\u2014 11.15 Uhr<\/span><em><br \/>\nKaffeepause<\/em><\/p>\n<p><strong><span style=\"color: #800080;\">Die Iberische Halbinsel zwischen den \u201eJahrhunderten derTransformation\u201c und der Sp\u00e4tantike (4. Jh. n. Chr. \u2013711)<br \/>\n<\/span><\/strong><\/p>\n<p><span style=\"color: #999999;\">\u2014 11.45 Uhr<\/span><strong><br \/>\nJudith V\u00e9gh<br \/>\n<\/strong><em>Alte Geschichte \/ Universit\u00e4t Heidelberg<br \/>\n<\/em>Die Christianisierung Hispaniens, 4.-7. Jh.<\/p>\n<p><span style=\"color: #999999;\">\u2014 12.30 Uhr<\/span><strong><br \/>\nOliver Kreis<br \/>\n<\/strong><em>Alte Geschichte \/ Universit\u00e4t Hamburg<br \/>\n<\/em>Ossius von Corduba und Konstantin der Gro\u00dfe. Welchen Einfluss hatte der Bischof auf den Kaiser?<\/p>\n<p><span style=\"color: #999999;\">\u2014 13.15 Uhr<\/span><em><br \/>\nMittagspause<\/em><\/p>\n<p><span style=\"color: #999999;\">\u2014 15.30 Uhr<\/span><strong><br \/>\nBeate Br\u00fchlmann<br \/>\n<\/strong><em>Klassische Arch\u00e4ologie \/ Universit\u00e4t Trier<br \/>\n<\/em>R\u00f6mische Villen in Hispanien und Gallien. Eine vergleichende Untersuchung zur Architektur und Funktion r\u00f6mischer Prachtvillen im Westen des R\u00f6mischen Reiches<\/p>\n<p><span style=\"color: #999999;\">\u2014 16.15 Uhr<\/span><strong><br \/>\nBenjamin Wolter<br \/>\n<\/strong><em>Alte Geschichte \/ Universit\u00e4t Hamburg<br \/>\n<\/em>Konstantinopel in Hispanien? Die so genannte Villa des Maternus in Carranque<\/p>\n<p><span style=\"color: #999999;\">\u2014 17.00 Uhr<\/span><em><br \/>\nKaffeepause<\/em><\/p>\n<p><span style=\"color: #999999;\">\u2014 17.30 Uhr<\/span><strong><br \/>\nJenny Abura<br \/>\n<\/strong><em>Christliche Arch\u00e4ologie und Byzantinische Kunstgeschichte \/ Georg-August-Universit\u00e4t G\u00f6ttingen<br \/>\n<\/em>Die westgotenzeitlichen Kapitelle von Toledo<\/p>\n<p><strong><span style=\"color: #800080;\">\u201eModerne in der Antike\u201c \u2013 die Iberische Halbinsel im Fokus moderner Medien<br \/>\n<\/span><\/strong><\/p>\n<p><span style=\"color: #999999;\">\u2014 18.15 Uhr<\/span><strong><br \/>\nAngelika Meier<br \/>\n<\/strong><em>Alte Geschichte \/ Universit\u00e4t Hamburg<br \/>\n<\/em>Net Generation: \u201eHistorie als Podcast\u201c?<\/p>\n<p><span style=\"color: #999999;\">\u2014 19.00 Uhr<\/span><em><br \/>\nAbschlussdiskussion<\/em><br \/>\n<a id=\"smoothup\" title=\"Back to top\" href=\"#top\"><\/a><\/p>\n","protected":false},"excerpt":{"rendered":"<p>Workshop I 22. \u2013 23. Oktober 2010 in Hamburg Tagungsort Warburg-Haus \u00b7 Heilwigstr. 116 \u00b7 D-20249 Hamburg Download Programm Workshop 2010 (PDF) Tagungsbericht von Dominik Kloss und Sabine Panzram (H-Soz-u-Kult) Tagungsprogramm Freitag, 22.10.2010 \u2014 17.00 Uhr Sabine Panzram \/ Markus Trunk Begr\u00fc\u00dfung \u201eAntike in der Moderne\u201c \u2013 die Iberische Halbinsel im Fokus der Forschung \u2014 &hellip; <a href=\"https:\/\/www.toletum-network.com\/es\/workshops\/i-workshop-2010\/\" class=\"more-link\">Continuar leyendo<span class=\"screen-reader-text\"> \u00abI. Workshop 2010\u00bb<\/span><\/a><\/p>\n","protected":false},"author":1,"featured_media":0,"parent":12,"menu_order":7,"comment_status":"closed","ping_status":"closed","template":"","meta":{"jetpack_post_was_ever_published":false,"footnotes":""},"class_list":["post-9402","page","type-page","status-publish","hentry"],"jetpack_sharing_enabled":true,"jetpack_shortlink":"https:\/\/wp.me\/P82TDz-2rE","_links":{"self":[{"href":"https:\/\/www.toletum-network.com\/es\/wp-json\/wp\/v2\/pages\/9402","targetHints":{"allow":["GET"]}}],"collection":[{"href":"https:\/\/www.toletum-network.com\/es\/wp-json\/wp\/v2\/pages"}],"about":[{"href":"https:\/\/www.toletum-network.com\/es\/wp-json\/wp\/v2\/types\/page"}],"author":[{"embeddable":true,"href":"https:\/\/www.toletum-network.com\/es\/wp-json\/wp\/v2\/users\/1"}],"replies":[{"embeddable":true,"href":"https:\/\/www.toletum-network.com\/es\/wp-json\/wp\/v2\/comments?post=9402"}],"version-history":[{"count":5,"href":"https:\/\/www.toletum-network.com\/es\/wp-json\/wp\/v2\/pages\/9402\/revisions"}],"predecessor-version":[{"id":9674,"href":"https:\/\/www.toletum-network.com\/es\/wp-json\/wp\/v2\/pages\/9402\/revisions\/9674"}],"up":[{"embeddable":true,"href":"https:\/\/www.toletum-network.com\/es\/wp-json\/wp\/v2\/pages\/12"}],"wp:attachment":[{"href":"https:\/\/www.toletum-network.com\/es\/wp-json\/wp\/v2\/media?parent=9402"}],"curies":[{"name":"wp","href":"https:\/\/api.w.org\/{rel}","templated":true}]}}