{"id":9401,"date":"2016-10-07T17:01:05","date_gmt":"2016-10-07T16:01:05","guid":{"rendered":"http:\/\/www.toletum-network.com\/?page_id=9401"},"modified":"2017-09-24T19:06:39","modified_gmt":"2017-09-24T17:06:39","slug":"ii-workshop-2011","status":"publish","type":"page","link":"https:\/\/www.toletum-network.com\/es\/workshops\/ii-workshop-2011\/","title":{"rendered":"II. Workshop 2011"},"content":{"rendered":"<p><img loading=\"lazy\" decoding=\"async\" class=\"alignnone wp-image-468\" src=\"http:\/\/www.toletum-network.com\/wp-content\/uploads\/2016\/07\/Toletum-II-web-OK-210x300.jpg\" alt=\"Toletum-II-web-OK\" width=\"400\" height=\"571\" srcset=\"https:\/\/www.toletum-network.com\/wp-content\/uploads\/2016\/07\/Toletum-II-web-OK-210x300.jpg 210w, https:\/\/www.toletum-network.com\/wp-content\/uploads\/2016\/07\/Toletum-II-web-OK-768x1097.jpg 768w, https:\/\/www.toletum-network.com\/wp-content\/uploads\/2016\/07\/Toletum-II-web-OK-717x1024.jpg 717w, https:\/\/www.toletum-network.com\/wp-content\/uploads\/2016\/07\/Toletum-II-web-OK-1200x1714.jpg 1200w, https:\/\/www.toletum-network.com\/wp-content\/uploads\/2016\/07\/Toletum-II-web-OK.jpg 2000w\" sizes=\"auto, (max-width: 400px) 85vw, 400px\" \/><\/p>\n<hr \/>\n<h1><span style=\"color: #e6b900;\">II. Workshop <\/span><\/h1>\n<h5><span style=\"color: #e6b900;\">20. \u2013 22. Oktober 2011 in Hamburg<\/span><\/h5>\n<p><strong>Tagungsort<\/strong><br \/>\n<a href=\"http:\/\/www.warburg-haus.de\/\">Warburg-Haus<\/a> \u00b7 Heilwigstr. 116 \u00b7 D-20249 Hamburg<br \/>\nDownload <a href=\"http:\/\/www.toletum-network.com\/wp-content\/uploads\/2016\/10\/Toletum-II.pdf\">Programm Workshop 2011<\/a> (PDF)<br \/>\n<a href=\"http:\/\/hsozkult.geschichte.hu-berlin.de\/tagungsberichte\/id=4077\">Tagungsbericht<\/a> von Sabine Panzram (H-Soz-u-Kult)<\/p>\n<hr \/>\n<h2>Tagungsprogramm<\/h2>\n<h3><span style=\"color: #e6b900;\"><strong>Donnerstag, 20.10.2011<\/strong><\/span><\/h3>\n<p><span style=\"color: #999999;\">\u2014 18.15 Uhr<\/span><em><br \/>\nBegr\u00fc\u00dfung<br \/>\n<\/em><strong>Prof. Dr. Franklin Kopitzsch<br \/>\n<\/strong><em><em>Historisches Seminar \/ Universit\u00e4t Hamburg<\/em><\/em><br \/>\n<strong>Prof. Dr. Rosa Sanz Serrano<\/strong><br \/>\n<em>Alte Geschichte \/ Universidad Complutense Madrid<\/em><br \/>\n<strong>Dr. Sabine Panzram<\/strong><br \/>\n<em>Alte Geschichte \/ Deutsches Arch\u00e4ologisches Institut Berlin- Madrid \u2013 Universit\u00e4t Hamburg<\/em><br \/>\n\u201eTempus Barbaricum. El Imperio y las Hispanias al final de la Antig\u00fcedad\u201c<br \/>\n\u201eDas Imperium Romanum, die Iberische Halbinsel und das Ende der Antike\u201c<br \/>\n<em>Gru\u00dfwort<\/em><br \/>\n<strong>Generalkonsul Joaqu\u00edn P\u00e9rez-Villanueva y Tovar<\/strong><br \/>\n<em>Generalkonsulat Spanien Hamburg<\/em><br \/>\n<strong>Prof. Dr. Martina Seifert<\/strong><br \/>\n<em>Arch\u00e4ologisches Institut \/ Universit\u00e4t Hamburg<br \/>\n<\/em><em>Festvortrag<\/em><br \/>\n<strong>Prof. Dr. Rosa Sanz Serrano<\/strong><br \/>\n<em>Universidad Complutense Madrid<\/em><br \/>\nHydatius und der Einfall der Barbaren in Hispanien<\/p>\n<p style=\"text-align: left;\"><span style=\"color: #999999;\">\u2014 20.00 Uhr<\/span><br \/>\n<em>Empfang<\/em><\/p>\n<hr \/>\n<h3><span style=\"color: #e6b900;\"><strong>Freitag, 21.10.2011<\/strong><\/span><\/h3>\n<p><strong><span style=\"color: #800080;\">Die Iberische Halbinsel zwischen Karthago und Rom<br \/>\n<\/span><\/strong><\/p>\n<p><span style=\"color: #800080;\"><span style=\"color: #999999;\">\u2014 9.00 Uhr<\/span><\/span><strong><span style=\"color: #800080;\"><br \/>\n<\/span><\/strong><strong>Dr. Iv\u00e1n Fumado Ortega<br \/>\n<\/strong><em>Ur- und Fr\u00fchgeschichte \/ Deutsches Arch\u00e4ologisches Institut Berlin<br \/>\n<\/em>Paisaje urbano en la Iberia p\u00fanica. Usos del suelo y equilibrio simb\u00f3lico en los asentamientos de tradici\u00f3n fenicia en la Pen\u00ednsula Ib\u00e9rica<\/p>\n<p><span style=\"color: #999999;\">\u2014 9.45 Uhr<\/span><strong><br \/>\nDominik Kloss<br \/>\n<\/strong><em>Alte Geschichte \/ Universit\u00e4t Hamburg<\/em><br \/>\nNumantia \u2013 Neue Forschungen auf alten Feldern<\/p>\n<p><span style=\"color: #999999;\">\u2014 10.30 Uhr<\/span><strong><br \/>\nFelix Bartenstein<br \/>\n<\/strong><em>Alte Geschichte \/ Georg-August-Universit\u00e4t G\u00f6ttingen<\/em><br \/>\nZur Chronologie der Kantabrischen Kriege<\/p>\n<p><span style=\"color: #999999;\">\u2014 11.15 Uhr<\/span><em><br \/>\nKaffeepause<\/em><\/p>\n<p><strong><span style=\"color: #800080;\">R\u00f6misches St\u00e4dte- und Siedlungswesen in der Kaiserzeit I<br \/>\n<\/span><\/strong><\/p>\n<p><span style=\"color: #999999;\">\u2014 11.45 Uhr<\/span><strong><br \/>\nDr. Nicole R\u00f6ring<br \/>\n<\/strong><em>Bauforschung \/ MEMVIER Bamberg \/ TU M\u00fcnchen<br \/>\n<\/em>Colonia Augusta Emerita \u2013 R\u00f6mische Stadtplanung am Rei\u00dfbrett<\/p>\n<p><span style=\"color: #999999;\">\u2014 12.30 Uhr<\/span><strong><br \/>\nVibeke Charlotte Goldbeck<br \/>\n<\/strong><em>Klassische Arch\u00e4ologie \/ Freie Universit\u00e4t Berlin<br \/>\nFora augusta<\/em>. Zur Rezeption des Augustusforums an Platzanlagen in den r\u00f6mischen Provinzen<\/p>\n<p><span style=\"color: #999999;\">\u2014 13.15 Uhr<\/span><em><br \/>\nMittagspause<\/em><\/p>\n<p><span style=\"color: #999999;\">\u2014 15.30 Uhr<\/span><strong><br \/>\nNadine Cavelius<br \/>\n<\/strong><em>Klassische Arch\u00e4ologie \/ Universit\u00e4t Trier<br \/>\n<\/em>Die Neustadt von Italica. Ausnahme oder Regelfall?<\/p>\n<p><span style=\"color: #999999;\">\u2014 16.15 Uhr<\/span><strong><br \/>\nJanine Lehmann<br \/>\n<\/strong><em>Klassische Arch\u00e4ologie \/ Universit\u00e4t zu K\u00f6ln<br \/>\n<\/em>Konstanten und Dynamiken in der hispanischen Baudekoration<\/p>\n<p><span style=\"color: #999999;\">\u2014 17.00 Uhr<\/span><em><br \/>\nKaffeepause<\/em><\/p>\n<p><span style=\"color: #999999;\">\u2014 17.30 Uhr<\/span><strong><br \/>\nJan Schneider<br \/>\n<\/strong><em>Klassische Arch\u00e4ologie \/ Justus-Liebig-Universit\u00e4t Gie\u00dfen<br \/>\n<\/em>L\u00e4ndliche Siedlungsstruktur im r\u00f6mischen Spanien. Untersuchungen am S\u00fcdlauf des Almanzora<\/p>\n<p><span style=\"color: #999999;\">\u2014 18.15 Uhr<\/span><strong><br \/>\nProf. Dr. Markus Trunk \/ Dr. Georg Breitner<br \/>\n<\/strong><em>Klassische Arch\u00e4ologie \/ Universit\u00e4t Trier<br \/>\n<\/em>Los Ba\u00f1ales \u2013 Perspektiven der Erforschung eines Fundplatzes in Arag\u00f3n<\/p>\n<p><span style=\"color: #999999;\">\u2014 20.30 Uhr<\/span><em><br \/>\nGemeinsames Abendessen<\/em><\/p>\n<hr \/>\n<h3><span style=\"color: #e6b900;\"><strong>Samstag, 22.10.2011<\/strong><\/span><\/h3>\n<p><span style=\"color: #800080;\"><strong>R\u00f6misches St\u00e4dte- und Siedlungswesen in der Kaiserzeit II<br \/>\n<\/strong><\/span><\/p>\n<p><span style=\"color: #999999;\">\u2014 9.00 Uhr<\/span><strong><br \/>\nElke Winkler<br \/>\n<\/strong><em>Klassische Arch\u00e4ologie \/ Justus-Liebig-Universit\u00e4t Gie\u00dfen<br \/>\n<\/em>Wandmalerei im r\u00f6mischen Spanien<\/p>\n<p><span style=\"color: #999999;\">\u2014 9.45 Uhr<\/span><strong><br \/>\nHanna Martin<br \/>\n<\/strong><em>Klassische Arch\u00e4ologie \/ Justus-Liebig-Universit\u00e4t Gie\u00dfen<br \/>\n<\/em>Ein Seitenblick \u2013 Reliefs auf hispanischen Alt\u00e4ren<\/p>\n<p><span style=\"color: #999999;\">\u2014 10.30 Uhr<\/span><strong><br \/>\nAnthony \u00c1lvarez Melero<br \/>\n<\/strong><em>Alte Geschichte \/ Universidad de Sevilla<\/em><br \/>\n\u00bfMarginales dentro de la marginalidad? Reflexiones acerca de las <em>liberti <\/em>relacionados con <em>equites romani<\/em>de <em>Hispania<\/em><\/p>\n<p><span style=\"color: #999999;\">\u2014 11.15 Uhr<\/span><em><br \/>\nKaffeepause<\/em><\/p>\n<p><span style=\"color: #999999;\">\u2014 11.45 Uhr<\/span><strong><br \/>\nOliver Kreis<br \/>\n<\/strong><em>Alte Geschichte \/ Universit\u00e4t Hamburg<br \/>\n<\/em>Ossius von Corduba und Konstantin der Gro\u00dfe. Welchen Einfluss hatte der Bischof auf den Kaiser?<\/p>\n<p><span style=\"color: #999999;\">\u2014 12.30 Uhr<\/span><strong><br \/>\nJudith V\u00e9gh<br \/>\n<\/strong><em>Alte Geschichte \/ Universit\u00e4t Heidelberg<br \/>\n<\/em>Bauherren in sp\u00e4tantiken Inschriften aus Hispanien<\/p>\n<p><span style=\"color: #999999;\">\u2014 13.15 Uhr<\/span><em><br \/>\nMittagspause<\/em><\/p>\n<p><strong><span style=\"color: #800080;\">R\u00f6misches St\u00e4dte- und Siedlungswesen in der Sp\u00e4tantike<br \/>\n<\/span><\/strong><\/p>\n<p><span style=\"color: #999999;\">\u2014 15.30 Uhr<\/span><strong><br \/>\nJonathan Bl\u00fcmel<\/strong><br \/>\n<em>Alte Geschichte \/ Universit\u00e4t Hamburg<\/em><br \/>\nStadt und Christianisierung in Hispanien \u2013 Tarraco und Segobriga<\/p>\n<p><span style=\"color: #999999;\">\u2014 16.15 Uhr<\/span><strong><br \/>\nJenny Abura<br \/>\n<\/strong><em>Christliche Arch\u00e4ologie und Byzantinische Kunstgeschichte \/ Georg-August-Universit\u00e4t G\u00f6ttingen<br \/>\n<\/em>Segobriga in der Sp\u00e4tantike. Architektur und bauplastische Elemente<\/p>\n<p><span style=\"color: #999999;\">\u2014 17.00 Uhr<\/span><em><br \/>\nKaffeepause<\/em><\/p>\n<p><span style=\"color: #999999;\">\u2014 17.30 Uhr<\/span><strong><br \/>\nBeate Br\u00fchlmann<br \/>\n<\/strong><em>Klassische Arch\u00e4ologie \/ Universit\u00e4t Trier<br \/>\n<\/em>Villen in Hispanien und Gallien: Zur Bedeutung der Villentypologie<\/p>\n<p><strong><span style=\"color: #800080;\">Forschungsfeld Iberische Halbinsel<br \/>\n<\/span><\/strong><\/p>\n<p><span style=\"color: #999999;\">\u2014 18.15 Uhr<\/span><strong><br \/>\nProf. Dr. Francisco Beltr\u00e1n Lloris<br \/>\n<\/strong><em>Alte Geschichte \/ Universidad de Zaragoza<br \/>\n<\/em>Epigraf\u00eda y ciudad en Hispania (1980-2011). Balance y perspectivas<\/p>\n<p><span style=\"color: #999999;\">\u2014 19.00 Uhr<\/span><em><br \/>\nAbschlussdiskussion<\/em><\/p>\n<p><span style=\"color: #999999;\">\u2014 20.30 Uhr<\/span><em><br \/>\nGemeinsames Abendessen<\/em><br \/>\n<a id=\"smoothup\" title=\"Back to top\" href=\"#top\"><\/a><\/p>\n","protected":false},"excerpt":{"rendered":"<p>II. Workshop 20. \u2013 22. Oktober 2011 in Hamburg Tagungsort Warburg-Haus \u00b7 Heilwigstr. 116 \u00b7 D-20249 Hamburg Download Programm Workshop 2011 (PDF) Tagungsbericht von Sabine Panzram (H-Soz-u-Kult) Tagungsprogramm Donnerstag, 20.10.2011 \u2014 18.15 Uhr Begr\u00fc\u00dfung Prof. Dr. Franklin Kopitzsch Historisches Seminar \/ Universit\u00e4t Hamburg Prof. Dr. Rosa Sanz Serrano Alte Geschichte \/ Universidad Complutense Madrid Dr. &hellip; <a href=\"https:\/\/www.toletum-network.com\/es\/workshops\/ii-workshop-2011\/\" class=\"more-link\">Continuar leyendo<span class=\"screen-reader-text\"> \u00abII. Workshop 2011\u00bb<\/span><\/a><\/p>\n","protected":false},"author":1,"featured_media":0,"parent":12,"menu_order":6,"comment_status":"closed","ping_status":"closed","template":"","meta":{"jetpack_post_was_ever_published":false,"footnotes":""},"class_list":["post-9401","page","type-page","status-publish","hentry"],"jetpack_sharing_enabled":true,"jetpack_shortlink":"https:\/\/wp.me\/P82TDz-2rD","_links":{"self":[{"href":"https:\/\/www.toletum-network.com\/es\/wp-json\/wp\/v2\/pages\/9401","targetHints":{"allow":["GET"]}}],"collection":[{"href":"https:\/\/www.toletum-network.com\/es\/wp-json\/wp\/v2\/pages"}],"about":[{"href":"https:\/\/www.toletum-network.com\/es\/wp-json\/wp\/v2\/types\/page"}],"author":[{"embeddable":true,"href":"https:\/\/www.toletum-network.com\/es\/wp-json\/wp\/v2\/users\/1"}],"replies":[{"embeddable":true,"href":"https:\/\/www.toletum-network.com\/es\/wp-json\/wp\/v2\/comments?post=9401"}],"version-history":[{"count":3,"href":"https:\/\/www.toletum-network.com\/es\/wp-json\/wp\/v2\/pages\/9401\/revisions"}],"predecessor-version":[{"id":9671,"href":"https:\/\/www.toletum-network.com\/es\/wp-json\/wp\/v2\/pages\/9401\/revisions\/9671"}],"up":[{"embeddable":true,"href":"https:\/\/www.toletum-network.com\/es\/wp-json\/wp\/v2\/pages\/12"}],"wp:attachment":[{"href":"https:\/\/www.toletum-network.com\/es\/wp-json\/wp\/v2\/media?parent=9401"}],"curies":[{"name":"wp","href":"https:\/\/api.w.org\/{rel}","templated":true}]}}