{"id":9398,"date":"2016-10-07T16:59:19","date_gmt":"2016-10-07T15:59:19","guid":{"rendered":"http:\/\/www.toletum-network.com\/?page_id=9398"},"modified":"2017-09-24T19:05:49","modified_gmt":"2017-09-24T17:05:49","slug":"v-workshop-2014","status":"publish","type":"page","link":"https:\/\/www.toletum-network.com\/es\/workshops\/v-workshop-2014\/","title":{"rendered":"V. Workshop 2014"},"content":{"rendered":"<p><img loading=\"lazy\" decoding=\"async\" class=\"alignnone wp-image-471\" src=\"http:\/\/www.toletum-network.com\/wp-content\/uploads\/2016\/07\/Toletum-V-web-OK-210x300.jpg\" alt=\"Toletum-V-web-OK\" width=\"400\" height=\"571\" srcset=\"https:\/\/www.toletum-network.com\/wp-content\/uploads\/2016\/07\/Toletum-V-web-OK-210x300.jpg 210w, https:\/\/www.toletum-network.com\/wp-content\/uploads\/2016\/07\/Toletum-V-web-OK-768x1097.jpg 768w, https:\/\/www.toletum-network.com\/wp-content\/uploads\/2016\/07\/Toletum-V-web-OK-717x1024.jpg 717w, https:\/\/www.toletum-network.com\/wp-content\/uploads\/2016\/07\/Toletum-V-web-OK-1200x1714.jpg 1200w\" sizes=\"auto, (max-width: 400px) 85vw, 400px\" \/><\/p>\n<hr \/>\n<h1><span style=\"color: #e6b900;\">V. Workshop<\/span><\/h1>\n<h5><strong><span style=\"color: #e6b900;\">13. \u2013 15. November 2014 in Hamburg<\/span><\/strong><\/h5>\n<h5>Spielst\u00e4tten zwischen Republik und Sp\u00e4tantike<strong><span style=\"color: #e6b900;\"><br \/>\n<\/span><\/strong><\/h5>\n<p><strong>Tagungsort<\/strong><br \/>\n<a href=\"http:\/\/www.warburg-haus.de\/\">Warburg-Haus<\/a> \u00b7 Heilwigstr. 116 \u00b7 D-20249 Hamburg<br \/>\nDownload <a href=\"http:\/\/www.toletum-network.com\/wp-content\/uploads\/2016\/10\/Toletum-V.pdf\">Programm Workshop 2014<\/a> (PDF)<br \/>\n<a href=\"http:\/\/www.hsozkult.de\/conferencereport\/id\/tagungsberichte-5826\">Tagungsbericht<\/a> von Caroline Bergen und Sabine Panzram (H-Soz-u-Kult)<\/p>\n<hr \/>\n<h3>Tagungsprogramm<\/h3>\n<h3><span style=\"color: #e6b900;\"><strong>Donnerstag, 13.11.2014<\/strong><\/span><\/h3>\n<p><span style=\"color: #999999;\">\u2014 18.00 Uhr<\/span><br \/>\n<em>Begr\u00fc\u00dfung<br \/>\n<\/em><strong>PD Dr. Sabine Panzram<br \/>\n<\/strong><em>Alte Geschichte \/ Universit\u00e4t Hamburg<br \/>\n<\/em><strong>Prof. Dr. Markus Trunk<br \/>\n<\/strong><em>Klassische Arch\u00e4ologie \/ Universit\u00e4t Trier<\/em><\/p>\n<p><span style=\"color: #800080;\"><strong>Spielst\u00e4tten auf der Iberischen Halbinsel \u2013 die Perspektive Roms<br \/>\n<\/strong><\/span><\/p>\n<p><span style=\"color: #999999;\">\u2014 18.15 Uhr<\/span><br \/>\n<strong>Prof. Dr. Antonio Monterroso Checa<br \/>\n<\/strong><em>Klassische Arch\u00e4ologie \/ Universidad de C\u00f3rdoba<br \/>\n<\/em>La g\u00e9nesis y difusi\u00f3n del modelo teatral de Roma \u2013 el caso de Hispania<\/p>\n<p><span style=\"color: #999999;\">\u2014 19.00 Uhr<\/span><br \/>\n<strong>Prof. Dr. Pablo Ozc\u00e1riz Gil<br \/>\n<\/strong><em>Alte Geschichte \/ Universidad Rey Juan Carlos Madrid<br \/>\n<\/em>La administraci\u00f3n romana y los edificios de espect\u00e1culos en la Hispania altoimperial<\/p>\n<p><span style=\"color: #999999;\">\u2014 20.00 Uhr<\/span><br \/>\n<em>Empfang<\/em><\/p>\n<hr \/>\n<h3><span style=\"color: #e6b900;\"><strong>Freitag, <span style=\"color: #e6b900;\">14.11.2<\/span>014<\/strong><\/span><\/h3>\n<p><strong><span style=\"color: #800080;\">Spielst\u00e4tten auf der Iberischen Halbinsel \u2013 die Perspektive der Monumente<\/span><\/strong><\/p>\n<p><span style=\"color: #999999;\">\u2014 9.30 Uhr<\/span><br \/>\n<strong>Dr. Nicole R\u00f6ring<br \/>\n<\/strong><em>Bauforschung \/ MEMVIER Bamberg \/ Technische Universit\u00e4t M\u00fcnchen<br \/>\n<\/em>Die Metamorphose des r\u00f6mischen Theaters von M\u00e9rida<\/p>\n<p><span style=\"color: #999999;\">\u2014 10.15 Uhr<\/span><br \/>\n<strong>Dr. David Ojeda Nogales<br \/>\n<\/strong><em>Klassische Arch\u00e4ologie \/ Universidad de Sevilla \u2013 Universit\u00e4t zu K\u00f6ln<br \/>\n<\/em>El programa estatuario del Teatro de M\u00e9rida: problemas iconogr\u00e1ficos y cronol\u00f3gicos<\/p>\n<p><span style=\"color: #999999;\">\u2014 11.00 Uhr<\/span><br \/>\n<em>Kaffeepause<\/em><\/p>\n<p><span style=\"color: #999999;\">\u2014 11.30 Uhr<\/span><br \/>\n<strong>Jenny Abura<br \/>\n<\/strong><em>Christliche Arch\u00e4ologie und Byzantinische Kunstgeschichte \/ Georg-August-Universit\u00e4t G\u00f6ttingen<br \/>\n<\/em>Der Circus von Segobriga (Saelices) \u2013 Nutzungswandel eines <em>suburbium<\/em><\/p>\n<p><span style=\"color: #999999;\">\u2014 12.15 Uhr<\/span><br \/>\n<strong>Dr. Marcus Heinrich Hermanns<br \/>\n<\/strong><em>Klassische Arch\u00e4ologie \/ Deutsches Arch\u00e4ologisches Institut Abteilung Madrid<br \/>\n<\/em>Die Spielst\u00e4tten in den Hafenst\u00e4dten Hispaniens<\/p>\n<p><span style=\"color: #800080;\"><strong>Spielst\u00e4tten auf der Iberischen Halbinsel \u2013 die Perspektive der Texte<br \/>\n<\/strong><\/span><\/p>\n<p><span style=\"color: #800080;\"><span style=\"color: #999999;\">\u2014 15.30 Uhr<\/span><strong><br \/>\n<\/strong><\/span><strong>Rub\u00e9n Olmo L\u00f3pez<br \/>\n<\/strong><em>Alte Geschichte \/ Universidad Complutense de Madrid<br \/>\n<\/em>Los gobernadores y el uso de los lugares de espect\u00e1culos por parte del poder romano en las provincias durante el Principado<\/p>\n<p><span style=\"color: #999999;\">\u2014 16.15 Uhr<\/span><br \/>\n<strong>Susana Marcos<br \/>\n<\/strong><em>Alte Geschichte \/ Universit\u00e9 de Perpignan-Via Domitia<br \/>\n<\/em>Los lugares de espect\u00e1culos como expresi\u00f3n particular de las relaciones entre ciudades<\/p>\n<p><span style=\"color: #999999;\">\u2014 17.00 Uhr<\/span><br \/>\n<em>Kaffeepause<\/em><\/p>\n<p><span style=\"color: #999999;\">\u2014 17.30 Uhr<\/span><br \/>\n<strong>Jorge Elices Oc\u00f3n<br \/>\n<\/strong><em>Mittelalterliche Geschichte \/ Universidad Aut\u00f3noma de Madrid<br \/>\nRoma quanta fuit, ipsa ruina docet<\/em>. Teatros, circos y anfiteatros y su recepci\u00f3n en al-Andalus<\/p>\n<p><strong><span style=\"color: #800080;\">Spielst\u00e4tten \u2013 der Blick nach Gallien<br \/>\n<\/span><\/strong><\/p>\n<p><span style=\"color: #999999;\">\u2014 18.15 Uhr<\/span><strong><span style=\"color: #800080;\"><br \/>\n<\/span><\/strong><strong>Christophe Coulot <\/strong><em>Klassische Arch\u00e4ologie \/ Universit\u00e4t Trier<br \/>\n<\/em><em>Citharam iam poscit Apollo victor<\/em>. Architektur und Bauornamentik des augusteischen Theaters von Arles und seiner <em>scaenae frons<\/em><\/p>\n<p><span style=\"color: #999999;\">\u2014 20.30 Uhr<\/span><em><br \/>\n<\/em><em>Gemeinsames Abendessen<\/em><\/p>\n<hr \/>\n<h3><span style=\"color: #e6b900;\"><strong>Samstag, 15.11.2014<\/strong><\/span><\/h3>\n<p><span style=\"color: #999999;\">\u2014 9.30 Uhr<\/span><em><span style=\"color: #999999;\"><br \/>\n<\/span><\/em><strong>Caroline Bergen<br \/>\n<\/strong><em>Alte Geschichte \/ Universit\u00e4t Hamburg<br \/>\n<\/em>Die Spielst\u00e4tten in den Hafenst\u00e4dten der Gallia Narbonensis<\/p>\n<p><span style=\"color: #800080;\"><strong>Berichte von laufenden Qualifikationsarbeiten<br \/>\n<\/strong><\/span><\/p>\n<p><span style=\"color: #999999;\">\u2014 10.15 Uhr<\/span><strong><br \/>\nJanine Lehmann<\/strong><em><br \/>\nKlassische Arch\u00e4ologie \/ Universit\u00e4t zu K\u00f6ln<br \/>\n<\/em>Die Auswirkungen der r\u00f6mischen Eroberung auf die Architektur der Iberischen Halbinsel \u2013 Neugr\u00fcndung versus Siedlungskontinuit\u00e4t<\/p>\n<p><span style=\"color: #999999;\">\u2014 11.00 Uhr<\/span><br \/>\n<em>Kaffeepause<\/em><\/p>\n<p><span style=\"color: #999999;\">\u2014 11.30 Uhr<\/span><br \/>\n<strong>Jan Schneider<br \/>\n<\/strong><em>Klassische Arch\u00e4ologie \/ Justus-Liebig-Universit\u00e4t Gie\u00dfen<br \/>\n<\/em>Zum Vergleich l\u00e4ndlicher Siedlungsstrukturen im r\u00f6mischen Spanien<\/p>\n<p><span style=\"color: #999999;\">\u2014 12.15 Uhr<\/span><br \/>\n<strong>Dr. David Espinosa Espinosa<br \/>\n<\/strong><em>Alte Geschichte \/ Universidad Complutense de Madrid \u2013 Universit\u00e4t Trier<br \/>\n<\/em>Los procesos de municipalizaci\u00f3n latina en Gallaecia, Germania Inferior y Germania Superior: un estado cr\u00edtico de la cuesti\u00f3n<\/p>\n<p><span style=\"color: #999999;\">\u2014 13.00 Uhr<\/span><br \/>\n<em>Mittagspause<\/em><\/p>\n<p><span style=\"color: #999999;\">\u2014 15.30 Uhr<\/span><br \/>\n<strong>Dr. Camilla Campedelli<br \/>\n<\/strong><em>Berlin-Brandenburgische Akademie der Wissenschaften<br \/>\n<\/em>CIL XVII\/1,1: <em>Miliaria provinciae Hispaniae Citerioris Tarraconensis<\/em><\/p>\n<p><span style=\"color: #999999;\">\u2014 16.15 Uhr<\/span><br \/>\n<strong>Beate Br\u00fchlmann<br \/>\n<\/strong><em>Klassische Arch\u00e4ologie \/ Universit\u00e4t Trier<br \/>\n<\/em>Aula \u2013 Kultbau \u2013 Mausoleum? \u00dcberlegungen zu den freistehenden Apsidenbauten sp\u00e4tantiker Villen in der Lusitania<\/p>\n<p><span style=\"color: #999999;\">\u2014 17.00 Uhr<\/span><br \/>\n<em>Kaffeepause<\/em><\/p>\n<p><span style=\"color: #999999;\">\u2014 17.30 Uhr<\/span><br \/>\n<strong>PD Dr. Christoph Eger<br \/>\n<\/strong><em>Christliche Arch\u00e4ologie und Byzantinische Kunstgeschichte \/ Georg-August-Universit\u00e4t G\u00f6ttingen<br \/>\n<\/em>Neue Forschungen in Guarrazar<\/p>\n<p><span style=\"color: #800080;\"><strong>Spielst\u00e4tten \u2013 die \u201eLebenswelt Stadt\u201c in der Sp\u00e4tantike<br \/>\n<\/strong><\/span><\/p>\n<p><span style=\"color: #999999;\">\u2014 18.15 Uhr<\/span><br \/>\n<strong>Prof. Dr. Javier Arce Mart\u00ednez<br \/>\n<\/strong><em>Alte Geschichte \/ Universit\u00e9 Charles de Gaulle-Lille 3<br \/>\n<\/em>Ciudades de la Hispania romana en una epoca de transformacion<\/p>\n<p><span style=\"color: #999999;\">\u2014 19.15 Uhr<\/span><em><br \/>\nAbschlussdiskussion<\/em><\/p>\n<p><span style=\"color: #999999;\">\u2014 20.30 Uhr<\/span><br \/>\n<em>Gemeinsames Abendessen<\/em><\/p>\n<p>&nbsp;<\/p>\n","protected":false},"excerpt":{"rendered":"<p>V. Workshop 13. \u2013 15. November 2014 in Hamburg Spielst\u00e4tten zwischen Republik und Sp\u00e4tantike Tagungsort Warburg-Haus \u00b7 Heilwigstr. 116 \u00b7 D-20249 Hamburg Download Programm Workshop 2014 (PDF) Tagungsbericht von Caroline Bergen und Sabine Panzram (H-Soz-u-Kult) Tagungsprogramm Donnerstag, 13.11.2014 \u2014 18.00 Uhr Begr\u00fc\u00dfung PD Dr. Sabine Panzram Alte Geschichte \/ Universit\u00e4t Hamburg Prof. Dr. Markus Trunk &hellip; <a href=\"https:\/\/www.toletum-network.com\/es\/workshops\/v-workshop-2014\/\" class=\"more-link\">Continuar leyendo<span class=\"screen-reader-text\"> \u00abV. Workshop 2014\u00bb<\/span><\/a><\/p>\n","protected":false},"author":1,"featured_media":0,"parent":12,"menu_order":3,"comment_status":"closed","ping_status":"closed","template":"","meta":{"jetpack_post_was_ever_published":false,"footnotes":""},"class_list":["post-9398","page","type-page","status-publish","hentry"],"jetpack_sharing_enabled":true,"jetpack_shortlink":"https:\/\/wp.me\/P82TDz-2rA","_links":{"self":[{"href":"https:\/\/www.toletum-network.com\/es\/wp-json\/wp\/v2\/pages\/9398","targetHints":{"allow":["GET"]}}],"collection":[{"href":"https:\/\/www.toletum-network.com\/es\/wp-json\/wp\/v2\/pages"}],"about":[{"href":"https:\/\/www.toletum-network.com\/es\/wp-json\/wp\/v2\/types\/page"}],"author":[{"embeddable":true,"href":"https:\/\/www.toletum-network.com\/es\/wp-json\/wp\/v2\/users\/1"}],"replies":[{"embeddable":true,"href":"https:\/\/www.toletum-network.com\/es\/wp-json\/wp\/v2\/comments?post=9398"}],"version-history":[{"count":3,"href":"https:\/\/www.toletum-network.com\/es\/wp-json\/wp\/v2\/pages\/9398\/revisions"}],"predecessor-version":[{"id":9659,"href":"https:\/\/www.toletum-network.com\/es\/wp-json\/wp\/v2\/pages\/9398\/revisions\/9659"}],"up":[{"embeddable":true,"href":"https:\/\/www.toletum-network.com\/es\/wp-json\/wp\/v2\/pages\/12"}],"wp:attachment":[{"href":"https:\/\/www.toletum-network.com\/es\/wp-json\/wp\/v2\/media?parent=9398"}],"curies":[{"name":"wp","href":"https:\/\/api.w.org\/{rel}","templated":true}]}}