{"id":9380,"date":"2016-10-07T16:36:09","date_gmt":"2016-10-07T15:36:09","guid":{"rendered":"http:\/\/www.toletum-network.com\/?page_id=9380"},"modified":"2016-12-10T13:31:33","modified_gmt":"2016-12-10T12:31:33","slug":"spaniens-staedte-moderne-urbanitaet-seit-2000-jahren-ii-mittelalter-und-fruehe-neuzeit","status":"publish","type":"page","link":"https:\/\/www.toletum-network.com\/es\/aktivitaten\/spaniens-staedte-moderne-urbanitaet-seit-2000-jahren-ii-mittelalter-und-fruehe-neuzeit\/","title":{"rendered":"Ciudades de Espa\u00f1a \u2013 Urbanidad moderna desde hace 2000 a\u00f1os (II): Edad Media y \u00c9poca Moderna"},"content":{"rendered":"<p><img loading=\"lazy\" decoding=\"async\" class=\"alignnone wp-image-452\" src=\"http:\/\/www.toletum-network.com\/wp-content\/uploads\/2016\/07\/C\u00f3rdoba-Stadt-der-drei-Kulturen-\u00a9-S.-Panzram-300x225-300x225.png\" alt=\"C\u00f3rdoba-Stadt-der-drei-Kulturen-\u00a9-S.-Panzram-300x225\" width=\"400\" height=\"300\" \/><\/p>\n<p>Jornada de estudio en el marco del \u00abCiclo de Conferencias Generales\u00bb de la Universidad de Hamburgo<\/p>\n<p><strong>Hora y lugar<\/strong><br \/>\n16.04.2015 \u2013 17.04.2015; jueves, 19 \u2013 21 horas, viernes, 9 \u2013 19 horas; Instituto Cervantes \u2013 Chilehaus, entrada B, 1<sup>o<\/sup> \u00b7 20095 Hamburg y Warburg-Haus \u00b7 Heilwigstr. 116 \u00b720249 Hamburg<\/p>\n<p><strong>Download<\/strong> <a href=\"http:\/\/www.toletum-network.com\/wp-content\/uploads\/2016\/10\/TN-Ciudades-de-Espa\u00f1a-04.2015-lange-Version.pdf\">Programa Jornada de Estudio<\/a> (PDF)<br \/>\n<a href=\"http:\/\/www.hsozkult.de\/conferencereport\/id\/tagungsberichte-6038\">Resumen<\/a> por parte de Dominik Kloss y de Sabine Panzram (H-Soz-u-Kult)<\/p>\n<h3><strong>Programa<\/strong><\/h3>\n<p><span style=\"color: #999999;\">\u2014 16 de abril de 2015, 19 horas<\/span><br \/>\nOjo: lugar de la inauguraci\u00f3n Instituto Cervantes<br \/>\n<strong>La Espa\u00f1a de las tres culturas: \u00bfmito o realidad? Sobre la convivencia de cristianos, \u00e1rabes y jud\u00edos en el mundo urbano medieval de la Pen\u00ednsula Ib\u00e9rica <\/strong><br \/>\n(conferencia en espa\u00f1ol con traducci\u00f3n al alem\u00e1n)<br \/>\nEduardo Manzano Moreno, Estudios Medievales, Consejo Superior de Investigaciones Cient\u00edficas Madrid<br \/>\n<a href=\"http:\/\/www.toletum-network.com\/blog\/?p=4559\">Reportaje desde el Instituto Cervantes<\/a><\/p>\n<p><span style=\"color: #999999;\">\u2014 17 de abril de 2015, 9 horas<\/span><br \/>\nPalabras de bienvenida y introducci\u00f3n<br \/>\n\u201eTowns in Transition\u201c \u2013 Zum Stand der St\u00e4dteforschung in Sp\u00e4tantike und Mittelalter<br \/>\nSabine Panzram, Alte Geschichte \/ Universit\u00e4t Hamburg \u2013 Eduardo Manzano Moreno, Estudios Medievales \/ Consejo Superior de Investigaciones Cient\u00edficas Madrid<\/p>\n<p><span style=\"color: #800080;\"><strong>La ciudad en Spania (siglos IV-VII)<\/strong><\/span><\/p>\n<p><span style=\"color: #999999;\">\u2014 9:30 horas<\/span><strong><br \/>\nLa transformaci\u00f3n de la ciudad entre los siglos IV y VI en Hispania <\/strong><br \/>\nProf. Dr. Gisela Ripoll L\u00f3pez, Arqueolog\u00eda paleocristiana, Universidad de Barcelona<\/p>\n<p><span style=\"color: #999999;\">\u2014 10:00 horas<\/span><strong><br \/>\nReccopolis y Toletum<\/strong><br \/>\nJavier Arce Mart\u00ednez, Historia antigua, Universit\u00e9 Charles de Gaulle-Lille 3<\/p>\n<p><span style=\"color: #800080;\"><strong>La ciudad en al-Andalus (siglos VIII-X)<\/strong><\/span><\/p>\n<p><span style=\"color: #999999;\">\u2014 11:15 horas<\/span><strong><br \/>\nGibt es eine islamische Stadt?<\/strong><br \/>\nIsabel Toral-Niehoff, Islamwissenschaft, Georg-August-Universit\u00e4t G\u00f6ttingen<\/p>\n<p><span style=\"color: #999999;\">\u2014 11:45 Uhr<\/span><strong><br \/>\nLa creaci\u00f3n de la ciudad como base de la islamizaci\u00f3n social en el Sudeste de al-Andalus en el periodo omeya<\/strong><br \/>\nEneko L\u00f3pez Mart\u00ednez de Marigorta, Estudios Medievales, Consejo Superior de Investigaciones Cient\u00edficas Madrid<\/p>\n<p><span style=\"color: #800080;\"><strong>La ciudad en los territorios de la Reconquista (siglos XI-XIV)<\/strong><\/span><\/p>\n<p><span style=\"color: #999999;\">\u2014 12:30 horas<\/span><strong><br \/>\n<\/strong><strong>Die Stadt im Bild. Bilder der Stadt: Kontinuit\u00e4ten, Wandel, Umbr\u00fcche?<\/strong><br \/>\nBarbara Schlieben, Mittelalterliche Geschichte, Humboldt-Universit\u00e4t zu Berlin<\/p>\n<p><span style=\"color: #999999;\">\u2014 13:00 horas<\/span><strong><br \/>\nEroberte St\u00e4dte. Integration und Transformation von St\u00e4dten im christlichen Expansionsraum<\/strong><br \/>\nMatthias Maser, Mittelalterliche Geschichte, Friedrich-Alexander-Universit\u00e4t Erlangen-N\u00fcrnberg<\/p>\n<p><span style=\"color: #999999;\">\u2014 16:00 horas<\/span><br \/>\nComentario sobre el mundo de las ciudades y su modernidad en la Antig\u00fcedad tard\u00eda y la Edad Media<br \/>\nEduardo Manzano Moreno, Estudios Medievales, Consejo Superior de Investigaciones Cient\u00edficas Madrid<\/p>\n<p><span style=\"color: #800080;\"><strong>La ciudad en las <em>Hispaniae<\/em> (siglos XV-XVIII)<\/strong><\/span><\/p>\n<p><span style=\"color: #999999;\">\u2014 16:15 horas<\/span><strong><br \/>\nCaracterizaci\u00f3n de las ciudades castellanas durante el Antiguo R\u00e9gimen<\/strong><br \/>\nAntonio Irigoyen L\u00f3pez, Historia Moderna, Universidad de Murcia<\/p>\n<p><span style=\"color: #999999;\">\u2014 16:45 horas<\/span><strong><br \/>\nC\u00e1diz und Madrid im 17. und 18. Jh. &#8211; die kosmopolitische Seehandelsstadt und das Machtzentrum im kastilischen Hochland<\/strong><br \/>\nKlaus Weber, Vergleichende europ\u00e4ische Wirtschafts- und Sozialgeschichte \/ Europa- Universit\u00e4t Viadrina Frankfurt an der Oder<\/p>\n<p><span style=\"color: #999999;\">\u2014 18:00 horas<\/span><br \/>\nComentario sobre el mundo de las ciudades y su modernidad en \u00c9poca Moderna, moderaci\u00f3n de la discusi\u00f3n y conclusiones<br \/>\nHorst Pietschmann, Geschichte Lateinamerikas und der Iberischen Halbinsel, Universit\u00e4t Hamburg<\/p>\n<p>&nbsp;<\/p>","protected":false},"excerpt":{"rendered":"<p>Jornada de estudio en el marco del \u00abCiclo de Conferencias Generales\u00bb de la Universidad de Hamburgo Hora y lugar 16.04.2015 \u2013 17.04.2015; jueves, 19 \u2013 21 horas, viernes, 9 \u2013 19 horas; Instituto Cervantes \u2013 Chilehaus, entrada B, 1o \u00b7 20095 Hamburg y Warburg-Haus \u00b7 Heilwigstr. 116 \u00b720249 Hamburg Download Programa Jornada de Estudio (PDF) &hellip; <a href=\"https:\/\/www.toletum-network.com\/es\/aktivitaten\/spaniens-staedte-moderne-urbanitaet-seit-2000-jahren-ii-mittelalter-und-fruehe-neuzeit\/\" class=\"more-link\">Continuar leyendo<span class=\"screen-reader-text\"> \u00abCiudades de Espa\u00f1a \u2013 Urbanidad moderna desde hace 2000 a\u00f1os (II): Edad Media y \u00c9poca Moderna\u00bb<\/span><\/a><\/p>\n","protected":false},"author":1,"featured_media":0,"parent":15,"menu_order":3,"comment_status":"closed","ping_status":"closed","template":"","meta":{"jetpack_post_was_ever_published":false,"footnotes":""},"class_list":["post-9380","page","type-page","status-publish","hentry"],"jetpack_sharing_enabled":true,"jetpack_shortlink":"https:\/\/wp.me\/P82TDz-2ri","_links":{"self":[{"href":"https:\/\/www.toletum-network.com\/es\/wp-json\/wp\/v2\/pages\/9380","targetHints":{"allow":["GET"]}}],"collection":[{"href":"https:\/\/www.toletum-network.com\/es\/wp-json\/wp\/v2\/pages"}],"about":[{"href":"https:\/\/www.toletum-network.com\/es\/wp-json\/wp\/v2\/types\/page"}],"author":[{"embeddable":true,"href":"https:\/\/www.toletum-network.com\/es\/wp-json\/wp\/v2\/users\/1"}],"replies":[{"embeddable":true,"href":"https:\/\/www.toletum-network.com\/es\/wp-json\/wp\/v2\/comments?post=9380"}],"version-history":[{"count":10,"href":"https:\/\/www.toletum-network.com\/es\/wp-json\/wp\/v2\/pages\/9380\/revisions"}],"predecessor-version":[{"id":10185,"href":"https:\/\/www.toletum-network.com\/es\/wp-json\/wp\/v2\/pages\/9380\/revisions\/10185"}],"up":[{"embeddable":true,"href":"https:\/\/www.toletum-network.com\/es\/wp-json\/wp\/v2\/pages\/15"}],"wp:attachment":[{"href":"https:\/\/www.toletum-network.com\/es\/wp-json\/wp\/v2\/media?parent=9380"}],"curies":[{"name":"wp","href":"https:\/\/api.w.org\/{rel}","templated":true}]}}