{"id":619,"date":"2016-07-12T11:58:24","date_gmt":"2016-07-12T11:58:24","guid":{"rendered":"http:\/\/www.toletum-network.com\/?page_id=619"},"modified":"2021-08-02T21:50:14","modified_gmt":"2021-08-02T19:50:14","slug":"jenny-abura-m-a","status":"publish","type":"page","link":"https:\/\/www.toletum-network.com\/es\/teilnehmer\/jenny-abura-m-a\/","title":{"rendered":"Dr. des. Jenny Abura"},"content":{"rendered":"<p><img loading=\"lazy\" decoding=\"async\" class=\"alignnone wp-image-1140\" src=\"http:\/\/www.toletum-network.com\/wp-content\/uploads\/2016\/07\/abura-kl.jpg\" width=\"213\" height=\"300\" \/><\/p>\n<h3 class=\"entry-title\"><strong>Dr. des. Jenny Abura<br \/>\n<\/strong><\/h3>\n<p>Friedrich-Alexander Universit\u00e4t Erlangen-N\u00fcrnberg<br \/>\nInstitut f\u00fcr Kirchengeschichte<br \/>\nLehrstuhl f\u00fcr Christliche Arch\u00e4ologie<br \/>\nKochstra\u00dfe 6 \/ R. 2.012<br \/>\nD-91054 Erlangen<br \/>\n<a href=\"mailto:jenny.abura@fau.de\">jenny.abura@fau.de<\/a><\/p>\n<p>Jahrgang 1981<\/p>\n<p><strong>Promotionsprojekt: <a href=\"http:\/\/www.toletum-network.com\/wp-content\/uploads\/2016\/07\/Abura-Architekturdekoration-in-Segobriga-4.-7.-Jh..pdf\">Architekturdekoration in Segobriga (4.-7. Jh.)<\/a><\/strong><\/p>\n<hr \/>\n<h5><strong>Forschungsinteressen<\/strong><\/h5>\n<p>Sp\u00e4tantike und byzantinische Bauskulptur (Schwerpunkt Hispanien)<br \/>\nSp\u00e4tantike und byzantinische Profan- und Kirchenarchitektur<br \/>\nSiedlungsentwicklung in der Sp\u00e4tantike<\/p>\n<hr \/>\n<h5><strong>Akademische Ausbildung<\/strong><\/h5>\n<p><span style=\"color: #999999;\">\u2014 12.2010 &#8211; 07.2016<\/span><br \/>\n<strong>Dissertation<\/strong><br \/>\n\u201eDie Architekturdekoration des 4. bis 7. Jhs. in Segobriga (Saelices, Spanien)\u201c<br \/>\nChristliche Arch\u00e4ologie und Byzantinische Kunstgeschichte<br \/>\nGeorg-August-Universit\u00e4t G\u00f6ttingen<\/p>\n<p><span style=\"color: #999999;\">\u2014 11.2010<\/span><br \/>\n<strong>Magistra Artium (M.A.)<\/strong><br \/>\nMagisterarbeit: \u201eDie westgotenzeitlichen Kapitelle von Toledo (Spanien)\u201d<\/p>\n<p><span style=\"color: #999999;\">\u2014 03.2009 &#8211; 04.2009<\/span><br \/>\nPraktikum am Deutschen Arch\u00e4ologischen Institut (DAI), Abteilung Istanbul (T\u00fcrkei), Byzantinische Arch\u00e4ologie<br \/>\nPD Dr. Ph. Niew\u00f6hner<\/p>\n<p><span style=\"color: #999999;\">\u2014 10.2007 &#8211; 03.2008<\/span><br \/>\nAuslandssemester (Erasmus)<br \/>\nHistoria del Arte (Kunstgeschichte)<br \/>\nUniversidad de Oviedo (Oviedo, Spanien)<\/p>\n<p><span style=\"color: #999999;\">\u2014 10.2005 \u2013 11.2010<\/span><br \/>\n<strong>Magister-Studium<\/strong><br \/>\nChristliche Arch\u00e4ologie und Byzantinische Kunstgeschichte,<br \/>\nKlassische Arch\u00e4ologie, Kunstgeschichte Georg-August-Universit\u00e4t G\u00f6ttingen<\/p>\n<p><span style=\"color: #999999;\">\u2014 10.2001 &#8211; 09.2005<\/span><br \/>\nStudium der Zahnmedizin<br \/>\nMedizinische Hochschule Hannover (MHH)<\/p>\n<p><span style=\"color: #999999;\">\u2014 06.2001<\/span><br \/>\nAbitur<br \/>\nElsa-Br\u00e4ndstr\u00f6m-Schule (Gymnasium), Hannover<\/p>\n<hr \/>\n<h5><span style=\"color: #000000;\">Studentische und wissenschaftliche T\u00e4tigkeit<\/span><\/h5>\n<p><span style=\"color: #999999;\">\u2014 10.2012 &#8211; 03.2013<\/span><br \/>\n<strong>Lehrkraft f\u00fcr besondere Aufgaben (LfbA)<\/strong><br \/>\nChristliche Arch\u00e4ologie und Byzantinische Kunstgeschichte<br \/>\nGeorg-August-Universit\u00e4t G\u00f6ttingen<\/p>\n<p>Seminar: \u201eSp\u00e4tantike Bauausstattung in Hispanien\u201c<br \/>\nSeminar: \u201eSp\u00e4tantike Silbertoreutik\u201c (mit Exkursion nach London, England)<br \/>\n\u00dcbung: \u201eBeschreiben von Sakralarchitektur\u201c<\/p>\n<p>Betreuung und Begutachtung der Masterarbeit von Maximilian Aydt \u201eBestandsaufnahme der plastisch dekorierten S\u00e4ulensch\u00e4fte der sp\u00e4tantiken Hispania\u201c<\/p>\n<p>Protokollantin und Beisitzerin bei Magisterpr\u00fcfungen im Fach Christliche Arch\u00e4ologie<\/p>\n<p><span style=\"color: #999999;\">\u2014 04.2007 &#8211; 11.2010<\/span><br \/>\n<strong>Studentische Hilfskraft<\/strong> (mit Unterbrechungen durch Auslandsaufenthalte)<br \/>\nChristliche Arch\u00e4ologie und Byzantinische Kunstgeschichte<br \/>\nGeorg-August-Universit\u00e4t G\u00f6ttingen<\/p>\n<hr \/>\n<h5>Teilnahme an Grabungen und Projekten<\/h5>\n<p><span style=\"color: #999999;\">\u2014 06.2015<\/span><br \/>\nDokumentation der bauplastischen Elemente von Begastri (Ceheg\u00edn, Spanien) im Museo de Ceheg\u00edn<\/p>\n<p><span style=\"color: #999999;\">\u2014 10.2013 \u2013 heute<\/span><br \/>\n<strong>Gesteinsanalyse<\/strong> der bauplastischen Elemente von Segobriga (Saelices) und Algezares (Murcia)<br \/>\nIn Zusammenarbeit mit Prof. Dr. J. M. Noguera Celdr\u00e1n (Catedr\u00e1tico, Universidad de Murcia), dem Museo de Cuenca (Cuenca) und dem Museo Arqueol\u00f3gico de Murcia (Murcia)<\/p>\n<p><span style=\"color: #999999;\">\u2014 07.2013<\/span><br \/>\nGrabung im \u201eyacimiento de Begastri (Ceheg\u00edn, Spanien)\u201d<br \/>\nGrabung einer sp\u00e4tantiken Stadt, die in Westgotenzeit als Bischofssitz fungierte<br \/>\nLeitung: Prof. Dr. J. A. Molina G\u00f3mez (Univ. de Murcia) und J. A. Zapata Parra<\/p>\n<p><span style=\"color: #999999;\">\u2014 04.2011 \u2013 08.2014<\/span><br \/>\n<strong>Dokumentation der bauplastischen Elemente<\/strong> im Parque Arqueol\u00f3gico de Segobriga (Saelices), im Museo de Cuenca (Cuenca) und Museo Arqueol\u00f3gico Nacional (Madrid) (Spanien);<br \/>\n<strong>Recherche<\/strong> in der Biblioteca Tom\u00e1s Navarro Tom\u00e1s, CSIC (Madrid), der Bibliothek des Deutschen Arch\u00e4ologischen Instituts (DAI), Abteilung Madrid und der Biblioteca Nacional de Espa\u00f1a (Madrid) (Spanien)<\/p>\n<p><span style=\"color: #999999;\">\u2014 10.2009 \u2013 12.2009<\/span><br \/>\nDokumentation der sp\u00e4tantiken und westgotenzeitlichen Kapitelle in Toledo (Spanien) im Rahmen der Magisterarbeit<\/p>\n<p><span style=\"color: #999999;\">\u2014 09.2008, 11.2010<\/span><br \/>\nNeustudium \u201eDer Kuppelbau von Centcelles (Tarragona, Spanien). Neue Forschungen zu einem enigmatischen Denkmal von Weltrang\u201c<br \/>\nLeitung: Prof. Dr. A. Arbeiter (Univ. G\u00f6ttingen) und Prof. Dr. D. Korol (Univ. M\u00fcnster)<\/p>\n<p><span style=\"color: #999999;\">\u201408.2008<\/span><br \/>\nDFG-Projekt \u201eSlawen an der unteren Mittelelbe\u201c, Lehrgrabung im Hannoverschen Wendland, Leitung: Dr. J. Schneewei\u00df (Univ. G\u00f6ttingen)<\/p>\n<p><span style=\"color: #999999;\">\u2014 09.2006<\/span><br \/>\nDFG-Projekt in Portera (Extremadura, Spanien), Grabung einer mittelalterlichen Kapelle. Leitung: Prof. Dr. A. Arbeiter (Univ. G\u00f6ttingen), Prof. Dr. B. P\u00e4ffgen (LMU M\u00fcnchen)<\/p>\n<hr \/>\n<h5>Vortr\u00e4ge<\/h5>\n<p><span style=\"color: #999999;\">\u2014 11.2014<\/span><br \/>\nWorkshop \u201eTOLETUM V\u201c (Hamburg)<br \/>\n\u201eDer Circus von Segobriga (Saelices). Nutzungswandel eines suburbium.\u201c<\/p>\n<p><span style=\"color: #999999;\">\u2014 10.2013<\/span><br \/>\nWorkshop \u201eTOLETUM IV\u201c (Hamburg)<br \/>\n\u201e\u00dcberlegungen zur Motivik und Farbigkeit der Segobrigenser Bauausstattung\u201c<\/p>\n<p><span style=\"color: #999999;\">\u2014 11.2012<\/span><br \/>\nWorkshop \u201eTOLETUM III\u201c (Hamburg)<br \/>\n\u201eSeltener sp\u00e4tantiker Stuckdekor aus Segobriga (Saelices)\u201c<\/p>\n<p><span style=\"color: #999999;\">\u2014 05.2012<\/span><br \/>\nJahrestagung der AGCA 2012 (Freiburg i. Br.)<br \/>\n\u201eNeu entdeckte Stuckplatten aus Segobriga (Saelices, Spanien)\u201c<\/p>\n<p><span style=\"color: #999999;\">\u2014 10.2011<\/span><br \/>\nWorkshop \u201eTOLETUM II\u201c (Hamburg)<br \/>\n\u201eSegobriga in der Sp\u00e4tantike. Werkstattbeziehungen im Blick der sp\u00e4tantiken Bauplastik\u201c<\/p>\n<p><span style=\"color: #999999;\">\u2014 05.2011<\/span><br \/>\nEspacio de encuentro Hispano-Alem\u00e1n 2011 \u201eCa\u00edda y resurgimiento: Romanos y Germanos en los siglos IV y V\u201d (Universidad Complutense, Madrid)<br \/>\n\u201eEl cambio de los elementos arquitect\u00f3nicos en el caso de Segobriga\u201c<\/p>\n<p><span style=\"color: #999999;\">\u2014 11.2010<\/span><br \/>\nInternationale Tagung \u201eDer Kuppelbau von Centcelles (Tarragona, Spanien). Neue Forschungen zu einem enigmatischen Denkmal von Weltrang\u201c (Madrid)<br \/>\n\u201eDie ornamentale Gliederung und die Jahreszeitenpersonifi-kationen im Kuppelmosaik von Centcelles\u201c (zusammen mit David Biedermann, M\u00fcnster)<\/p>\n<p><span style=\"color: #999999;\">\u2014 10.2010<\/span><br \/>\nWorkshop \u201eTOLETUM I\u201c (Hamburg)<br \/>\n\u201eDie westgotenzeitlichen Kapitelle von Toledo\u201c<\/p>\n<hr \/>\n<h5><strong>Ver\u00f6ffentlichungen<\/strong><\/h5>\n<p><strong>Monografie<br \/>\n<\/strong>\u201eDie westgotenzeitlichen Kapitelle von Toledo (Spanien)\u201c, Audema Ed. Colecci\u00f3n Toledo. Serie Patrimonio (Madrid 2014)<\/p>\n<p><strong>Redaktionelle Mitarbeit<br \/>\n<\/strong>Anna Kieburg (Hrsg.), Grabungsw\u00f6rterbuch. Alle wichtigen Begriffe in 8 Sprachen (Darmstadt\/Mainz 2012). (\u00dcbersetzung und Korrektur der spanischen Fachw\u00f6rter)<\/p>\n<p><strong>Aufs\u00e4tze<br \/>\n<\/strong>\u201eDie Jahreszeiten-J\u00fcnglinge und ihre Dom\u00e4ne in der Sp\u00e4tantike\u201c f\u00fcr die Kongressakten zur internationalen Tagung \u201eDer Kuppelbau von Centcelles (Tarragona, Spanien). Neue Forschungen zu einem enigmatischen Denkmal von Weltrang\u201c, in Madrid 2010 (im Druck).<\/p>\n<p>\u201eZiegelstempel\u201c, in: Ph. Niew\u00f6hner, Der fr\u00fchbyzantinische Rundbau beim Myrelaion in Konstantinopel. Kapitelle, Mosaiken und Ziegelstempel, Istanbuler Mitteilungen 60, 2010, 431-433. 456-458.<\/p>\n<p>\u201eDie 101 sp\u00e4tantiken Kapitelle von Toledo (Spanien)\u201c, in: Bulletin de l\u2019Association pour l\u2019Antiquit\u00e9 Tardive n\u00ba 19, 2010, 25-31.<\/p>\n<p><strong>Rezensionen<br \/>\n<\/strong>B. Soler Huertas \u2013 P. Mateos Cruz \u2013 J.M. Noguera Celdr\u00e1n (Hrsg.): Las sedes de los ordines decurionum en Hispania. \u00c1nalisis arquitect\u00f3nico y modelo tipol\u00f3gico (Madrid 2013), in: <a href=\"http:\/\/www.sehepunkte.de\/2015\/07\/26761.html\">sehepunkte 15 (2015), Nr. 7\/8<\/a> [15.07.2015].<\/p>\n<p>D. Quast, Das merowingerzeitliche Reliquienk\u00e4stchen aus Ennabeuren (Mainz 2012), in: Bulletin de l\u2019Association pour l\u2019Antiquit\u00e9 Tardive n\u00ba 21, 2012, 57-58.<br \/>\n<strong><br \/>\n<\/strong>Rez. von: I. S\u00e1nchez Ramos, Corduba durante la Antig\u00fcedad tard\u00eda. Las necr\u00f3polis urbanas, BAR S2126 (Oxford 2010), in: Bulletin de l\u2019Association pour l\u2019Antiquit\u00e9 Tardive n\u00ba 19, 2010.<\/p>\n<p><strong>Stipendien<br \/>\n<span style=\"color: #999999;\">\u2014 <\/span><\/strong><span style=\"color: #999999;\">02.2014 &#8211; 07.2014<\/span><br \/>\nAbschluss-Stipendium der Graduiertenschule f\u00fcr Geisteswissenschaften (6 Monate)<\/p>\n<p><span style=\"color: #999999;\">\u2014 06.2012<\/span><br \/>\nBourse d\u2019\u00e9tudes pour la participation \u00e0 la r\u00e9union de l\u2019APAT in Valencia (Spanien)<\/p>\n<p><span style=\"color: #999999;\"><strong>\u2014 <\/strong>06.2011 &#8211; 11.2011<\/span><br \/>\nDAAD-Doktoranden-Stipendium f\u00fcr Spanien (6 Monate)<\/p>\n<p><span style=\"color: #999999;\"><strong>\u2014 <\/strong>03.2011 &#8211; 04.2011<\/span><br \/>\nExpos\u00e9-Stipendium der GSGG (Graduiertenschule f\u00fcr Geisteswissenschaften G\u00f6ttingen) (2 Monate)<\/p>\n<p><span style=\"color: #999999;\"><strong>\u2014 <\/strong>05.2012<\/span><br \/>\nBourse d`\u00e9tudes pour la participation \u00e0 la r\u00e9union de l&#8217;APAT in K\u00f6ln<\/p>\n<p><span style=\"color: #999999;\"><strong>\u2014 <\/strong>10.2009 &#8211; 11.2009<\/span><br \/>\nDAAD-Kurzstipendium zur Erstellung der Magisterarbeit in Spanien (2 Monate)<\/p>\n<p><strong><span style=\"color: #999999;\">\u2014 <\/span><\/strong><span style=\"color: #999999;\">10.2007-02.2008<\/span><br \/>\nErasmus-Stipendium f\u00fcr das Studium der Kunstgeschichte an der Universidad de Oviedo (Spanien)<\/p>\n<p><strong>Mitglied<\/strong><br \/>\nGraduiertenschule f\u00fcr Geisteswissenschaften G\u00f6ttingen (GSGG)<br \/>\nNetzwerk zur Erforschung der Iberischen Halbinsel in der Antike \u201eTOLETUM\u201c<br \/>\nArbeitsgemeinschaft Christliche Arch\u00e4ologie (AGCA)<br \/>\nAssociation pour l\u02bcAntiquit\u00e9 Tardive (APAT)<\/p>\n<p><strong>Sprachen<br \/>\n<\/strong>Deutsch (Muttersprache)<br \/>\nSpanisch<br \/>\nEnglisch<br \/>\nSchwedisch<br \/>\nFranz\u00f6sisch<br \/>\nPortugiesisch<br \/>\nItalienisch<br \/>\nAltgriechisch (Graecum)<br \/>\nLatein (Latinum)<\/p>\n<h5><\/h5>\n<p><\/p>","protected":false},"excerpt":{"rendered":"<p>Dr. des. Jenny Abura Friedrich-Alexander Universit\u00e4t Erlangen-N\u00fcrnberg Institut f\u00fcr Kirchengeschichte Lehrstuhl f\u00fcr Christliche Arch\u00e4ologie Kochstra\u00dfe 6 \/ R. 2.012 D-91054 Erlangen jenny.abura@fau.de Jahrgang 1981 Promotionsprojekt: Architekturdekoration in Segobriga (4.-7. Jh.) Forschungsinteressen Sp\u00e4tantike und byzantinische Bauskulptur (Schwerpunkt Hispanien) Sp\u00e4tantike und byzantinische Profan- und Kirchenarchitektur Siedlungsentwicklung in der Sp\u00e4tantike Akademische Ausbildung \u2014 12.2010 &#8211; 07.2016 Dissertation \u201eDie &hellip; <a href=\"https:\/\/www.toletum-network.com\/es\/teilnehmer\/jenny-abura-m-a\/\" class=\"more-link\">Continuar leyendo<span class=\"screen-reader-text\"> \u00abDr. des. Jenny Abura\u00bb<\/span><\/a><\/p>\n","protected":false},"author":7,"featured_media":0,"parent":18,"menu_order":0,"comment_status":"closed","ping_status":"closed","template":"","meta":{"jetpack_post_was_ever_published":false,"footnotes":""},"class_list":["post-619","page","type-page","status-publish","hentry"],"jetpack_sharing_enabled":true,"jetpack_shortlink":"https:\/\/wp.me\/P82TDz-9Z","_links":{"self":[{"href":"https:\/\/www.toletum-network.com\/es\/wp-json\/wp\/v2\/pages\/619","targetHints":{"allow":["GET"]}}],"collection":[{"href":"https:\/\/www.toletum-network.com\/es\/wp-json\/wp\/v2\/pages"}],"about":[{"href":"https:\/\/www.toletum-network.com\/es\/wp-json\/wp\/v2\/types\/page"}],"author":[{"embeddable":true,"href":"https:\/\/www.toletum-network.com\/es\/wp-json\/wp\/v2\/users\/7"}],"replies":[{"embeddable":true,"href":"https:\/\/www.toletum-network.com\/es\/wp-json\/wp\/v2\/comments?post=619"}],"version-history":[{"count":36,"href":"https:\/\/www.toletum-network.com\/es\/wp-json\/wp\/v2\/pages\/619\/revisions"}],"predecessor-version":[{"id":15585,"href":"https:\/\/www.toletum-network.com\/es\/wp-json\/wp\/v2\/pages\/619\/revisions\/15585"}],"up":[{"embeddable":true,"href":"https:\/\/www.toletum-network.com\/es\/wp-json\/wp\/v2\/pages\/18"}],"wp:attachment":[{"href":"https:\/\/www.toletum-network.com\/es\/wp-json\/wp\/v2\/media?parent=619"}],"curies":[{"name":"wp","href":"https:\/\/api.w.org\/{rel}","templated":true}]}}