{"id":19795,"date":"2025-09-21T23:25:44","date_gmt":"2025-09-21T21:25:44","guid":{"rendered":"https:\/\/www.toletum-network.com\/?page_id=19795"},"modified":"2026-02-22T18:27:40","modified_gmt":"2026-02-22T17:27:40","slug":"xvi-workshop-2025","status":"publish","type":"page","link":"https:\/\/www.toletum-network.com\/es\/workshops\/xvi-workshop-2025\/","title":{"rendered":"XVI. Workshop 2025"},"content":{"rendered":"<p><img loading=\"lazy\" decoding=\"async\" class=\"medium alignnone wp-image-19794\" src=\"http:\/\/www.toletum-network.com\/wp-content\/uploads\/2025\/09\/TN-PosterToletum_XVI.jpg\" alt=\"\" width=\"459\" height=\"656\" srcset=\"https:\/\/www.toletum-network.com\/wp-content\/uploads\/2025\/09\/TN-PosterToletum_XVI.jpg 1377w, https:\/\/www.toletum-network.com\/wp-content\/uploads\/2025\/09\/TN-PosterToletum_XVI-210x300.jpg 210w, https:\/\/www.toletum-network.com\/wp-content\/uploads\/2025\/09\/TN-PosterToletum_XVI-716x1024.jpg 716w, https:\/\/www.toletum-network.com\/wp-content\/uploads\/2025\/09\/TN-PosterToletum_XVI-768x1098.jpg 768w, https:\/\/www.toletum-network.com\/wp-content\/uploads\/2025\/09\/TN-PosterToletum_XVI-1075x1536.jpg 1075w, https:\/\/www.toletum-network.com\/wp-content\/uploads\/2025\/09\/TN-PosterToletum_XVI-1200x1715.jpg 1200w\" sizes=\"auto, (max-width: 459px) 85vw, 459px\" \/><\/p>\n<hr \/>\n<h1><span style=\"color: #e6b900;\">XVI. Workshop 2025<\/span><\/h1>\n<h5><strong><span style=\"color: #e6b900;\">23.-25. Oktober 2025 in Hamburg<\/span><\/strong><\/h5>\n<h5>Hispania\u2014Roma\u2014Grecia\u2014Constantinopla (ss. III-VIII).<br \/>\nHomenaje a Javier Arce<\/h5>\n<p><strong>Tagungsort<br \/>\n<\/strong><a href=\"http:\/\/www.warburg-haus.de\/\">Warburg-Haus<\/a> \u00b7 Heilwigstr. 116 \u00b7 D-20249 Hamburg<br \/>\nDownload <a href=\"http:\/\/www.toletum-network.com\/wp-content\/uploads\/2025\/09\/Programm-Workshop-2025.pdf\">Programm Workshop 2025<\/a> (PDF)<br \/>\nTagungsbericht von Dominik Kloss und Sabine Panzram:<br \/>\n<a href=\"https:\/\/www.hsozkult.de\/conferencereport\/id\/fdkn-160530?utm_source=hsozkult&amp;utm_medium=htmlnl&amp;utm_campaign=mailings-2026-2&amp;utm_content=readon\">H-Soz-u-Kult<\/a> \/ Bollettino di Studi Latini<\/p>\n<hr \/>\n<h3>Tagungsprogramm<\/h3>\n<h3><strong>Donnerstag, 23.10.2025<\/strong><\/h3>\n<p>\u2014 17.00 Uhr<br \/>\n<em>Begr\u00fc\u00dfung und Einf\u00fchrung<\/em><br \/>\n<strong>Sabine Panzram<\/strong><br \/>\n<em>Universit\u00e4t Hamburg<\/em><br \/>\n<strong>Gloria Mora<\/strong><br \/>\n<em>Universidad Aut\u00f3noma de Madrid<\/em><br \/>\n<strong>Dominic Moreau<\/strong><br \/>\n<em>Universit\u00e9 de Lille<\/em><br \/>\n<strong>Gisela Ripoll<\/strong><br \/>\n<em>Universitat de Barcelona<\/em><\/p>\n<p>Generalkonsul <strong>Francisco Dago Elorza<\/strong><br \/>\n<em>Generalkonsulat von Spanien in Hamburg<\/em><\/p>\n<p>\u2014 17.30 Uhr<br \/>\n<strong>Antonio Dupl\u00e1 Ansuategui<\/strong><br \/>\n<em>Universidad de Pa\u00eds Vasco<\/em><br \/>\nJavier Arce, pionero de la historiograf\u00eda de la Historia Antigua y la Arqueolog\u00eda en Espa\u00f1a<\/p>\n<p>\u2014 18.15 Uhr<br \/>\n<strong>Ian Wood<\/strong><br \/>\n<em>University of Leeds<\/em><br \/>\nFrom Rome to the Visigoths: a transformation of Javier Arce<\/p>\n<p>&#8211; 19.00 Uhr<br \/>\n<strong>Hans-Werner Goetz<\/strong><br \/>\n<em>Universit\u00e4t Hamburg<\/em><br \/>\n<em>The Transformation of the Roman World<\/em> and its impact on the research on the Early Middle Ages<\/p>\n<p>\u2014 20.00 Uhr<br \/>\n<em>Empfang<\/em><\/p>\n<hr \/>\n<h3><strong>Freitag, 24.10.2025<\/strong><\/h3>\n<h3><span style=\"color: #e6b900;\"><strong>El \u00faltimo siglo de la Espa\u00f1a romana (284\u2013409)<\/strong><\/span><\/h3>\n<p>Diskussionsleitung: <strong>Sabine Panzram<\/strong><br \/>\n<em>Universit\u00e4t Hamburg<\/em><\/p>\n<p>\u2014 9.30 Uhr<br \/>\n<strong>Francisco Pina Polo<\/strong><br \/>\n<em>Universidad de Zaragoza<\/em><br \/>\n<em>Caesaraugusta<\/em> y Javier Arce<\/p>\n<p>\u2014 10.15 Uhr<br \/>\n<strong>Pedro Mateos Cruz<\/strong><br \/>\n<em>CSIC M\u00e9rida<\/em><br \/>\nArce en M\u00e9rida. La investigaci\u00f3n arqueol\u00f3gica de Javier Arce en relaci\u00f3n con <em>Augusta Emerita<\/em><\/p>\n<p>\u2014 11.00 Uhr<br \/>\n<em>Kaffeepause<\/em><\/p>\n<p>\u2014 11.30 Uhr<br \/>\n<strong>Jos\u00e9 Carlos Saquete<\/strong><br \/>\n<em>Universidad de Sevilla<\/em><br \/>\nJavier Arce, M\u00e9rida y los <em>viatoria pensilia<\/em><\/p>\n<p>\u2014 12.15 Uhr<br \/>\n<strong>Markus Trunk<\/strong><br \/>\n<em>Universit\u00e4t Trier<\/em><br \/>\nEl final de los templos de la <em>Hispania<\/em> romana: \u00bfD\u00f3nde est\u00e1n los altares?<\/p>\n<p>\u2014 13.00 Uhr<br \/>\n<em>Mittagspause<\/em><\/p>\n<h3><span style=\"color: #e6b900;\"><strong>B\u00e1rbaros y romanos en Hispania (400\u2013507)<\/strong><\/span><\/h3>\n<p>Diskussionsleitung: <strong>Markus Trunk<\/strong><br \/>\n<em>Universit\u00e4t Trier<\/em><\/p>\n<p>\u2014 15.00 Uhr<br \/>\n<strong>Laurent Brassous<\/strong><br \/>\n<em>La Rochelle Universit\u00e9 \u2013 UMR 7266 LIENSs<\/em><br \/>\nLa crisis del siglo III en <em>Hispania<\/em> y las invasiones b\u00e1rbaras<\/p>\n<p>\u2014 16.15 Uhr<br \/>\n<strong>Pilar Duarte<\/strong><br \/>\n<em>CSIC Madrid<\/em><br \/>\nEntre ruinas y rascacielos: una reflexi\u00f3n sobre el paisaje urbano de la Antig\u00fcedad tard\u00eda en <em>Hispania<\/em><\/p>\n<p>\u2014 16.30 Uhr<br \/>\n<em>Kaffeepause<\/em><\/p>\n<p>\u2014 17.00 Uhr<br \/>\n<strong>Gisela Ripoll<\/strong><br \/>\n<em>Universitat de Barcelona<\/em><br \/>\nEl debate sobre la llegada de los godos a <em>Hispania<\/em> \u2013 estado de la cuesti\u00f3n y perspectivas<\/p>\n<p>\u2014 17.45 Uhr<br \/>\n<strong>Isabel Vel\u00e1zquez<\/strong><br \/>\n<em>Universidad Complutense de Madrid<\/em><br \/>\nLos reyes visigodos sin tumbas \u00bfy sin epitafios?<\/p>\n<p>\u2014 18.30 Uhr<br \/>\n<strong>Fabiola Salcedo Garc\u00e9s<\/strong><br \/>\n<em>Universidad Complutense de Madrid<\/em><br \/>\nPaisajes fortificados en el \u00c1frica tardoantigua<\/p>\n<p>\u2014 20.30 Uhr<br \/>\n<em>Gemeinsames Abendessen<\/em><\/p>\n<hr \/>\n<h3><strong>Samstag, 25.10.2025<\/strong><\/h3>\n<h3><span style=\"color: #e6b900;\"><strong>Entre Roma y Grecia<\/strong><\/span><\/h3>\n<p>Diskussionsleitung: <strong>Dominic Moreau<\/strong><br \/>\n<em>Universit\u00e9 de Lille<\/em><\/p>\n<p>\u2014 9.30 Uhr<br \/>\n<strong>Antonio Pizzo<\/strong><br \/>\n<em>Escuela Espa\u00f1ola de Historia y Arqueolog\u00eda en Roma<\/em><br \/>\nDel arco de Jano a Tusculum. El papel de Javier Arce en la investigaci\u00f3n arqueol\u00f3gica espa\u00f1ola en Italia<\/p>\n<p>\u2014 10.15 Uhr<br \/>\n<strong>Ricardo Mar<\/strong><br \/>\n<em>Universitat Rovira i Virgili Tarragona<\/em><br \/>\nOstia y Cirene: el paisaje urbano en la Antig\u00fcedad tard\u00eda<\/p>\n<p>\u2014 11.00 Uhr<br \/>\n<em>Kaffeepause<\/em><\/p>\n<p>\u2014 11.30 Uhr<br \/>\n<strong>Pilar Pav\u00f3n<\/strong><br \/>\n<em>Universidad de Sevilla<\/em><br \/>\n<em>Perpetui carcerum inquilini<\/em> (Amm. 30.5.6). Prisi\u00f3n, tortura y muerte en las <em>Res Gestae<\/em> de Amiano Marcelino<\/p>\n<p>\u2014 12.15 Uhr<br \/>\n<strong>Jean-Yves Marc<\/strong><br \/>\n<em>Universit\u00e9 de Strasbourg<\/em><br \/>\nLe mur post-h\u00e9rulien d\u2018Ath\u00e8nes : historiographie et nouvelles hypoth\u00e8ses<\/p>\n<p>\u2014 13.00 Uhr<br \/>\n<em>Mittagspause<\/em><\/p>\n<h3><span style=\"color: #e6b900;\"><strong>Esperando a los \u00e1rabes. Los visigodos en Hispania (507\u2013711)<\/strong><\/span><\/h3>\n<p>Diskussionsleitung: <strong>Gloria Mora<\/strong><br \/>\n<em>Universidad Aut\u00f3noma de Madrid<\/em><\/p>\n<p>\u2014 15.00 Uhr<br \/>\n<strong>Ra\u00fal Gonz\u00e1lez Salinero<\/strong><br \/>\n<em>UNED<\/em><br \/>\n<em>Synagogam erexisti<\/em>: la carta de excomuni\u00f3n del obispo Aurasio al conde Froga (principios del siglo VII)<\/p>\n<p>\u2014 15.45 Uhr<br \/>\n<strong>Jorge Elices Oc\u00f3n<\/strong><br \/>\n<em>CSIC Madrid<\/em><br \/>\nUna \u201clong Late Antiquity\u201d en el Mediterr\u00e1neo: ciudades, ornamenta y <em>spolia<\/em><\/p>\n<p>\u2014 16.30 Uhr<br \/>\n<em>Kaffeepause<\/em><\/p>\n<p>\u2014 17.00 Uhr<br \/>\n<strong>Eduardo Manzano Moreno<\/strong><br \/>\n<em>CSIC Madrid<\/em><br \/>\nLa conquista \u00e1rabe de <em>Spania<\/em>. Una conquista imperial<\/p>\n<p>\u2014 17.45 Uhr<br \/>\n<strong>Javier Arce<\/strong><br \/>\n<em>Universit\u00e9 de Lille<\/em><br \/>\nConclusiones<\/p>\n<p>\u2014 20.30 Uhr<br \/>\n<em>Gemeinsames Abendessen<\/em><\/p>","protected":false},"excerpt":{"rendered":"<p>XVI. Workshop 2025 23.-25. Oktober 2025 in Hamburg Hispania\u2014Roma\u2014Grecia\u2014Constantinopla (ss. III-VIII). Homenaje a Javier Arce Tagungsort Warburg-Haus \u00b7 Heilwigstr. 116 \u00b7 D-20249 Hamburg Download Programm Workshop 2025 (PDF) Tagungsbericht von Dominik Kloss und Sabine Panzram: H-Soz-u-Kult \/ Bollettino di Studi Latini Tagungsprogramm Donnerstag, 23.10.2025 \u2014 17.00 Uhr Begr\u00fc\u00dfung und Einf\u00fchrung Sabine Panzram Universit\u00e4t Hamburg Gloria &hellip; <a href=\"https:\/\/www.toletum-network.com\/es\/workshops\/xvi-workshop-2025\/\" class=\"more-link\">Continuar leyendo<span class=\"screen-reader-text\"> \u00abXVI. Workshop 2025\u00bb<\/span><\/a><\/p>\n","protected":false},"author":8,"featured_media":0,"parent":12,"menu_order":0,"comment_status":"closed","ping_status":"closed","template":"","meta":{"jetpack_post_was_ever_published":false,"footnotes":""},"class_list":["post-19795","page","type-page","status-publish","hentry"],"jetpack_sharing_enabled":true,"jetpack_shortlink":"https:\/\/wp.me\/P82TDz-59h","_links":{"self":[{"href":"https:\/\/www.toletum-network.com\/es\/wp-json\/wp\/v2\/pages\/19795","targetHints":{"allow":["GET"]}}],"collection":[{"href":"https:\/\/www.toletum-network.com\/es\/wp-json\/wp\/v2\/pages"}],"about":[{"href":"https:\/\/www.toletum-network.com\/es\/wp-json\/wp\/v2\/types\/page"}],"author":[{"embeddable":true,"href":"https:\/\/www.toletum-network.com\/es\/wp-json\/wp\/v2\/users\/8"}],"replies":[{"embeddable":true,"href":"https:\/\/www.toletum-network.com\/es\/wp-json\/wp\/v2\/comments?post=19795"}],"version-history":[{"count":10,"href":"https:\/\/www.toletum-network.com\/es\/wp-json\/wp\/v2\/pages\/19795\/revisions"}],"predecessor-version":[{"id":19815,"href":"https:\/\/www.toletum-network.com\/es\/wp-json\/wp\/v2\/pages\/19795\/revisions\/19815"}],"up":[{"embeddable":true,"href":"https:\/\/www.toletum-network.com\/es\/wp-json\/wp\/v2\/pages\/12"}],"wp:attachment":[{"href":"https:\/\/www.toletum-network.com\/es\/wp-json\/wp\/v2\/media?parent=19795"}],"curies":[{"name":"wp","href":"https:\/\/api.w.org\/{rel}","templated":true}]}}