{"id":19310,"date":"2025-04-22T18:34:52","date_gmt":"2025-04-22T16:34:52","guid":{"rendered":"https:\/\/www.toletum-network.com\/?page_id=19310"},"modified":"2025-04-23T17:13:01","modified_gmt":"2025-04-23T15:13:01","slug":"iberica-selecta-4-teoria-y-practica-del-spolium","status":"publish","type":"page","link":"https:\/\/www.toletum-network.com\/es\/iberica-selecta\/iberica-selecta-4-teoria-y-practica-del-spolium\/","title":{"rendered":"Iberica Selecta 4: Teor\u00eda y pr\u00e1ctica del spolium"},"content":{"rendered":"<p><a href=\"http:\/\/www.toletum-network.com\/wp-content\/uploads\/2025\/04\/teoria-y-practica-del-spolium.jpg\"><img loading=\"lazy\" decoding=\"async\" class=\"alignleft wp-image-19311 size-medium\" src=\"http:\/\/www.toletum-network.com\/wp-content\/uploads\/2025\/04\/teoria-y-practica-del-spolium.jpg\" alt=\"\" width=\"360\" height=\"640\" \/><\/a>A pesar de constituir un hecho trascendental, la reutilizaci\u00f3n de sarc\u00f3fagos de la Antig\u00fcedad durante la Edad Media en la Pen\u00ednsula Ib\u00e9rica ha carecido hasta el momento de un estudio independiente. Sorprendentemente, despu\u00e9s de que Seraf\u00edn Moralejo publicase un art\u00edculo al respecto en 1984, el tema no tuvo continuidad. Asimismo, el <em>spolium<\/em> como l\u00ednea de investigaci\u00f3n independiente no recibi\u00f3 demasiada atenci\u00f3n en Espa\u00f1a o, al menos, no fue comparable a la enorme proliferaci\u00f3n de estudios europeos. Por lo tanto, la necesidad de llenar este vac\u00edo \u2013 y llenarlo en espa\u00f1ol \u2013 ha sido el prop\u00f3sito principal de este trabajo.<\/p>\n<p>El concepto de <em>spolium<\/em> existe desde la Antig\u00fcedad y puede rastrearse en las fuentes. La dicotom\u00eda entre su significado pasado y presente ha motivado el inter\u00e9s tanto en su etimolog\u00eda como en su estudio como pr\u00e1ctica. En cuanto a los sarc\u00f3fagos, fue su descubrimiento regular durante la Edad Media lo que populariz\u00f3 su reutilizaci\u00f3n, adem\u00e1s de su utilidad y calidad. En la Pen\u00ednsula Ib\u00e9rica fueron utilizados por reyes y condes, pero tambi\u00e9n albergaron reliquias. En general, la visi\u00f3n medieval de los sarc\u00f3fagos de la Antig\u00fcedad estuvo marcada por sus poderes taumat\u00fargicos y su simbolismo como herramienta de prestigio.<\/p>\n<p>\u00abTeor\u00eda y pr\u00e1ctica del <em>spolium<\/em>\u00bb, es el cuarto tomo de la colecci\u00f3n \u00ab<a href=\"https:\/\/www.steiner-verlag.de\/series\/2943-2960\">Ib\u00e9rica Selecta<\/a>\u00ab, que es un foro para todas las \u00e1reas de los estudios de la Antig\u00fcedad dedicados a la Pen\u00ednsula Ib\u00e9rica. Respecto a la autora:<a href=\"https:\/\/www.steiner-verlag.de\/person\/Begona-Torre-Miguel-16091274\"> Bego\u00f1a Torre Miguel<\/a><\/p>\n<p><a href=\"http:\/\/www.toletum-network.com\/wp-content\/uploads\/2025\/04\/IbS-4-Spolium-Folleto.pdf\">IbS 4 Spolium Folleto<\/a>; para m\u00e1s informaci\u00f3n, ve\u00e1se la p\u00e1gina de la <a href=\"https:\/\/www.steiner-verlag.de\/Teoria-y-practica-del-spolium\/9783515135290\">editorial Steiner<\/a><\/p>\n<p>&nbsp;<\/p>","protected":false},"excerpt":{"rendered":"<p>A pesar de constituir un hecho trascendental, la reutilizaci\u00f3n de sarc\u00f3fagos de la Antig\u00fcedad durante la Edad Media en la Pen\u00ednsula Ib\u00e9rica ha carecido hasta el momento de un estudio independiente. Sorprendentemente, despu\u00e9s de que Seraf\u00edn Moralejo publicase un art\u00edculo al respecto en 1984, el tema no tuvo continuidad. Asimismo, el spolium como l\u00ednea de &hellip; <a href=\"https:\/\/www.toletum-network.com\/es\/iberica-selecta\/iberica-selecta-4-teoria-y-practica-del-spolium\/\" class=\"more-link\">Continuar leyendo<span class=\"screen-reader-text\"> \u00abIberica Selecta 4: Teor\u00eda y pr\u00e1ctica del spolium\u00bb<\/span><\/a><\/p>\n","protected":false},"author":8,"featured_media":0,"parent":14402,"menu_order":0,"comment_status":"closed","ping_status":"closed","template":"","meta":{"jetpack_post_was_ever_published":false,"footnotes":""},"class_list":["post-19310","page","type-page","status-publish","hentry"],"jetpack_sharing_enabled":true,"jetpack_shortlink":"https:\/\/wp.me\/P82TDz-51s","_links":{"self":[{"href":"https:\/\/www.toletum-network.com\/es\/wp-json\/wp\/v2\/pages\/19310","targetHints":{"allow":["GET"]}}],"collection":[{"href":"https:\/\/www.toletum-network.com\/es\/wp-json\/wp\/v2\/pages"}],"about":[{"href":"https:\/\/www.toletum-network.com\/es\/wp-json\/wp\/v2\/types\/page"}],"author":[{"embeddable":true,"href":"https:\/\/www.toletum-network.com\/es\/wp-json\/wp\/v2\/users\/8"}],"replies":[{"embeddable":true,"href":"https:\/\/www.toletum-network.com\/es\/wp-json\/wp\/v2\/comments?post=19310"}],"version-history":[{"count":15,"href":"https:\/\/www.toletum-network.com\/es\/wp-json\/wp\/v2\/pages\/19310\/revisions"}],"predecessor-version":[{"id":19410,"href":"https:\/\/www.toletum-network.com\/es\/wp-json\/wp\/v2\/pages\/19310\/revisions\/19410"}],"up":[{"embeddable":true,"href":"https:\/\/www.toletum-network.com\/es\/wp-json\/wp\/v2\/pages\/14402"}],"wp:attachment":[{"href":"https:\/\/www.toletum-network.com\/es\/wp-json\/wp\/v2\/media?parent=19310"}],"curies":[{"name":"wp","href":"https:\/\/api.w.org\/{rel}","templated":true}]}}