{"id":19176,"date":"2025-01-31T23:51:25","date_gmt":"2025-01-31T21:51:25","guid":{"rendered":"https:\/\/www.toletum-network.com\/?page_id=19176"},"modified":"2025-02-01T01:24:35","modified_gmt":"2025-01-31T23:24:35","slug":"dr-jose-maria-moreno-narganes","status":"publish","type":"page","link":"https:\/\/www.toletum-network.com\/es\/teilnehmer\/dr-jose-maria-moreno-narganes\/","title":{"rendered":"Dr. Jos\u00e9 Mar\u00eda Moreno Narganes"},"content":{"rendered":"<p><img loading=\"lazy\" decoding=\"async\" class=\"alignnone size-full wp-image-19174\" src=\"http:\/\/www.toletum-network.com\/wp-content\/uploads\/2025\/01\/JM-Moreno-Narganes-1.jpg\" alt=\"Jos\u00e9 Mar\u00eda Moreno Narganes\" width=\"300\" height=\"225\" \/><\/p>\n<h3 class=\"entry-title\">Jos\u00e9 Mar\u00eda Moreno Narganes<\/h3>\n<p>Departamento de Prehistoria, Arqueolog\u00eda, H\u00aa Antigua, Filolog\u00eda Latina y Griega<br \/>\nFacultad de Filosof\u00eda y Letras<br \/>\nUniversidad de Alicante<br \/>\nCarr. de San Vicente del Raspeig, s\/n<br \/>\nE-03690 Alicante<br \/>\n<a href=\"mailto:jmmoreno@ua.es\">jmmoreno@ua.es<\/a> \/ <a href=\"mailto:josemariamoreno01@gmail.com\">josemariamoreno01@gmail.com<\/a><\/p>\n<p><strong>Sitios web: <\/strong><br \/>\n<a href=\"https:\/\/alicante.academia.edu\/JoseMariaMorenoNarganes\">Academia<\/a><br \/>\n<a href=\"https:\/\/scholar.google.es\/citations?user=NyZC__YAAAAJ&amp;hl=es\">Google Scholar<\/a><br \/>\n<a href=\"https:\/\/orcid.org\/0000-0003-1345-7037\">ORCiD<\/a><\/p>\n<hr \/>\n<p><strong>Formaci\u00f3n acad\u00e9mica<\/strong><\/p>\n<p><span style=\"color: #999999;\">\u2014 2017-2024<\/span><br \/>\nDoctorado en historia. Departamento de Prehistoria, Arqueolog\u00eda, H\u00aa Antigua, Filolog\u00eda Latina y Griega. Bajo la direcci\u00f3n de Sonia Guti\u00e9rrez Lloret (UA) y Sophie Gilotte (CNRS), Universidad de Alicante<\/p>\n<p><span style=\"color: #999999;\">\u2014 2015-2016<\/span><br \/>\nM\u00e1ster 1-2. Historie, Histoire de l\u2019art et arch\u00e9oligie. Parcours HISTADMED. Universit\u00e9 Lyon Lumi\u00e8re 2, Universit\u00e9 de Glasgow, Universit\u00e9 de Bologna et l\u2019Universit\u00e9 de Granade<\/p>\n<p><span style=\"color: #999999;\">\u2014 2010-2014<\/span><br \/>\nLicenciatura de Historia, Universidad de Alicante<\/p>\n<hr \/>\n<p><strong>Experiencia profesional<\/strong><\/p>\n<p>240h de docencia en los grados de Historia y Humanidades en la Universidad de Alicante.<\/p>\n<p>Clases invitadas en el grado de Historia de la Univ. de Valencia, grado de arqueolog\u00eda de la Univ. de Granada y en en el grado de Filolog\u00eda \u00c1rabe de la Univ. Complutense de Madrid.<\/p>\n<p>Direcci\u00f3n de proyectos arqueol\u00f3gicos en la Alquer\u00eda de la Graja, la alquer\u00eda de Pu\u00e7a, la torre de Haches y el Castillo de Hell\u00edn.<\/p>\n<hr \/>\n<p><strong>Publicaciones cientificas<\/strong><\/p>\n<p><span style=\"color: #999999;\">\u2014 2024<\/span><br \/>\nArt\u00edculo. Jim\u00e9nez, P., Sim\u00f3n J.L. y Moreno-Narganes J.M. (3\/3), The rural mosque uncovered in the Andalusi village of La Graja (11th century CE), in: Journal of Islamic Studies, etae023, <a href=\"https:\/\/doi.org\/10.1093\/jis\/etae023\">https:\/\/doi.org\/10.1093\/jis\/etae023<\/a>. SJR: Q1. H-Index: 14.<\/p>\n<p><span style=\"color: #999999;\">\u2014 2024<\/span><br \/>\nArt\u00edculo. Jim\u00e9nez, P., Sim\u00f3n J.L. y Moreno-Narganes J.M. (3\/3), The colonisation of rainfed land in al-Andalus: an unknown aspect of the eleventh-century economic expansion, in: Journal of Medieval Iberian Studies, 15 (3), 484\u2013521. <a href=\"https:\/\/doi.org\/10.1080\/17546559.2023.2244477\">https:\/\/doi.org\/10.1080\/17546559.2023.2244477<\/a>. SJR: Q1. H-Index: 11.<\/p>\n<p><span style=\"color: #999999;\">\u2014 2024<\/span><br \/>\nLibro. Jim\u00e9nez, P., Sim\u00f3n J.L. y Moreno-Narganes J.M. (3\/3), La alquer\u00eda andalus\u00ed de La Graja (Higueruela). Poblamiento y econom\u00eda campesina en La Mancha oriental. Primera campa\u00f1a de excavaciones. Albacete: Instituto de Estudios Albacetenses \u201cDon Juan Manuel\u201d. ISBN: 978-84-18165-44-3. <a href=\"http:\/\/doi.org\/10.37927\/978-84-18165-45-0\">http:\/\/doi.org\/10.37927\/978-84-18165-45-0<\/a>. AC.<\/p>\n<p><span style=\"color: #999999;\">\u2014 2023<\/span><br \/>\nCap\u00edtulo de libro. Moreno-Narganes J.M., \u201cSobre econom\u00eda, impuestos y producci\u00f3n: El taller dom\u00e9stico en al-Andalus: una propuesta desde la arqueolog\u00eda de la producci\u00f3n textil (ss. IX-XI)\u201d. En A. F\u00e1bregas y A. Garc\u00eda (Eds.) Artesan\u00eda e industria en al-Andalus: actividades, espacios y organizaci\u00f3n. Granada: Comares. Collc. Madrasa, 51 &#8211; 72. ISBN 978-84-1369-583-9. SPI-CSIC: Editorial nacional. Posici\u00f3n 6. AC.<\/p>\n<p><span style=\"color: #999999;\">\u2014 2021<\/span><br \/>\nCap\u00edtulo de libro. Moreno-Narganes J.M., Tejiendo en casa las actividades de hilado-tejido en el espacio dom\u00e9stico de Al-Andalus (ss. XII-XIII). En M. Retuerde (Ed.), Actas VI Congreso de Arqueolog\u00eda Medieval (Espa\u00f1a-Portugal). Madrid: Asociaci\u00f3n Espa\u00f1ola de Arqueolog\u00eda Medieval, 429 &#8211; 433. ISBN 978-84-09-36283-7. AC.<\/p>\n<p><strong>Congresos<\/strong><\/p>\n<p><span style=\"color: #999999;\">\u2014 2024<\/span><br \/>\nConferencia invitada. Moreno-Narganes J.M. \u201cHilanderas de al-Andalus\u201d. International Congress. Un oasis en el desierto: El desarrollo de la Arqueolog\u00eda de G\u00e9nero en el contexto Ib\u00e9rico. Theoretical archeologic group-TAG- Ib\u00e9rico. Museo de Segovia-URJ. Spain.<\/p>\n<p><span style=\"color: #999999;\">\u2014 2023<\/span><br \/>\nConferencia invitada. Las tierras de secano en al-\u00c1ndalus: poblamiento y econom\u00eda campesina. Moreno-Nargajes J. M. (Co-organizer). IEA- Escuela de Estudios \u00c1rabes-CSIC. Spain.<\/p>\n<p><span style=\"color: #999999;\">\u2014 2022<\/span><br \/>\nPresentaci\u00f3n oral. Moreno-Narganes J.M. \u201cDe la casa al mercado: producci\u00f3n textil femenina desde el espacio dom\u00e9stico andalus\u00ed (ss. IX-XIII)\u201d. International Congress. X International Medieval Meeting Lleida. University of Lleida. Spain.<\/p>\n<p><span style=\"color: #999999;\">\u2014 2021<\/span><br \/>\nPresentaci\u00f3n oral. Moreno-Narganes J.M. \u201cThe domestic workshop in al- Andalus: a proposal from the perspective of textile production (10th-13th c.)\u201d. International Congress. From the Household to the Factory . EuroWeb &#8211; Uniarq &#8211; Unviersidad de Minho. Online.<\/p>\n<hr \/>\n<p><strong>Proyectos de investigaci\u00f3n<\/strong><\/p>\n<p><span style=\"color: #999999;\">\u2014 2022-2025<\/span><br \/>\nInvestigador. Project: Mapeo de la econom\u00eda global de Almer\u00eda medieval a partir del estudio arqueol\u00f3gico de su barrio andalus\u00ed (GLOBALM) (PID2021-124325OA-I00). IP: E. Salinas y E. L\u00f3pez S. Funded by el Ministerior de Ciencia e Innovaci\u00f3n. 63.746,69 \u20ac<\/p>\n<p><span style=\"color: #999999;\">\u2014 2020-2024<\/span><br \/>\nInvestigador. Project: El contexto como herramienta: escalas de aplicaci\u00f3n en los procesos de cambio en la alta edad media (PID2019-108192GB-I00). IP: Domenech C. y Guti\u00e9rrez, S. Funded by el Ministerior de Ciencia, Innovaci\u00f3n y Universidades. 34.727 \u20ac.<\/p>\n<p><span style=\"color: #999999;\">\u2014 2020-2024<\/span><br \/>\nCo-Investigador principal. Project: Poblamiento andalus\u00ed en las tierras de secano: \u00e1rea sudoriental de la Mancha (ss. X-XIII). Funded by IEA-JCCLM and the Iberdrola Foundation: 123.960 \u20ac.<\/p>\n<p><strong>Idiomas<\/strong><\/p>\n<p>Castellano \/ Lengua maternal<br \/>\nValenciano \/ C1 (Junta Qualificadora de Coneixements de Valenci\u00e0).<br \/>\nFranc\u00e9s \/ C1 (DALF \u2013 Ministerio de Educaci\u00f3n Nacional de Francia)<br \/>\nIngl\u00e9s \/ B1 (PET \u2013 Cambridge)<\/p>\n<hr \/>\n<p><\/p>","protected":false},"excerpt":{"rendered":"<p>Jos\u00e9 Mar\u00eda Moreno Narganes Departamento de Prehistoria, Arqueolog\u00eda, H\u00aa Antigua, Filolog\u00eda Latina y Griega Facultad de Filosof\u00eda y Letras Universidad de Alicante Carr. de San Vicente del Raspeig, s\/n E-03690 Alicante jmmoreno@ua.es \/ josemariamoreno01@gmail.com Sitios web: Academia Google Scholar ORCiD Formaci\u00f3n acad\u00e9mica \u2014 2017-2024 Doctorado en historia. Departamento de Prehistoria, Arqueolog\u00eda, H\u00aa Antigua, Filolog\u00eda Latina &hellip; <a href=\"https:\/\/www.toletum-network.com\/es\/teilnehmer\/dr-jose-maria-moreno-narganes\/\" class=\"more-link\">Continuar leyendo<span class=\"screen-reader-text\"> \u00abDr. Jos\u00e9 Mar\u00eda Moreno Narganes\u00bb<\/span><\/a><\/p>\n","protected":false},"author":8,"featured_media":0,"parent":18,"menu_order":0,"comment_status":"closed","ping_status":"closed","template":"","meta":{"jetpack_post_was_ever_published":false,"footnotes":""},"class_list":["post-19176","page","type-page","status-publish","hentry"],"jetpack_sharing_enabled":true,"jetpack_shortlink":"https:\/\/wp.me\/P82TDz-4Zi","_links":{"self":[{"href":"https:\/\/www.toletum-network.com\/es\/wp-json\/wp\/v2\/pages\/19176","targetHints":{"allow":["GET"]}}],"collection":[{"href":"https:\/\/www.toletum-network.com\/es\/wp-json\/wp\/v2\/pages"}],"about":[{"href":"https:\/\/www.toletum-network.com\/es\/wp-json\/wp\/v2\/types\/page"}],"author":[{"embeddable":true,"href":"https:\/\/www.toletum-network.com\/es\/wp-json\/wp\/v2\/users\/8"}],"replies":[{"embeddable":true,"href":"https:\/\/www.toletum-network.com\/es\/wp-json\/wp\/v2\/comments?post=19176"}],"version-history":[{"count":4,"href":"https:\/\/www.toletum-network.com\/es\/wp-json\/wp\/v2\/pages\/19176\/revisions"}],"predecessor-version":[{"id":19190,"href":"https:\/\/www.toletum-network.com\/es\/wp-json\/wp\/v2\/pages\/19176\/revisions\/19190"}],"up":[{"embeddable":true,"href":"https:\/\/www.toletum-network.com\/es\/wp-json\/wp\/v2\/pages\/18"}],"wp:attachment":[{"href":"https:\/\/www.toletum-network.com\/es\/wp-json\/wp\/v2\/media?parent=19176"}],"curies":[{"name":"wp","href":"https:\/\/api.w.org\/{rel}","templated":true}]}}