{"id":18568,"date":"2024-07-29T21:53:29","date_gmt":"2024-07-29T19:53:29","guid":{"rendered":"https:\/\/www.toletum-network.com\/?page_id=18568"},"modified":"2025-05-03T18:48:06","modified_gmt":"2025-05-03T16:48:06","slug":"xv-workshop-2024","status":"publish","type":"page","link":"https:\/\/www.toletum-network.com\/es\/workshops\/xv-workshop-2024\/","title":{"rendered":"XV. Workshop 2024"},"content":{"rendered":"<p><img loading=\"lazy\" decoding=\"async\" class=\"medium alignnone wp-image-18571\" src=\"http:\/\/www.toletum-network.com\/wp-content\/uploads\/2024\/06\/toletum-XV-poster-e1719305942307-209x300.jpg\" alt=\"\" width=\"343\" height=\"491\" srcset=\"https:\/\/www.toletum-network.com\/wp-content\/uploads\/2024\/06\/toletum-XV-poster-e1719305942307-209x300.jpg 209w, https:\/\/www.toletum-network.com\/wp-content\/uploads\/2024\/06\/toletum-XV-poster-e1719305942307.jpg 685w\" sizes=\"auto, (max-width: 343px) 85vw, 343px\" \/><\/p>\n<hr \/>\n<h1><span style=\"color: #e6b900;\">XV. Workshop<\/span><\/h1>\n<h5><strong><span style=\"color: #e6b900;\">24.-26. Oktober 2024 in Hamburg<\/span><\/strong><\/h5>\n<h5>Villen, Kl\u00f6ster und <em>almunias<\/em>: Eliten, Wirtschaft und Macht (4.-10. Jh.)<\/h5>\n<p><strong>Tagungsort<br \/>\n<\/strong><a href=\"http:\/\/www.warburg-haus.de\/\">Warburg-Haus<\/a> \u00b7 Heilwigstr. 116 \u00b7 D-20249 Hamburg<br \/>\nDownload <a href=\"http:\/\/www.toletum-network.com\/wp-content\/uploads\/2024\/09\/Programm-Workshop-2024.pdf\">Programm Workshop 2024<\/a> (PDF)<br \/>\nTagungsbericht von Kevin Grotherr und Martin Horst:<br \/>\n<a href=\"https:\/\/www.hsozkult.de\/conferencereport\/id\/fdkn-151918?utm_source=hskhtml&amp;utm_medium=email&amp;utm_term=2024-12&amp;utm_campaign=htmldigest\">H-Soz-u-Kult<\/a> \/ <a href=\"http:\/\/www.toletum-network.com\/wp-content\/uploads\/2025\/05\/Bollettino-di-Studi-Latini-55-2025-161-165.pdf\">Bollettino di Studi Latini 55 (2025), 161-165<\/a><\/p>\n<hr \/>\n<h3>Tagungsprogramm<\/h3>\n<h3><strong>Donnerstag, 24.10.2024<\/strong><\/h3>\n<p>\u2014 17.00 Uhr<br \/>\n<em>Begr\u00fc\u00dfung und Einf\u00fchrung<\/em><br \/>\n<strong>Sabine Panzram<\/strong><br \/>\n<em>Universit\u00e4t Hamburg<\/em><br \/>\n<strong>Rafael Blanco G\u00fazman<\/strong><br \/>\n<em>Universidad de C\u00f3rdoba<br \/>\n<\/em><\/p>\n<p>Generalkonsul <strong>Francisco Dago Elorza<\/strong><br \/>\n<em>Generalkonsulat von Spanien in Hamburg<\/em><\/p>\n<p>\u2014 17.30 Uhr<br \/>\n<strong>Pablo C. D\u00edaz<\/strong><br \/>\n<em>Universidad de Salamanca<\/em><br \/>\nVilla romana y monasterio tardoantiguo: El reflejo deformado de un modelo productivo<\/p>\n<p>\u2014 18.15 Uhr<br \/>\n<strong>Mateusz Fafinski<\/strong><br \/>\n<em>Universit\u00e4t Erfurt<\/em><br \/>\n<strong>Jakob Riemenschneider <\/strong><br \/>\n<em>Universit\u00e4t Hildesheim<\/em><br \/>\nThe Other Place: Monastic Discourse between the Villa and the City<\/p>\n<p>&#8211; 19.00 Uhr<br \/>\n<strong>Glaire Anderson<\/strong><br \/>\n<em>The University of Edinburgh<\/em><br \/>\nIslamic Villas and Villa Culture: the Munyas of Umayyad C\u00f3rdoba<\/p>\n<p>\u2014 20.00 Uhr<br \/>\n<em>Empfang<\/em><\/p>\n<hr \/>\n<h3><strong>Freitag, 25.10.2024<\/strong><\/h3>\n<h3><span style=\"color: #e6b900;\"><strong>Villa romana y monasterio tardoantiguo<\/strong><\/span><\/h3>\n<p>Diskussionsleitung: <strong>Sabine Panzram<\/strong><br \/>\n<em>Universit\u00e4t Hamburg<\/em><\/p>\n<p>\u2014 9.30 Uhr<br \/>\n<strong>Yolanda Pe\u00f1a Cervantes<\/strong><br \/>\n<em>UNED<\/em><br \/>\n\u00bfD\u00f3nde, c\u00f3mo y qui\u00e9n elabora el vino y el aceite de oliva en el mundo tardorromano y visigodo en <em>Hispania<\/em>?<\/p>\n<p>\u2014 10.15 Uhr<br \/>\n<strong>Fedor Schlimbach<\/strong><br \/>\n<em>Universit\u00e4t G\u00f6ttingen<\/em><br \/>\nSp\u00e4tantik-westgotenzeitliche Landsitze im <em>conventus Cordubensis<\/em>. Residenzen einer Oberschicht im l\u00e4ndlichen Raum des toledanischen Westgotenreiches<\/p>\n<p>\u2014 11.00 Uhr<br \/>\n<em>Kaffeepause<\/em><\/p>\n<p>\u2014 11.30 Uhr<br \/>\n<strong>Christoph Eger<\/strong><br \/>\n<em>LVR-Arch\u00e4ologischer Park Xanten \/ LVR-R\u00f6merMuseum<\/em><br \/>\nGuarrazar \u2013 eine westgotenzeitliche Klosteranlage?<\/p>\n<p>\u2014 12.15 Uhr<br \/>\n<strong>Jos\u00e9 Carlos S\u00e1nchez Pardo<\/strong><br \/>\n<em>Universidade de Santiago de Compostela<\/em><br \/>\nMonasterios, \u00e9lites y organizaci\u00f3n productiva entre la Tardoantig\u00fcedad y la Alta Edad Media: Aportaciones desde el estudio de los paisajes mon\u00e1sticos<\/p>\n<p>\u2014 13.00 Uhr<br \/>\n<em>Mittagspause<\/em><\/p>\n<p>Diskussionsleitung: <strong>Markus Trunk<\/strong><br \/>\n<em>Universit\u00e4t Trier<\/em><\/p>\n<p>\u2014 15.00 Uhr<br \/>\n<strong>Paulo Pach\u00e1<\/strong><br \/>\n<em>Universidade Federal do Rio de Janeiro<\/em><br \/>\nSembrando monasterios en la <em>Hispania<\/em> Visigoda: los viajes de Fructuoso de Braga<\/p>\n<p>\u2014 16.15 Uhr<br \/>\n<strong>Jorge L\u00f3pez Quiroga<\/strong><br \/>\n<em>Universidad Aut\u00f3noma de Madrid<\/em><br \/>\n\u00c9lites, monasterios, villas y granjas en el noroeste de la Pen\u00ednsula Ib\u00e9rica (siglos V-X): Entre el relato textual y la realidad material<\/p>\n<p>\u2014 16.30 Uhr<br \/>\n<em>Kaffeepause<\/em><\/p>\n<p>\u2014 17.00 Uhr<br \/>\n<strong>Joan Tuset Estany<\/strong><br \/>\n<em>Instituto Austr\u00edaco de Arqueolog\u00eda &#8211; <\/em><\/p>\n<p><em>Academia Austr\u00edaca de las Ciencias<\/em><br \/>\n<strong>Gisela Ripoll<\/strong><br \/>\n<em>Universitat de Barcelona<\/em><br \/>\n<em>Sidilianum <\/em>\/ Sidill\u00e0 (Baix Empord\u00e0, Catalu\u00f1a): de mausoleo aristocr\u00e1tico en la Antig\u00fcedad tard\u00eda a palomar en \u00e9poca medieval<\/p>\n<p>\u2014 17.45 Uhr<br \/>\n<strong>Jelena Behaim<\/strong><br \/>\n<em>Universitat de Barcelona<\/em><br \/>\n<strong>Ivor Kranjec<\/strong><br \/>\n<em>Universidad de Zagreb<\/em><br \/>\nEl monasterio de <em>Sancti Cirici de Colera<\/em> \/ Sant Quirze de Colera (Alt Empord\u00e0, Catalu\u00f1a). Estudio interdisciplinar a partir de la cronoestratigraf\u00eda, el an\u00e1lisis espacial y la explotaci\u00f3n de los recursos<\/p>\n<p>\u2014 18.30 Uhr<br \/>\n<strong>Andr\u00e9s M\u00e1nguez Tom\u00e1s<\/strong><br \/>\n<em>Universidad de Salamanca<\/em><br \/>\nIglesias y monasterios rurales en la <em>Hispania<\/em> tardoantigua (ss. IV-VIII): \u00bfautosuficiencia o paupertas?<\/p>\n<p>\u2014 20.30 Uhr<br \/>\n<em>Gemeinsames Abendessen<\/em><\/p>\n<hr \/>\n<h3><strong>Samstag, 26.10.2024<\/strong><\/h3>\n<h3><span style=\"color: #e6b900;\"><strong>Monasterios tardoantiguos y medievales<\/strong><br \/>\n<\/span><\/h3>\n<p>Diskussionsleitung: <strong>Pieter Houten<\/strong><br \/>\n<em>Universit\u00e4t Hamburg \u2013 University of Nottingham<\/em><\/p>\n<p>\u2014 9.30 Uhr<br \/>\n<strong>Juan Jos\u00e9 Larrea<\/strong><br \/>\n<em>Universidad del Pa\u00eds Vasco<\/em><br \/>\nPropiedad, acceso y explotaci\u00f3n del territorio en el medio mon\u00e1stico pirenaico: de San Mart\u00edn de As\u00e1n a los monasterios posteriores a la conquista musulmana (siglos VI a X)<\/p>\n<p>\u2014 10.15 Uhr<br \/>\n<strong>Jes\u00fas Atenciano Crespillo<\/strong><br \/>\n<em>Universidad de C\u00f3rdoba<\/em><br \/>\nEstudio sobre los monasterios tardoantiguos del suburbio de C\u00f3rdoba: identificaci\u00f3n, an\u00e1lisis y funcionamiento<\/p>\n<p>\u2014 11.00 Uhr<br \/>\n<em>Kaffeepause<\/em><\/p>\n<p>\u2014 11.30 Uhr<br \/>\n<strong>Francisco J. Moreno Mart\u00edn<\/strong><br \/>\n<em>Universidad Complutense de Madrid<\/em><br \/>\nLos monasterios en al-\u00c1ndalus. Una aproximaci\u00f3n caleidosc\u00f3pica<\/p>\n<p>\u2014 12.15 Uhr<br \/>\n<strong>Juan Quiles Arance<\/strong><br \/>\n<em>Universidad de C\u00f3rdoba<\/em><br \/>\nMonasterios moz\u00e1rabes de la Sierra de C\u00f3rdoba<\/p>\n<p>\u2014 13.00 Uhr<br \/>\n<em>Mittagspause<\/em><\/p>\n<h3><span style=\"color: #e6b900;\"><strong>Almunias<\/strong><\/span><\/h3>\n<p>Diskussionsleitung: <strong>Rafael Blanco Guzm\u00e1n<\/strong><br \/>\n<em>Universidad de C\u00f3rdoba<\/em><\/p>\n<p>\u2014 15.00 Uhr<br \/>\n<strong>Inmaculada Villafranca Jim\u00e9nez<\/strong><br \/>\n<em>Universidad de C\u00f3rdoba<\/em><br \/>\nCaracter\u00edsticas productivas entre el Islam temprano y la red mon\u00e1stica en el Cercano Oriente y su reflejo en la arquitectura de \u00e9lite de al-Andalus<\/p>\n<p>\u2014 15.45 Uhr<br \/>\n<strong>Joan Negre P\u00e9rez<\/strong><br \/>\n<em>Institut Catal\u00e0 d\u2019Arqueologia Cl\u00e0ssica Tarragona<\/em><br \/>\n<strong>Julio Navarro Palaz\u00f3n<\/strong><br \/>\n<em>Escuela de Estudios \u00c1rabes Granada \u2013 CSIC<\/em><br \/>\nUn ep\u00edlogo a las almunias omeyas. Legitimaci\u00f3n din\u00e1stica y mensaje pol\u00edtico a trav\u00e9s de la arquitectura taifa de prestigio<\/p>\n<p>\u2014 16.30 Uhr<br \/>\n<em>Kaffeepause<\/em><\/p>\n<p>\u2014 17.00 Uhr<br \/>\n<strong>Julio Navarro Palaz\u00f3n<\/strong><br \/>\n<em>Escuela de Estudios \u00c1rabes Granada \u2013 CSIC<\/em><br \/>\nLa imagen del poder en el Genoardo de Palermo (ss. X-XII). Similitudes y diferencias con las almunias del Occidente musulm\u00e1n<\/p>\n<p>\u2014 17.45 Uhr<br \/>\n<strong>Javier Arce<\/strong><br \/>\n<em>Universit\u00e9 de Lille<\/em><br \/>\nConclusiones<\/p>\n<p>\u2014 20.30 Uhr<br \/>\n<em>Gemeinsames Abendessen<\/em><\/p>","protected":false},"excerpt":{"rendered":"<p>XV. Workshop 24.-26. Oktober 2024 in Hamburg Villen, Kl\u00f6ster und almunias: Eliten, Wirtschaft und Macht (4.-10. Jh.) Tagungsort Warburg-Haus \u00b7 Heilwigstr. 116 \u00b7 D-20249 Hamburg Download Programm Workshop 2024 (PDF) Tagungsbericht von Kevin Grotherr und Martin Horst: H-Soz-u-Kult \/ Bollettino di Studi Latini 55 (2025), 161-165 Tagungsprogramm Donnerstag, 24.10.2024 \u2014 17.00 Uhr Begr\u00fc\u00dfung und Einf\u00fchrung &hellip; <a href=\"https:\/\/www.toletum-network.com\/es\/workshops\/xv-workshop-2024\/\" class=\"more-link\">Continuar leyendo<span class=\"screen-reader-text\"> \u00abXV. Workshop 2024\u00bb<\/span><\/a><\/p>\n","protected":false},"author":8,"featured_media":0,"parent":12,"menu_order":0,"comment_status":"closed","ping_status":"closed","template":"","meta":{"jetpack_post_was_ever_published":false,"footnotes":""},"class_list":["post-18568","page","type-page","status-publish","hentry"],"jetpack_sharing_enabled":true,"jetpack_shortlink":"https:\/\/wp.me\/P82TDz-4Pu","_links":{"self":[{"href":"https:\/\/www.toletum-network.com\/es\/wp-json\/wp\/v2\/pages\/18568","targetHints":{"allow":["GET"]}}],"collection":[{"href":"https:\/\/www.toletum-network.com\/es\/wp-json\/wp\/v2\/pages"}],"about":[{"href":"https:\/\/www.toletum-network.com\/es\/wp-json\/wp\/v2\/types\/page"}],"author":[{"embeddable":true,"href":"https:\/\/www.toletum-network.com\/es\/wp-json\/wp\/v2\/users\/8"}],"replies":[{"embeddable":true,"href":"https:\/\/www.toletum-network.com\/es\/wp-json\/wp\/v2\/comments?post=18568"}],"version-history":[{"count":20,"href":"https:\/\/www.toletum-network.com\/es\/wp-json\/wp\/v2\/pages\/18568\/revisions"}],"predecessor-version":[{"id":19432,"href":"https:\/\/www.toletum-network.com\/es\/wp-json\/wp\/v2\/pages\/18568\/revisions\/19432"}],"up":[{"embeddable":true,"href":"https:\/\/www.toletum-network.com\/es\/wp-json\/wp\/v2\/pages\/12"}],"wp:attachment":[{"href":"https:\/\/www.toletum-network.com\/es\/wp-json\/wp\/v2\/media?parent=18568"}],"curies":[{"name":"wp","href":"https:\/\/api.w.org\/{rel}","templated":true}]}}