{"id":18316,"date":"2024-04-19T09:56:13","date_gmt":"2024-04-19T07:56:13","guid":{"rendered":"https:\/\/www.toletum-network.com\/?page_id=18316"},"modified":"2024-12-19T16:52:58","modified_gmt":"2024-12-19T14:52:58","slug":"iberica-selecta-1-noheda","status":"publish","type":"page","link":"https:\/\/www.toletum-network.com\/es\/iberica-selecta\/iberica-selecta-1-noheda\/","title":{"rendered":"Iberica Selecta 1: Noheda"},"content":{"rendered":"<p><\/p>\n<h1>Iberica Selecta 1: Noheda<\/h1>\n<p><a href=\"https:\/\/www.steiner-verlag.de\/Noheda\/9783515136389\"><img loading=\"lazy\" decoding=\"async\" class=\"alignleft size-medium wp-image-18313\" src=\"http:\/\/www.toletum-network.com\/wp-content\/uploads\/2024\/04\/Iberica-Selecta-1-Noheda.jpg\" alt=\"\" width=\"360\" height=\"640\" \/><\/a><strong>El descubrimiento de mosaicos \u00abespectaculares, sobresalientes y \u00fanicos\u00bb en la villa tardoantigua de Noheda, en la provincia de Cuenca (Villar de Domingo Garc\u00eda), ha causado revuelo entre los expertos internacionales.<\/strong> En t\u00e9rminos de conservaci\u00f3n, calidad e iconograf\u00eda, los mosaicos del suelo, con su inventario de im\u00e1genes predominantemente mitol\u00f3gicas, se consideran una sensaci\u00f3n. \u00bfDe d\u00f3nde procede esta aparente singularidad? \u00bfQu\u00e9 grado de convencionalismo esconde? \u00bfC\u00f3mo deben evaluarse los mosaicos en el contexto de la instrumentalizaci\u00f3n de las im\u00e1genes mitol\u00f3gicas de los mosaicos como decoraci\u00f3n definidora del espacio en la arquitectura dom\u00e9stica de la Antig\u00fcedad tard\u00eda?<br \/>\n<strong>Las contribuciones presentan los hallazgos de Noheda y los sit\u00faan en el contexto de la villeggiatura de la Pen\u00ednsula Ib\u00e9rica.<\/strong> Con un enfoque interdisciplinar e diacr\u00f3nico, abren por primera vez perspectivas para an\u00e1lisis estructurales comparativos de, entre otras cosas, la monumentalidad de las villas, su dise\u00f1o arquitect\u00f3nico y su cultura dom\u00e9stica.<\/p>\n<p><strong> La \u00abopulencia de las im\u00e1genes\u00bb, que se remonta a una <a href=\"https:\/\/www.toletum-network.com\/2021\/06\/noheda-ueberschwang-der-bilder-und-hispanisch-spaetantike-villenkultur-hamburg-07-2021\/\">conferencia<\/a> celebrada en Hamburgo en julio de 2021, inaugura la colecci\u00f3n \u00ab<\/strong><a href=\"https:\/\/www.steiner-verlag.de\/series\/2943-2960\"><strong>Ib\u00e9rica Selecta<\/strong><\/a><strong>\u00ab<\/strong>, <strong>que es un foro para todas las \u00e1reas de los estudios de la Antig\u00fcedad dedicados a la Pen\u00ednsula Ib\u00e9rica.<\/strong><\/p>\n<p><strong>Con art\u00edculos de:<\/strong><br \/>\nSabine Panzram \/ Dominik Kloss \/ Juan Manuel Abascal Palaz\u00f3n \/ Javier Arce \/ Miguel \u00c1ngel Valero T\u00e9var \/ Nuria Huete-Alcocer \/ Luz Neira Jim\u00e9nez \/ Susanne Muth \/Jos\u00e9 Miguel Noguera Celdr\u00e1n \/ Virginia Garc\u00eda-Entero \/ Jorge Mor\u00edn de Pablos &amp; Isabel S\u00e1nchez Ramos \/ Sonia Guti\u00e9rrez Lloret &amp; Empar Juan Navarro \/ Achim Arbeiter \/ Rafael Blanco-Guzm\u00e1n<\/p>\n<p><a href=\"http:\/\/www.toletum-network.com\/wp-content\/uploads\/2024\/04\/IbS-Noheda-Flyer.pdf\">IbS 1 Noheda Folleto<\/a><a href=\"https:\/\/www.steiner-verlag.de\/Noheda\/9783515136389\">; <\/a>para m\u00e1s informaci\u00f3n, ve\u00e1se la p\u00e1gina de la<a href=\"https:\/\/www.steiner-verlag.de\/Noheda\/9783515136389\"> editorial Steiner.<\/a><\/p>","protected":false},"excerpt":{"rendered":"<p>Iberica Selecta 1: Noheda El descubrimiento de mosaicos \u00abespectaculares, sobresalientes y \u00fanicos\u00bb en la villa tardoantigua de Noheda, en la provincia de Cuenca (Villar de Domingo Garc\u00eda), ha causado revuelo entre los expertos internacionales. En t\u00e9rminos de conservaci\u00f3n, calidad e iconograf\u00eda, los mosaicos del suelo, con su inventario de im\u00e1genes predominantemente mitol\u00f3gicas, se consideran una &hellip; <a href=\"https:\/\/www.toletum-network.com\/es\/iberica-selecta\/iberica-selecta-1-noheda\/\" class=\"more-link\">Continuar leyendo<span class=\"screen-reader-text\"> \u00abIberica Selecta 1: Noheda\u00bb<\/span><\/a><\/p>\n","protected":false},"author":8,"featured_media":0,"parent":14402,"menu_order":0,"comment_status":"closed","ping_status":"closed","template":"","meta":{"jetpack_post_was_ever_published":false,"footnotes":""},"class_list":["post-18316","page","type-page","status-publish","hentry"],"jetpack_sharing_enabled":true,"jetpack_shortlink":"https:\/\/wp.me\/P82TDz-4Lq","_links":{"self":[{"href":"https:\/\/www.toletum-network.com\/es\/wp-json\/wp\/v2\/pages\/18316","targetHints":{"allow":["GET"]}}],"collection":[{"href":"https:\/\/www.toletum-network.com\/es\/wp-json\/wp\/v2\/pages"}],"about":[{"href":"https:\/\/www.toletum-network.com\/es\/wp-json\/wp\/v2\/types\/page"}],"author":[{"embeddable":true,"href":"https:\/\/www.toletum-network.com\/es\/wp-json\/wp\/v2\/users\/8"}],"replies":[{"embeddable":true,"href":"https:\/\/www.toletum-network.com\/es\/wp-json\/wp\/v2\/comments?post=18316"}],"version-history":[{"count":31,"href":"https:\/\/www.toletum-network.com\/es\/wp-json\/wp\/v2\/pages\/18316\/revisions"}],"predecessor-version":[{"id":19017,"href":"https:\/\/www.toletum-network.com\/es\/wp-json\/wp\/v2\/pages\/18316\/revisions\/19017"}],"up":[{"embeddable":true,"href":"https:\/\/www.toletum-network.com\/es\/wp-json\/wp\/v2\/pages\/14402"}],"wp:attachment":[{"href":"https:\/\/www.toletum-network.com\/es\/wp-json\/wp\/v2\/media?parent=18316"}],"curies":[{"name":"wp","href":"https:\/\/api.w.org\/{rel}","templated":true}]}}