{"id":18110,"date":"2024-01-31T22:47:27","date_gmt":"2024-01-31T21:47:27","guid":{"rendered":"https:\/\/www.toletum-network.com\/?page_id=18110"},"modified":"2024-02-01T22:59:09","modified_gmt":"2024-02-01T21:59:09","slug":"mateo-gonzalez-vazquez","status":"publish","type":"page","link":"https:\/\/www.toletum-network.com\/es\/teilnehmer\/mateo-gonzalez-vazquez\/","title":{"rendered":"Dr. Mateo Gonz\u00e1lez V\u00e1zquez"},"content":{"rendered":"<p class=\"entry-title\"><img loading=\"lazy\" decoding=\"async\" class=\"alignnone size-full wp-image-18111\" src=\"http:\/\/www.toletum-network.com\/wp-content\/uploads\/2024\/01\/mateo-gonzalez-vazquez.jpg\" alt=\"Mateo Gonz\u00e1lez V\u00e1zquez\" width=\"300\" height=\"247\" \/><\/p>\n<h3 class=\"entry-title\">Dr. Mateo Gonz\u00e1lez V\u00e1zquez<\/h3>\n<div class=\"entry-content\">\n<p>Fachbereich III &#8211; Alte Geschichte<br \/>\nUniversit\u00e4t Trier<br \/>\nRaum DM 114<br \/>\n54286 Trier<br \/>\n<a href=\"mailto:gonzalezvaz@uni-trier.de\">gonzalezvaz@uni-trier.de<\/a><\/p>\n<hr \/>\n<p><strong>Employment<\/strong><\/p>\n<p><span style=\"color: #999999;\">\u2014 2021-<\/span><br \/>\nPostdoctoral Researcher, Department of Ancient History, Universit\u00e4t Trier.<\/p>\n<p><span style=\"color: #999999;\">\u2014 2015-2019<\/span><br \/>\nGraduate Research and Teaching Staff, Department of History, Universitat de Barcelona.<\/p>\n<hr \/>\n<p><strong>Education<\/strong><\/p>\n<p><span style=\"color: #999999;\">\u2014 2015-2019<\/span><br \/>\nPh.D., Classical Archaeology, Universitat de Barcelona. Chairs: Prof. Jos\u00e9 Remesal and Dr. V\u00edctor Revilla.<\/p>\n<p><span style=\"color: #999999;\">\u2014 2012-2014<\/span><br \/>\nM.Phil., Greek and Roman History, Brasenose College, University of Oxford.<\/p>\n<p><span style=\"color: #999999;\">\u2014 2012-2014<\/span><br \/>\nB.A. Hons., History, Universitat de Barcelona.<br \/>\nNational Prize in Arts and Humanities, 1st.<\/p>\n<hr \/>\n<p><strong>Grants, fellowships and awards<\/strong><\/p>\n<p><span style=\"color: #999999;\">\u2014 2022<\/span><br \/>\nMargo Tytus Summer Residency Fellowship, Department of Classics, University of Cincinnati (August 2022).<\/p>\n<p><span style=\"color: #999999;\">\u2014 2016-2019<\/span><br \/>\nPostgraduate Fellowship, Spanish Ministry of Education, Universitat de Barcelona.<\/p>\n<p><span style=\"color: #999999;\">\u2014 2018<\/span><br \/>\nDissertation Research Travel Grant, Spanish Ministry of Education, Brown University.<\/p>\n<p><span style=\"color: #999999;\">\u2014 2017<\/span><br \/>\nDissertation Research Travel Grant, Spanish Ministry of Education, Universit\u00e9 Paul-Val\u00e9ry Montpellier 3.<\/p>\n<p><span style=\"color: #999999;\">\u2014 2016<\/span><br \/>\nResearch Training Activities Fund, Generalitat de Catalunya.<\/p>\n<p><span style=\"color: #999999;\">\u2014 2016-2019<\/span><br \/>\nPostgraduate Fellowship, European Social Fund and the Catalan Agency for the Management of University and Research Grants, Universitat de Barcelona (awarded for 2015-18, declined in 2016).<\/p>\n<p><span style=\"color: #999999;\">\u2014 2015<\/span><br \/>\nNational Award for Excellence in Academic Performance, Spanish Ministry of Education. Awarded for the best undergraduate record in Arts and Humanities in Spain.<\/p>\n<p><span style=\"color: #999999;\">\u2014 2014<\/span><br \/>\n<em>Temps, Espai i Forma<\/em> Graduate Essay Award (ex-aequo), Universitat de Barcelona.<\/p>\n<p><span style=\"color: #999999;\">\u2014 2013<\/span><br \/>\nSpecial Award of Degree, Universitat de Barcelona. Awarded for the best undergraduate record.<\/p>\n<p><span style=\"color: #999999;\">\u2014 2012-2014<\/span><br \/>\nPostgraduate Fellowship, Obra Social \u201cla Caixa\u201d Foundation, University of Oxford.<\/p>\n<p><span style=\"color: #999999;\">\u2014 2012<\/span><br \/>\nIntroduction to Research Scholarship, Spanish Ministry of Education, Universitat de Barcelona.<\/p>\n<hr \/>\n<p><strong>Visiting fellowships<\/strong><\/p>\n<p><span style=\"color: #999999;\">\u2014 2022<\/span><br \/>\nDepartment of Classics, University of Cincinnati (August).<\/p>\n<p><span style=\"color: #999999;\">\u2014 2018<\/span><br \/>\nThe Joukowsky Institute for Archaeology and the Ancient World, Brown University (March-July).<\/p>\n<p><span style=\"color: #999999;\">\u2014 2017<\/span><br \/>\nArch\u00e9ologie des Soci\u00e9t\u00e9s M\u00e9diterran\u00e9ennes, Universit\u00e9 Paul-Val\u00e9ry Montpellier 3 (April-June).<\/p>\n<hr \/>\n<p><strong>Publications (peer-reviewed)<\/strong><\/p>\n<p><span style=\"color: #999999;\">\u2014 forthcoming<\/span><br \/>\nAlgunos aspectos socioecon\u00f3micos acerca del uso del dolium en Hispania Citerior. In: R. J\u00e1rrega, M. Rueda (eds.). <em>Dolia ex Hispania. Los dolia en las provincias de Hispania en \u00e9poca romana. Estado de la cuesti\u00f3n y perspectivas.<\/em> Intitut Catal\u00e0 d\u2019Arqueologia Cl\u00e0ssica: Tarragona.<\/p>\n<p><span style=\"color: #999999;\">\u2014 forthcoming<\/span><br \/>\nAmphorae as a Proxy for Standardized Consumption and Market Integration. In: K. Verboven, E. Mataix (eds.). <em>Legal and Economic Practice in the Roman World. Perspectives on Standardisation and Localism.<\/em> Palgrave Series \u2018Ancient Economies\u2019: London.<\/p>\n<p><span style=\"color: #999999;\">\u2014 2023<\/span><br \/>\nWith Delgado Herv\u00e1s, A., Rivera-Hern\u00e1ndez, A., Mar\u00edn Mu\u00f1oz, L.,Ferrer Mart\u00edn, M. y Calvo Cort\u00e9s, J.: Paisajes rurales y comunidades locales en el entorno de Emporion: din\u00e1micas de ocupaci\u00f3n, uso y gesti\u00f3n del territorio (siglos X-II a.C.). SPAL &#8211; Revista de Prehistoria y Arqueolog\u00eda 32(1): 77\u2013109.<\/p>\n<p><span style=\"color: #999999;\">\u2014 2022<\/span><br \/>\nProducci\u00f3n y almacenaje de cereales en el noreste peninsular en \u00e9poca ib\u00e9rica: algunos aspectos metodol\u00f3gicos y problemas de interpretaci\u00f3n. Archivo Espa\u00f1ol de Arqueolog\u00eda 95: e18.<\/p>\n<p><span style=\"color: #999999;\">\u2014 2020<\/span><br \/>\nFood Storage among the Iberians of the Late Iron Age Northwest Mediterranean (c. 225-50 BC). Journal of Mediterranean Archaeology 32(2):149-172.<\/p>\n<p><span style=\"color: #999999;\">\u2014 2018<\/span><br \/>\n<em>Conditoria Frugum Occulta.<\/em> A comparison of subsistence strategies in aboriginal North America and Iron Age Iberia. In <em>SOMA 2015. Time, Space, People. Proceedings of the 19th Symposium on Mediterranean Archaeology,<\/em> edited by M. Aslan. Oxford: Archaeopress, 27-34.<\/p>\n<p><span style=\"color: #999999;\">\u2014 submitted<\/span><br \/>\nWith Lario Devesa, Arnau (submitted): Asentamientos rurales e integraci\u00f3n territorial en el noreste de Iberia (siglos II-I a.C.). Lucentum.<\/p>\n<hr \/>\n<p><strong>Publications (peer-reviewed)<\/strong><\/p>\n<p><span style=\"color: #999999;\">\u2014 forthcoming<\/span><br \/>\nWith Reinard, P., Warnking, P.: TREASURE \u2013 Vom Heben eines Schatzes. Arch\u00e4ologie in Deutschland.<\/p>\n<p><span style=\"color: #999999;\">\u2014 forthcoming<\/span><br \/>\nReview of Religious dynamics in Hispania: cult places, identities, and cultural change in a microcontinent, edited by A. Sinner and V. Revilla. Bryn Mawr Classical Review.<\/p>\n<p><span style=\"color: #999999;\">\u2014 2022<\/span><br \/>\n\u00ab Who Were the Peasants of Roman Spain ? \u00bb Review of The Archaeology of Peasantry in Roman Spain, edited by J. Bermejo and I. Grau. The Classical Review: 1-3.<\/p>\n<p><span style=\"color: #999999;\">\u2014 2022<\/span><br \/>\nProjecte quadriennal \u201cGrecs i comunitats locals a l\u2019entorn d\u2019Emp\u00faries\u201d: actuacions arqueol\u00f2giques Durant el bienni 2020-2021 als jaciments de Les Corts, Tur\u00f3 de Vilanera i Muntanya Rodona. In <em>Setzenes Jornades d\u2019Arqueologia de les Comarques de Girona,<\/em> edited by J. Burch et al. Girona: Documenta Universitaria, 86-89.<\/p>\n<p><span style=\"color: #999999;\">\u2014 2021<\/span><br \/>\nReview of En los m\u00e1rgenes de Roma: la Antig\u00fcedad romana en la cultura de masas contempor\u00e1nea edited by C. S\u00e1nchez and L. Unceta. Thersites: Journal of Transcultural Presences &amp; Diachronic Identities from Antiquity to Date 13: 207-212.<\/p>\n<p><span style=\"color: #999999;\">\u2014 2020<\/span><br \/>\nAlarma social y guerra de la desinformaci\u00f3n en la Roma postanib\u00e1lica (siglo II a.C.): el caso del <em>elogium <\/em>de Polla (CIL I2 638). In <em>Ex Baetica Romam. Homenaje a Jos\u00e9 Remesal Rodr\u00edguez,<\/em> edited by V. Revilla, A. Aguilera, L. Pons and M. Garcia. Barcelona: Publicacions de la Universitat de Barcelona, 243-258.<\/p>\n<p><span style=\"color: #999999;\">\u2014 2020<\/span><br \/>\nIntervencions arqueol\u00f2giques a la Muntanya Rodona i el Camp dels Pilans (l\u2019Escala, Alt Empord\u00e0), 2019. In <em>Quinzenes Jornades d\u2019Arqueologia de les Comarques de Girona<\/em>, edited by J. Burch et al. Girona: Universitat de Girona, 93-99.<\/p>\n<p><span style=\"color: #999999;\">\u2014 2018<\/span><br \/>\nEnglish-Spanish Translation of: <em>Tartessos and the Phoenicians in Iberia,<\/em> by S. Celestino P\u00e9rez and C. L\u00f3pez-Ruiz (2018). Oxford: Oxford University Press (translation under contract with Ohio State University and Instituto de Arqueolog\u00eda de M\u00e9rida).<\/p>\n<p><span style=\"color: #999999;\">\u2014 2015<\/span><br \/>\nReview of La guerre et ses traces. Conflits et soci\u00e9t\u00e9s en Hispanie \u00e0 l\u2019\u00e9poque de la conqu\u00eate romaine (IIIe &#8211; Ier s. a.C.) edited by F. Cadiou and M. Navarro. \u00cdndice Hist\u00f3rico Espa\u00f1ol: 1-3.<\/p>\n<p><span style=\"color: #999999;\">\u2014 2015<\/span><br \/>\nReview of Roma en el Rom\u00e1nico. Transformaciones del legado antiguo en el arte medieval. La escultura hispana: Jaca, Compostela y Le\u00f3n (1075 &#8211; 1150) by J.A. Mor\u00e1is Mor\u00e1n. \u00cdndice Hist\u00f3rico Espa\u00f1ol: 1-3.<\/p>\n<hr \/>\n<p><strong>Teaching experience<\/strong><\/p>\n<p><span style=\"color: #999999;\">\u2014 2023<\/span><br \/>\nInstructor of Record (with P. Warnking), <em>Mare Nostrum \u2013 the Arena of Rome&#8217;s Rise to World domination. War and Trade on the Mediterranean from 323 to 31 BC<\/em><\/p>\n<p><span style=\"color: #999999;\">\u2014 2018<\/span><br \/>\nInstructor of Record (with M. Garcia), <em>History and Memory: Schools, Theories, and Interpretations<\/em><\/p>\n<p><span style=\"color: #999999;\">\u2014 2018<\/span><br \/>\nInstructor of Record (with J. Ibarz), <em>Ancient Historiography<\/em><\/p>\n<p><span style=\"color: #999999;\">\u2014 2017<\/span><br \/>\nInstructor of Record (with L. Pons), <em>Latin Epigraphy and Numismatics<\/em><\/p>\n<p><span style=\"color: #999999;\">\u2014 2016<\/span><br \/>\nInstructor of Record (with M. Garcia), <em>History and Memory: Schools, Theories, and Interpretations<\/em><\/p>\n<p><span style=\"color: #999999;\">\u2014 2016<\/span><br \/>\nInstructor of Record (with L. Pons), <em>Latin Epigraphy and Numismatics<\/em><\/p>\n<p><span style=\"color: #999999;\">\u2014 2016<\/span><br \/>\nInstructor of Record (with J. Ibarz), <em>Ancient Historiography<\/em><\/p>\n<hr \/>\n<p><strong>Guest teaching<\/strong><\/p>\n<p><span style=\"color: #999999;\">\u2014 2021<\/span><br \/>\nGuest Lecturer, Universitat de Barcelona. <em>Caminant per Hisp\u00e0nia<\/em><\/p>\n<p><span style=\"color: #999999;\">\u2014 2020<\/span><br \/>\nGuest Lecturer, Universitat de Barcelona. <em>Caminant per Hisp\u00e0nia<\/em><\/p>\n<p><span style=\"color: #999999;\">\u2014 2018<\/span><br \/>\nGuest Lecturer, Brown University. <em>Under Pompeii\u2019s ashes: Contesting Roman identities<\/em><\/p>\n<p><span style=\"color: #999999;\">\u2014 2016, 17<\/span><br \/>\nGuest Lecturer, Universitat de Barcelona. <em>History of the Roman Empire<\/em><\/p>\n<hr \/>\n<p><strong>Active fieldwork<\/strong><\/p>\n<p><span style=\"color: #999999;\">\u2014 2020-<\/span><br \/>\nExcavation and survey at Muntanya Rodona-Vilanera-Les Corts (Catalonia, Spain): Co-director with Ana Delgado Herv\u00e1s<\/p>\n<hr \/>\n<p><strong>Completed fieldwork<\/strong><\/p>\n<p><span style=\"color: #999999;\">\u2014 2019<\/span><br \/>\nExcavations at Nuraghe S\u2019Urachi (Sardinia, Italy): Directed by P. Van Dommelen and A. Stiglitz, Field assistant<\/p>\n<p><span style=\"color: #999999;\">\u2014 2011-2017<\/span><br \/>\nExcavations at Monte Testaccio (Rome, Italy): Ceramics processing and analysis<\/p>\n<p><span style=\"color: #999999;\">\u2014 2011-2016<\/span><br \/>\nExcavations at El Camp de les Lloses (Catalonia, Spain): Field assistant (2011-14) and Trench Supervisor (2015-16)<\/p>\n<p><span style=\"color: #999999;\">\u2014 2012<\/span><br \/>\nExcavations at Emporion\/Ampurias (Catalonia, Spain): Field assistant<\/p>\n<p><span style=\"color: #999999;\">\u2014 2011<\/span><br \/>\nExcavations at Valdeherrera (Arag\u00f3n, Spain): Field assistant<\/p>\n<p><span style=\"color: #999999;\">\u2014 2009-2011<\/span><br \/>\nExcavations at La Ferradura (Catalonia, Spain): Field assistant<\/p>\n<p><span style=\"color: #999999;\">\u2014 2010<\/span><br \/>\nExcavations at Sebes (Catalonia, Spain): Field assistant<\/p>\n<p><span style=\"color: #999999;\">\u2014 2010<\/span><br \/>\nExcavations at Numantia (Soria, Spain): Field assistant<\/p>\n<p><span style=\"color: #999999;\">\u2014 2010<\/span><br \/>\nElectromagnetic Survey at La Palma (Catalonia, Spain): Pedestrian surveyor<\/p>\n<p><span style=\"color: #999999;\">\u2014 2010<\/span><br \/>\nExcavations at Monter\u00f3 (Catalonia, Spain): Field assistant<\/p>\n<p><span style=\"color: #999999;\">\u2014 2009<\/span><br \/>\nExcavations at Sant Jaume (Catalonia, Spain): Field assistant<\/p>\n<p><span style=\"color: #999999;\">\u2014 2009<\/span><br \/>\nExcavations at Sant Esteve d\u2019Olius and Castellvell (Catalonia, Spain): Field assistant<\/p>\n<hr \/>\n<p><strong>Participation in Research projects<\/strong><\/p>\n<p><span style=\"color: #999999;\">\u2014 2022-2025<\/span><br \/>\n<em>Paisatges de contacte i comunitats rurals a l\u2019entorn d\u2019Emp\u00faries (ss. VIII a.C.)<\/em> (co-PI with A. Delgado), supported by the Departament de Cultura of the Generalitat de Catalunya.<\/p>\n<p><span style=\"color: #999999;\">\u2014 2022-2023<\/span><br \/>\n<em>TreASurE \u2013 Treveris Amphorae Survey and the Local Economy<\/em> (co-PI with P. Reinard and P. Warnking), supported by the Universit\u00e4t Trier.<\/p>\n<p><span style=\"color: #999999;\">\u2014 2021-<\/span><br \/>\nMaritime Verbindungen und ihr Einfluss auf den antiken Seehandel &#8211;<em> Nautische Simulationen als Grundlage historischer Forschungen,<\/em> led by Christoph Sch\u00e4fer (Universit\u00e4t Trier; involved as postdoctoral researcher), supported by the Deutsche Forschungsgemeinschaft.<\/p>\n<p><span style=\"color: #999999;\">\u2014 2019-2022<\/span><br \/>\n<em>Dietas, formas de consumo y movilidad en zonas de contacto,<\/em> led by A. Delgado (Universitat Pompeu Fabra, Barcelona; involved as principal collaborator), supported by the Spanish Ministry of Education.<\/p>\n<p><span style=\"color: #999999;\">\u2014 2018-2021<\/span><br \/>\n<em>Griegos y Comunidades locales en el entorno de Emp\u00faries,<\/em> led by A. Delgado (Universitat Pompeu Fabra, Barcelona; involved as principal collaborator), supported by the Department of Culture of the Government of Catalonia.<\/p>\n<p><span style=\"color: #999999;\">\u2014 2015-2019<\/span><br \/>\n<em>Relaciones interprovinciales en el Imperio Romano. Producci\u00f3n y comercio de alimentos hispanos (provincias Baetica y Tarraconensis),<\/em> led by V. Revilla (Universitat de Barcelona; involved as principal collaborator), supported by the Spanish Ministry of Education.<\/p>\n<p><span style=\"color: #999999;\">\u2014 2014-2019<\/span><br \/>\n<em>Production and Distribution of Food during the Roman Empire: Economic and Political Dynamics,<\/em> led by J. Remesal (Universitat de Barcelona; involved as research assistant), supported by the European Research Council.<\/p>\n<p><span style=\"color: #999999;\">\u2014 2012<\/span><br \/>\n<em>Corpus des Timbres Amphoriques,<\/em> led by J. Remesal (Universitat de Barcelona; involved as research assistant), supported by the Union Acad\u00e9mique Internationale.<\/p>\n<hr \/>\n<p><strong>Organized and chaired symposia<\/strong><\/p>\n<p><span style=\"color: #999999;\">\u2014 2022<\/span><br \/>\nIn Response: Exploring Provincial Identities Under Rome&#8217;s Globalising Empire (with A. Lario). Session at Roman Archaeology Conference, Split, Croatia, April 16-18 (\u00a3200 bursary awarded by The Roman Society).<\/p>\n<p><span style=\"color: #999999;\">\u2014 2022<\/span><br \/>\nHybrid Economic Practices in the Roman World (with J. P\u00e9rez). Session at Roman Archaeology Conference, Split, Croatia, April 16-18 (\u00a3200 bursary awarded by The Roman Society).<\/p>\n<p><span style=\"color: #999999;\">\u2014 2018<\/span><br \/>\nOpen Science and the Humanities Conference (call for posters coorganized with J. P\u00e9rez and J. Rodr\u00edguez), Barcelona, June 21.<\/p>\n<hr \/>\n<p><strong>Papers and presentations<\/strong><\/p>\n<p><span style=\"color: #999999;\">\u2014 2023<\/span><br \/>\nTreAsurE &#8211; Treveris Amphorae Survey and the local Economy (with P. Reinard and P. Warnking). Probleme des r\u00f6mischen Westens, Universit\u00e4t Trier, November 14.<\/p>\n<p><span style=\"color: #999999;\">\u2014 2023<\/span><br \/>\nViticultura y diplomacia. El edicto de Domiciano y su impacto en la econom\u00eda de Hispania. Toletum XIV: Espacios para el di\u00e1logo. La diplomacia hispana entre la Rep\u00fablica y al-Andalus (ss. III a.C. \u2013 IX d.C.), Universit\u00e4t Hamburg, October 19-21.<\/p>\n<p><span style=\"color: #999999;\">\u2014 2023<\/span><br \/>\nAmphorae as a Proxy for Standardized Consumption and Market Integration: A Case Study from the Roman Province of Upper Germania. Standardisation and Localism in the Legal and Economic world of the Romans, Brussels and Ghent, June 8-10.<\/p>\n<p><span style=\"color: #999999;\">\u2014 2023<\/span><br \/>\nUncovering the Past and Present of Mediterranean Rural Landscapes: A View from Spain (with A. Delgado). State of the Field 2023: Archaeologies of the Mediterranean, Brown University, April 7.<\/p>\n<p><span style=\"color: #999999;\">\u2014 2022<\/span><br \/>\nAlgunos aspectos socioecon\u00f3micos acerca del uso del dolium en Hispania Citerior. Dolia ex Hispania. Los dolia en las provincias de Hispania en \u00e9poca romana. Estado de la cuesti\u00f3n y perspectivas, ICAC (Tarragona), September 7-9.<\/p>\n<p><span style=\"color: #999999;\">\u2014 2022<\/span><br \/>\nIndigenous Technology and the Power of Economic Rationality: A View from Early Roman Iberia. Kolloquium Probleme des r\u00f6mischen Westens, Universit\u00e4t Trier, May 31.<\/p>\n<p><span style=\"color: #999999;\">\u2014 2022<\/span><br \/>\nRural integration and ethnic identity in early Roman Iberia, c. 150-50 BCE (with A. Lario). Roman Archaeology Conference, Split, Croatia, April 5-9.<\/p>\n<p><span style=\"color: #999999;\">\u2014 2021<\/span><br \/>\n\u201c\u00bfGranero del Empord\u00e0? Producci\u00f3n y almacenamiento de cereales en el noreste peninsular en \u00e9poca tardoib\u00e9rica (siglos III-I a.C.)\u201d. Conquista y colonizaci\u00f3n del Occidente romano: producci\u00f3n y din\u00e1micas sociales. Universitat de Girona, Girona, October 19.<\/p>\n<p><span style=\"color: #999999;\">\u2014 2019<\/span><br \/>\nVisualizing consumption: food distribution networks and pottery production (with J. P\u00e9rez). University of Barcelona Institute of Complex Systems Day 2019, November 14.<\/p>\n<p><span style=\"color: #999999;\">\u2014 2018<\/span><br \/>\nImperial stories and empirical evidence: the ensilage rationnel des grains and the archaeology of pit storage. 24th Annual Meeting of the European Association of Archaeologists, Barcelona, September 5-8.<\/p>\n<p><span style=\"color: #999999;\">\u2014 2018<\/span><br \/>\nThe Iberian rural economy in the face of early Roman expansion (from the 3rd to the 1st centuries BCE). 19th International Congress of Classical Archaeology, Bonn\/Cologne, Germany, May 22-26.<\/p>\n<p><span style=\"color: #999999;\">\u2014 2017<\/span><br \/>\nA Cross-Cultural Approach to the Ancient Economy: Storage as an Economic Process. University of Cambridge Graduate Interdisciplinary Seminars, Cambridge, May 12.<\/p>\n<p><span style=\"color: #999999;\">\u2014 2016<\/span><br \/>\nRefuge in a Hole: the spread of siroi in northeastern Iberia (2nd century BCE). Refuge and Refugees in the Ancient World Conference, Columbia University, November 11-12.<\/p>\n<p><span style=\"color: #999999;\">\u2014 2016<\/span><br \/>\nThe Impact of the Empire on the Rural Landscape. 4th Landscape Archaeology Conference, Uppsala University, Sweden, August 23-25.<\/p>\n<p><span style=\"color: #999999;\">\u2014 2016<\/span><br \/>\nStorage pits in NE Iberia, from hilltop oppida to the Roman domination (ca. 225 BCE to AD 50). Postgraduate Work-in-progress Seminar Series, Institute of Classical Studies, London, February 5.<\/p>\n<p><span style=\"color: #999999;\">\u2014 2015<\/span><br \/>\n<em>Conditoria Frugum Occulta.<\/em> A comparison of subsistence strategies in aboriginal North America and Iron Age Iberia. 19th Symposium on Mediterranean Archaeology, Antalya, Turkey, November 12-14.<\/p>\n<p><span style=\"color: #999999;\">\u2014 2015<\/span><br \/>\nAlmacenar en tiempos revueltos. El acopio de cereales en la Iberia romanorrepublicana. I Encuentro de J\u00f3venes Investigadores en Arqueolog\u00eda Cl\u00e1sica, Universidad de Navarra, Pamplona, October 22-24.<\/p>\n<p><span style=\"color: #999999;\">\u2014 2015<\/span><br \/>\nSilo fields in North-East Iberia in the context of the Second Punic War and the Catonian repression (ca. 225-175 bc): a response to risk and uncertainty. 25th Theoretical Roman Archaeology Conference, University of Leicester, March 27-29 (\u00a350 bursary awarded by The Roman Society).<\/p>\n<p><span style=\"color: #999999;\">\u2014 2014<\/span><br \/>\nUnderground grain storage: an effective defence against bacteria and hostile men. Graduate Archaeology at Oxford Conference, University of Oxford, March 14-15.<\/p>\n<hr \/>\n<p><strong>Departmental and outreach talks<\/strong><\/p>\n<p><span style=\"color: #999999;\">\u2014 2017<\/span><br \/>\nSociedad, poder y alimentaci\u00f3n en el Mediterr\u00e1neo noroccidental (siglos II-I a.C.). VII Jornades doctorals Societat i Cultura, Universitat de Barcelona, May 22-25.<\/p>\n<p><span style=\"color: #999999;\">\u2014 2016<\/span><br \/>\nThe Quiet Violence of Roman Imperialism. Oxford University Society-Barcelona, November 30.<\/p>\n<p><span style=\"color: #999999;\">\u2014 2016<\/span><br \/>\nThe Archaeology of Roman Imperialism: A Bottom-Up Approach. VI Jornades doctorals Societat i Cultura, Universitat de Barcelona, May 18-20.<\/p>\n<p><span style=\"color: #999999;\">\u2014 2015<\/span><br \/>\nAlmacenar en tiempos revueltos. El acopio de cereales en la Iberia romanorrepublicana, siglos III-I aC. V Jornades doctorals Societat i Cultura, Universitat de Barcelona, May 20-22.<\/p>\n<hr \/>\n<p><strong>Professional memberships<\/strong><\/p>\n<p>\u2022 Transmare Institut, Universit\u00e4t Trier.<br \/>\n\u2022 Society for Classical Studies.<br \/>\n\u2022 European Association of Archaeologists.<br \/>\n\u2022 Grup de Recerca d\u2019Arqueologia Mediterr\u00e0nia: Connexions, Materialitats i<br \/>\nEscriptura (GRACME).<br \/>\n\u2022 Centro para el Estudio de la Interdependencia Provincial en la Antig\u00fcedad<br \/>\nCl\u00e1sica (CEIPAC).<\/p>\n<hr \/>\n<\/div>\n","protected":false},"excerpt":{"rendered":"<p>Dr. Mateo Gonz\u00e1lez V\u00e1zquez Fachbereich III &#8211; Alte Geschichte Universit\u00e4t Trier Raum DM 114 54286 Trier gonzalezvaz@uni-trier.de Employment \u2014 2021- Postdoctoral Researcher, Department of Ancient History, Universit\u00e4t Trier. \u2014 2015-2019 Graduate Research and Teaching Staff, Department of History, Universitat de Barcelona. Education \u2014 2015-2019 Ph.D., Classical Archaeology, Universitat de Barcelona. Chairs: Prof. Jos\u00e9 Remesal and &hellip; <a href=\"https:\/\/www.toletum-network.com\/es\/teilnehmer\/mateo-gonzalez-vazquez\/\" class=\"more-link\">Continuar leyendo<span class=\"screen-reader-text\"> \u00abDr. Mateo Gonz\u00e1lez V\u00e1zquez\u00bb<\/span><\/a><\/p>\n","protected":false},"author":8,"featured_media":0,"parent":18,"menu_order":0,"comment_status":"closed","ping_status":"closed","template":"","meta":{"jetpack_post_was_ever_published":false,"footnotes":""},"class_list":["post-18110","page","type-page","status-publish","hentry"],"jetpack_sharing_enabled":true,"jetpack_shortlink":"https:\/\/wp.me\/P82TDz-4I6","_links":{"self":[{"href":"https:\/\/www.toletum-network.com\/es\/wp-json\/wp\/v2\/pages\/18110","targetHints":{"allow":["GET"]}}],"collection":[{"href":"https:\/\/www.toletum-network.com\/es\/wp-json\/wp\/v2\/pages"}],"about":[{"href":"https:\/\/www.toletum-network.com\/es\/wp-json\/wp\/v2\/types\/page"}],"author":[{"embeddable":true,"href":"https:\/\/www.toletum-network.com\/es\/wp-json\/wp\/v2\/users\/8"}],"replies":[{"embeddable":true,"href":"https:\/\/www.toletum-network.com\/es\/wp-json\/wp\/v2\/comments?post=18110"}],"version-history":[{"count":5,"href":"https:\/\/www.toletum-network.com\/es\/wp-json\/wp\/v2\/pages\/18110\/revisions"}],"predecessor-version":[{"id":18126,"href":"https:\/\/www.toletum-network.com\/es\/wp-json\/wp\/v2\/pages\/18110\/revisions\/18126"}],"up":[{"embeddable":true,"href":"https:\/\/www.toletum-network.com\/es\/wp-json\/wp\/v2\/pages\/18"}],"wp:attachment":[{"href":"https:\/\/www.toletum-network.com\/es\/wp-json\/wp\/v2\/media?parent=18110"}],"curies":[{"name":"wp","href":"https:\/\/api.w.org\/{rel}","templated":true}]}}