{"id":17948,"date":"2023-12-21T00:43:35","date_gmt":"2023-12-20T23:43:35","guid":{"rendered":"https:\/\/www.toletum-network.com\/?page_id=17948"},"modified":"2023-12-23T00:57:24","modified_gmt":"2023-12-22T23:57:24","slug":"prof-dr-pepa-castillo-pascual","status":"publish","type":"page","link":"https:\/\/www.toletum-network.com\/es\/teilnehmer\/prof-dr-pepa-castillo-pascual\/","title":{"rendered":"Prof. Dr. Pepa Castillo Pascual"},"content":{"rendered":"<p><img loading=\"lazy\" decoding=\"async\" class=\"alignnone wp-image-17947 size-scaled\" src=\"http:\/\/www.toletum-network.com\/wp-content\/uploads\/2023\/12\/pepa-castillo-pascual.jpg\" width=\"300\" height=\"200\" srcset=\"https:\/\/www.toletum-network.com\/wp-content\/uploads\/2023\/12\/pepa-castillo-pascual.jpg 450w, https:\/\/www.toletum-network.com\/wp-content\/uploads\/2023\/12\/pepa-castillo-pascual-300x200.jpg 300w\" sizes=\"auto, (max-width: 300px) 85vw, 300px\" \/><\/p>\n<h3 class=\"entry-title\">Prof. Dr. Pepa Castillo Pascual<\/h3>\n<div class=\"entry-content\">\n<p>Dpto. Ciencias Humanas, Historia Antigua<br \/>\nGrupo de investigaci\u00f3n: Palentolog\u00eda, Arqueolog\u00eda y Antig\u00fcedad<br \/>\nUniversidad de La Rioja<br \/>\nEdificio Vives &#8211; Despacho 414<br \/>\nc\/ Luis de Ulloa, 2<br \/>\nE-26004 Logro\u00f1o (La Rioja)<br \/>\n<strong>T.<\/strong> +34 941299315<br \/>\n<a href=\"mailto:mariajose.castillo@unirioja.es\">mariajose.castillo@unirioja.es<\/a><\/p>\n<p><a href=\"https:\/\/investigacion.unirioja.es\/investigadores\/45\/detalle\">CV<\/a><\/p>\n<p>Pepa Castillo Pascual is Professor for Ancient History at Universidad de la Rioja from 1992. In 1993 she received a doctorate with a thesis on Roman spatial planning from Universit\u00e4t Heidelberg and Universidad de la Rioja. Since then her research has focused on the study of Roman spatial planning and land surveying treatise. Sie was Senior Fellow of the interdisciplinary project Topoi (The Formation and Transformation of Space and Knowledge in Ancient Civilizations) from 2010 to 2019. She is a founder member of Imagines-Project, an international and cross-disciplinary research network focusing on modern receptions of Antiquity in the visual and performing arts. Her subject areas under investigation include Baroque opera, Theatre and comics. She was a member of ANIHO-Project from 2013 to 2019, whose objective was the study the political appropriation of Greco-Roman Antiquity. She has been the main researcher of archaeological research projects in the Ebro Valley, for example in <em>Vareia<\/em> (Logro\u00f1o), the Roman villa of Velilla de Aracanta (Agoncillo), the <em>Calagurris Iulia<\/em> (Calahorra, La Rioja), etc. In recent years, her research has focused on the role played by navigable rivers in territorial planning, mainly in the relationship between rivers and Roman roads. She is currently the main researcher of the project \u201cHistory of a navigable river landscape: the Ebro River\u201d, granted by the Spanish Ministry of Science and Innovation.<\/p>\n<p><strong><span style=\"color: #800080;\"><a style=\"color: #800080; text-decoration: underline;\" href=\"https:\/\/www.toletum-network.com\/workshops\/xiii-workshop-2022\/\">Toletum XIII &#8211; Valles fluviales de Hispania en perspectiva diacr\u00f3nica \u2013 Interdependencia entre hombre y medio ambiente desde la Rep\u00fablica hasta la \u201along Late Antiquity\u2018 (ss. III a.C. \u2013 IX d.C.)<br \/>\n<\/a><\/span><\/strong><\/p>\n<\/div>\n<p><\/p>","protected":false},"excerpt":{"rendered":"<p>Prof. Dr. Pepa Castillo Pascual Dpto. Ciencias Humanas, Historia Antigua Grupo de investigaci\u00f3n: Palentolog\u00eda, Arqueolog\u00eda y Antig\u00fcedad Universidad de La Rioja Edificio Vives &#8211; Despacho 414 c\/ Luis de Ulloa, 2 E-26004 Logro\u00f1o (La Rioja) T. +34 941299315 mariajose.castillo@unirioja.es CV Pepa Castillo Pascual is Professor for Ancient History at Universidad de la Rioja from 1992. &hellip; <a href=\"https:\/\/www.toletum-network.com\/es\/teilnehmer\/prof-dr-pepa-castillo-pascual\/\" class=\"more-link\">Continuar leyendo<span class=\"screen-reader-text\"> \u00abProf. Dr. Pepa Castillo Pascual\u00bb<\/span><\/a><\/p>\n","protected":false},"author":8,"featured_media":0,"parent":18,"menu_order":0,"comment_status":"closed","ping_status":"closed","template":"","meta":{"jetpack_post_was_ever_published":false,"footnotes":""},"class_list":["post-17948","page","type-page","status-publish","hentry"],"jetpack_sharing_enabled":true,"jetpack_shortlink":"https:\/\/wp.me\/P82TDz-4Fu","_links":{"self":[{"href":"https:\/\/www.toletum-network.com\/es\/wp-json\/wp\/v2\/pages\/17948","targetHints":{"allow":["GET"]}}],"collection":[{"href":"https:\/\/www.toletum-network.com\/es\/wp-json\/wp\/v2\/pages"}],"about":[{"href":"https:\/\/www.toletum-network.com\/es\/wp-json\/wp\/v2\/types\/page"}],"author":[{"embeddable":true,"href":"https:\/\/www.toletum-network.com\/es\/wp-json\/wp\/v2\/users\/8"}],"replies":[{"embeddable":true,"href":"https:\/\/www.toletum-network.com\/es\/wp-json\/wp\/v2\/comments?post=17948"}],"version-history":[{"count":6,"href":"https:\/\/www.toletum-network.com\/es\/wp-json\/wp\/v2\/pages\/17948\/revisions"}],"predecessor-version":[{"id":17960,"href":"https:\/\/www.toletum-network.com\/es\/wp-json\/wp\/v2\/pages\/17948\/revisions\/17960"}],"up":[{"embeddable":true,"href":"https:\/\/www.toletum-network.com\/es\/wp-json\/wp\/v2\/pages\/18"}],"wp:attachment":[{"href":"https:\/\/www.toletum-network.com\/es\/wp-json\/wp\/v2\/media?parent=17948"}],"curies":[{"name":"wp","href":"https:\/\/api.w.org\/{rel}","templated":true}]}}