{"id":17792,"date":"2023-11-07T12:33:54","date_gmt":"2023-11-07T10:33:54","guid":{"rendered":"https:\/\/www.toletum-network.com\/?page_id=17792"},"modified":"2023-11-15T20:58:59","modified_gmt":"2023-11-15T18:58:59","slug":"dr-luis-silva-reneses","status":"publish","type":"page","link":"https:\/\/www.toletum-network.com\/es\/teilnehmer\/dr-luis-silva-reneses\/","title":{"rendered":"Dr. Luis Silva Reneses"},"content":{"rendered":"<p class=\"entry-title\"><img loading=\"lazy\" decoding=\"async\" class=\"alignnone size-scaled wp-image-17855\" src=\"http:\/\/www.toletum-network.com\/wp-content\/uploads\/2023\/11\/luis-silva.jpg\" alt=\"Luis Silva Reneses\" width=\"225\" height=\"300\" srcset=\"https:\/\/www.toletum-network.com\/wp-content\/uploads\/2023\/11\/luis-silva.jpg 300w, https:\/\/www.toletum-network.com\/wp-content\/uploads\/2023\/11\/luis-silva-225x300.jpg 225w\" sizes=\"auto, (max-width: 225px) 85vw, 225px\" \/><\/p>\n<h3 class=\"entry-title\">Dr. Luis Silva Reneses<\/h3>\n<div class=\"entry-content\">\n<p>Universit\u00e9 de Gen\u00e8ve<br \/>\nD\u00e9partment des Sciences de l&#8217;Antiquit\u00e9<br \/>\nRue De-Candolle 5<br \/>\n(b\u00e2timent Landolt, bureau L205)<br \/>\nCH-1211 Gen\u00e8ve 4<br \/>\n<a href=\"mailto:Luis.SilvaReneses@unige.ch\">Luis.SilvaReneses@unige.ch<\/a><\/p>\n<hr \/>\n<p><strong>Education<\/strong><\/p>\n<p><span style=\"color: #999999;\">\u2014 11\/2012-06\/2019<\/span><br \/>\nPhD in Ancient History, Facult\u00e9 des Lettres, Universit\u00e9 de Gen\u00e8ve<br \/>\n\u2022 Title of dissertation: Deducti, traducti. Les d\u00e9placements de communaut\u00e9s organis\u00e9s par Rome en Italie et dans la p\u00e9ninsule ib\u00e9rique (268\u201313 av. J.-C.)<br \/>\n\u2022 Advisor: Pierre S\u00e1nchez<\/p>\n<p><span style=\"color: #999999;\">\u2014 09\/2010-09\/2012<\/span><br \/>\nMaster of Arts in Ancient History, Facult\u00e9 des Lettres, Universit\u00e9 de Gen\u00e8ve<\/p>\n<p><span style=\"color: #999999;\">\u2014 09\/2007-06\/2010<\/span><br \/>\nBachelor of Arts in General History and Ancient History, Facult\u00e9 des Lettres, Universit\u00e9 de Gen\u00e8ve<\/p>\n<hr \/>\n<p><strong>Work Experience<\/strong><\/p>\n<p><span style=\"color: #999999;\">\u2014 08\/2019-present<\/span><br \/>\nResearch and Teaching Fellow in Ancient History, D\u00e9partement des Sciences de l\u2019Antiquit\u00e9, Universit\u00e9 de Gen\u00e8ve<\/p>\n<p><span style=\"color: #999999;\">\u2014 10\/2012-07\/2019<\/span><br \/>\nResearch and Teaching Assistant in Ancient History, D\u00e9partement des Sciences de l\u2019Antiquit\u00e9, Universit\u00e9 de Gen\u00e8ve<\/p>\n<hr \/>\n<p><strong>Research projects and stays<\/strong><\/p>\n<p><span style=\"color: #999999;\">\u2014 09\/2021-08\/2023<\/span><br \/>\nSwiss National Science Foundation<br \/>\n\u2022 Post.Doc Mobility Fellowship (Universidad Aut\u00f3noma de Madrid; University of Oxford)<br \/>\n\u2022 Project: Carthaginian imperialism and local responses: Iberia as a case study<\/p>\n<p><span style=\"color: #999999;\">\u2014 08\/2016-07\/2017<\/span><br \/>\nSwiss National Science Foundation<br \/>\n\u2022 Doc.Mobility Fellowship (Universidad de Zaragoza)<br \/>\n\u2022 Project: Les d\u00e9placements de populations effectu\u00e9s par la R\u00e9publique romaine en Occident (268\u201319 av. J.-C.)<\/p>\n<hr \/>\n<p><strong>Organisation of conferences<\/strong><\/p>\n<p><span style=\"color: #999999;\">\u2014 06\/2022<\/span><br \/>\n\u2022 Co-organisation of the international conference Langues et institutions en Italie m\u00e9ridionale. Aires osques et messapiennes entre Grande-Gr\u00e8ce et Rome, with Michel Aberson, Emmanuel Dupraz and Antoine Viredaz, June 22-25.<\/p>\n<hr \/>\n<p><strong>Publications<\/strong><\/p>\n<p><span style=\"color: #999999;\">\u2014 forthcoming<\/span><br \/>\n\u201cShifting cities in the Iberian Peninsula under Roman hegemony\u201d, in Panzram, S., Olmo Enciso, L., Manzano Moreno, E. (ed.), <em>Shifting Cities in the Iberian Peninsula between Late Antiquity and the Early Middle Ages<\/em>, Brill, The Medieval and Early Modern Iberian World, Leiden.<\/p>\n<p><span style=\"color: #999999;\">\u2014 forthcoming<\/span><br \/>\n\u201cLes relations entre communaut\u00e9s dans les aires osques et messapiennes de l\u2019Italie m\u00e9ridionale\u201d, in Dupraz, E., Viredaz, A. (ed.), <em>Langues et institutions en Italie m\u00e9ridionale. Aires osques et messapiennes entre Grande-Gr\u00e8ce et Rome<\/em>, Schwabe Verlag, Basel<\/p>\n<p><span style=\"color: #999999;\">\u2014 2022<\/span><br \/>\nDeducti, traducti. <em>Les d\u00e9placements de communaut\u00e9s organis\u00e9s par Rome en Italie et dans la p\u00e9ninsule ib\u00e9rique (268\u201313 av. n. \u00e8.)<\/em>, Franz Steiner Verlag, Historia \u2013 Einzelschriften, Stuttgart.<\/p>\n<p><span style=\"color: #999999;\">\u2014 2018<\/span><br \/>\n\u201cPopulation transfers under the Roman Republic (268\u201319 BC)\u201d, in Puell de la Villa, F., Garc\u00eda Hern\u00e1n, D. (ed.), <em>War and Population Displacement. Lessons of History<\/em>, Sussex Academic Press, Eastbourne, p. 32\u201345.<\/p>\n<p><span style=\"color: #999999;\">\u2014 2017<\/span><br \/>\n\u201cTraslados de poblaci\u00f3n bajo la Rep\u00fablica romana (268\u201319 a.C.)\u201d, in Puell de la Villa, F., Garc\u00eda Hern\u00e1n, D. (ed.), <em>Los efectos de la guerra. Desplazamientos de poblaci\u00f3n a lo largo de la historia<\/em>, Instituto Universitario General Guti\u00e9rrez Mellado \u2013 UNED, Madrid, p. 51\u201364.<\/p>\n<p><span style=\"color: #999999;\">\u2014 2016<\/span><br \/>\n\u201cEmbajadas, rendiciones y tratados: los traslados de ligures apuanos y lusitanos (s. II a. C.)\u201d, <em>Kt\u00e8ma<\/em> 41, p. 191\u2013210.<\/p>\n<p><span style=\"color: #999999;\">\u2014 2015<\/span><br \/>\n\u201cLe d\u00e9placement de Pic\u00e9niens dans le golfe de Paestum (Strab. 5,4,13): une analyse philologique et historique\u201d, <em>Museum Helveticum<\/em> 72, p. 190\u2013206.<\/p>\n<hr \/>\n<p><strong>Contributions to International conferences<\/strong><\/p>\n<p><span style=\"color: #999999;\">\u2014 2023<\/span><br \/>\n\u201cEspacios p\u00fablicos y espacios privados en el \u00e1mbito de la diplomacia hispana: los pactos de hospitalidad\u201d, <em>Espacios para el di\u00e1logo. La diplomacia hispana entre la Rep\u00fablica y al-Andalus (ss. III a.C. \u2013 IX d.C.)<\/em>, Toletum XIV. Workshop, <em>TOLETUM. Netzwerk zur Erforschung der Iberischen Halbinsel in der Antike<\/em>, Warburg-Haus, Universit\u00e4t Hamburg, 19\u201321 October.<\/p>\n<p><span style=\"color: #999999;\">\u2014 2023<\/span><br \/>\n\u201cM\u00e1s all\u00e1 de <em>Mastia Tarseion<\/em>: Polibio y los l\u00edmites geogr\u00e1ficos del segundo tratado romano-cartagin\u00e9s\u201d, <em>V Seminario Libera Res Publica. Foro de Historiadores Espa\u00f1oles de la Rep\u00fablica Romana<\/em>, Universidad Complutense de Madrid, 2\u20133 October.<\/p>\n<p><span style=\"color: #999999;\">\u2014 2022<\/span><br \/>\n\u201cShifting cities as a result of Roman hegemony: contexts, motives and decision making\u201d, <em>International Conference: Shifting Cities in the Iberian Peninsula, III BC\u2013IX AD<\/em>, Warburg-Haus, Universit\u00e4t Hamburg, 24\u201326 November.<\/p>\n<p><span style=\"color: #999999;\">\u2014 2022<\/span><br \/>\n\u201cRelations entre les communaut\u00e9s\u201d, <em>Langues et institutions en Italie m\u00e9ridionale. Aires osques et messapiennes entre Grande-Gr\u00e8ce et Rome<\/em>, Universit\u00e9 de Lausanne, 22\u201325 June.<\/p>\n<p><span style=\"color: #999999;\">\u2014 2021<\/span><br \/>\n\u201cLos p\u00fanicos de la pen\u00ednsula ib\u00e9rica y sus relaciones con Roma: la evidencia numism\u00e1tica\u201d, <em>IV Seminario Libera Res Publica. Foro de Historiadores Espa\u00f1oles de la Rep\u00fablica Romana<\/em>, Universidad de Zaragoza, 11\u201312 November.<\/p>\n<p><span style=\"color: #999999;\">\u2014 2021<\/span><br \/>\n\u201cImperialismo cartagin\u00e9s y respuestas locales: el caso de Iberia\u201d, <em>Jornada Internacional La Investigaci\u00f3n en Historia Antigua Hoy<\/em>, Universidad Aut\u00f3noma de Madrid, 27 October.<\/p>\n<p><span style=\"color: #999999;\">\u2014 2020<\/span><br \/>\n\u201cLes centres urbains d\u00e9plac\u00e9s par Rome en Occident: t\u00e9moignages textuels et r\u00e9alit\u00e9s arch\u00e9ologiques\u201d, <em>Archeologia svizerra nel Mediterraneo occidentale 5. Breaking news: Discontinuit\u00e9s arch\u00e9ologiques et historiques en M\u00e9diterran\u00e9e antique<\/em>, Istituto svizzero di Roma, Roma, 6\u20137 February.<\/p>\n<p><span style=\"color: #999999;\">\u2014 2019<\/span><br \/>\n\u201cLos <em>fora<\/em> republicanos: viejos debates y nuevas perspectivas\u201d, <em>III Seminario Libera Res Publica. Foro de Historiadores Espa\u00f1oles de la Rep\u00fablica Romana<\/em>, Universitat de les Illes Balears, Palma de Mallorca, 28\u201330 November.<\/p>\n<p><span style=\"color: #999999;\">\u2014 2018<\/span><br \/>\n\u201cTraslados de poblaci\u00f3n al llano bajo la Rep\u00fablica romana: evidencia textual y realidad arqueol\u00f3gica\u201d, <em>Seminario Internacional sobre movilidad en el mundo romano y tardorromano: propuestas de aproximaci\u00f3n<\/em>, Universidad Aut\u00f3noma de Madrid, 21 March.<\/p>\n<p><span style=\"color: #999999;\">\u2014 2017<\/span><br \/>\n\u201c<em>Agros et oppidum dedit\u2026<\/em> Repartos de tierras, fundaciones de ciudades y traslados de poblaci\u00f3n bajo la Rep\u00fablica romana\u201d, <em>II Seminario Libera Res Publica. Foro de Historiadores Espa\u00f1oles de la Rep\u00fablica Romana<\/em>, Universitat de Girona, 21\u201322 September.<\/p>\n<p><span style=\"color: #999999;\">\u2014 2017<\/span><br \/>\n\u201cTraslados de poblaci\u00f3n bajo la Rep\u00fablica romana (268\u201319 a.C.)\u201d, <em>IV Congreso Internacional de la Asociaci\u00f3n Espa\u00f1ola de Historia Militar (ASEHISMI). Los efectos de la guerra: desplazamientos de poblaci\u00f3n<\/em>, Instituto Universitario General Guti\u00e9rrez Mellado, Madrid, 20\u201323 June.<\/p>\n<p><span style=\"color: #999999;\">\u2014 2015<\/span><br \/>\n\u201cTraslados de poblaci\u00f3n: \u00bfforzados o negociados? El caso de los ligures (187\u2013172 a.C.)\u201d, <em>Ambassadors who did not go to Rome: intercambios diplom\u00e1ticos en las periferias de Grecia y Roma<\/em>. Coloquio Internacional, Universitat de les Illes Balears, Palma de Mallorca, 8\u20139 June.<\/p>\n<p><span style=\"color: #999999;\">\u2014 2013<\/span><br \/>\n\u201cLa d\u00e9portation de Pic\u00e9niens dans le golfe de Paestum (Strab. 5.4.13): une analyse philologique et historique\u201d, <em>L\u2019Italie \u00e0 parts \u00e9gales: comment \u00e9crire l\u2019histoire de l\u2019Italie avant la conqu\u00eate romaine<\/em>, Centre Jean B\u00e9rard, Napoli, 1\u20135 July.<\/p>\n<\/div>\n","protected":false},"excerpt":{"rendered":"<p>Dr. Luis Silva Reneses Universit\u00e9 de Gen\u00e8ve D\u00e9partment des Sciences de l&#8217;Antiquit\u00e9 Rue De-Candolle 5 (b\u00e2timent Landolt, bureau L205) CH-1211 Gen\u00e8ve 4 Luis.SilvaReneses@unige.ch Education \u2014 11\/2012-06\/2019 PhD in Ancient History, Facult\u00e9 des Lettres, Universit\u00e9 de Gen\u00e8ve \u2022 Title of dissertation: Deducti, traducti. Les d\u00e9placements de communaut\u00e9s organis\u00e9s par Rome en Italie et dans la p\u00e9ninsule &hellip; <a href=\"https:\/\/www.toletum-network.com\/es\/teilnehmer\/dr-luis-silva-reneses\/\" class=\"more-link\">Continuar leyendo<span class=\"screen-reader-text\"> \u00abDr. Luis Silva Reneses\u00bb<\/span><\/a><\/p>\n","protected":false},"author":8,"featured_media":0,"parent":18,"menu_order":0,"comment_status":"closed","ping_status":"closed","template":"","meta":{"jetpack_post_was_ever_published":false,"footnotes":""},"class_list":["post-17792","page","type-page","status-publish","hentry"],"jetpack_sharing_enabled":true,"jetpack_shortlink":"https:\/\/wp.me\/P82TDz-4CY","_links":{"self":[{"href":"https:\/\/www.toletum-network.com\/es\/wp-json\/wp\/v2\/pages\/17792","targetHints":{"allow":["GET"]}}],"collection":[{"href":"https:\/\/www.toletum-network.com\/es\/wp-json\/wp\/v2\/pages"}],"about":[{"href":"https:\/\/www.toletum-network.com\/es\/wp-json\/wp\/v2\/types\/page"}],"author":[{"embeddable":true,"href":"https:\/\/www.toletum-network.com\/es\/wp-json\/wp\/v2\/users\/8"}],"replies":[{"embeddable":true,"href":"https:\/\/www.toletum-network.com\/es\/wp-json\/wp\/v2\/comments?post=17792"}],"version-history":[{"count":12,"href":"https:\/\/www.toletum-network.com\/es\/wp-json\/wp\/v2\/pages\/17792\/revisions"}],"predecessor-version":[{"id":17857,"href":"https:\/\/www.toletum-network.com\/es\/wp-json\/wp\/v2\/pages\/17792\/revisions\/17857"}],"up":[{"embeddable":true,"href":"https:\/\/www.toletum-network.com\/es\/wp-json\/wp\/v2\/pages\/18"}],"wp:attachment":[{"href":"https:\/\/www.toletum-network.com\/es\/wp-json\/wp\/v2\/media?parent=17792"}],"curies":[{"name":"wp","href":"https:\/\/api.w.org\/{rel}","templated":true}]}}