{"id":17782,"date":"2023-11-07T01:54:04","date_gmt":"2023-11-06T23:54:04","guid":{"rendered":"https:\/\/www.toletum-network.com\/?page_id=17782"},"modified":"2025-10-16T17:57:34","modified_gmt":"2025-10-16T15:57:34","slug":"prof-dr-eduardo-sanchez-moreno","status":"publish","type":"page","link":"https:\/\/www.toletum-network.com\/es\/teilnehmer\/prof-dr-eduardo-sanchez-moreno\/","title":{"rendered":"Prof. Dr. Eduardo S\u00e1nchez Moreno"},"content":{"rendered":"<p><img loading=\"lazy\" decoding=\"async\" class=\"alignleft wp-image-19859 size-full\" src=\"http:\/\/www.toletum-network.com\/wp-content\/uploads\/2025\/10\/e-sanchez-moreno.jpg\" alt=\"\" width=\"212\" height=\"300\" \/><\/p>\n<h3 class=\"entry-title\">Prof. Dr. Eduardo S\u00e1nchez Moreno<\/h3>\n<div class=\"entry-content\">\n<p>Profesor Titular de Historia Antigua<br \/>\nDepartamento de Historia Antigua, Historia Medieval, Paleograf\u00eda y Diplom\u00e1tica<br \/>\nFacultad de Filosof\u00eda y Letras<br \/>\nUniversidad Aut\u00f3noma de Madrid (UAM)<br \/>\nAvda. Francisco Tom\u00e1s y Valiente, 1<br \/>\nCiudad Universitaria de Cantoblanco<br \/>\nE-28049 Madrid<br \/>\n<strong>T.<\/strong> +34 914974181<br \/>\n<a href=\"mailto:eduardo.sanchez@uam.es\">eduardo.sanchez@uam.es<\/a><\/p>\n<p><span style=\"color: #999999;\"><a style=\"color: #999999;\" href=\"http:\/\/www.toletum-network.com\/wp-content\/uploads\/2023\/11\/CV_Eduardo-Sanchez-Moreno.pdf\">CV<\/a><\/span><\/p>\n<p><strong><span style=\"color: #800080;\"><a style=\"color: #800080; text-decoration: underline;\" href=\"https:\/\/www.toletum-network.com\/es\/workshops\/xiv-workshop-2023\/\">Toletum XIV Espacios para el di\u00e1logo<\/a><\/span><\/strong><\/p>\n<\/div>\n<p><\/p>","protected":false},"excerpt":{"rendered":"<p>Prof. Dr. Eduardo S\u00e1nchez Moreno Profesor Titular de Historia Antigua Departamento de Historia Antigua, Historia Medieval, Paleograf\u00eda y Diplom\u00e1tica Facultad de Filosof\u00eda y Letras Universidad Aut\u00f3noma de Madrid (UAM) Avda. Francisco Tom\u00e1s y Valiente, 1 Ciudad Universitaria de Cantoblanco E-28049 Madrid T. +34 914974181 eduardo.sanchez@uam.es CV Toletum XIV Espacios para el di\u00e1logo<\/p>\n","protected":false},"author":8,"featured_media":0,"parent":18,"menu_order":0,"comment_status":"closed","ping_status":"closed","template":"","meta":{"jetpack_post_was_ever_published":false,"footnotes":""},"class_list":["post-17782","page","type-page","status-publish","hentry"],"jetpack_sharing_enabled":true,"jetpack_shortlink":"https:\/\/wp.me\/P82TDz-4CO","_links":{"self":[{"href":"https:\/\/www.toletum-network.com\/es\/wp-json\/wp\/v2\/pages\/17782","targetHints":{"allow":["GET"]}}],"collection":[{"href":"https:\/\/www.toletum-network.com\/es\/wp-json\/wp\/v2\/pages"}],"about":[{"href":"https:\/\/www.toletum-network.com\/es\/wp-json\/wp\/v2\/types\/page"}],"author":[{"embeddable":true,"href":"https:\/\/www.toletum-network.com\/es\/wp-json\/wp\/v2\/users\/8"}],"replies":[{"embeddable":true,"href":"https:\/\/www.toletum-network.com\/es\/wp-json\/wp\/v2\/comments?post=17782"}],"version-history":[{"count":4,"href":"https:\/\/www.toletum-network.com\/es\/wp-json\/wp\/v2\/pages\/17782\/revisions"}],"predecessor-version":[{"id":19860,"href":"https:\/\/www.toletum-network.com\/es\/wp-json\/wp\/v2\/pages\/17782\/revisions\/19860"}],"up":[{"embeddable":true,"href":"https:\/\/www.toletum-network.com\/es\/wp-json\/wp\/v2\/pages\/18"}],"wp:attachment":[{"href":"https:\/\/www.toletum-network.com\/es\/wp-json\/wp\/v2\/media?parent=17782"}],"curies":[{"name":"wp","href":"https:\/\/api.w.org\/{rel}","templated":true}]}}