{"id":17778,"date":"2023-11-07T01:39:41","date_gmt":"2023-11-06T23:39:41","guid":{"rendered":"https:\/\/www.toletum-network.com\/?page_id=17778"},"modified":"2023-11-15T23:23:04","modified_gmt":"2023-11-15T21:23:04","slug":"dr-gabriel-rossello-calafell","status":"publish","type":"page","link":"https:\/\/www.toletum-network.com\/es\/teilnehmer\/dr-gabriel-rossello-calafell\/","title":{"rendered":"Dr. Gabriel Rossell\u00f3 Calafell"},"content":{"rendered":"<p class=\"entry-title\"><img loading=\"lazy\" decoding=\"async\" class=\"alignnone size-full wp-image-17849\" src=\"http:\/\/www.toletum-network.com\/wp-content\/uploads\/2023\/11\/gabriel-rossello.jpg\" alt=\"Gabriel Rossell\u00f3 Calafell\" width=\"229\" height=\"300\" \/><\/p>\n<h3 class=\"entry-title\">Dr. Gabriel Rossell\u00f3 Calafell<\/h3>\n<div class=\"entry-content\">\n<p>\u00c0rea d&#8217;Hist\u00f2ria Antiga<br \/>\nDepartament de Ciencies Hist\u00f2riques i Teoria de les Arts<br \/>\nUniversitat de les Illes Balears<br \/>\nCampus UIB, Edifici Ramon Llull<br \/>\nCtra Valldemossa Km. 7.5<br \/>\nE-07122 Palma de Mallorca (Illes Balears)<br \/>\n<a href=\"mailto:gabriel.rossello@uib.cat\">gabriel.rossello@uib.cat<\/a><\/p>\n<hr \/>\n<p><strong>CV<\/strong><\/p>\n<p>Doctor en Historia por la Universidad de las Islas Baleares (2020) con la tesis doctoral \u00abLegati con Carthagine\u00bb. <em>Representaci\u00f3n de la praxis diplom\u00e1tica p\u00fanica en las fuentes filorromanas (264-146 a.C.)<\/em>, Gabriel Rossell\u00f3 se licenci\u00f3 en el mismo centro en 2005, donde tambi\u00e9n obtuvo el Diploma de Estudios Avanzados (DEA), suficiencia investigadora obtenida a partir de la exposici\u00f3n de la Memoria de Investigaci\u00f3n <em>Estudio sobre la fiscalidad en Hispania y Sicilia en \u00e9poca romano-republicana (siglos III y II a.C.)<\/em>, dirigida por la catedr\u00e1tica Mar\u00eda Luisa S\u00e1nchez Le\u00f3n. Durante este proyecto realiz\u00f3 una estancia investigadora en La Sapienza. Universidad de Roma, a cargo del profesor Mario Mazza (2006-2007).<\/p>\n<p>Sus l\u00edneas de estudio se enmarcan en la \u00e9poca de las guerras p\u00fanicas, incidiendo en el impacto de la expansi\u00f3n romano-republicana en su confrontaci\u00f3n con el mundo cartagin\u00e9s. Actualmente, est\u00e1 desarrollando su labor de investigaci\u00f3n en relaci\u00f3n con la diplomacia p\u00fanica y n\u00famida durante los siglos III-I a.C., bajo la direcci\u00f3n del catedr\u00e1tico Enrique Garc\u00eda Riaza.<\/p>\n<p>Es miembro del Grupo de Investigaci\u00f3n Civitas del \u00e1rea de Historia Antigua de la UIB (<a href=\"https:\/\/www.uib.es\/es\/recerca\/estructures\/grups\/grup\/CIVITAS\/\" target=\"_blank\" rel=\"noopener\">https:\/\/www.uib.es\/es\/recerca\/estructures\/grups\/grup\/CIVITAS\/<\/a>) y desde 2018 del Grupo de investigaci\u00f3n Occidens (occidens.net), as\u00ed como de la red de investigaci\u00f3n Libera Res Publica, que tiene como n\u00facleo los estudios sobre la Rep\u00fablica Romana. Ha participado en varios proyectos de la Agencia Estatal de Investigaci\u00f3n y es actualmente IP de un proyecto de innovaci\u00f3n docente. Ha publicado diversas contribuciones cient\u00edficas en revistas de prestigio nacional e internacional en relaci\u00f3n con la diplomacia en el espacio pol\u00edtico norteafricano durante los siglos III-I a.C. Fruto del trabajo realizado en este campo, en 2023 ha visto la luz su monograf\u00eda: <em>Relaciones exteriores y praxis diplom\u00e1tica cartaginesa. El per\u00edodo de las guerras p\u00fanicas<\/em>, Colecci\u00f3n Libera Res Publica n. 8 (Prensas de la Universidad de Zaragoza; Editorial de la Universidad de Sevilla).<\/p>\n<hr \/>\n<p><strong>Publicaciones (Selecci\u00f3n)<\/strong><\/p>\n<p><span style=\"color: #999999;\">\u2014 2023<\/span><br \/>\n<em>Relaciones exteriores y praxis diplom\u00e1tica cartaginesa. El per\u00edodo de las guerras p\u00fanicas.<\/em> Zaragoza-Sevilla (Espa\u00f1a): Prensas de la Universidad de Zaragoza-Editorial de la Universidad de Sevilla, Colecci\u00f3n Libera Res Publica 8. ISBN 9788413405513.<\/p>\n<p><span style=\"color: #999999;\">\u2014 2023<\/span><br \/>\n\u201c<em>Disceptatores Romani fuerunt.<\/em> Caracter\u00edsticas de la diplomacia entre Roma y el norte de \u00c1frica en el segundo per\u00edodo de entreguerras (201-149 a.C.)\u201d, <em>Habis<\/em> 54, 79-108.<\/p>\n<p><span style=\"color: #999999;\">\u2014 2023<\/span><br \/>\n\u00ab\u039a\u03b1\u03c1\u03c7\u03b7\u03b4\u03bf\u03bd\u03af\u03c9\u03bd \u03b8\u03b5\u03c9\u03c1\u03bf\u1f76. El v\u00ednculo sagrado entre Tiro y Cartago a prop\u00f3sito de Melqart-Heracles\u00bb, Geri\u00f3n 41 (1), 9-33.<\/p>\n<p><span style=\"color: #999999;\">\u2014 2023<\/span><br \/>\n\u201cAn\u00edbal y la diplomacia desde la perspectiva romana. Un l\u00edder sobredimensionado\u201d, <em>SHHA 41<\/em>, 1-25.<\/p>\n<p><span style=\"color: #999999;\">\u2014 2022<\/span><br \/>\n\u201c<em>Jura conloqui<\/em>: mechanisms in official interviews with Punic leaders in the time of the Roman republican expansion\u201d. <em>Kt\u00e8ma: civilisations de l\u2019Orient, de la Gr\u00e8ce et de Rome antiques<\/em>, 46, 309-321.<\/p>\n<p><span style=\"color: #999999;\">\u2014 2021<\/span><br \/>\n\u201cEl regalo diplom\u00e1tico entre Roma y los n\u00famidas durante los siglos III y II a.C.\u201d. <em>Habis<\/em> 52, 31-50.<\/p>\n<p><span style=\"color: #999999;\">\u2014 2020<\/span><br \/>\n\u201cLa Comisi\u00f3n de los Treinta: \u00bfun instrumento excepcional de la diplomacia cartaginesa?\u201d, <em>Studia Historica. Historia Antigua<\/em> 38, 5-19.<\/p>\n<p><span style=\"color: #999999;\">\u2014 2013<\/span><br \/>\n\u201cMenariae ac Tiquadra et Parva Hannibalis (Plin. N.H. III.78). Algunes hip\u00f2tesis sobre la ubicaci\u00f3 geogr\u00e0fica dels nes\u00f2nims\u201d. <em>Les Balears romanes: nous estudis<\/em>, Documenta Balear, Palma, 11-30.<\/p>\n<p><span style=\"color: #999999;\">\u2014 2009<\/span><br \/>\n\u201cHispania 218-215 y las finanzas de la guerra: un estado de la cuesti\u00f3n\u201d. <em>Hispania Antiqua<\/em> 33-34, 7-24.<\/p>\n<\/div>\n","protected":false},"excerpt":{"rendered":"<p>Dr. Gabriel Rossell\u00f3 Calafell \u00c0rea d&#8217;Hist\u00f2ria Antiga Departament de Ciencies Hist\u00f2riques i Teoria de les Arts Universitat de les Illes Balears Campus UIB, Edifici Ramon Llull Ctra Valldemossa Km. 7.5 E-07122 Palma de Mallorca (Illes Balears) gabriel.rossello@uib.cat CV Doctor en Historia por la Universidad de las Islas Baleares (2020) con la tesis doctoral \u00abLegati con &hellip; <a href=\"https:\/\/www.toletum-network.com\/es\/teilnehmer\/dr-gabriel-rossello-calafell\/\" class=\"more-link\">Continuar leyendo<span class=\"screen-reader-text\"> \u00abDr. Gabriel Rossell\u00f3 Calafell\u00bb<\/span><\/a><\/p>\n","protected":false},"author":8,"featured_media":0,"parent":18,"menu_order":0,"comment_status":"closed","ping_status":"closed","template":"","meta":{"jetpack_post_was_ever_published":false,"footnotes":""},"class_list":["post-17778","page","type-page","status-publish","hentry"],"jetpack_sharing_enabled":true,"jetpack_shortlink":"https:\/\/wp.me\/P82TDz-4CK","_links":{"self":[{"href":"https:\/\/www.toletum-network.com\/es\/wp-json\/wp\/v2\/pages\/17778","targetHints":{"allow":["GET"]}}],"collection":[{"href":"https:\/\/www.toletum-network.com\/es\/wp-json\/wp\/v2\/pages"}],"about":[{"href":"https:\/\/www.toletum-network.com\/es\/wp-json\/wp\/v2\/types\/page"}],"author":[{"embeddable":true,"href":"https:\/\/www.toletum-network.com\/es\/wp-json\/wp\/v2\/users\/8"}],"replies":[{"embeddable":true,"href":"https:\/\/www.toletum-network.com\/es\/wp-json\/wp\/v2\/comments?post=17778"}],"version-history":[{"count":9,"href":"https:\/\/www.toletum-network.com\/es\/wp-json\/wp\/v2\/pages\/17778\/revisions"}],"predecessor-version":[{"id":17866,"href":"https:\/\/www.toletum-network.com\/es\/wp-json\/wp\/v2\/pages\/17778\/revisions\/17866"}],"up":[{"embeddable":true,"href":"https:\/\/www.toletum-network.com\/es\/wp-json\/wp\/v2\/pages\/18"}],"wp:attachment":[{"href":"https:\/\/www.toletum-network.com\/es\/wp-json\/wp\/v2\/media?parent=17778"}],"curies":[{"name":"wp","href":"https:\/\/api.w.org\/{rel}","templated":true}]}}