{"id":17053,"date":"2023-01-04T14:07:39","date_gmt":"2023-01-04T13:07:39","guid":{"rendered":"https:\/\/www.toletum-network.com\/?page_id=17053"},"modified":"2023-01-09T01:07:58","modified_gmt":"2023-01-09T00:07:58","slug":"dr-maria-juana-lopez-medina","status":"publish","type":"page","link":"https:\/\/www.toletum-network.com\/es\/teilnehmer\/dr-maria-juana-lopez-medina\/","title":{"rendered":"Dr. Mar\u00eda Juana L\u00f3pez Medina"},"content":{"rendered":"<p><img loading=\"lazy\" decoding=\"async\" class=\"alignnone wp-image-17049 size-full\" src=\"http:\/\/www.toletum-network.com\/wp-content\/uploads\/2023\/01\/maria-juana-lopez-medina.jpg\" width=\"240\" height=\"280\" \/><\/p>\n<h3 class=\"entry-title\">Dra. Mar\u00eda Juana L\u00f3pez Medina<\/h3>\n<div class=\"entry-content\">\n<p>\u00c1rea de Historia Antigua<br \/>\nDpto. Geograf\u00eda, Historia y Humanidades<br \/>\nUniversidad de Almer\u00eda<br \/>\nCarretera Sacramento s\/n<br \/>\n04120 La Ca\u00f1ada de San Urbano, Almer\u00eda (Espa\u00f1a)<br \/>\n<span class=\"nowrap\"><a title=\"jlmedina@ual.es\">jlmedina@ual.es<\/a><\/span><\/p>\n<p><span style=\"color: #999999;\"><a style=\"color: #999999;\" href=\"http:\/\/brujula.ual.es\/authors\/523.html\">CV<\/a><\/span><\/p>\n<p><strong><span style=\"color: #800080;\"><a style=\"color: #800080; text-decoration: underline;\" href=\"https:\/\/www.toletum-network.com\/workshops\/xiii-workshop-2022\/\">Toletum XIII Valles fluviales de Hispania en perspectiva diacr\u00f3nica &#8211; Interdependencia entre hombre y medio ambiente desde la Rep\u00fablica hasta la \u201along Late Antiquity\u2018 (ss. III a.C. \u2013 IX d.C.)<\/a><\/span><\/strong><\/p>\n<\/div>\n<p><\/p>","protected":false},"excerpt":{"rendered":"<p>Dra. Mar\u00eda Juana L\u00f3pez Medina \u00c1rea de Historia Antigua Dpto. Geograf\u00eda, Historia y Humanidades Universidad de Almer\u00eda Carretera Sacramento s\/n 04120 La Ca\u00f1ada de San Urbano, Almer\u00eda (Espa\u00f1a) jlmedina@ual.es CV Toletum XIII Valles fluviales de Hispania en perspectiva diacr\u00f3nica &#8211; Interdependencia entre hombre y medio ambiente desde la Rep\u00fablica hasta la \u201along Late Antiquity\u2018 (ss. &hellip; <a href=\"https:\/\/www.toletum-network.com\/es\/teilnehmer\/dr-maria-juana-lopez-medina\/\" class=\"more-link\">Continuar leyendo<span class=\"screen-reader-text\"> \u00abDr. Mar\u00eda Juana L\u00f3pez Medina\u00bb<\/span><\/a><\/p>\n","protected":false},"author":8,"featured_media":0,"parent":18,"menu_order":0,"comment_status":"closed","ping_status":"closed","template":"","meta":{"jetpack_post_was_ever_published":false,"footnotes":""},"class_list":["post-17053","page","type-page","status-publish","hentry"],"jetpack_sharing_enabled":true,"jetpack_shortlink":"https:\/\/wp.me\/P82TDz-4r3","_links":{"self":[{"href":"https:\/\/www.toletum-network.com\/es\/wp-json\/wp\/v2\/pages\/17053","targetHints":{"allow":["GET"]}}],"collection":[{"href":"https:\/\/www.toletum-network.com\/es\/wp-json\/wp\/v2\/pages"}],"about":[{"href":"https:\/\/www.toletum-network.com\/es\/wp-json\/wp\/v2\/types\/page"}],"author":[{"embeddable":true,"href":"https:\/\/www.toletum-network.com\/es\/wp-json\/wp\/v2\/users\/8"}],"replies":[{"embeddable":true,"href":"https:\/\/www.toletum-network.com\/es\/wp-json\/wp\/v2\/comments?post=17053"}],"version-history":[{"count":10,"href":"https:\/\/www.toletum-network.com\/es\/wp-json\/wp\/v2\/pages\/17053\/revisions"}],"predecessor-version":[{"id":17119,"href":"https:\/\/www.toletum-network.com\/es\/wp-json\/wp\/v2\/pages\/17053\/revisions\/17119"}],"up":[{"embeddable":true,"href":"https:\/\/www.toletum-network.com\/es\/wp-json\/wp\/v2\/pages\/18"}],"wp:attachment":[{"href":"https:\/\/www.toletum-network.com\/es\/wp-json\/wp\/v2\/media?parent=17053"}],"curies":[{"name":"wp","href":"https:\/\/api.w.org\/{rel}","templated":true}]}}