{"id":17047,"date":"2023-01-04T13:58:39","date_gmt":"2023-01-04T12:58:39","guid":{"rendered":"https:\/\/www.toletum-network.com\/?page_id=17047"},"modified":"2023-01-16T11:15:24","modified_gmt":"2023-01-16T10:15:24","slug":"enrique-aragon-nunez-2","status":"publish","type":"page","link":"https:\/\/www.toletum-network.com\/es\/teilnehmer\/enrique-aragon-nunez-2\/","title":{"rendered":"Enrique Arag\u00f3n N\u00fa\u00f1ez"},"content":{"rendered":"<p><img loading=\"lazy\" decoding=\"async\" class=\"alignnone wp-image-17048 size-full\" src=\"http:\/\/www.toletum-network.com\/wp-content\/uploads\/2023\/01\/enrique-aragon-nunez.jpg\" width=\"240\" height=\"280\" \/><\/p>\n<h3 class=\"entry-title\">Dr. Enrique Arag\u00f3n N\u00fa\u00f1ez<\/h3>\n<div class=\"entry-content\">\n<p>Dpto. Geograf\u00eda, Historia y Humanidades<br \/>\nUniversidad de Almer\u00eda<br \/>\nCarretera Sacramento s\/n<br \/>\n04120 La Ca\u00f1ada de San Urbano, Almer\u00eda (Espa\u00f1a)<br \/>\n<span class=\"nowrap\"><a title=\"enrique.aragon@ual.es\">enrique.aragon@ual.es<\/a><\/span><\/p>\n<p><span style=\"color: #999999;\"><a style=\"color: #999999;\" href=\"https:\/\/researchnow.flinders.edu.au\/en\/persons\/enrique-aragon-nunez\">CV<\/a><\/span><\/p>\n<p><strong><span style=\"color: #800080;\"><a style=\"color: #800080; text-decoration: underline;\" href=\"https:\/\/www.toletum-network.com\/workshops\/xiii-workshop-2022\/\">Toletum XIII Valles fluviales de Hispania en perspectiva diacr\u00f3nica &#8211; Interdependencia entre hombre y medio ambiente desde la Rep\u00fablica hasta la \u201along Late Antiquity\u2018 (ss. III a.C. \u2013 IX d.C.)<\/a><\/span><\/strong><\/p>\n<\/div>\n<p><\/p>","protected":false},"excerpt":{"rendered":"<p>Dr. Enrique Arag\u00f3n N\u00fa\u00f1ez Dpto. Geograf\u00eda, Historia y Humanidades Universidad de Almer\u00eda Carretera Sacramento s\/n 04120 La Ca\u00f1ada de San Urbano, Almer\u00eda (Espa\u00f1a) enrique.aragon@ual.es CV Toletum XIII Valles fluviales de Hispania en perspectiva diacr\u00f3nica &#8211; Interdependencia entre hombre y medio ambiente desde la Rep\u00fablica hasta la \u201along Late Antiquity\u2018 (ss. III a.C. \u2013 IX d.C.)<\/p>\n","protected":false},"author":8,"featured_media":0,"parent":18,"menu_order":0,"comment_status":"closed","ping_status":"closed","template":"","meta":{"jetpack_post_was_ever_published":false,"footnotes":""},"class_list":["post-17047","page","type-page","status-publish","hentry"],"jetpack_sharing_enabled":true,"jetpack_shortlink":"https:\/\/wp.me\/P82TDz-4qX","_links":{"self":[{"href":"https:\/\/www.toletum-network.com\/es\/wp-json\/wp\/v2\/pages\/17047","targetHints":{"allow":["GET"]}}],"collection":[{"href":"https:\/\/www.toletum-network.com\/es\/wp-json\/wp\/v2\/pages"}],"about":[{"href":"https:\/\/www.toletum-network.com\/es\/wp-json\/wp\/v2\/types\/page"}],"author":[{"embeddable":true,"href":"https:\/\/www.toletum-network.com\/es\/wp-json\/wp\/v2\/users\/8"}],"replies":[{"embeddable":true,"href":"https:\/\/www.toletum-network.com\/es\/wp-json\/wp\/v2\/comments?post=17047"}],"version-history":[{"count":7,"href":"https:\/\/www.toletum-network.com\/es\/wp-json\/wp\/v2\/pages\/17047\/revisions"}],"predecessor-version":[{"id":17126,"href":"https:\/\/www.toletum-network.com\/es\/wp-json\/wp\/v2\/pages\/17047\/revisions\/17126"}],"up":[{"embeddable":true,"href":"https:\/\/www.toletum-network.com\/es\/wp-json\/wp\/v2\/pages\/18"}],"wp:attachment":[{"href":"https:\/\/www.toletum-network.com\/es\/wp-json\/wp\/v2\/media?parent=17047"}],"curies":[{"name":"wp","href":"https:\/\/api.w.org\/{rel}","templated":true}]}}