{"id":17038,"date":"2023-01-04T13:14:00","date_gmt":"2023-01-04T12:14:00","guid":{"rendered":"https:\/\/www.toletum-network.com\/?page_id=17038"},"modified":"2023-01-04T13:14:00","modified_gmt":"2023-01-04T12:14:00","slug":"conditoria-provinciarum-roman-sarcophagi-in-the-provinces","status":"publish","type":"page","link":"https:\/\/www.toletum-network.com\/es\/aktivitaten\/conditoria-provinciarum-roman-sarcophagi-in-the-provinces\/","title":{"rendered":"Conditoria provinciarum. Roman sarcophagi in the provinces"},"content":{"rendered":"<img loading=\"lazy\" decoding=\"async\" class=\"wp-image-17039 size-full\" src=\"http:\/\/www.toletum-network.com\/wp-content\/uploads\/2023\/01\/conditoria-provinciarum.jpg\" alt=\"\" width=\"400\" height=\"300\" srcset=\"https:\/\/www.toletum-network.com\/wp-content\/uploads\/2023\/01\/conditoria-provinciarum.jpg 400w, https:\/\/www.toletum-network.com\/wp-content\/uploads\/2023\/01\/conditoria-provinciarum-300x225.jpg 300w\" sizes=\"auto, (max-width: 400px) 85vw, 400px\" \/>\n<p>International Symposium at the University of Trier in the framework of the project &#8216;HAR2017-84907-P Roman sarcophagi in the Iberian Peninsula&#8217; and in cooperation with the Universitat Aut\u00f2noma de Barcelona and the &#8216;Netzwerk zur Erforschung der Iberischen Halbinsel in der Antike TOLETUM&#8217;<\/p>\n<p><strong>Time and place<\/strong><br \/>\nSeptember 15th &#8211; September 17th 2022<\/p>\n<p>Universit\u00e4t Trier<br \/>\nConference Room A 9\/10<br \/>\nMain Building A\/B<br \/>\n<strong><br \/>\nDownload:\u00a0<a href=\"https:\/\/www.toletum-network.com\/wp-content\/uploads\/2022\/09\/Roman-sarcophagi-in-the-provinces.-Trier-09.2022-1.pdf\">Conditoria provinciarum. Roman sarcophagi in the provinces<\/a><\/strong><\/p>\n<h3>Programme<\/h3>\n<h3><strong>Thursday, September 15th 2022<\/strong><\/h3>\n<p>\u2014 9:00-9:15<br \/>\n<em>Registration<br \/>\n<\/em><\/p>\n<p>\u2014 9:45-10:30<br \/>\n<em>Opening conference<\/em><br \/>\n<strong>Sarcofagi di et\u00e0 romana in contesto: vecchi e nuovi ritrovamenti in Grecia<\/strong><br \/>\nMargherita Bonanno<\/p>\n<p>\u2014 10:30-11:00<br \/>\n<em>Coffee break<\/em><\/p>\n<p>\u2014 11:00-11:25<br \/>\n<strong>I sarcofagi del Terra Sancta Museum di Gerusalemme<\/strong><br \/>\nFulvia Ciliberto \u2013 Daniela Massara<\/p>\n<p>\u2014 11:25-11:50<br \/>\n<strong>Das Corpus der Ephesischen Sarkophage. Ein Langzeitprojekt auf der Zielgeraden<\/strong><br \/>\nDoris Bielefeld<\/p>\n<p>\u2014 11:50-12:15<br \/>\n<strong>Attic and local sarcophagi in Roman Macedonia. New evidence from Dion and Kilkis<\/strong><br \/>\nEleni Papagianni<\/p>\n<p>\u2014 12:15-14:00<br \/>\n<em>Lunch break<\/em><\/p>\n<p>\u2014 14:00-14:25<br \/>\n<strong>Roman Sarcophagi in Moesia inferior: shape, material, iconography and context<\/strong><br \/>\nCristina-Georgeta Alexandrescu<\/p>\n<p>\u2014 14:25-14:50<br \/>\n<strong>Roman sarcophagi in Pannonia. Production centres, products and their Distribution<\/strong><br \/>\nBojan Djuri\u0107<\/p>\n<p>\u2014 14:50-15:15<br \/>\n<strong>Die Verwendung r\u00f6mischer Sarkophage im Gebiet der Treverer<\/strong><br \/>\nMarkus Trunk<\/p>\n<p>\u2014 15:15-15:40<br \/>\n<strong>Les sarcophages du Midi de la Gaule, production, mat\u00e9riaux et iconographie<\/strong><br \/>\nVassiliki Gaggadis-Robin<\/p>\n<p>\u2014 15:40-16:10<br \/>\n<em>Coffee break<\/em><\/p>\n<p>\u2014 16:10-16:35<br \/>\n<strong>Sarcofagi di et\u00e0 romana dal territorio veronese<\/strong><br \/>\nMonica Pagan<\/p>\n<p>\u2014 16:35-17:00<br \/>\n<strong>Contributo allo Studio dei sarcofagi dell\u2019Italia meridionale: un repertorio ragionato sulle vecchie e nuove scoperte<\/strong><br \/>\nAngela Palmentieri<\/p>\n<p>\u2014 17:00-17:25<br \/>\n<strong>Jean Pierre Ho\u00fcel and the sarcophagi of Sicily in his \u201cVoyage pittoresque\u201d<\/strong><br \/>\nRaffaella Bucolo<\/p>\n<p>\u2014 17:25-17:50<br \/>\n<strong>Il collezionismo di sarcofagi in Gran Bretagna, tra Roma e le province<\/strong><br \/>\nBeatrice Cacciotti<\/p>\n<h3><strong>Friday, September 16th 2022<\/strong><\/h3>\n<p>\u2014 10:00-12:30<br \/>\nRheinisches Landesmuseum Trier \u2013 <em>Guided visit to<\/em> <strong>\u201cThe Fall of the Roman Empire\u201d<\/strong> <em>Exhibition<\/em><\/p>\n<p>\u2014 12:30-14:15<br \/>\n<em>Lunch break<\/em><\/p>\n<p>\u2014 14:30-15:00<br \/>\n<strong>Main aspects of the polychromy detected on the sarcophagi of Rome. A starting point for future collaborations in the study of Roman sarcophagi in the provinces<\/strong><br \/>\nEliana Siotto<\/p>\n<p>\u2014 15:00-15:25<br \/>\n<strong>Los sarc\u00f3fagos del Museu d\u2019Arqueologia de Catalunya a trav\u00e9s de las p\u00e1tinas<\/strong><br \/>\nIsabel Moreno<\/p>\n<p>\u2014 15:25-15:50<br \/>\n<strong>Roman sarcophagi in the Iberian Peninsula. Methodology and results<\/strong><br \/>\nMontserrat Claveria<\/p>\n<p>\u2014 15:50-16:20<br \/>\n<em>Coffee break<\/em><\/p>\n<p>\u2014 16:20-16:45<br \/>\n<strong>Early Christian Sarcophagi from Hispania: current status and future perspectives<\/strong><br \/>\nSergio Vidal \u00c1lvarez<\/p>\n<p>\u2014 16:45-17:10<br \/>\n<strong>Los sarc\u00f3fagos de Hispania a la luz de los datos epigr\u00e1ficos<\/strong><br \/>\nAnt\u00f2nia Soler<\/p>\n<p>\u2014 17:10-17:35<br \/>\n<strong>La recepci\u00f3n del sarc\u00f3fago romano en el coleccionismo espa\u00f1ol<\/strong><br \/>\nSaray Garc\u00eda-Mart\u00ednez<\/p>\n<p>\u2014 17:40-18:10<br \/>\n<em>Closing conference<\/em><br \/>\n<strong>La investigaci\u00f3n de los sarc\u00f3fagos en Hispania<\/strong><br \/>\nIsabel Rod\u00e0<\/p>\n<h3><strong>Saturday, September 17th 2022<\/strong><\/h3>\n<p>\u2014 10:00-12:30<br \/>\n<em>Visit to the Roman Trier<\/em><\/p>\n<p>\u2014 10:00-12:30<br \/>\n<em>Lunch<\/em><\/p>\n","protected":false},"excerpt":{"rendered":"<p>International Symposium at the University of Trier in the framework of the project &#8216;HAR2017-84907-P Roman sarcophagi in the Iberian Peninsula&#8217; and in cooperation with the Universitat Aut\u00f2noma de Barcelona and the &#8216;Netzwerk zur Erforschung der Iberischen Halbinsel in der Antike TOLETUM&#8217; Time and place September 15th &#8211; September 17th 2022 Universit\u00e4t Trier Conference Room A &hellip; <a href=\"https:\/\/www.toletum-network.com\/es\/aktivitaten\/conditoria-provinciarum-roman-sarcophagi-in-the-provinces\/\" class=\"more-link\">Continuar leyendo<span class=\"screen-reader-text\"> \u00abConditoria provinciarum. Roman sarcophagi in the provinces\u00bb<\/span><\/a><\/p>\n","protected":false},"author":8,"featured_media":0,"parent":15,"menu_order":0,"comment_status":"closed","ping_status":"closed","template":"","meta":{"jetpack_post_was_ever_published":false,"footnotes":""},"class_list":["post-17038","page","type-page","status-publish","hentry"],"jetpack_sharing_enabled":true,"jetpack_shortlink":"https:\/\/wp.me\/P82TDz-4qO","_links":{"self":[{"href":"https:\/\/www.toletum-network.com\/es\/wp-json\/wp\/v2\/pages\/17038","targetHints":{"allow":["GET"]}}],"collection":[{"href":"https:\/\/www.toletum-network.com\/es\/wp-json\/wp\/v2\/pages"}],"about":[{"href":"https:\/\/www.toletum-network.com\/es\/wp-json\/wp\/v2\/types\/page"}],"author":[{"embeddable":true,"href":"https:\/\/www.toletum-network.com\/es\/wp-json\/wp\/v2\/users\/8"}],"replies":[{"embeddable":true,"href":"https:\/\/www.toletum-network.com\/es\/wp-json\/wp\/v2\/comments?post=17038"}],"version-history":[{"count":4,"href":"https:\/\/www.toletum-network.com\/es\/wp-json\/wp\/v2\/pages\/17038\/revisions"}],"predecessor-version":[{"id":17043,"href":"https:\/\/www.toletum-network.com\/es\/wp-json\/wp\/v2\/pages\/17038\/revisions\/17043"}],"up":[{"embeddable":true,"href":"https:\/\/www.toletum-network.com\/es\/wp-json\/wp\/v2\/pages\/15"}],"wp:attachment":[{"href":"https:\/\/www.toletum-network.com\/es\/wp-json\/wp\/v2\/media?parent=17038"}],"curies":[{"name":"wp","href":"https:\/\/api.w.org\/{rel}","templated":true}]}}