{"id":16399,"date":"2022-04-21T12:09:38","date_gmt":"2022-04-21T10:09:38","guid":{"rendered":"https:\/\/www.toletum-network.com\/?page_id=16399"},"modified":"2022-04-21T20:53:22","modified_gmt":"2022-04-21T18:53:22","slug":"dr-jose-carlos-lopez-gomez","status":"publish","type":"page","link":"https:\/\/www.toletum-network.com\/es\/teilnehmer\/dr-jose-carlos-lopez-gomez\/","title":{"rendered":"Dr. Jos\u00e9 Carlos L\u00f3pez G\u00f3mez"},"content":{"rendered":"<p><img loading=\"lazy\" decoding=\"async\" class=\"alignnone wp-image-16400\" src=\"http:\/\/www.toletum-network.com\/wp-content\/uploads\/2022\/04\/Jose-Carlos-Lopez-Gomez.jpg\" alt=\"Jos\u00e9 Carlos L\u00f3pez G\u00f3mez\" width=\"336\" height=\"471\" srcset=\"https:\/\/www.toletum-network.com\/wp-content\/uploads\/2022\/04\/Jose-Carlos-Lopez-Gomez.jpg 336w, https:\/\/www.toletum-network.com\/wp-content\/uploads\/2022\/04\/Jose-Carlos-Lopez-Gomez-214x300.jpg 214w\" sizes=\"auto, (max-width: 336px) 85vw, 336px\" \/><\/p>\n<h3 class=\"entry-title\">Dr. Jos\u00e9 Carlos L\u00f3pez G\u00f3mez<\/h3>\n<div>\n<p>Universidad de M\u00e1laga<br \/>\nFacultad de Filosof\u00eda y Letras<br \/>\nCampus de Teatinos, s\/n<br \/>\nE-29071 M\u00e1laga<br \/>\n<a href=\"mailto:joslopez@uma.es\">joslopez@uma.es<\/a><\/p>\n<\/div>\n<p><strong>Website<\/strong><br \/>\n<a href=\"https:\/\/uma.academia.edu\/Jos%C3%A9CarlosL%C3%B3pezG%C3%B3mez\">https:\/\/uma.academia.edu\/Jos%C3%A9CarlosL%C3%B3pezG%C3%B3mez<\/a><\/p>\n<hr \/>\n<h5><strong>Education &amp; Training<\/strong><\/h5>\n<p><span style=\"color: #999999;\">\u2014 10\/2015-01\/2020<\/span><br \/>\nPhD in Humanities. University Carlos III of Madrid (Spain). Title of dissertation: \u201cEl desvanecimiento del polite\u00edsmo romano en Hispania: transformaciones religiosas en el siglo III\u201d (\u201cThe Decline of Roman Polytheism in Hispania: religious transformations during the 3rd Century\u201d). Supervisor: Prof. Jaime Alvar Ezquerra. Oral defence: 17 January 2020. Qualification: Excellent with a distinction cum Laude and International Mention (Menci\u00f3n Internacional).<\/p>\n<p><span style=\"color: #999999;\">\u2014 09\/2014-07\/2015<\/span><br \/>\nMA in Research in Humanities. University of Castilla-La Mancha (July 2015). MA thesis on \u201cReligi\u00f3n romana en la antigua Carpetania\u201d (\u201cAncient Religion in Roman Carpetania\u201d). Qualification: 9,5\/10.<\/p>\n<p><span style=\"color: #999999;\">\u2014 01\/2013-07\/2013<\/span><br \/>\nInternship at the Department of Education and Cultural Action in the Archaeological Provincial Museum of Ciudad Real (Spain).<\/p>\n<p><span style=\"color: #999999;\">\u2014 09\/2010-07\/2014<\/span><br \/>\nBA in History from the University of Castilla La Mancha (July 2014). Evaluation: 9,1\/10.<\/p>\n<hr \/>\n<h5><strong>Participation in research contracts<\/strong><\/h5>\n<p><span style=\"color: #999999;\">\u2014 04\/2022-03\/2024<\/span><br \/>\nPostdoctoral position \u201cJuan de la Cierva\u201d at University of M\u00e1laga (Spain). Research group: DINORAMA.<\/p>\n<p><span style=\"color: #999999;\">\u2014 03\/2020-10\/2020<\/span><br \/>\nSupporting researcher in the project Lived Ancient Religion in North Africa (LARNA) at the University Carlos III of Madrid.<\/p>\n<p><span style=\"color: #999999;\">\u2014 10\/2015-09\/2019<\/span><br \/>\nPre-doctoral position at the University Carlos III of Madrid (Spain). Research group: Historiography and History of Religions.<\/p>\n<hr \/>\n<h5><strong>Funding \/ Grants<\/strong><\/h5>\n<p><span style=\"color: #999999;\">\u2014 04\/2022-03\/2024<\/span><br \/>\nPostdoctoral scholarship \u201cJuan de la Cierva\u201d at the University of M\u00e1laga, funded by the Spanish Ministry of Education and Culture.<\/p>\n<p><span style=\"color: #999999;\">\u2014 04\/2021-03\/2022<\/span><br \/>\nPostdoctoral Junior-Fellowship research grant at the RomanIslam Center (Hamburg).<\/p>\n<p><span style=\"color: #999999;\">\u2014 06\/2020-07\/2020<\/span><br \/>\nPostdoctoral research grant at the University of Toulouse (France), funded by the MAP (Mapping Ancient Religion).<\/p>\n<p><span style=\"color: #999999;\">\u2014 03\/2020-04\/2020<\/span><br \/>\nPostdoctoral research grant at the Fondation Hardt (Switzerland).<\/p>\n<p><span style=\"color: #999999;\">\u2014 10\/2015-09\/2019<\/span><br \/>\nPhD scholarship \u201cFPU\u201d at the University Carlos III de Madrid, funded by the Spanish Ministry of Education and Culture.<\/p>\n<p><span style=\"color: #999999;\">\u2014 04\/2018-07\/2018<\/span><br \/>\nPredoctoral research grant at the German Archaeological Institute (DAI), Rome, funded by University Carlos III of Madrid.<\/p>\n<p><span style=\"color: #999999;\">\u2014 05\/2017-07\/2017<\/span><br \/>\nPredoctoral research grant at the Institute of Classical Studies (UK) funded by the Spanish Ministry of Education and Culture.<\/p>\n<p><span style=\"color: #999999;\">\u2014 01\/2014-07\/2014<\/span><br \/>\nLibrary Fellowship at the Research Institute in Hunting Resources, funded by the University of Castilla-La Mancha.<\/p>\n<p><span style=\"color: #999999;\">\u2014 01\/2013-06\/2013<\/span><br \/>\nFellowship for Young Researchers funded by the Spanish Ministry of Education and Culture to the project \u201cConvivence and acculturation during the Hellenistic period\u201d. University of Castilla-La Mancha.<\/p>\n<hr \/>\n<h5><strong>Memberships \/ Participation in Financed Projects<\/strong><\/h5>\n<p><span style=\"color: #999999;\">\u2014 09\/2021-08\/2025<\/span><br \/>\nUniversity Carlos III of Madrid (Spain). Project \u201cRICO (Religion: The Individual &amp; The Communitas)\u201d. Lead researcher: Jaime Alvar Ezquerra. Funded by the Spanish Ministry of Science and Innovation (PID2020-117176GB-I00). Participation as a member of the team.<\/p>\n<p><span style=\"color: #999999;\">\u2014 09\/2021-08\/2025<\/span><br \/>\nUniversity of M\u00e1laga (Spain). Project \u201cRHITA: Religi\u00f3n rural en la Hispania tardoantigua (ss. IV- VII)\u201d Lead researchers: Clelia Mart\u00ednez Maza and Ant\u00f3n Alvar Nu\u00f1o. Funded by the Spanish Ministry of Science and Innovation (PID2020-117597GB-100). Participation as a member of the team.<\/p>\n<p><span style=\"color: #999999;\">\u2014 04\/2021-03\/2022<\/span><br \/>\nUniversity of Hamburg. Project \u201cRomanization and Islamication in Late Antiquity &#8211; Transcultural Processes on the Iberian Peninsula and in North Africa\u201d. Lead researchers: Sabine Panzram and Stefan Heidemann. Funded by the Deutsche Forschungsgemeinschaft (FOR 2924). Participation as a postdoctoral fellow.<\/p>\n<p><span style=\"color: #999999;\">\u2014 10\/2020-03\/2022<\/span><br \/>\nUniversity Carlos III of Madrid (Spain). Project \u201cLived Ancient Religion in North Africa (LARNA)\u201d. Lead researcher: Valentino Gasparini. Funded by the Autonomous Community of Madrid (2017-T1\/HUM-5709). Participation as a supporting researcher.<\/p>\n<p><span style=\"color: #999999;\">\u2014 01\/2020-12\/2022<\/span><br \/>\nUniversity of M\u00e1laga (Spain). Project \u201cLa Tardoantig\u00fcedad l\u00edquida. Los l\u00edmites de la acci\u00f3n individual en las opciones religiosas de Occidente (ss. III-VI d.C.)\u201d. Lead researcher: Clelia Mart\u00ednez Maza. Funded by the Autonomous Community of Andaluc\u00eda (P18-FR-1319). Participation as a member of the team.<\/p>\n<p><span style=\"color: #999999;\">\u2014 01\/2020-12\/2022<\/span><br \/>\nUniversity Carlos III of Madrid (Spain). Project: Aglaya \u00abEstrategias de Innovaci\u00f3n en Mitocr\u00edtica Cultural\u00bb. Lead researchers: Jos\u00e9 Manuel Losada Goya; Antonio Alvar Ezquerra; Enrique Santos Marinas; Amelia Mel\u00e9ndez T\u00e1boas, Jos\u00e9 Mar\u00eda Zamora Calvo; Montserrat L\u00f3pez M\u00fajica; Jaime Alvar Ezquerra; Pablo L\u00f3pez Raso; Eva Aladro Vico; Susanne Margret Cadera; Esther S\u00e1nchez-Pardo Gonz\u00e1lez; Paloma Ortiz de Urbina Sobrino; Asunci\u00f3n L\u00f3pez-Varela Azc\u00e1rate. Funded by the Community of Madrid (H2019\/HUM5714). Participation as a member of the team.<\/p>\n<p><span style=\"color: #999999;\">\u2014 01\/2018-01\/2021<\/span><br \/>\nUniversity Carlos III of Madrid (Spain). Project: \u201cEp\u00edtetos divinos: experiencia religiosa y relaciones de poder en Hispania (EPIDI)\u201d. Lead researcher: Jaime Alvar Ezquerra. Funded by the Spanish Ministry of Economy and Finance (HAR2017-84789-C2-2-P). Participation as a member of the team.<\/p>\n<p><span style=\"color: #999999;\">\u2014 01\/2015-12\/2018<\/span><br \/>\nUniversity Carlos III of Madrid (Spain). Project: \u201cORINS (Oriental Religions in Spain)\u201d. Lead researcher: Jaime Alvar Ezquerra. Funded by the Spanish Ministry of Economy and Finance (HAR2014-5231-P). Participation as a member of the team.<\/p>\n<hr \/>\n<h5><strong>Publications<\/strong><\/h5>\n<h5><strong>Monographs<\/strong><\/h5>\n<p><span style=\"color: #999999;\">\u2014 2021<\/span><br \/>\nL\u00f3pez G\u00f3mez, J.C., <em>El ocaso de los dioses en Hispania: transformaciones religiosas en el siglo III<\/em>, Madrid, CSIC, 2021 (Anejos del Archivo Espa\u00f1ol de Arqueolog\u00eda XCII)<\/p>\n<h5><strong>Journal Articles \/ Chapters in Edited Volumes<\/strong><\/h5>\n<p><span style=\"color: #999999;\">\u2014 forthcoming<\/span><br \/>\nAlvar, J. and L\u00f3pez G\u00f3mez, J.C., \u201cThe First Slump Slump in Temple Building in Roman Hispania\u201d. Peer-reviewed conference proceedings (Sanctuaries and Experience. Knowledge, Practice and Space in Ancient World).<\/p>\n<p><span style=\"color: #999999;\">\u2014 2022<\/span><br \/>\nGasparini, V. and L\u00f3pez-G\u00f3mez, J.C., \u201cMuros, turres, portas faciendas coeravit. Remarks on the chronology of the foundation of Barcino\u201d. <em>SPAL<\/em> 31.1 (2022), 320-344.<\/p>\n<p><span style=\"color: #999999;\">\u2014 2021<\/span><br \/>\nL\u00f3pez G\u00f3mez, J. C. \u201cDioses en la ciudad, dioses en el campo. Ep\u00edtetos divinos en el litoral mediterr\u00e1neo de la Tarraconense\u201d, <em>ARYS<\/em> 19 (2021), pp. 209-237.<\/p>\n<p><span style=\"color: #999999;\">\u2014 2021<\/span><br \/>\nL\u00f3pez-G\u00f3mez, J.C. \u201cGilbert-Charles Picard (1913-1998) and the Religions de l\u2019Afrique Antique\u201d, <em>Revista de Historiograf\u00eda<\/em> 36 (2021), pp. 265-288.<\/p>\n<p><span style=\"color: #999999;\">\u2014 forthcoming (2021)<\/span><br \/>\nL\u00f3pez G\u00f3mez, J.C. and Alvar, J. \u201cHacia un cambio de paradigma: manifestaciones religiosas en la Hispania del siglo III\u201d, <em>Hispania Sacra<\/em>, 73 (147), Forthcoming.<\/p>\n<p><span style=\"color: #999999;\">\u2014 2020<\/span><br \/>\nL\u00f3pez G\u00f3mez, J.C., \u201cEl paisaje religioso de <em>Pax Iulia<\/em> (Beja) durante el Alto Imperio romano\u201d, <em>Dialogues d\u2019Histoire Ancienne<\/em>, 46\/2, 2020, 253-275.<\/p>\n<p><span style=\"color: #999999;\">\u2014 2019<\/span><br \/>\nAlvar, J., L\u00f3pez G\u00f3mez, J.C. and Pa\u00f1eda, B., \u201cLa vulva de Atis\u201d, <em>ARYS<\/em>, 17, 2019, 191-226.<\/p>\n<p><span style=\"color: #999999;\">\u2014 2019<\/span><br \/>\nL\u00f3pez G\u00f3mez, J.C., \u201cManifestaciones religiosas de los cultores de los dii selecti en Carpetania romana\u201d, <em>Revista de Historiograf\u00eda<\/em>, 28, 2018, 241-257.<\/p>\n<h5><strong>Reviews<\/strong><\/h5>\n<p><span style=\"color: #999999;\">\u2014 2018<\/span><br \/>\nS. Agusta-Boularot, S. Huber &amp; W. Van Andringa (Dirs.), <em>Quand naissent les dieux. Fondation des sanctuaires antiques : motivations, agents, lieux<\/em>. Collection de l&#8217;\u00c9cole Fran\u00e7aise de Rome 534, Roma: \u00c9cole Fran\u00e7aise d\u2019Rome, 2017, 436, in \u00abARYS \u00bb, 16, 2018, pp. 480-488.<\/p>\n<p><span style=\"color: #999999;\">\u2014 2018<\/span><br \/>\nMirella Romero Recio y M\u00aa Jes\u00fas Colmenero (Eds.), <em>Historiograf\u00eda digital. Proyectos para almacenar y construir la historia<\/em>. Anejos de la Revista de Historiograf\u00eda, n\u00ba 4, Madrid, 2016, in \u00abDialogues d\u2019Histoire Ancienne \u00bb, 44\/1, 2018, pp. 334-338.<\/p>\n<hr \/>\n<h5><strong>Editorial Positions<\/strong><\/h5>\n<p><span style=\"color: #999999;\">\u2014 From 01\/2022<\/span><br \/>\nScientific secretary of <em>Revista de Historiograf\u00eda<\/em>, peer-reviewed journal published by the Institute of Historiography Julio Caro Baroja (University Carlos III of Madrid). Editorial: Dykinson. Directors: Jaime Alvar Ezquerra and Mirella Romero Recio.<\/p>\n<hr \/>\n<h5><strong>Contributions and Invited Lectures<\/strong><\/h5>\n<p><span style=\"color: #999999;\">\u2014 06\/2021<\/span><br \/>\nUniversity of M\u00e1laga (Spain). <em>Calling upon Gods, Offering Bodies. Strategies of Human-Divine Communication in the Roman Empire from Individual Experience to Social Reproduction Epithets of power in Hispania<\/em>. Contribution with J. Alvar: \u201cEpithets of power in Hispania\u201d<\/p>\n<p><span style=\"color: #999999;\">\u2014 12\/2020<\/span><br \/>\nXVIII Congreso Internacional ARYS, R<em>eligi\u00f3n Antigua en asentamientos rurales<\/em>. Contribution: \u201cDioses en la ciudad, dioses en el campo. Secuencias onom\u00e1sticas divinas en el litoral mediterr\u00e1neo de la Tarraconensis\u201d<\/p>\n<p><span style=\"color: #999999;\">\u2014 04\/2019<\/span><br \/>\nUniversity of Castilla-La Mancha (Spain).<em> I Jornadas \u201cLos oficios del Historiador: ser investigador\u201d<\/em>. Invited Lecture: \u201cLa investigaci\u00f3n predoctoral. Requisitos, condicionantes, trayectorias y ocupaciones laborales de los investigadores en formaci\u00f3n\u201d.<\/p>\n<p><span style=\"color: #999999;\">\u2014 04\/2019<\/span><br \/>\nUniversity of Kent (UK). <em>29th Annual Theoretical Roman Archaeology Conference (TRAC)<\/em>. Contribution: \u201cReligious Transformations in Hispania and North Africa during Late Antiquity: A comparative study\u201d.<\/p>\n<p><span style=\"color: #999999;\">\u2014 04\/2019<\/span><br \/>\nInstitute of Classical Studies. London (UK)<em>. Sanctuaries and Experience. Knowledge, Practice and Space in Ancient World<\/em>. Invited Lecture with J. Alvar: \u201cThe First Decline in Temple Building in Roman Hispania\u201d.<\/p>\n<p><span style=\"color: #999999;\">\u2014 04\/2019<\/span><br \/>\nUniversity Complutense of Madrid (Spain).<em> I Workshop Internacional de Epigraf\u00eda. Los muros parlantes: inscripciones edilicias en la Pen\u00ednsula Ib\u00e9rica y el Mediterr\u00e1neo<\/em>. Contribution with V. Gasparini: \u201cMuros, turres, portas facienda coeravit. Notas sobre la cronolog\u00eda de la fundaci\u00f3n de Barcino\u201d.<\/p>\n<p><span style=\"color: #999999;\">\u2014 12\/2018<\/span><br \/>\nARYS Association (Jarandilla de la Vera, Spain).<em> Vestir divinamente. Deidades y cultores arropados o desnudos. XVII Coloquio Internacional ARYS<\/em>. Contribution with J. Alvar and B. Pa\u00f1eda : \u201cLa vulva de Atis\u201d.<\/p>\n<p><span style=\"color: #999999;\">\u2014 03\/2018<\/span><br \/>\nCasa de Vel\u00e1zquez (Madrid, Spain).<em> La implantaci\u00f3n de nuevos fen\u00f3menos religiosos en la Pen\u00ednsula Ib\u00e9rica (siglos III-XI)<\/em>. Invited Lecture with J. Alvar \u201cHacia un cambio de paradigma: manifestaciones religiosas en la Hispania del siglo III\u201d.<\/p>\n<p><span style=\"color: #999999;\">\u2014 07\/2017<\/span><br \/>\nAsociaci\u00f3n Alhambra Tierra Roja (Alhambra, Spain). <em>IV Jornadas Ibero-romanas laminitanas<\/em>. Invited Lecture \u201cPor la gracia de los dioses: cultos y religi\u00f3n romana en Laminium\u201d.<\/p>\n<p><span style=\"color: #999999;\">\u2014 05\/2016<\/span><br \/>\nUniversidad del Pa\u00eds Vasco (Vitoria, Spain).<em> Im\u00e1genes de Poder: mujeres excepcionales en Roma<\/em>. Contribution with B. Pa\u00f1eda: \u201cA prop\u00f3sito de la \u201cAgency\u201d femenina en los cultos tradicionales romanos y los cultos mist\u00e9ricos en Hispania\u201d.<\/p>\n<p><span style=\"color: #999999;\">\u2014 02\/2016<\/span><br \/>\nUniversidad Carlos III de Madrid (Spain). Los cultores en Hispania. Invited Lecture: \u201cCultores de los <em>Dii Selecti<\/em> en Carpetania romana\u201d.<\/p>\n<p><span style=\"color: #999999;\">\u2014 12\/2015<\/span><br \/>\nUniversit\u00e8 de G\u00e8neve (Suiza). <em>Du \u00abpaganisme\u00bb au \u00abchristianisme\u00bb: choc des civilisations ou transition pacifique? Regards crois\u00e9s entre arch\u00e9ologie et histoire des religions<\/em>. Contribution: \u201cCases of dramatic destruction of religious sculpture in Late Antique Provincia Carthaginensis (Hispania)\u201d.<\/p>\n<p><span style=\"color: #999999;\">\u2014 02\/2014<\/span><br \/>\nUniversity of Castilla-La Mancha (Spain). Vino y banquete en la Antig\u00fcedad: II Jornadas de Mediterr\u00e1neo Antiguo. Universidad de Castilla-La Mancha. Contribution with J.I. Mart\u00edn-Viveros: \u201cEl papel de la mujer en el simposio etrusco y su visi\u00f3n por los griegos\u201d.<\/p>\n<p><span style=\"color: #999999;\">\u2014 04\/2013<\/span><br \/>\nUniversity of Castilla-La Mancha (Spain). <em>I Jornadas de estudios del Mediterr\u00e1neo Antiguo<\/em>. Contribution: \u201cHorus, Osiris y Seth: \u00bfMito o realidad?\u201d.<\/p>\n<hr \/>\n<h5><strong>Organisation of Conferences and Panels<\/strong><\/h5>\n<p><span style=\"color: #999999;\">\u2014 20-22\/04\/2022<\/span><br \/>\nM\u00e1laga, University of M\u00e1laga (Spain). \u201c<em>XLIII Congreso Internacional del G.I.R.E.A.<\/em>\u201d Member of the organising committee.<\/p>\n<p><span style=\"color: #999999;\">\u2014 01-03\/06\/2020<\/span><br \/>\nJarandilla de la Vera (Spain). \u201cXVII Congreso Internacional ARYS: Religi\u00f3n antigua en asentamientos rurales\u201d. Coordination team member. Postponed due to restrictions caused by COVID-19.<\/p>\n<p><span style=\"color: #999999;\">\u2014 13-14\/12\/2018<\/span><br \/>\nJarandilla de la Vera (Spain). \u201cVestir divinamente. XVI Congreso Internacional ARYS\u201d. Coordination team member.<\/p>\n<p><span style=\"color: #999999;\">\u2014 16-18\/11\/2017<\/span><br \/>\nMadrid, University Carlos III of Madrid (Spain). \u201c<em>SENSORIUM: Sensory Perceptions in Roman Polytheism<\/em>\u201d. Member of the organising committee.<\/p>\n<p><span style=\"color: #999999;\">\u2014 06-07\/10\/2016<\/span><br \/>\nMadrid, University Carlos III of Madrid (Spain). \u201c<em>XXXIX Congreso Internacional del G.I.R.E.A.<\/em>\u201d. Secretary.<\/p>\n<p><span style=\"color: #999999;\">\u2014 11-13\/11\/2015<\/span><br \/>\nMadrid, University Carlos III of Madrid (Spain). \u201c<em>El Almac\u00e9n de la Historia (1700-1939)<\/em>\u201d. Member of the organising committee.<\/p>\n<hr \/>\n<h5><strong>Archaeological Fieldwork <\/strong><\/h5>\n<p><span style=\"color: #999999;\">\u2014 08\/2015<\/span><br \/>\nArchaeological fieldwork in the excavation works undertaken at the medieval site of San Calocero di Albenga (Italia).<\/p>\n<p><span style=\"color: #999999;\">\u2014 07\/2015<\/span><br \/>\nCourse in archaeological fieldwork at the prehistoric site of \u201cCueva Pintada\u201d (G\u00e1ldar, Gran Canaria, Spain).<\/p>\n<p><span style=\"color: #999999;\">\u2014 07\/2014<\/span><br \/>\nCourse in archaeological fieldwork at the medieval castle of Alarcos (Ciudad Real, Spain). 25 hours.<\/p>\n<p><span style=\"color: #999999;\">\u2014 07\/2014<\/span><br \/>\nCourse in drawing and studying medieval pottery at the archaeological site of Alarcos. 25 hours.<\/p>\n<p><span style=\"color: #999999;\">\u2014 07\/2014<\/span><br \/>\nCourse in archaeological fieldwork at the medieval castle of \u201cla Estrella\u201d (Montiel, Spain). 25 hours.<\/p>\n<p><span style=\"color: #999999;\">\u2014 07\/2014<\/span><br \/>\nCourse in drawing and studying medieval pottery from the archaeological site of Montiel. 25 hours.<\/p>\n<p><span style=\"color: #999999;\">\u2014 08\/2013<\/span><br \/>\nArchaeological fieldwork in the excavation works undertaken at the Celtiberian city of Numancia (Soria, Spain).<\/p>\n<p><span style=\"color: #999999;\">\u2014 07\/2013<\/span><br \/>\nCourse in archaeological fieldwork at the roman city of Emp\u00f9ries (Ampurias, Gerona, Spain) 120 hours.<\/p>\n<p><span style=\"color: #999999;\">\u2014 08\/2012<\/span><br \/>\nCourse in archaeological fieldwork at the Celtiberian city of Segeda (Zaragoza, Spain). 40 hours.<\/p>\n<p><span style=\"color: #999999;\">\u2014 07\/2012<\/span><br \/>\nArchaeological fieldwork in the excavation works undertaken at the Celtiberian city of Numancia (Soria, Spain).<\/p>\n<p><span style=\"color: #999999;\">\u2014 07\/2011<\/span><br \/>\nCourse in archaeological fieldwork at the roman city of Iesso (Guissona, Spain). 80 hours.<\/p>\n","protected":false},"excerpt":{"rendered":"<p>Dr. Jos\u00e9 Carlos L\u00f3pez G\u00f3mez Universidad de M\u00e1laga Facultad de Filosof\u00eda y Letras Campus de Teatinos, s\/n E-29071 M\u00e1laga joslopez@uma.es Website https:\/\/uma.academia.edu\/Jos%C3%A9CarlosL%C3%B3pezG%C3%B3mez Education &amp; Training \u2014 10\/2015-01\/2020 PhD in Humanities. University Carlos III of Madrid (Spain). Title of dissertation: \u201cEl desvanecimiento del polite\u00edsmo romano en Hispania: transformaciones religiosas en el siglo III\u201d (\u201cThe Decline of &hellip; <a href=\"https:\/\/www.toletum-network.com\/es\/teilnehmer\/dr-jose-carlos-lopez-gomez\/\" class=\"more-link\">Continuar leyendo<span class=\"screen-reader-text\"> \u00abDr. Jos\u00e9 Carlos L\u00f3pez G\u00f3mez\u00bb<\/span><\/a><\/p>\n","protected":false},"author":8,"featured_media":0,"parent":18,"menu_order":0,"comment_status":"closed","ping_status":"closed","template":"","meta":{"jetpack_post_was_ever_published":false,"footnotes":""},"class_list":["post-16399","page","type-page","status-publish","hentry"],"jetpack_sharing_enabled":true,"jetpack_shortlink":"https:\/\/wp.me\/P82TDz-4gv","_links":{"self":[{"href":"https:\/\/www.toletum-network.com\/es\/wp-json\/wp\/v2\/pages\/16399","targetHints":{"allow":["GET"]}}],"collection":[{"href":"https:\/\/www.toletum-network.com\/es\/wp-json\/wp\/v2\/pages"}],"about":[{"href":"https:\/\/www.toletum-network.com\/es\/wp-json\/wp\/v2\/types\/page"}],"author":[{"embeddable":true,"href":"https:\/\/www.toletum-network.com\/es\/wp-json\/wp\/v2\/users\/8"}],"replies":[{"embeddable":true,"href":"https:\/\/www.toletum-network.com\/es\/wp-json\/wp\/v2\/comments?post=16399"}],"version-history":[{"count":10,"href":"https:\/\/www.toletum-network.com\/es\/wp-json\/wp\/v2\/pages\/16399\/revisions"}],"predecessor-version":[{"id":16414,"href":"https:\/\/www.toletum-network.com\/es\/wp-json\/wp\/v2\/pages\/16399\/revisions\/16414"}],"up":[{"embeddable":true,"href":"https:\/\/www.toletum-network.com\/es\/wp-json\/wp\/v2\/pages\/18"}],"wp:attachment":[{"href":"https:\/\/www.toletum-network.com\/es\/wp-json\/wp\/v2\/media?parent=16399"}],"curies":[{"name":"wp","href":"https:\/\/api.w.org\/{rel}","templated":true}]}}