{"id":16180,"date":"2022-02-17T10:23:51","date_gmt":"2022-02-17T09:23:51","guid":{"rendered":"https:\/\/www.toletum-network.com\/?page_id=16180"},"modified":"2022-02-17T10:23:51","modified_gmt":"2022-02-17T09:23:51","slug":"juan-manuel-martin-casado","status":"publish","type":"page","link":"https:\/\/www.toletum-network.com\/es\/teilnehmer\/juan-manuel-martin-casado\/","title":{"rendered":"Juan Manuel Mart\u00edn Casado"},"content":{"rendered":"<p class=\"entry-title\"><img loading=\"lazy\" decoding=\"async\" class=\"alignnone size-full wp-image-16182\" src=\"http:\/\/www.toletum-network.com\/wp-content\/uploads\/2022\/02\/Juan-Manuel-Martin-Casado.jpg\" alt=\"Juan Manuel Mart\u00edn Casado\" width=\"300\" height=\"255\" \/><\/p>\n<h3 class=\"entry-title\">Juan Manuel Mart\u00edn Casado<\/h3>\n<div class=\"entry-content\">\n<p>Universidad de M\u00e1laga<br \/>\nFacultad de Filosof\u00eda y Letras<br \/>\nDepto. de Ciencias Hist\u00f3ricas<br \/>\nCampus Universitario de Teatinos<br \/>\nBlvr. Louis Pasteur 27<br \/>\n29010 M\u00e1laga<br \/>\n<a href=\"mailto:JuanMMCasado@uma.es\">JuanMMCasado@uma.es<\/a><\/p>\n<p><strong>Promotionsprojekt: <\/strong><a href=\"http:\/\/www.toletum-network.com\/wp-content\/uploads\/2022\/02\/Casado-BREVE-RESUMEN-TESIS-TOLETUM.pdf\">El papel de las cat\u00e1strofes naturales en el proceso hist\u00f3rico de las comunidades costeres de la pen\u00ednsula ib\u00e9rica en el primer milenio a.C.<\/a><\/p>\n<hr \/>\n<p><strong>Akademische Laufbahn<\/strong><\/p>\n<p><span style=\"color: #999999;\">\u2014 2019-<\/span><br \/>\nPromotionsstudent am Arbeitsbereich Alte Geschichte an der Universidad de M\u00e1laga.<\/p>\n<p><span style=\"color: #999999;\">\u2014 2019<\/span><br \/>\nMasterabschluss im Fach \u00abPatrimonio Hist\u00f3rico y Literario de la Antig\u00fcedad\u00bb an der Universidad de M\u00e1laga, Preis f\u00fcr au\u00dfergew\u00f6hnlichen Abschluss (Premio extraordinario en la Titulaci\u00f3n de M\u00e1ster).<\/p>\n<p><span style=\"color: #999999;\">\u2014 2017<\/span><br \/>\nBachelorabschluss im Fach Geschichte, Universidad de M\u00e1laga, Preis f\u00fcr au\u00dfergew\u00f6hnlichen Abschluss (Premio Extraordinario Fin de Carrera en el Grado en Historia y Primer Premio Nacional Fin de Carrera en la rama de Artes y Humanidades).<\/p>\n<hr \/>\n<p><strong>Universit\u00e4re Lehre<\/strong><\/p>\n<p><span style=\"color: #999999;\">\u2014 02\/2022-06\/2022<\/span><br \/>\nUniversidad de M\u00e1laga, Geschichte: Geschichte der hellenistischen K\u00f6nigreiche und der r\u00f6mischen Welt (Historia de los Reinos Helen\u00edsticos y el Mundo Romano).<\/p>\n<p><span style=\"color: #999999;\">\u2014 09\/2020-01\/2021<\/span><br \/>\nUniversidad de M\u00e1laga, Geschichte: Geschichte der Iberischen Halbinsel in der Antike (Historia de la Pen\u00ednsula Ib\u00e9rica en la Antig\u00fcedad).<\/p>\n<p><span style=\"color: #999999;\">\u2014 09\/2020-01\/2021<\/span><br \/>\nUniversidad de M\u00e1laga, Kunstgeschichte: Geschichte, Kultur und Gesellschaft der Antike und des Mittelalters (Historia, Cultura y Sociedad de la Antig\u00fcedad y de la Edad Media).<\/p>\n<hr \/>\n<p><strong>F\u00f6rdermittel und Stipendien<\/strong><\/p>\n<p><span style=\"color: #999999;\">\u2014 2019-2023<\/span><br \/>\nPromotionsstipendium &#8211; Stipendium f\u00fcr die Ausbildung universit\u00e4ren Lehrpersonals (Ayudas para la Formaci\u00f3n de Profesorado Universitario-FPU), Ministerio de Universidades de Espa\u00f1a. <\/p>\n<p><span style=\"color: #999999;\">\u2014 02\/2019-07\/2019<\/span><br \/>\nF\u00f6rderung des Forschungsbeginns f\u00fcr Studierende mit Masterabschluss (Ayudas de Iniciaci\u00f3n a la Investigaci\u00f3n para Alumnos de Grado y de M\u00e1ster), Universidad de M\u00e1laga.<\/p>\n<p><span style=\"color: #999999;\">\u2014 01\/2017-07\/2017<\/span><br \/>\nZuschuss f\u00fcr die Zusammenarbeit von Fachbereichen (Beca de Colaboraci\u00f3n con Departamentos), Ministerio de Educaci\u00f3n, cultura y Deporte de Espa\u00f1a.<\/p>\n<hr \/>\n<p><strong>Konferenzteilnahmen<\/strong><\/p>\n<p><span style=\"color: #999999;\">\u2014 2021<\/span><br \/>\n\u201cEl determinismo ambiental en las explicaciones hist\u00f3ricas. Consideraciones en torno a un debate interpretativo sobre el ocaso del Imperio romano\u201d, <em>Encuentro internacional sobre Naturaleza y Antig\u00fcedad<\/em>. Universidad Aut\u00f3noma de Madrid.<\/p>\n<p><span style=\"color: #999999;\">\u2014 2021<\/span><br \/>\n\u201cEl papel de las cat\u00e1strofes naturales en el proceso hist\u00f3rico de las comunidades de la pen\u00ednsula ib\u00e9rica durante la antig\u00fcedad. El caso de la provincia romana de <em>Baetica<\/em> en la Antig\u00fcedad Tard\u00eda\u201d,<em> Workshop Internacional Toletum XII<\/em>. Universit\u00e4t Hamburg.<\/p>\n<p><span style=\"color: #999999;\">\u2014 2021<\/span><br \/>\n\u201cTsunamis en la Antig\u00fcedad: Da\u00f1os humanos y avisos divinos\u201d, <em>Seminario de Innovaci\u00f3n Educativa \u00abMateriales did\u00e1cticos para la ense\u00f1anza y el estudio de la Historia de la Cultura\u00bb<\/em>. Universidad de M\u00e1laga.<\/p>\n<p><span style=\"color: #999999;\">\u2014 2021<\/span><br \/>\n\u201cA possible Earthquake in the Roman Phase of Los Castillejos de Teba Settlement (Malaga, Spain)\u201d, <em>Vivre avec les ph\u00e9nom\u00e8nes sismiques en M\u00e9diterran\u00e9e antique et au-del\u00e0: mythe, histoire et arch\u00e9ologie de l\u2019antiquit\u00e9 au moyen-\u00e2ge<\/em>, Le Mans Universit\u00e9.<\/p>\n<p><span style=\"color: #999999;\">\u2014 2021<\/span><br \/>\n(with Lisa Feist; Cristina Val Pe\u00f3n; Margret Mathes-Schmidt; Lena Broer; Manuel \u00c1lvarez Mart\u00ed Aguilar; Francisco Machuca Prieto; Jos\u00e9 Su\u00e1rez Padilla; Klaus Reicherter) \u201cThe Phoenician settlement of Cerro del Villar (M\u00e1laga, southern Spain) and its natural vulnerability\u201d, <em>European Geosciences Union (EGU) General Assembly<\/em>.<\/p>\n<p><span style=\"color: #999999;\">\u2014 2021<\/span><br \/>\n\u201cExplicaciones ambientales a la crisis del Imperio romano. Apuntes historiogr\u00e1ficos\u201d, <em>Congreso Nacional Virtual de la Antig\u00fcedad Tard\u00eda: Plagas, Hambrunas y Masacres desde la Antig\u00fcedad hasta los albores del medievalism<\/em>o, Universidad de Murcia.<\/p>\n<p><span style=\"color: #999999;\">\u2014 2020<\/span><br \/>\n(mit Jos\u00e9 Su\u00e1rez Padilla; Manuel \u00c1lvarez Mart\u00ed-Aguilar; Francisco Machuca Prieto) \u201cEl evento catastr\u00f3fico del siglo VIII a.C. en el yacimiento del Cerro del Villar: naturaleza e impacto en la organizaci\u00f3n territorial fenicia de la bah\u00eda de M\u00e1laga\u201d, <em>Seminario Online Internacional Crisis, cat\u00e1strofes y proceso hist\u00f3rico en el Mediterr\u00e1neo antiguo<\/em>, EEHAR CSIC \u2013 Roma &#8211; M\u00e1laga.<\/p>\n<p><span style=\"color: #999999;\">\u2014 2019<\/span><br \/>\n\u201cMaremotos en la Protohistoria Peninsular una aproximaci\u00f3n interdisciplinar\u201d, <em>Las Sociedad \u00cdberas Historia y Arqueolog\u00eda. I Simposio de Historia en el territorio del Guadalteba<\/em>.<\/p>\n<hr \/>\n<p><strong>Publikationen<\/strong><\/p>\n<p><span style=\"color: #999999;\">\u2014 In Vorbereitung<\/span><br \/>\n(mit Manuel \u00c1lvarez Mart\u00ed-Aguilar; Jos\u00e9 Su\u00e1rez Padilla; Mar\u00eda Eugenia Aubet Semmler; Francisco Machuca Prieto; Lisa Feist; Cristina Val Pe\u00f3n; Klaus Reicherter), \u201cArchaeological and geophysical evidence of a high-energy marine event at the Phoenician site of Cerro del Villar (Malaga)\u201d, in M. \u00c1lvarez Mart\u00ed-Aguilar y F. Machuca Prieto (Hrsg.): <em>Historical Earthquakes, Tsunamis and Archaeology in the Iberian Peninsula<\/em>. Springer.<\/p>\n<p><span style=\"color: #999999;\">\u2014 In Druckvorbereitung<\/span><br \/>\n\u201cA Possible Earthquake in the Roman Phase of the Settlement of Los Castillejos de Teba (Malaga, Spain): Notes on Ancient Seismicity in the Provincia Baetica\u201d, <em>Vivre avec les ph\u00e9nom\u00e8nes sismiques en M\u00e9diterran\u00e9e antique et au-del\u00e0: mythe, histoire et arch\u00e9ologie de l\u2019antiquit\u00e9 au moyen-\u00e2ge<\/em>. Archaeopress.<\/p>\n<p><span style=\"color: #999999;\">\u2014 In Druckvorbereitung<\/span><br \/>\n\u201cTsunamis en la Iberia prerromana. Reflexiones desde lo interdisciplinar\u201d, <em>Las Sociedades \u00edberas: Historia y Arqueolog\u00eda, Editorial La Serran\u00eda<\/em>.<\/p>\n<p><span style=\"color: #999999;\">\u2014 In Druckvorbereitung<\/span><br \/>\n\u201cRezension von Cruz Andreotti, G. (ed.): Tras los pasos de Momigliano. Centralidad y alteridad en el mundo greco-romano, Ediciones Bellaterra, Barcelona, 2019, 334 S. [ISBN: 978-84-7290-945-8]\u201d. <em>Polis: Revista de ideas y formas pol\u00edticas de la Antig\u00fcedad Cl\u00e1sica<\/em>.<\/p>\n<p><span style=\"color: #999999;\">\u2014 2021<\/span><br \/>\n\u201cCr\u00f3nica del Simposio Internacional Tsunamis hist\u00f3ricos en la pen\u00ednsula ib\u00e9rica: un di\u00e1logo interdisciplinar (Museo de M\u00e1laga, 14 y 15 de febrero de 2019)\u201d. <em>Mainake<\/em>, 38.<\/p>\n<p><span style=\"color: #999999;\">\u2014 2020<\/span><br \/>\n\u201cRezension von Machuca Prieto, F.: Una forma fenicia de ser romano. Identidad e integraci\u00f3n de las comunidades fenicias de la Pen\u00ednsula Ib\u00e9rica bajo poder de Roma (SPAL. Monograf\u00edas Arqueolog\u00eda 29), Editorial Universidad de Sevilla, Sevilla, 2019, 420 S. [ISBN: 978-84-472-2864-5]\u201d. <em>Geri\u00f3n. Revista de Historia Antigua<\/em>, 38, S. 395-397.<\/p>\n<hr \/>\n<p><strong>Sonstiges<\/strong><\/p>\n<p><span style=\"color: #999999;\">\u2014 07\/2021-08\/2021<\/span><br \/>\nTeilnahme an arch\u00e4ologischer Ausgrabung (actividad arqueol\u00f3gica puntual) <em>\u201cAn\u00e1lisis microestratigr\u00e1fico para la identificaci\u00f3n de eventos catastr\u00f3ficos protohist\u00f3ricos en el yacimiento de \u00abEl Cerro del Villar\u00bb. M\u00e1laga\u201d<\/em>, im Rahmen des TSUNIBER-Projekts, unter der Aufsicht von Jos\u00e9 Su\u00e1rez Padilla.<\/p>\n<p><span style=\"color: #999999;\">\u2014 04\/2019-05\/2019<\/span><br \/>\nTeilnahme an arch\u00e4ologischer Ausgrabung (actividad arqueol\u00f3gica puntual) <em>\u201cSondeo arqueol\u00f3gico en el recinto superior del poblado ib\u00e9rico de Los Castillejos (Teba, M\u00e1laga)\u201d<\/em>, unter der Aufsicht von Francisco Melero Garc\u00eda.<\/p>\n<p><span style=\"color: #999999;\">\u2014 11\/2019<\/span><br \/>\nAssistenz der Vorbereitung der Internationalen Konferenz <em>\u00abWestern Mediterranean Palaeoclimate: Effects of paleoclimatic and catastrophic events since the Last Glacial Maximum (LGM) on mobility, migration and landscape evolution\u00bb<\/em>, Museum of M\u00e1laga, 14-16 November 2019.<\/p>\n","protected":false},"excerpt":{"rendered":"<p>Juan Manuel Mart\u00edn Casado Universidad de M\u00e1laga Facultad de Filosof\u00eda y Letras Depto. de Ciencias Hist\u00f3ricas Campus Universitario de Teatinos Blvr. Louis Pasteur 27 29010 M\u00e1laga JuanMMCasado@uma.es Promotionsprojekt: El papel de las cat\u00e1strofes naturales en el proceso hist\u00f3rico de las comunidades costeres de la pen\u00ednsula ib\u00e9rica en el primer milenio a.C. Akademische Laufbahn \u2014 2019- &hellip; <a href=\"https:\/\/www.toletum-network.com\/es\/teilnehmer\/juan-manuel-martin-casado\/\" class=\"more-link\">Continuar leyendo<span class=\"screen-reader-text\"> \u00abJuan Manuel Mart\u00edn Casado\u00bb<\/span><\/a><\/p>\n","protected":false},"author":8,"featured_media":0,"parent":18,"menu_order":0,"comment_status":"closed","ping_status":"closed","template":"","meta":{"jetpack_post_was_ever_published":false,"footnotes":""},"class_list":["post-16180","page","type-page","status-publish","hentry"],"jetpack_sharing_enabled":true,"jetpack_shortlink":"https:\/\/wp.me\/P82TDz-4cY","_links":{"self":[{"href":"https:\/\/www.toletum-network.com\/es\/wp-json\/wp\/v2\/pages\/16180","targetHints":{"allow":["GET"]}}],"collection":[{"href":"https:\/\/www.toletum-network.com\/es\/wp-json\/wp\/v2\/pages"}],"about":[{"href":"https:\/\/www.toletum-network.com\/es\/wp-json\/wp\/v2\/types\/page"}],"author":[{"embeddable":true,"href":"https:\/\/www.toletum-network.com\/es\/wp-json\/wp\/v2\/users\/8"}],"replies":[{"embeddable":true,"href":"https:\/\/www.toletum-network.com\/es\/wp-json\/wp\/v2\/comments?post=16180"}],"version-history":[{"count":2,"href":"https:\/\/www.toletum-network.com\/es\/wp-json\/wp\/v2\/pages\/16180\/revisions"}],"predecessor-version":[{"id":16185,"href":"https:\/\/www.toletum-network.com\/es\/wp-json\/wp\/v2\/pages\/16180\/revisions\/16185"}],"up":[{"embeddable":true,"href":"https:\/\/www.toletum-network.com\/es\/wp-json\/wp\/v2\/pages\/18"}],"wp:attachment":[{"href":"https:\/\/www.toletum-network.com\/es\/wp-json\/wp\/v2\/media?parent=16180"}],"curies":[{"name":"wp","href":"https:\/\/api.w.org\/{rel}","templated":true}]}}