{"id":15936,"date":"2021-12-06T10:38:15","date_gmt":"2021-12-06T09:38:15","guid":{"rendered":"https:\/\/www.toletum-network.com\/?page_id=15936"},"modified":"2021-12-13T19:54:45","modified_gmt":"2021-12-13T18:54:45","slug":"alejandro-pelaez-martin","status":"publish","type":"page","link":"https:\/\/www.toletum-network.com\/es\/teilnehmer\/alejandro-pelaez-martin\/","title":{"rendered":"Alejandro Pel\u00e1ez Mart\u00edn"},"content":{"rendered":"<p><\/p>\n<p class=\"entry-title\"><img loading=\"lazy\" decoding=\"async\" class=\"alignnone size-full wp-image-15933\" src=\"http:\/\/www.toletum-network.com\/wp-content\/uploads\/2021\/12\/alejandro-pelaez.jpg\" alt=\"Alejandro Pel\u00e1ez Mart\u00edn\" width=\"300\" height=\"228\" \/><\/p>\n<h3 class=\"entry-title\">Alejandro Pel\u00e1ez Mart\u00edn<\/h3>\n<div class=\"entry-content\">\n<p>Universidad Aut\u00f3noma de Madrid<br \/>\nFacultad de Filosof\u00eda y Letras<br \/>\nCiudad Universitaria de Cantoblanco<br \/>\nc\/ Francisco Tom\u00e1s y Valiente, 1<br \/>\n28049 Madrid<br \/>\n<a href=\"mailto:alejandro.pelaez@uam.es\">alejandro.pelaez@uam.es<\/a><\/p>\n<p><strong>Resumen de la tesis: <\/strong><a href=\"http:\/\/www.toletum-network.com\/wp-content\/uploads\/2021\/12\/La-ceremonia-de-la-bay\u2018a-en-el-Occidente-islamico-ss.-VIII-XV.pdf\">La ceremonia de la bay\u2018a en el Occidente isl\u00e1mico (ss. VIII-XV)<\/a><\/p>\n<hr \/>\n<p><strong>Education<\/strong><\/p>\n<p><span style=\"color: #999999;\">\u2014 2017-present<\/span><br \/>\nPh.D. Candidate, Universidad Aut\u00f3noma de Madrid. Ph.D. Program <em>Estudios Hisp\u00e1nicos: Lengua, Literatura, Historia y Pensamiento<\/em> (Hispanic Studies: Language, Literature, History and Thought). Advisors: Carlos de Ayala Mart\u00ednez (UAM) and Maribel Fierro Bello (ILC-CSIC). Title of Dissertation: <em>Recognition and transmission of political authority in al-Andalus and the Maghrib (8th-10th centuries): the bay\u2018a ceremony in the Islamic West<\/em>.<\/p>\n<p><span style=\"color: #999999;\">\u2014 2014-2016<\/span><br \/>\nUniversidad Aut\u00f3noma de Madrid. MA <em>M\u00e1ster en Estudios Medievales Hisp\u00e1nicos <\/em>(Hispanic Medieval Studies).<\/p>\n<p><span style=\"color: #999999;\">\u2014 2010-2014<\/span><br \/>\nUniversidad Aut\u00f3noma de Madrid. BA Hons degree in <em>History<\/em>.<\/p>\n<hr \/>\n<p><strong>Additional Education<\/strong><\/p>\n<p><span style=\"color: #999999;\">\u2014 July 2019<\/span><br \/>\nPost-graduate course UAM <em>Nombrar para comprender<\/em>. <em>T\u00e9rminos y conceptos para la historia medieval peninsular<\/em>, Casa \u00c1rabe, Madrid. Dir. by Maribel Fierro and Carlos de Ayala Mart\u00ednez.<\/p>\n<p><span style=\"color: #999999;\">\u2014 July 2017<\/span><br \/>\n<em>Intensive Summer Course: The Origins of al-Andalus: Conquest, Islamization and Arabization<\/em>, Casa \u00c1rabe, C\u00f3rdoba. Dir. by Maribel Fierro and Alejandro Garc\u00eda Sanju\u00e1n.<\/p>\n<p><span style=\"color: #999999;\">\u2014 July 2017<\/span><br \/>\nPost-graduate course <em>El libro medieval: del manuscrito a la era de Internet<\/em>. Universidad Complutense de Madrid. Dir. by Gemma Avenoza, Antonio Carpallo and Laura Fern\u00e1ndez.<\/p>\n<p><span style=\"color: #999999;\">\u2014 November 2016<\/span><br \/>\nSpanish National Research Council. Post-graduate course <em>Fuentes para el estudio de las relaciones entre cristianos, jud\u00edos y musulmanes en la Edad Media: arte, filolog\u00eda, historia<\/em>. (Sources for the study of the relationships between Christian, Jewish, and Muslim communities in the middle ages), CCHS-CSIC, Madrid. Dir. by Maribel Fierro and In\u00e9s Monteira.<\/p>\n<p><span style=\"color: #999999;\">\u2014 April 2016<\/span><br \/>\nPost-graduate course <em>Los califatos: desde los sucesores de Muhammad al Estado Isl\u00e1mico<\/em>, Universidad Aut\u00f3noma de Madrid. UAM, Madrid. Dir. by Carlos de Ayala Mart\u00ednez, J. Santiago Palacios Ontalva and Javier Albarr\u00e1n Iruela<\/p>\n<p><span style=\"color: #999999;\">\u2014 April-May 2015<\/span><br \/>\nPost-graduate course UAM-CSIC Al-Andalus wa-l-Magrib. <em>El Occidente isl\u00e1mico medieval: problemas y perspectivas<\/em>, UAM\/CCHS-CSIC, Madrid. Dir. by Maribel Fierro and Carlos de Ayala Mart\u00ednez.<\/p>\n<p><span style=\"color: #999999;\">\u2014 March 2014<\/span><br \/>\nPost-graduate course UAM-CSIC <em>Nombrar para comprender. T\u00e9rminos y conceptos para la historia medieval peninsular<\/em>, UAM\/CCHS-CSIC, Madrid. Dir. by Maribel Fierro and Carlos de Ayala Mart\u00ednez<\/p>\n<hr \/>\n<p><strong>Work Experience<\/strong><\/p>\n<p><span style=\"color: #999999;\">\u2014 2017-2022<\/span><br \/>\nPh.D. Candidate (Predoctoral contract FPU-University Professors Training Program) Universidad Aut\u00f3noma de Madrid.<\/p>\n<p><span style=\"color: #999999;\">\u2014 2017-2021<\/span><br \/>\nResearcher<br \/>\nResearch project: <em>Violencia religiosa en la Edad Media peninsular: guerra, discurso apolog\u00e9tico y relato historiogr\u00e1fico (ss. X-XV)<\/em><br \/>\nFunding institution: Ministerio de Econom\u00eda y competitividad (Economy and Competitiveness Ministry)<br \/>\nResearch team: Departamento de Historia Antigua, Historia Medieval, Paleograf\u00eda y Diplom\u00e1tica (Department of Ancient and Medieval History), Universidad Aut\u00f3noma de Madrid.<br \/>\nPrincipal investigator: Carlos de Ayala Mart\u00ednez (UAM) and J. Santiago Palacios Ontalva (UAM)<\/p>\n<hr \/>\n<p><strong>Awards and merits<\/strong><\/p>\n<p><span style=\"color: #999999;\">\u2014 2017-2022<\/span><br \/>\nPredoctoral scholarship\/contract FPU-University Professors Training Program. Universidad Aut\u00f3noma de Madrid and Ministerio de Educaci\u00f3n y Cultura (Education and Culture Ministry).<\/p>\n<p><span style=\"color: #999999;\">\u2014 2015<\/span><br \/>\nExtraordinary award for the best academic record in the BA Hons degree in History, Universidad Aut\u00f3noma de Madrid.<\/p>\n<p><span style=\"color: #999999;\">\u2014 2014-2015<\/span><br \/>\nScholarship to study for a Master\u2019s degree, Universidad Aut\u00f3noma de Madrid.<\/p>\n<p><span style=\"color: #999999;\">\u2014 2013-2014<\/span><br \/>\nScholarship of Collaboration in the Departamento de Historia Antigua, Medieval, Paleograf\u00eda y Diplom\u00e1tica (Department of Ancient and Medieval History) at the Universidad Aut\u00f3noma de Madrid.<\/p>\n<p><span style=\"color: #999999;\">\u2014 2013-2014<\/span><br \/>\nScholarship of Excellence, Government of Madrid.<\/p>\n<p><span style=\"color: #999999;\">\u2014 2012-2013<\/span><br \/>\nScholarship of Excellence, Government of Madrid.<\/p>\n<hr \/>\n<p><strong>Study &amp; Research stays abroad<\/strong><\/p>\n<p><span style=\"color: #999999;\">\u2014 April-July 2021<\/span><br \/>\nResearch Stay in the Center for Advanced Study \u00abRomanIslam &#8211; Center for Comparative Empire and Transcultural Studies\u00bb (Universit\u00e4t Hamburg) with Prof. Dr. Stefan Heidemann.<\/p>\n<p><span style=\"color: #999999;\">\u2014 April-June 2019<\/span><br \/>\nResearch Stay in the Faculty of Asian and Middle Eastern Studies, Queens\u2019 College (University of Cambridge) with Prof. Dr. Andrew Marsham.<\/p>\n<p><span style=\"color: #999999;\">\u2014 July-August 2018<\/span><br \/>\nArabic course. Dar Loughat, Cross-Cultural Language Center, Tetouan (Morocco).<\/p>\n<hr \/>\n<p><strong>Main research interests<\/strong><\/p>\n<p>Medieval Islamic History, Al-Andalus and the Maghrib, oath of allegiance, ceremony and rituals, enthronement, power and authority, Caliphate.<\/p>\n<hr \/>\n<p><strong>Publications<\/strong><\/p>\n<p><strong>Monographs<\/strong><\/p>\n<p>(<strong>2018<\/strong>) Pel\u00e1ez Mart\u00edn, Alejandro. El califa ausente. Cuestiones de autoridad en al-Andalus durante el siglo XI, La Erg\u00e1stula, Coll. \u00ab Master Universitario en Estudios Medievales Hisp\u00e1nicos, Monograf\u00edas \u00bb (15), Madrid.<br \/>\nReviewed by Wasserstein, David J. in M\u00e9langes de la Casa de Vel\u00e1zquez, 49-2, (2019). DOI: <a href=\"https:\/\/doi.org\/10.4000\/mcv.11917\" target=\"_blank\" rel=\"noopener\">https:\/\/doi.org\/10.4000\/mcv.11917 <\/a><\/p>\n<p><strong>Articles and book chapters<\/strong><\/p>\n<p>(<strong>Forthcoming<\/strong>) Pel\u00e1ez Mart\u00edn, A. \u201cGovernment and Institutions\u201d, in Garc\u00eda Sanju\u00e1n, A. (ed.), <em>The Taifa Kingdoms: Reconsidering 11th-century Iberia<\/em>, Brill.<\/p>\n<p>(<strong>2020<\/strong>) Pel\u00e1ez Mart\u00edn, Alejandro. \u201c\u00bfDesapareci\u00f3 el Califato en el 1031? Los Reinos Taifas y la cuesti\u00f3n califal en al-Andalus: siglo XI\u201d, in D\u00edaz-Plaza, A., Escudero, G. y Villarroel, \u00d3. (eds.), <em>Ca\u00edda y ascenso de las estructuras de poder en la Alta Edad Media<\/em>, Madrid, La Erg\u00e1stula, pp. 179-201.<\/p>\n<p>(<strong>2020<\/strong>) Pel\u00e1ez Mart\u00edn, Alejandro. \u201cReconocimiento y transmisi\u00f3n de la autoridad pol\u00edtica en el Occidente isl\u00e1mico (ss. viii-xv): la bay\u2018a en la din\u00e1mica imperial\u201d, in Dejugnat, Y. (ed.), <em>Exp\u00e9riences imp\u00e9riales. Les cultures politiques dans la p\u00e9ninsule Ib\u00e9rique et au Maghreb, VIIIe-XVe si\u00e8cles<\/em>, 3, Bordeaux, Ausonius \u00c9ditions, pp. 89-101.<\/p>\n<p>(<strong>2020<\/strong>) Pel\u00e1ez Mart\u00edn, Alejandro. \u201c\u00bfQu\u00e9 es la bay\u2018a? Definici\u00f3n y usos del juramento de lealtad en el occidente isl\u00e1mico (ss. viii- xv)\u201d, <em>Hesperia culturas del Mediterr\u00e1neo<\/em>, pp. 233-247.<\/p>\n<p>(<strong>2019<\/strong>) Pel\u00e1ez Mart\u00edn, Alejandro. \u201cLas escrituras del poder. Autoridad y legitimidad en el siglo XI en al-Andalus: los Reinos de Taifas\u201d, in Lamazou-Duplan, V. (ed.), <em>\u00c9critures du pouvoir. Les cultures politiques dans la p\u00e9ninsule Ib\u00e9rique et au Maghreb, VIIIe-XVe si\u00e8cles<\/em>, 2, Bordeaux, Ausonius \u00c9ditions, pp. 25-45.<\/p>\n<p>(<strong>2017<\/strong>) Pel\u00e1ez Mart\u00edn, Alejandro. \u201cLa imagen del poder p\u00fablico en al-Andalus a trav\u00e9s de las cr\u00f3nicas cristianas de los siglos XI, XII y XIII\u201d, <em>Revista Historia Aut\u00f3noma<\/em>, pp. 43-56. DOI: <a href=\"https:\/\/doi.org\/10.15366\/rha2017.11.002\" target=\"_blank\" rel=\"noopener\">https:\/\/doi.org\/10.15366\/rha2017.11.002 <\/a><\/p>\n<p><strong>Book reviews<\/strong><\/p>\n<p>Review of: Al-Andalus. Une histoire politique VIIIe &#8211; XIe s., by P. S\u00e9nac (Paris: Armand Colin, 2020; pp. 249, ISBN 978-2-200-62546-7) in Sehepunkte. Rezensions f\u00fcr die Geschitswissenschaften, Issue 21 (2021), No. 11. <a href=\"http:\/\/www.sehepunkte.de\/preview\/35833\" target=\"_blank\" rel=\"noopener\">http:\/\/www.sehepunkte.de\/preview\/35833 <\/a><\/p>\n<hr \/>\n<p><strong>Invited talks, seminars and conferences<\/strong><\/p>\n<p>(<strong>April 2014<\/strong>) \u201c\u2018Abd al-Ra\u1e25m\u0101n III y los f\u0101\u1e6dim\u00edes: un enfrentamiento simb\u00f3lico\u201d. Presented at the conference <em>IV Jornadas de Investigaci\u00f3n en Estudios Medievales Hisp\u00e1nicos<\/em>, Universidad Aut\u00f3noma de Madrid.<\/p>\n<p>(<strong>April 2015<\/strong>) \u201cAproximaci\u00f3n a los antecedentes del Juicio Final en el Cor\u00e1n\u201d. Presented at the conference <em>V Jornadas de Investigaci\u00f3n en Estudios Medievales Hisp\u00e1nicos<\/em>, Universidad Aut\u00f3noma de Madrid.<\/p>\n<p>(<strong>April 2016<\/strong>) \u201cLa soluci\u00f3n de \u2018abd All\u0101h: \u00bfcalifas ficticios o califas de Bagdad?\u201d. Presented at the conference V<em>I Jornadas de Investigaci\u00f3n en Estudios Medievales Hisp\u00e1nicos<\/em>, Universidad Aut\u00f3noma de Madrid.<\/p>\n<p>(<strong>May 2017<\/strong>) \u201c\u00bfCalifas fantasmas? La pervivencia de la idea califal en al-Andalus (siglo XI)\u201d. Presented at the conference <em>II Simposio de Estudios Medievales: \u00abDe la \u201cHistoria total\u201d a la interdisciplinaridad\u00bb<\/em>, Universidad Complutense de Madrid.<\/p>\n<p>(<strong>September 2017<\/strong>) \u201cEl califa ausente. La pervivencia de la idea califal en al-Andalus: siglo XI\u201d. Presented at the conference <em>Di\u00e1logo Hispano-Alem\u00e1n de Ciencias. Legado \u00e1rabe de Espa\u00f1a, Instituto de Lenguas y Culturas del Mediterr\u00e1neo y Oriente Pr\u00f3ximo<\/em>, Centro Superior de Investigaciones Cient\u00edficas, Madrid.<\/p>\n<p>(<strong>Mars 2018<\/strong>) \u201c\u00bfDesapareci\u00f3 el Califato en el 1031? Los Reinos de Taifas y la cuesti\u00f3n califal en al-Andalus: siglo XI\u201d. Presented at the conference <em>II Di\u00e1logos en Alta Edad Media: \u201cca\u00edda y ascenso de las estructuras de poder\u201d<\/em>, Universidad Complutense de Madrid.<\/p>\n<p>(<strong>October 2018<\/strong>) \u201cEl concepto de autoridad en al-\u00c1ndalus: siglo XI. El califa presente\u201d. Presented at the conference <em>Les cultures politiques dans la p\u00e9ninsule Ib\u00e9rique et au Maghreb (VIIIe -XVe si\u00e8cle). S\u00e9minaire international de formation avanc\u00e9e. Session 2018: \u00c9critures du pouvoir<\/em>, Bielle-en-Ossau, France.<\/p>\n<p>(<strong>January 2019<\/strong>) \u201cCr\u00f3nicas \u00e1rabes y medievalistas\u201d. Presented at the conference <em>Taller de Investigaci\u00f3n en Estudios Medievales<\/em>, Universidad de Valencia.<\/p>\n<p>(<strong>February 2019<\/strong>) \u201cEl califa ausente: Cuestiones de autoridad en al-Andalus durante el siglo XI\u201d. Presented at the conference <em>Primer encuentro hispano-marroqu\u00ed sobre el mundo medieval hispano-marroqu\u00ed, Hasna Daoud of Mohammad Daoud Library<\/em>, Tetouan, Morocco.<\/p>\n<p>(<strong>July 2019<\/strong>) \u201cInheritance, Power, and Legitimacy: The Ceremony of Bay\u2018a in al-Andalus, 10th-13th Centuries\u201d, presented at the <em>Leeds International Medieval Congress<\/em>, University of Leeds.<\/p>\n<p>(<strong>October 2019<\/strong>) \u201cReconocimiento y transmisi\u00f3n de la autoridad pol\u00edtica en al-Andalus y el Magreb (ss. VIII-XV): la ceremonia de la bay\u2018a en el Occidente isl\u00e1mico\u201d. Presented at the conference <em>S\u00e9minaire international de formation avanc\u00e9e. Les cultures politiques dans la p\u00e9ninsule Ib\u00e9rique et au Maghreb (VIIIe-XVe si\u00e8cles), Session 2019: Exp\u00e9riences imp\u00e9riales<\/em>, Bielle-en-Ossau, France.<\/p>\n<p>(<strong>October 2019<\/strong>) \u201cLa bay\u2018a al soberano en el Occidente isl\u00e1mico (siglos VIII-XV): \u00bfuna ceremonia religiosa?\u201d. Presented at the conference <em>Jornada de estudio Cultura pol\u00edtica y religi\u00f3n en la Edad Media peninsular<\/em>, Universidad Aut\u00f3noma de Madrid.<\/p>\n<p>(<strong>December 2020<\/strong>) \u201cLa ceremonia de la bay\u2018a al soberano en Oriente y Occidente (ss. VIII-XV): una perspectiva comparada\u201d. Presented at the conference <em>Mediterr\u00e1neoS 2020. Jornadas Internacionales de J\u00f3venes Investigadores en Lenguas y Culturas del Mediterr\u00e1neo y Oriente Pr\u00f3ximo, Instituto de Lenguas y Culturas del Mediterr\u00e1neo y Oriente Pr\u00f3ximo<\/em>, Centro Superior de Investigaciones Cient\u00edficas, Madrid.<\/p>\n<p>(<strong>May 2021<\/strong>) \u201cThe Ceremony of Bay\u2018a in the Islamic West, 8th-15th Centuries: an introduction\u201d. Presented at the <em>Jour Fixe<\/em>, RomanIslam Center for Comparative Empire and Transcultural Studies, Universit\u00e4t Hamburg.<\/p>\n<p>(<strong>July 2021<\/strong>) \u201cSalvaci\u00f3n y mesianismo en las bay\u2018\u0101t del Occidente isl\u00e1mico (ss. VIII-XV)\u201d. Presented at the conference <em>Congreso Internacional Virtual \u00abLa escatolog\u00eda medieval\u00bb<\/em>, Universidade de Santiago de Compostela.<\/p>\n<p>(<strong>November 2021<\/strong>) \u201cLa ceremonia de la bay\u2018a en el Occidente isl\u00e1mico (siglos VIII-XV)\u201d. Presented at the conference <em>Toletum XII. Workshop 2021, Neueste Forschungen zur Iberischen Halbinsel, TOLETUM. Netzwerk zur Erforschung der Iberischen Halbinsel in der Antike<\/em>, Warburg-Haus (Hamburg), Universit\u00e4t Hamburg.<\/p>\n<hr \/>\n<p><strong>Conference organization<\/strong><\/p>\n<p>(<strong>February 2018<\/strong>) Organization at the<em> VI Congreso Internacional de J\u00f3venes Medievalistas<\/em>, Universidad Aut\u00f3noma de Madrid.<\/p>\n<p>(<strong>Mars 2015<\/strong>) Coordinator of the <em>II Seminario de extensi\u00f3n hist\u00f3rica: el rey Arturo en el cine<\/em> at the Universidad Aut\u00f3noma de Madrid.<\/p>\n<p>(<strong>April 2016<\/strong>) Coordinator of the <em>VI Jornadas de Investigaci\u00f3n en Estudios Medievales Hisp\u00e1nicos<\/em> at the Universidad Aut\u00f3noma de Madrid.<\/p>\n<p>(<strong>April 2015<\/strong>) Organization at the<em> V Jornadas de Investigaci\u00f3n en Estudios Medievales Hisp\u00e1nicos<\/em> at the Universidad Aut\u00f3noma de Madrid.<\/p>\n<\/div>\n<p><\/p>","protected":false},"excerpt":{"rendered":"<p>Alejandro Pel\u00e1ez Mart\u00edn Universidad Aut\u00f3noma de Madrid Facultad de Filosof\u00eda y Letras Ciudad Universitaria de Cantoblanco c\/ Francisco Tom\u00e1s y Valiente, 1 28049 Madrid alejandro.pelaez@uam.es Resumen de la tesis: La ceremonia de la bay\u2018a en el Occidente isl\u00e1mico (ss. VIII-XV) Education \u2014 2017-present Ph.D. Candidate, Universidad Aut\u00f3noma de Madrid. Ph.D. Program Estudios Hisp\u00e1nicos: Lengua, Literatura, &hellip; <a href=\"https:\/\/www.toletum-network.com\/es\/teilnehmer\/alejandro-pelaez-martin\/\" class=\"more-link\">Continuar leyendo<span class=\"screen-reader-text\"> \u00abAlejandro Pel\u00e1ez Mart\u00edn\u00bb<\/span><\/a><\/p>\n","protected":false},"author":8,"featured_media":0,"parent":18,"menu_order":0,"comment_status":"closed","ping_status":"closed","template":"","meta":{"jetpack_post_was_ever_published":false,"footnotes":""},"class_list":["post-15936","page","type-page","status-publish","hentry"],"jetpack_sharing_enabled":true,"jetpack_shortlink":"https:\/\/wp.me\/P82TDz-492","_links":{"self":[{"href":"https:\/\/www.toletum-network.com\/es\/wp-json\/wp\/v2\/pages\/15936","targetHints":{"allow":["GET"]}}],"collection":[{"href":"https:\/\/www.toletum-network.com\/es\/wp-json\/wp\/v2\/pages"}],"about":[{"href":"https:\/\/www.toletum-network.com\/es\/wp-json\/wp\/v2\/types\/page"}],"author":[{"embeddable":true,"href":"https:\/\/www.toletum-network.com\/es\/wp-json\/wp\/v2\/users\/8"}],"replies":[{"embeddable":true,"href":"https:\/\/www.toletum-network.com\/es\/wp-json\/wp\/v2\/comments?post=15936"}],"version-history":[{"count":5,"href":"https:\/\/www.toletum-network.com\/es\/wp-json\/wp\/v2\/pages\/15936\/revisions"}],"predecessor-version":[{"id":15999,"href":"https:\/\/www.toletum-network.com\/es\/wp-json\/wp\/v2\/pages\/15936\/revisions\/15999"}],"up":[{"embeddable":true,"href":"https:\/\/www.toletum-network.com\/es\/wp-json\/wp\/v2\/pages\/18"}],"wp:attachment":[{"href":"https:\/\/www.toletum-network.com\/es\/wp-json\/wp\/v2\/media?parent=15936"}],"curies":[{"name":"wp","href":"https:\/\/api.w.org\/{rel}","templated":true}]}}