{"id":15930,"date":"2021-12-06T10:43:53","date_gmt":"2021-12-06T09:43:53","guid":{"rendered":"https:\/\/www.toletum-network.com\/?page_id=15930"},"modified":"2021-12-06T10:43:53","modified_gmt":"2021-12-06T09:43:53","slug":"prof-dr-lazaro-lagostena-barrios","status":"publish","type":"page","link":"https:\/\/www.toletum-network.com\/es\/teilnehmer\/prof-dr-lazaro-lagostena-barrios\/","title":{"rendered":"Prof. Dr. L\u00e1zaro Lag\u00f3stena Barrios"},"content":{"rendered":"<p><img loading=\"lazy\" decoding=\"async\" class=\"alignnone wp-image-15928 size-full\" src=\"http:\/\/www.toletum-network.com\/wp-content\/uploads\/2021\/12\/gabriel-lazaro-lagostena.jpg\" width=\"300\" height=\"217\" \/><\/p>\n<h3 class=\"entry-title\">Prof. Dr. L\u00e1zaro Gabriel Lag\u00f3stena Barrios<\/h3>\n<div class=\"entry-content\">\n<p>Departamento Historia, Geograf\u00eda y Filosof\u00eda<br \/>\nFacultad de Filosof\u00eda y Letras<br \/>\nAv. Gomez Ulla, s\/n<br \/>\nE-11003 C\u00e1diz<br \/>\n<a href=\"mailto:lazaro.lagostena@uca.es\">lazaro.lagostena@uca.es<\/a><\/p>\n<p><span style=\"color: #999999;\"><a style=\"color: #999999;\" href=\"https:\/\/directorio.uca.es\/cau\/directorio.do?persona=14506\">CV<\/a><\/span><\/p>\n<p><strong><span style=\"color: #800080;\"><a style=\"color: #800080; text-decoration: underline;\" href=\"https:\/\/www.toletum-network.com\/es\/workshops\/xii-workshop-2021\/\">Toletum XII \u00daltimas novedades y l\u00edneas de investigaci\u00f3n sobre la Pen\u00ednsula Ib\u00e9rica<\/a><\/span><\/strong><\/p>\n<\/div>\n<p><\/p>","protected":false},"excerpt":{"rendered":"<p>Prof. Dr. L\u00e1zaro Gabriel Lag\u00f3stena Barrios Departamento Historia, Geograf\u00eda y Filosof\u00eda Facultad de Filosof\u00eda y Letras Av. Gomez Ulla, s\/n E-11003 C\u00e1diz lazaro.lagostena@uca.es CV Toletum XII \u00daltimas novedades y l\u00edneas de investigaci\u00f3n sobre la Pen\u00ednsula Ib\u00e9rica<\/p>\n","protected":false},"author":8,"featured_media":0,"parent":18,"menu_order":0,"comment_status":"closed","ping_status":"closed","template":"","meta":{"jetpack_post_was_ever_published":false,"footnotes":""},"class_list":["post-15930","page","type-page","status-publish","hentry"],"jetpack_sharing_enabled":true,"jetpack_shortlink":"https:\/\/wp.me\/P82TDz-48W","_links":{"self":[{"href":"https:\/\/www.toletum-network.com\/es\/wp-json\/wp\/v2\/pages\/15930","targetHints":{"allow":["GET"]}}],"collection":[{"href":"https:\/\/www.toletum-network.com\/es\/wp-json\/wp\/v2\/pages"}],"about":[{"href":"https:\/\/www.toletum-network.com\/es\/wp-json\/wp\/v2\/types\/page"}],"author":[{"embeddable":true,"href":"https:\/\/www.toletum-network.com\/es\/wp-json\/wp\/v2\/users\/8"}],"replies":[{"embeddable":true,"href":"https:\/\/www.toletum-network.com\/es\/wp-json\/wp\/v2\/comments?post=15930"}],"version-history":[{"count":6,"href":"https:\/\/www.toletum-network.com\/es\/wp-json\/wp\/v2\/pages\/15930\/revisions"}],"predecessor-version":[{"id":15950,"href":"https:\/\/www.toletum-network.com\/es\/wp-json\/wp\/v2\/pages\/15930\/revisions\/15950"}],"up":[{"embeddable":true,"href":"https:\/\/www.toletum-network.com\/es\/wp-json\/wp\/v2\/pages\/18"}],"wp:attachment":[{"href":"https:\/\/www.toletum-network.com\/es\/wp-json\/wp\/v2\/media?parent=15930"}],"curies":[{"name":"wp","href":"https:\/\/api.w.org\/{rel}","templated":true}]}}