{"id":15858,"date":"2021-11-24T13:16:35","date_gmt":"2021-11-24T11:16:35","guid":{"rendered":"https:\/\/www.toletum-network.com\/?page_id=15858"},"modified":"2021-12-13T19:49:34","modified_gmt":"2021-12-13T18:49:34","slug":"miriam-gonzalez-nieto","status":"publish","type":"page","link":"https:\/\/www.toletum-network.com\/es\/teilnehmer\/miriam-gonzalez-nieto\/","title":{"rendered":"Miriam Gonz\u00e1lez Nieto"},"content":{"rendered":"<p><\/p>\n<p class=\"entry-title\"><img loading=\"lazy\" decoding=\"async\" class=\"alignnone size-full wp-image-15859\" src=\"http:\/\/www.toletum-network.com\/wp-content\/uploads\/2021\/11\/miriam-gonzalez.jpeg\" alt=\"Miriam Gonz\u00e1lez Nieto\" width=\"293\" height=\"302\" srcset=\"https:\/\/www.toletum-network.com\/wp-content\/uploads\/2021\/11\/miriam-gonzalez.jpeg 293w, https:\/\/www.toletum-network.com\/wp-content\/uploads\/2021\/11\/miriam-gonzalez-291x300.jpeg 291w\" sizes=\"auto, (max-width: 293px) 85vw, 293px\" \/><\/p>\n<h3 class=\"entry-title\">Miriam Gonz\u00e1lez Nieto<\/h3>\n<div class=\"entry-content\">\n<p>Universidad Nacional de Educaci\u00f3n a Distancia<br \/>\nPrehistoria y Arqueolog\u00eda, Geograf\u00eda e Historia<br \/>\nc\/Senda del Rey, 7<br \/>\nE-28040 Madrid<br \/>\n<a href=\"mailto:miriamgonzalez@geo.uned.es\">miriamgonzalez@geo.uned.es<\/a><\/p>\n<p><strong>P\u00e1gina web<\/strong><br \/>\n<a href=\"https:\/\/uned-es.academia.edu\/MiriamGonz%C3%A1lezNieto\">https:\/\/uned-es.academia.edu\/MiriamGonz%C3%A1lezNieto<\/a><\/p>\n<p><strong>Resumen de la tesis: <\/strong><a href=\"http:\/\/www.toletum-network.com\/wp-content\/uploads\/2021\/12\/Vias-romanas-en-la-vertiente-norte-de-Sierra-Morena.pdf\">V\u00edas romanas en la vertiente norte de Sierra Morena<\/a><\/p>\n<hr \/>\n<p><strong>Trayectoria<\/strong><\/p>\n<p><span style=\"color: #999999;\">\u2014 07\/2021<\/span><br \/>\nM\u00e1ster Universitario en m\u00e9todos y t\u00e9cnicas avanzadas de investigaci\u00f3n hist\u00f3rica, art\u00edstica y geogr\u00e1fica (UNED).<br \/>\nT\u00edtulo del Trabajo Fin de M\u00e1ster: Estado de la cuesti\u00f3n sobre las v\u00edas antiguas en el \u00e1rea noroccidental del conventus cordubensis. Calificaci\u00f3n obtenida: 10<\/p>\n<p><span style=\"color: #999999;\">\u2014 07\/2020<\/span><br \/>\nGraduada en Historia (UCO).<br \/>\nT\u00edtulo del Trabajo Fin de Grado: Distribuci\u00f3n y comercializaci\u00f3n de la terra sigillata en la Beturia Turdula: las importaciones de vajilla y las marcas de alfarero en Mellaria. Calificaci\u00f3n obtenida: 9.5<\/p>\n<hr \/>\n<p><strong>Excavaciones, prospecciones y actividades<\/strong><\/p>\n<p>Prospecci\u00f3n geomagn\u00e9ticas en Sierra Boyera -Belmez<\/p>\n<p><span style=\"color: #999999;\">\u2014 07\/2021<\/span><br \/>\nParticipaci\u00f3n en el 75\u00ba Curso de Arqueolog\u00eda de Empuries<\/p>\n<p><span style=\"color: #999999;\">\u2014 2020<\/span><br \/>\nColaboraci\u00f3n en la catalogaci\u00f3n de las cer\u00e1micas romanas del yacimiento de Mellaria (Fuente Obejuna, C\u00f3rdoba)<\/p>\n<p><span style=\"color: #999999;\">\u2014 2019<\/span><br \/>\nParticipaci\u00f3n en las excavaciones del Anfiteatro de Torreparedones (Baena, C\u00f3rdoba)<\/p>\n<p><span style=\"color: #999999;\">\u2014 2017<\/span><br \/>\nColaboraci\u00f3n en la catalogaci\u00f3n de piezas arqueol\u00f3gicas pertenecientes al Teatro Romano de C\u00f3rdoba<\/p>\n<p><span style=\"color: #999999;\">\u2014 11\/2016<\/span><br \/>\nParticipaci\u00f3n en las labores de Prospecci\u00f3n Geof\u00edsica y Geoqu\u00edmica del Conjunto Arqueol\u00f3gico de Madinat al-Zahra realizada por la Newcastle University<\/p>\n<hr \/>\n<p><strong>Proyectos de I+D+i financiados en convocatorias competitivas de Administraciones o entidades p\u00fablicas y privada<\/strong><\/p>\n<p>Producci\u00f3n y circulaci\u00f3n de bienes en el reborde meridional de la meseta (sur de la provincia de Ciudad Real) entre la prehistoria reciente y el fin de la antig\u00fcedad, Universidad Nacional de<br \/>\nEducaci\u00f3n a Distancia<\/p>\n<p><span style=\"color: #999999;\">\u2014 Inicio 2021<\/span><br \/>\nAger Mellariensis II: La explotaci\u00f3n y el poblamiento del sector central de la tierra de Corduba que no cesaba de ser de oro, Universidad de C\u00f3rdoba<\/p>\n<p><span style=\"color: #999999;\">\u2014 01\/2020-12\/2021<\/span><br \/>\nM\u00e9todos de teledetecci\u00f3n y de m\u00ednima invasi\u00f3n para la revalorizaci\u00f3n de los paisajes arqueol\u00f3gicos y la cultura material de \u00e1mbito rural en la provincia de C\u00f3rdoba (SensingAqueoRuralC\u00f3), Universidad de C\u00f3rdoba<\/p>\n<p><span style=\"color: #999999;\">\u2014 12\/2016-12\/2020<\/span><br \/>\nAger Mellariensis. Arqueolog\u00eda, el medio y el espacio para la configuracion, sociabilizacion y competitividad de un territorio patrimonial inteligente y diverso, Universidad de C\u00f3rdoba<\/p>\n<hr \/>\n<p><strong>Publicaciones, documentos cient\u00edficos y t\u00e9cnicos<\/strong><\/p>\n<p>-Jos\u00e9 Luis Dominguez Jim\u00e9nez; Buenaventura Castilla Agredano; Miriam Gonz\u00e1lez Nieto; Manuel Moreno Alcaide;<br \/>\nAntonio Monterroso Checa. Preparing rural heritage for another kind of covid pandemic: heritage digitalization<br \/>\nstrategies in the Alto Guadiato valley and Subbetica of Cordoba, Spain. SCIRES-IT &#8211; SCIentific RESearch and<br \/>\nInformation Technology. 11 &#8211; 1, 2021.<\/p>\n<p>-Miriam Gonz\u00e1lez Nieto. Distribuci\u00f3n y comercializaci\u00f3n de la terra sigillata en la Beturia Turdula:importaciones<br \/>\nde vajilla y marcas de alfarero en Mellaria. ANCIAN, 5. C\u00f3rdoba, Andaluc\u00eda(Espa\u00f1a): Ucopress, 2021<\/p>\n<p>-Jos\u00e9 Luis Dominguez Jim\u00e9nez; Miriam Gonz\u00e1lez Nieto. Modelos fotogram\u00e9tricos para el estudio de la<br \/>\nrehabilitaci\u00f3n medieval de la v\u00eda Corduba-Emerita en el entorno del Santuario Linares (C\u00f3rdoba). Antiqvitas. 31,<br \/>\npp. 21 &#8211; 30. 23\/04\/2019.<\/p>\n<p>-Manuel Moreno Alcaide; Antonio J. Monterroso Checa; Miriam Gonz\u00e1lez Nieto. Las importaciones de vajilla fina de<br \/>\nmesa en Mellaria. Distribuci\u00f3n y comercializaci\u00f3n de terra sigillata en la Beturia t\u00fardula.SECAH.<\/p>\n<p>-Miriam Gonz\u00e1lez Nieto; Manuel Moreno Alcaide; Antonio J. Monterroso Checa. Marcas de alfarero sobre terra<br \/>\nsigillata procedentes del yacimiento de Mellaria (Fuente Obejuna, C\u00f3rdoba). SECAH.<\/p>\n<hr \/>\n<p><strong>Trabajos presentados en congresos nacionales o internacionales<\/strong><\/p>\n<p><span style=\"color: #999999;\">\u2014 11\/2021<\/span><br \/>\nLas v\u00edas de comunicaci\u00f3n en la vertiente Norte de Sierra Morena (mitad sur de la provincia de Ciudad Real): una propuesta metodol\u00f3gica.<br \/>\nToletum XII &#8211; \u00daltimas novedades y l\u00edneas de investigaci\u00f3n sobre la Pen\u00ednsula Ib\u00e9rica (ss. III a.C. \u2013 IX d.C.) \/ Neueste Forschungen zur Iberischen Halbinsel (3. Jh. v. Chr. \u2013 9. Jh. n. Chr.), Hamburgo<\/p>\n<p><span style=\"color: #999999;\">\u2014 03\/2020<\/span><br \/>\nLa tecnolog\u00eda al servicio de la Historia: aplicaciones deteledetecci\u00f3n pr\u00f3xima y remota en la documentaci\u00f3n arqueol\u00f3gica,<br \/>\nCongreso J\u00f3venes investigadoras\/es de la Prehistoria y Protohistoria de Andaluc\u00eda, C\u00f3rdoba<\/p>\n<p><span style=\"color: #999999;\">\u2014 11\/2019<\/span><br \/>\nLas importaciones de vajilla fina de mesa en Mellaria. Distribuci\u00f3n y comercializaci\u00f3n de terra sigillata en la Beturia t\u00fardula,<br \/>\nV Congreso internacional de la sociedad de estudios de la cer\u00e1mica antigua en Hispania &#8211; SECAH, Alcal\u00e1 de Henares, Comunidad de Madrid<\/p>\n<p>Marcas de alfarero sobre terra sigillata procedentes del yacimiento de Mellaria (Fuente Obejuna, C\u00f3rdoba),<br \/>\nV Congreso internacional de la sociedad de estudios de la cer\u00e1mica antigua en Hispania &#8211; SECAH, Alcal\u00e1 de Henares, Comunidad de Madrid<\/p>\n<hr \/>\n<p><strong>Trabajos presentados en jornadas, seminarios, talleres de trabajo y\/o cursos nacionales o internacionales<\/strong><\/p>\n<p><span style=\"color: #999999;\">\u2014 07\/2020<\/span><br \/>\nLa terra sigillata en Mellaria: an\u00e1lisis de las importaciones de vajilla y las marcas de alfarero,<br \/>\nVIII Curso Internacional de Verano de Arqueolog\u00eda en Do\u00f1a Menc\u00eda: La Subb\u00e9tica mira a Sierra Morena: el Norte de la provincia de C\u00f3rdoba desde el Sur, Andaluc\u00eda<\/p>\n<p><span style=\"color: #999999;\">\u2014 12\/2018<\/span><br \/>\nModelos fotogram\u00e9tricos para el estudio de la rehabilitaci\u00f3n medieval de la v\u00eda Corduba-Em\u00e9rita en el entorno del Santuario de Linares-C\u00f3rdoba,<br \/>\nTerritorio y viabilidad en Al &#8211; Andalus, C\u00f3rdoba<\/p>\n<p><span style=\"color: #999999;\">\u2014 11\/2016<\/span><br \/>\nEl puente del arroyo Linares (C\u00f3rdoba). Estructura, cronolog\u00eda y consecuencias sobre el transito de la antigua v\u00eda a Emerita,<br \/>\nMellariae alumni, C\u00f3rdoba<\/p>\n<hr \/>\n<p><strong>Otras actividades de divulgaci\u00f3n<\/strong><\/p>\n<p><span style=\"color: #999999;\">\u2014 11\/2019<\/span><br \/>\nExposici\u00f3n de la vajilla romana de la Colecci\u00f3n Mellariense,<br \/>\nA la mesa en Mellaria, Fuente Obejuna, Andaluc\u00eda<\/p>\n<p><span style=\"color: #999999;\">\u2014 09\/2019<\/span><br \/>\nLa noche europea de los investigadores, C\u00f3rdoba<\/p>\n<p><strong>Ayudas y becas obtenidas<\/strong><\/p>\n<p><span style=\"color: #999999;\">\u2014 08\/2017-02\/2018<\/span><br \/>\nERASMUS, Universidad de Siena<\/p>\n<p><span style=\"color: #999999;\">\u2014 10\/2016-02\/2018<\/span><br \/>\nAlumna Colaboradora, Universidad de C\u00f3rdoba<\/p>\n<\/div>\n<p><\/p>","protected":false},"excerpt":{"rendered":"<p>Miriam Gonz\u00e1lez Nieto Universidad Nacional de Educaci\u00f3n a Distancia Prehistoria y Arqueolog\u00eda, Geograf\u00eda e Historia c\/Senda del Rey, 7 E-28040 Madrid miriamgonzalez@geo.uned.es P\u00e1gina web https:\/\/uned-es.academia.edu\/MiriamGonz%C3%A1lezNieto Resumen de la tesis: V\u00edas romanas en la vertiente norte de Sierra Morena Trayectoria \u2014 07\/2021 M\u00e1ster Universitario en m\u00e9todos y t\u00e9cnicas avanzadas de investigaci\u00f3n hist\u00f3rica, art\u00edstica y geogr\u00e1fica (UNED). &hellip; <a href=\"https:\/\/www.toletum-network.com\/es\/teilnehmer\/miriam-gonzalez-nieto\/\" class=\"more-link\">Continuar leyendo<span class=\"screen-reader-text\"> \u00abMiriam Gonz\u00e1lez Nieto\u00bb<\/span><\/a><\/p>\n","protected":false},"author":8,"featured_media":0,"parent":18,"menu_order":0,"comment_status":"closed","ping_status":"closed","template":"","meta":{"jetpack_post_was_ever_published":false,"footnotes":""},"class_list":["post-15858","page","type-page","status-publish","hentry"],"jetpack_sharing_enabled":true,"jetpack_shortlink":"https:\/\/wp.me\/P82TDz-47M","_links":{"self":[{"href":"https:\/\/www.toletum-network.com\/es\/wp-json\/wp\/v2\/pages\/15858","targetHints":{"allow":["GET"]}}],"collection":[{"href":"https:\/\/www.toletum-network.com\/es\/wp-json\/wp\/v2\/pages"}],"about":[{"href":"https:\/\/www.toletum-network.com\/es\/wp-json\/wp\/v2\/types\/page"}],"author":[{"embeddable":true,"href":"https:\/\/www.toletum-network.com\/es\/wp-json\/wp\/v2\/users\/8"}],"replies":[{"embeddable":true,"href":"https:\/\/www.toletum-network.com\/es\/wp-json\/wp\/v2\/comments?post=15858"}],"version-history":[{"count":6,"href":"https:\/\/www.toletum-network.com\/es\/wp-json\/wp\/v2\/pages\/15858\/revisions"}],"predecessor-version":[{"id":15993,"href":"https:\/\/www.toletum-network.com\/es\/wp-json\/wp\/v2\/pages\/15858\/revisions\/15993"}],"up":[{"embeddable":true,"href":"https:\/\/www.toletum-network.com\/es\/wp-json\/wp\/v2\/pages\/18"}],"wp:attachment":[{"href":"https:\/\/www.toletum-network.com\/es\/wp-json\/wp\/v2\/media?parent=15858"}],"curies":[{"name":"wp","href":"https:\/\/api.w.org\/{rel}","templated":true}]}}