{"id":15831,"date":"2021-11-18T11:06:10","date_gmt":"2021-11-18T09:06:10","guid":{"rendered":"https:\/\/www.toletum-network.com\/?page_id=15831"},"modified":"2021-12-13T19:34:25","modified_gmt":"2021-12-13T18:34:25","slug":"jose-luis-domingues-jimenez","status":"publish","type":"page","link":"https:\/\/www.toletum-network.com\/es\/teilnehmer\/jose-luis-domingues-jimenez\/","title":{"rendered":"Jos\u00e9 Luis Dom\u00ednguez Jim\u00e9nez"},"content":{"rendered":"<p><img loading=\"lazy\" decoding=\"async\" class=\"alignnone size-full wp-image-15816\" src=\"http:\/\/www.toletum-network.com\/wp-content\/uploads\/2021\/11\/dominguez-jimenez.jpg\" alt=\"Jos\u00e9 Luis Dom\u00ednguez Jim\u00e9nez\" width=\"300\" height=\"238\" \/><\/p>\n<h3 class=\"entry-title\">Jos\u00e9 Luis Dom\u00ednguez Jim\u00e9nez<\/h3>\n<p>Universidad de C\u00f3rdoba<br \/>\nFacultad de Filosofia y Letras<br \/>\nArea de Arqueolog\u00eda<br \/>\nEdificio nuevo. 1\u00aa planta. Despacho 5<br \/>\nPlaza del Cardenal Salazar, 3<br \/>\nE-14071 C\u00f3rdoba<br \/>\n<a href=\"mailto:l52dojij@uco.es\">l52dojij@uco.es<\/a><\/p>\n<p><strong>P\u00e1gina web<\/strong><br \/>\n<a href=\"https:\/\/www.researchgate.net\/profile\/Jose-Dominguez-Jimenez-2\">https:\/\/www.researchgate.net\/profile\/Jose-Dominguez-Jimenez-2<\/a><\/p>\n<p><strong>Resumen de la tesis: <a href=\"http:\/\/www.toletum-network.com\/wp-content\/uploads\/2021\/12\/La-configuracion-logistica-del-Conventus-Cordubensis.pdf\">La configuraci\u00f3n log\u00edstica del Conventus Cordubensis<\/a><\/strong><\/p>\n<hr \/>\n<p><strong>Formaci\u00f3n y trayectoria<\/strong><\/p>\n<p><span style=\"color: #999999;\">\u2014 desde 2020<\/span><br \/>\nDoctorando en Patrimonio con beca FPU en la Universidad de C\u00f3rdoba<\/p>\n<p><span style=\"color: #999999;\">\u2014 2019-2020<\/span><br \/>\nM\u00e1ster en Gesti\u00f3n del Patrimonio desde el Municipio, con TFM Matr\u00edcula de Honor<\/p>\n<p><span style=\"color: #999999;\">\u2014 2015-2019<\/span><br \/>\nGraduado en Historia, terminado con once Matriculas de Honor<\/p>\n<hr \/>\n<p><strong>Excavaciones, prospecciones y actividades<\/strong><\/p>\n<p><span style=\"color: #999999;\">\u2014 07\/2021<\/span><br \/>\nParticipaci\u00f3n en el 75\u00ba Curso de Arqueolog\u00eda de Emp\u00faries<\/p>\n<p><span style=\"color: #999999;\">\u2014 2020<\/span><br \/>\nColaboraci\u00f3n en la Catalogaci\u00f3n de las cer\u00e1micas romanas del yacimiento de Mellaria (Fuente Obejuna, C\u00f3rdoba=<\/p>\n<p><span style=\"color: #999999;\">\u2014 2019<\/span><br \/>\nParticipaci\u00f3n en las excavaciones del Anfiteatro de Torreparedones (Baena, C\u00f3rdoba)<\/p>\n<p><span style=\"color: #999999;\">\u2014 07\/2017-08\/2017<\/span><br \/>\nParticipaci\u00f3n con la Universit\u00e0 Degli Studi Di Urbino Carlo Bo (Italia) para la XVI Campa\u00f1a de Excavaci\u00f3n del Castillo de Monte Copiolo (Urbino),<\/p>\n<p><span style=\"color: #999999;\">\u2014 2017<\/span><br \/>\nColaboraci\u00f3n en la catalogaci\u00f3n de piezas arqueol\u00f3gicas pertenecientes al Teatro Romano de C\u00f3rdoba bajo la supervisi\u00f3n del Dr. Massimo Gasparini<\/p>\n<p><span style=\"color: #999999;\">\u2014 11\/2016<\/span><br \/>\nParticipaci\u00f3n en las labores de Prospecci\u00f3n Geof\u00edsica y Geoqu\u00edmica del Conjunto Arqueol\u00f3gico de Madinat al-Zahra (noviembre, 2016) realizada por la Newcastle University<\/p>\n<hr \/>\n<p><strong>Actividad cient\u00edfica o tecnol\u00f3gica<\/strong><\/p>\n<p><strong>Proyectos de I+D+i financiados en convocatorias competitivas de Administraciones o entidades p\u00fablicas y privadas<\/strong><\/p>\n<p><span style=\"color: #999999;\">\u2014 2021-<\/span><br \/>\nEI-HERITAGE: medio, explotaci\u00f3n minera e industria metal\u00fargica en el sector central de la beturia de los t\u00fardulos\/Conventus Cordubensis (s.vii a.n.e -s. Ii d.n.e). Ciencias aplicadas a la investigaci\u00f3n de un paisaje patrimonial.<\/p>\n<p><span style=\"color: #999999;\">\u2014 2021-<\/span><br \/>\nAger Mellariensis II: La explotaci\u00f3n y el poblamiento del sector central de la tierra de Corduba que no cesaba de ser de oro.<\/p>\n<p><span style=\"color: #999999;\">\u2014 01\/2020-12\/2021<\/span><br \/>\nM\u00e9todos de teledetecci\u00f3n y de m\u00ednima invasi\u00f3n para la revalorizaci\u00f3n de los paisajes arqueol\u00f3gicos y la cultura material de \u00e1mbito rural en la provincia de C\u00f3rdoba (SensingAqueoRuralC\u00f3)<\/p>\n<p><span style=\"color: #999999;\">\u2014 12\/2016-12\/2020<\/span><br \/>\nAger Mellariensis. Arqueolog\u00eda, el medio y el espacio para la configuracion, sociabilizacion y competitividad de un territorio patrimonial inteligente y diverso<\/p>\n<hr \/>\n<p><strong>Producci\u00f3n cient\u00edfica<\/strong><\/p>\n<p><strong>Publicaciones, documentos cient\u00edficos y t\u00e9cnicos<\/strong><\/p>\n<p>-Jos\u00e9 Luis Dom\u00ednguez Jim\u00e9nez. El camino romano de los Morales (C\u00f3rdoba): estudio arqueol\u00f3gico de una v\u00eda<br \/>\nminera. Cuadernos de Arqueolog\u00eda de la Universidad de Navarra. 29, pp. 1 &#8211; 22. 2021.<\/p>\n<p>-Jos\u00e9 Luis Dom\u00ednguez Jim\u00e9nez; Buenaventura Castilla Agredano; Miriam Gonz\u00e1lez Nieto; Manuel Moreno Alcaide;<br \/>\nAntonio Monterroso Checa. Preparing Rural Heritage for Another Kind of COVID Pandemic: Heritage Digitalization<br \/>\nStrategies in the Alto Guadiato Valley and Subbetica of Cordoba, Spain. SCIRES &#8211; SCIentific RESearch and<br \/>\nInformation Technology. 11 &#8211; 1, pp. 195 &#8211; 208. 2021.<\/p>\n<p>-Antonio Monterroso Checa; Juan Carlos Moreno Escribano; Massimo Gasparini; Jos\u00e9 Alejandro Conejo Moreno;<br \/>\nJos\u00e9 Luis Dom\u00ednguez Jim\u00e9nez. Revealing archaeological sites under Mediterranean forest ca-nopy using LiDAR:<br \/>\nEl Viandar Castle (husum) in El Hoyo (Belmez-C\u00f3rdoba,Spain). MDPI Drones. 5, 2021.<\/p>\n<p>-Jos\u00e9 Luis Dom\u00ednguez Jim\u00e9nez. Los retos en la investigaci\u00f3n de un \u00e1mbito territorial en la Antig\u00fcedad: el caso del Conventus Cordubensis. IX Congreso Cient\u00edfico de Investigadores en Formaci\u00f3n de la Universidad de C\u00f3rdoba.<br \/>\nNuevo desaf\u00edos, nuevas oportunidades. pp. 31 &#8211; 34. UCOPress, 2021.<\/p>\n<p>-Jos\u00e9 Luis Dom\u00ednguez Jim\u00e9nez; Miriam Gonz\u00e1lez Nieto. Modelos fotogram\u00e9tricos para el estudio de la rehabilitaci\u00f3n medieval de la v\u00eda Corduba &#8211; Emerita en el entorno del Santuario Linares (C\u00f3rdoba). Antiqvitas. 31, Museo Hist\u00f3rico Municipal de Priego de C\u00f3rdoba, 2019.<\/p>\n<hr \/>\n<p><strong>Trabajos presentados en congresos nacionales o internacionales<\/strong><\/p>\n<p><span style=\"color: #999999;\">\u2014 11\/2021<\/span><br \/>\nLa organizaci\u00f3n log\u00edstica de un territorio en la antig\u00fcedad. El Conventus Cordubensis a estudio (\u00daltimas novedades y l\u00edneas de investigaci\u00f3n sobre la Pen\u00ednsula Ib\u00e9rica (ss. III a.C. \u2013 IX d.C.) \/ Neueste Forschungen zur Iberischen Halbinsel (3. Jh. v. Chr. \u2013 9. Jh. n. Chr.), Hamburgo)<\/p>\n<p><span style=\"color: #999999;\">\u2014 06\/2021<\/span><br \/>\nSensing mines, routes and villages in the Conventus Cordubensis (Ager Cordubensis<br \/>\nand Ager Mellariensis) (LAC 2020+1, CSIC, Virtual)<\/p>\n<p><span style=\"color: #999999;\">\u2014 05\/2021<\/span><br \/>\nLa aplicaci\u00f3n de motores gr\u00e1ficos a la musealizaci\u00f3n virtual (II Congreso Nacional de Arqueolog\u00eda Profesional, Virtual)<\/p>\n<p><span style=\"color: #999999;\">\u2014 05\/2021<\/span><br \/>\nLos retos en la investigaci\u00f3n de un \u00e1mbito territorial en la Antig\u00fcedad: el caso del Conventus Cordubensi (IX Congreso Cient\u00edfico de Investigadores en Formaci\u00f3n de la Universidad de C\u00f3rdoba, C\u00f3rdoba)<\/p>\n<p><span style=\"color: #999999;\">\u2014 03\/2020<\/span><br \/>\nLa tecnolog\u00eda al servicio de la Historia: aplicaciones de teledetecci\u00f3n pr\u00f3xima y remota en la documentaci\u00f3n arqueol\u00f3gica (Congreso de J\u00f3venes Investigadores en Prehistoria\/Protohistoria de Andaluc\u00eda (JIPA), C\u00f3rdoba)<\/p>\n<hr \/>\n<p><strong>Trabajos presentados en jornadas, seminarios, talleres de trabajo y\/o cursos nacionales o internacionales<\/strong><\/p>\n<p><span style=\"color: #999999;\">\u2014 07\/2020<\/span><br \/>\nTodos los caminos conducen a Corduba&#8230;Los caminos hist\u00f3ricos de C\u00f3rdoba a la Sierra: trazado, estructura y evoluci\u00f3n (VIII Curso Internacional de Verano de Arqueolog\u00eda en Do\u00f1a Mencia. La Subb\u00e9tica mira a Sierra Morena, Virtual)<\/p>\n<p><span style=\"color: #999999;\">\u2014 12\/2018<\/span><br \/>\nodelos fotogram\u00e9tricos para el estudio de la rehabilitaci\u00f3n medieval de la v\u00eda Corduba &#8211; Emerita en el entorno del Santuario Linares-C\u00f3rdoba (Territorio y viabilidad en al \u2013\u00c1ndalus, C\u00f3rdoba)<\/p>\n<p><span style=\"color: #999999;\">\u2014 11\/2016<\/span><br \/>\nNuevas herramientas metodol\u00f3gicas para el estudio diacr\u00f3nico de la v\u00eda CordubaEmerita-Ca\u00f1ada real soriana en la subida a Cerro Muriano (C\u00f3rdoba) (Mellariae alumni. Encuentro de estudiantes de arqueolog\u00eda, C\u00f3rdoba)<\/p>\n<hr \/>\n<p><strong>Otras actividades de divulgaci\u00f3n<\/strong><\/p>\n<p><span style=\"color: #999999;\">\u2014 09\/2019<\/span><br \/>\nComiendo como los romanos (La Noche europea de los investigadores, C\u00f3rdoba)<\/p>","protected":false},"excerpt":{"rendered":"<p>Jos\u00e9 Luis Dom\u00ednguez Jim\u00e9nez Universidad de C\u00f3rdoba Facultad de Filosofia y Letras Area de Arqueolog\u00eda Edificio nuevo. 1\u00aa planta. Despacho 5 Plaza del Cardenal Salazar, 3 E-14071 C\u00f3rdoba l52dojij@uco.es P\u00e1gina web https:\/\/www.researchgate.net\/profile\/Jose-Dominguez-Jimenez-2 Resumen de la tesis: La configuraci\u00f3n log\u00edstica del Conventus Cordubensis Formaci\u00f3n y trayectoria \u2014 desde 2020 Doctorando en Patrimonio con beca FPU en &hellip; <a href=\"https:\/\/www.toletum-network.com\/es\/teilnehmer\/jose-luis-domingues-jimenez\/\" class=\"more-link\">Continuar leyendo<span class=\"screen-reader-text\"> \u00abJos\u00e9 Luis Dom\u00ednguez Jim\u00e9nez\u00bb<\/span><\/a><\/p>\n","protected":false},"author":8,"featured_media":0,"parent":18,"menu_order":0,"comment_status":"closed","ping_status":"closed","template":"","meta":{"jetpack_post_was_ever_published":false,"footnotes":""},"class_list":["post-15831","page","type-page","status-publish","hentry"],"jetpack_sharing_enabled":true,"jetpack_shortlink":"https:\/\/wp.me\/P82TDz-47l","_links":{"self":[{"href":"https:\/\/www.toletum-network.com\/es\/wp-json\/wp\/v2\/pages\/15831","targetHints":{"allow":["GET"]}}],"collection":[{"href":"https:\/\/www.toletum-network.com\/es\/wp-json\/wp\/v2\/pages"}],"about":[{"href":"https:\/\/www.toletum-network.com\/es\/wp-json\/wp\/v2\/types\/page"}],"author":[{"embeddable":true,"href":"https:\/\/www.toletum-network.com\/es\/wp-json\/wp\/v2\/users\/8"}],"replies":[{"embeddable":true,"href":"https:\/\/www.toletum-network.com\/es\/wp-json\/wp\/v2\/comments?post=15831"}],"version-history":[{"count":15,"href":"https:\/\/www.toletum-network.com\/es\/wp-json\/wp\/v2\/pages\/15831\/revisions"}],"predecessor-version":[{"id":15990,"href":"https:\/\/www.toletum-network.com\/es\/wp-json\/wp\/v2\/pages\/15831\/revisions\/15990"}],"up":[{"embeddable":true,"href":"https:\/\/www.toletum-network.com\/es\/wp-json\/wp\/v2\/pages\/18"}],"wp:attachment":[{"href":"https:\/\/www.toletum-network.com\/es\/wp-json\/wp\/v2\/media?parent=15831"}],"curies":[{"name":"wp","href":"https:\/\/api.w.org\/{rel}","templated":true}]}}