{"id":15828,"date":"2021-11-17T12:20:15","date_gmt":"2021-11-17T10:20:15","guid":{"rendered":"https:\/\/www.toletum-network.com\/?page_id=15828"},"modified":"2021-12-13T19:56:12","modified_gmt":"2021-12-13T18:56:12","slug":"noelia-cases-mora","status":"publish","type":"page","link":"https:\/\/www.toletum-network.com\/es\/teilnehmer\/noelia-cases-mora\/","title":{"rendered":"Noelia Cases Mora"},"content":{"rendered":"<p><img loading=\"lazy\" decoding=\"async\" class=\"alignnone size-full wp-image-15820\" src=\"http:\/\/www.toletum-network.com\/wp-content\/uploads\/2021\/11\/noelia-cases.jpg\" alt=\"Noelia Cases Mora\" width=\"300\" height=\"238\" \/><\/p>\n<h3 class=\"entry-title\">Noelia Cases Mora<\/h3>\n<p>Universidad de Alicante<br \/>\nFacultad de Filosofia y Letras II (Geograf\u00eda e Historia)<br \/>\nApartado Correos 99<br \/>\nE-03080 Alicante<br \/>\n<a href=\"mailto:noelia.cases@ua.es\">noelia.cases@ua.es<\/a><\/p>\n<p><strong>Resumen de la tesis: <\/strong><a href=\"http:\/\/www.toletum-network.com\/wp-content\/uploads\/2021\/12\/El-culto-a-divinidades-augusteas-en-la-Hispania-romana.pdf\">El culto a divinidades augusteas en la Hispania romana<\/a><\/p>\n<hr \/>\n<p><strong>Experiencia profesional en investigaci\u00f3n<\/strong><\/p>\n<p><span style=\"color: #999999;\">\u2014 09\/2019-actualidad<\/span><br \/>\nInvestigadora predoctoral en la Universidad de Alicante<br \/>\nFormaci\u00f3n del Profesorado Universitario (FPU). Ministerio de Ciencia, Innovaci\u00f3n y Universidades de Espa\u00f1a.<br \/>\n\u00c1rea de Historia Antigua (Departamento de Prehistoria, Arqueolog\u00eda, Historia Antigua, Filolog\u00eda Griega y Filolog\u00eda Latina).<\/p>\n<p><span style=\"color: #999999;\">\u2014 02\/2019-09\/2019<\/span><br \/>\nBeca de Formaci\u00f3n en Museograf\u00eda y Museolog\u00eda en el Museo Arqueol\u00f3gico de Alicante (MARQ)<br \/>\nUnidad de Colecciones y Excavaciones. Diputaci\u00f3n Provincial de Alicante.<\/p>\n<hr \/>\n<p><strong>Educaci\u00f3n y formaci\u00f3n<\/strong><\/p>\n<p><span style=\"color: #999999;\">\u2014 11\/2018-actualidad<\/span><br \/>\nEstudios de Doctorado en Filosof\u00eda y Letras<br \/>\nFacultad de Filosof\u00eda y Letras, Universidad de Alicante.<\/p>\n<p><span style=\"color: #999999;\">\u2014 09\/2017-09\/2018<\/span><br \/>\nM\u00e1ster en Historia y Ciencias de la Antig\u00fcedad<br \/>\nUniversidad Complutense de Madrid y Universidad Aut\u00f3noma de Madrid.<br \/>\nItinerario de Roma e Hispania Antigua.<br \/>\nPracticum en el Archivo Epigr\u00e1fico de Hispania (Universidad Complutense de Madrid).<\/p>\n<p><span style=\"color: #999999;\">\u2014 09\/2013-07\/2017<\/span><br \/>\nGrado en Historia<br \/>\nUniversidad de Alicante<br \/>\nPremio Extraordinario de Fin de Carrera<\/p>\n<hr \/>\n<p><strong>Estancias de investigaci\u00f3n<\/strong><\/p>\n<p><span style=\"color: #999999;\">\u2014 05\/2021-08\/2021<\/span><br \/>\nEstancia en Sapienza Universit\u00e0 di Roma bajo la tutela del Prof. Dr. Alessandro Saggioro en el Dipartimento di Storia, Religioni, Arte, Spectacolo<\/p>\n<hr \/>\n<p><strong>Seminarios<\/strong><\/p>\n<p><span style=\"color: #999999;\">\u2014 05\/2021<\/span><br \/>\nSeminario impartido sobre metodolog\u00eda de la investigaci\u00f3n en Historia de las Religiones en Sapienza Universit\u00e0 di Roma. Organizado por el Prof. Dr. Alessandro Saggioro.<\/p>\n<hr \/>\n<p><strong>Publicaciones y rese\u00f1as<\/strong><\/p>\n<p>-Cases Mora, N. (2019), \u201cUna dedicaci\u00f3n a la Piedad Augusta en Igabrum\u201d, Bolet\u00edn del Archivo Epigr\u00e1fico 3, 58-63.<\/p>\n<p>-Cases Mora, N. (2019), \u201cLa guerra de Tacfarinas (17-24 d.C.): balance historiogr\u00e1fico y nuevas perspectivas sobre las causas de su estallido\u201d, Studia Historica. Historia Antigua 37, 31-61. <a href=\"https:\/\/doi.org\/10.14201\/shha2019373161\" target=\"_blank\" rel=\"noopener\">DOI<\/a><\/p>\n<p>-Cases Mora, N. (2019), \u201cLa IX duquesa de Osuna y el jard\u00edn de El Capricho (Madrid): la recepci\u00f3n de la Antig\u00fcedad cl\u00e1sica en el programa iconogr\u00e1fico\u201d, Cuadernos Dieciochistas 20, 357-388. <a href=\"https:\/\/doi.org\/10.14201\/cuadieci201920357386\" target=\"_blank\" rel=\"noopener\">DOI<\/a><\/p>\n<p>-Cases Mora, N. (2020), \u201cEl culto a Marte Augusto en Hispania: una aproximaci\u00f3n epigr\u00e1fica\u201d, en J. J. Mart\u00ednez et alii (coords.), Recorridos por la Antig\u00fcedad. Actas del IV Congreso de J\u00f3venes Investigadores del Mundo Antiguo, Murcia, Universidad de Murcia, 515-542.<\/p>\n<p>-Cases Mora, N. (2020), \u00abEl uso de litterae aureae en inscripciones edilicias de culto imperial\u00bb, en Vel\u00e1zquez Soriano, I. y Madrid Medrano, S. (eds.) Testimonios epigr\u00e1ficos edilicios: Antig\u00fcedad y Medievo, Madrid, Guillermo Escolar Editor, 75-103.<\/p>\n<p>-Cases Mora, N. (2020), \u00abCulto imperial y promoci\u00f3n social: los flamines provinciae procedentes de Segobriga (Hispania citerior)\u00bb, Hispania Antiqua XLIV, 205-237. <a href=\"https:\/\/doi.org\/10.24197\/ha.XLIV.2020.205-237\" target=\"_blank\" rel=\"noopener\">DOI<\/a><\/p>\n<p>-Cases Mora, N. (2021), \u00abInscripci\u00f3n dedicada a Augusta Trebaruna en Capera (Oliva de Plasencia, C\u00e1ceres)\u00bb, Bolet\u00edn del Archivo Epigr\u00e1fico 7, 68-75.<\/p>\n<p>-Cases Mora, N. (2021), \u00abLo vegetal y lo divino: prodigios, poder y propaganda en el Imperio romano\u00bb, Classica et Christiana 16\/1, 101-144. <a href=\"https:\/\/doi.org\/10.47743\/CetC-2021-16.1.101\" target=\"_blank\" rel=\"noopener\">DOI<\/a><\/p>\n<p>-Cases Mora, N. (2021), \u201cInschrift mit der Formel in memoriam aus Canales de la Sierra (La Rioja, Hispania Citerior). Addenda zu ZPE 51, 1983, 199-203\u201d, Zeitschrift f\u00fcr Papyrologie und Epigraphik 219, 302-304.<\/p>\n<p>-Cases Mora, N. (2021), \u201cMarta Gonz\u00e1lez Herrero, El culto imperial en el mundo romano (=Temas de Historia Antigua 18), Madrid, Editorial S\u00edntesis, 2020, 248 pp. [ISBN: 978-84-9171-458-3]\u201d, Geri\u00f3n. Revista De Historia Antigua 39(1), 360-363. <a href=\"https:\/\/doi.org\/10.5209\/geri.74802\" target=\"_blank\" rel=\"noopener\">DOI<\/a><\/p>\n<p>-Cases Mora, N. (2021), \u201cEl culto en vida a Augusto en Hispania\u201d, Habis 52, 69-87.<\/p>\n<p><strong>Comunicaciones en congresos nacionales e internacionales<\/strong><\/p>\n<p>-Cases Mora, N. (2019), \u201cLitterae aureae: el caso de las inscripciones edilicias de culto imperial en las provincias mediterr\u00e1neas del Imperio romano\u201d, I Workshop Internacional de Epigraf\u00eda \u201cLos muros parlantes: inscripciones edilicias en la Pen\u00ednsula Ib\u00e9rica y en el Mediterr\u00e1neo\u201d, Universidad Complutense de Madrid (08\/04\/2019 \u2013 10\/04\/2019).<\/p>\n<p>-Cases Mora, N. (2019), \u201cEl culto a Marte Augusto en Hispania: una aproximaci\u00f3n epigr\u00e1fica\u201d, IV Congreso de J\u00f3venes Investigadores del Mundo Antiguo, Universidad de Murcia (11\/04\/2019 \u2013 12\/04\/2019).<\/p>\n<p>-Cases Mora, N. (2019), \u201cCulto imperial y promoci\u00f3n social: el caso de los flamines provinciae hispaniae citerioris procedentes de Segobriga\u201d, IX Jornades d\u2019Investigaci\u00f3 de la Facultat de Filosofia y Lletres, Universidad de Alicante (09\/05\/2019 \u2013 10\/05\/2019).<\/p>\n<p>-Cases Mora, N. (2019), \u201cLa recepci\u00f3n de la Antig\u00fcedad en el jard\u00edn de El Capricho (Madrid)\u201d, III Jornada de J\u00f3venes Investigadores ANIHO- V SHRA: la recepci\u00f3n de la Antig\u00fcedad desde el Medievo hasta el mundo contempor\u00e1neo, Universidad del Pa\u00eds Vasco (20\/11\/2019).<\/p>\n<p>-Cases Mora, N. (2020), \u00abNemedus Augustus y la penetraci\u00f3n del culto al emperador en el \u00e1mbito rural\u00bb, XVIII Congreso Internacional ARYS: religi\u00f3n antigua en asentamientos rurales, Universidad Carlos III de Madrid (online) (17\/12\/2020 \u2013 18\/12\/2020).<\/p>\n<p>-Cases Mora, N. (2021), \u201cReflexiones en torno a la f\u00f3rmula in memoriam en la epigraf\u00eda hispana\u201d, Mesa redonda \u201cLa memoria de las sociedades antiguas\u201d, XX Encuentro de J\u00f3venes Investigadores de Historia Antigua, Universidad Complutense de Madrid (online) (05\/05\/2021 \u2013 07\/05\/2021).<\/p>\n<p>-Cases Mora, N. (2021), \u201cThe end of Imperial cult in Hispania: religious change and transition\u201d, 18th Annual Conference of the European Association for the Study of Religions, Universit\u00e0 di Pisa (30\/08\/2021 \u2013 03\/09\/2021).<\/p>\n<p>-Cases Mora, N. (2021), \u201cLa formulaci\u00f3n epigr\u00e1fica del culto imperial en la Pen\u00ednsula Ib\u00e9rica\u201d, II Workshop Epigraf\u00eda-UCM, Universidad Complutense de Madrid (20\/10\/2021 \u2013 22\/10\/2021).<\/p>\n<hr \/>\n<p><strong>Talleres doctorales<\/strong><\/p>\n<p>-XII Workshop Toletum: Neueste Forschungen zur Iberischen Halbinsel (3. Jh. v. Chr. \u2013 9. Jh. n. Chr.) (Warburg-Haus, Hamburgo, 04\/11\/2021-06\/11\/2021) con la comunicaci\u00f3n \u201cEl culto a divinidades augusteas en Hispania\u201d.<\/p>\n<p>-Taller doctoral sobre investigaci\u00f3n: \u201cXI Jornadas de Investigaci\u00f3n de la Facultad de Filosof\u00eda y Letras\u201d (Universidad de Alicante, 1305\/2021 \u2013 14\/05\/2021) con la comunicaci\u00f3n: \u201cTestimonios epigr\u00e1ficos de culto en vida a Augusto en Hispania\u201d.<\/p>\n<p>-Taller doctoral sobre arqueolog\u00eda: \u201cTaller doctoral de Arqueolog\u00eda Feminista\u201d (Universidad de Alicante, 14\/10\/2019) con la comunicaci\u00f3n: \u201cEl flaminado provincial femenino en la Hispania Citerior: problemas metodol\u00f3gicos y nuevas perspectivas\u201d.<\/p>\n<p>-Taller doctoral sobre epigraf\u00eda latina: \u201cEpigraf\u00eda latina en el mundo romano: Investigaci\u00f3n, edici\u00f3n y puesta en valor\u201d (Casa de Vel\u00e1zquez, Madrid, 20\/02\/2019 \u2013 22\/02\/2019).<\/p>","protected":false},"excerpt":{"rendered":"<p>Noelia Cases Mora Universidad de Alicante Facultad de Filosofia y Letras II (Geograf\u00eda e Historia) Apartado Correos 99 E-03080 Alicante noelia.cases@ua.es Resumen de la tesis: El culto a divinidades augusteas en la Hispania romana Experiencia profesional en investigaci\u00f3n \u2014 09\/2019-actualidad Investigadora predoctoral en la Universidad de Alicante Formaci\u00f3n del Profesorado Universitario (FPU). Ministerio de Ciencia, &hellip; <a href=\"https:\/\/www.toletum-network.com\/es\/teilnehmer\/noelia-cases-mora\/\" class=\"more-link\">Continuar leyendo<span class=\"screen-reader-text\"> \u00abNoelia Cases Mora\u00bb<\/span><\/a><\/p>\n","protected":false},"author":8,"featured_media":0,"parent":18,"menu_order":0,"comment_status":"closed","ping_status":"closed","template":"","meta":{"jetpack_post_was_ever_published":false,"footnotes":""},"class_list":["post-15828","page","type-page","status-publish","hentry"],"jetpack_sharing_enabled":true,"jetpack_shortlink":"https:\/\/wp.me\/P82TDz-47i","_links":{"self":[{"href":"https:\/\/www.toletum-network.com\/es\/wp-json\/wp\/v2\/pages\/15828","targetHints":{"allow":["GET"]}}],"collection":[{"href":"https:\/\/www.toletum-network.com\/es\/wp-json\/wp\/v2\/pages"}],"about":[{"href":"https:\/\/www.toletum-network.com\/es\/wp-json\/wp\/v2\/types\/page"}],"author":[{"embeddable":true,"href":"https:\/\/www.toletum-network.com\/es\/wp-json\/wp\/v2\/users\/8"}],"replies":[{"embeddable":true,"href":"https:\/\/www.toletum-network.com\/es\/wp-json\/wp\/v2\/comments?post=15828"}],"version-history":[{"count":5,"href":"https:\/\/www.toletum-network.com\/es\/wp-json\/wp\/v2\/pages\/15828\/revisions"}],"predecessor-version":[{"id":16000,"href":"https:\/\/www.toletum-network.com\/es\/wp-json\/wp\/v2\/pages\/15828\/revisions\/16000"}],"up":[{"embeddable":true,"href":"https:\/\/www.toletum-network.com\/es\/wp-json\/wp\/v2\/pages\/18"}],"wp:attachment":[{"href":"https:\/\/www.toletum-network.com\/es\/wp-json\/wp\/v2\/media?parent=15828"}],"curies":[{"name":"wp","href":"https:\/\/api.w.org\/{rel}","templated":true}]}}