{"id":15809,"date":"2021-11-15T13:36:17","date_gmt":"2021-11-15T11:36:17","guid":{"rendered":"https:\/\/www.toletum-network.com\/?page_id=15809"},"modified":"2022-01-03T10:18:22","modified_gmt":"2022-01-03T09:18:22","slug":"prof-dr-carlos-fabiao","status":"publish","type":"page","link":"https:\/\/www.toletum-network.com\/es\/teilnehmer\/prof-dr-carlos-fabiao\/","title":{"rendered":"Prof. Dr. Carlos Fabi\u00e3o"},"content":{"rendered":"<p><img loading=\"lazy\" decoding=\"async\" class=\"alignnone wp-image-15810 size-full\" src=\"http:\/\/www.toletum-network.com\/wp-content\/uploads\/2021\/11\/carlos-fabiao-300p.jpg\" width=\"300\" height=\"216\" \/><\/p>\n<h3 class=\"entry-title\">Prof. Dr. Carlos Fabi\u00e3o<\/h3>\n<div class=\"entry-content\">\n<p>Director &#8211; UNIARQ<br \/>\nCentro de Arqueologia da Universidade de Lisboa<br \/>\nFaculdade de Letras da Universidade de Lisboa<br \/>\nAlameda da Universidade<br \/>\n1600-214 Lisboa<br \/>\nPortugal<br \/>\n<span class=\"nowrap\"><a title=\"Neue Nachricht an Carlos Jorge Gon\u00e7alves Soares Fabi\u00e3o &lt;cfabiao@campus.ul.pt&gt;\">cfabiao@campus.ul.pt<\/a><\/span><\/p>\n<p><span style=\"color: #999999;\"><a style=\"color: #999999;\" href=\"https:\/\/www.cienciavitae.pt\/4718-7C15-D7C1\">CV<\/a><\/span><\/p>\n<p><a href=\"https:\/\/www.toletum-network.com\/es\/workshops\/xii-workshop-2021\/\"><strong><span style=\"color: #800080;\">Toletum XII \u00daltimas novedades y l\u00edneas de investigaci\u00f3n sobre la Pen\u00ednsula Ib\u00e9rica<\/span><\/strong><\/a><\/p>\n<\/div>\n<p><\/p>","protected":false},"excerpt":{"rendered":"<p>Prof. Dr. Carlos Fabi\u00e3o Director &#8211; UNIARQ Centro de Arqueologia da Universidade de Lisboa Faculdade de Letras da Universidade de Lisboa Alameda da Universidade 1600-214 Lisboa Portugal cfabiao@campus.ul.pt CV Toletum XII \u00daltimas novedades y l\u00edneas de investigaci\u00f3n sobre la Pen\u00ednsula Ib\u00e9rica<\/p>\n","protected":false},"author":8,"featured_media":0,"parent":18,"menu_order":0,"comment_status":"closed","ping_status":"closed","template":"","meta":{"jetpack_post_was_ever_published":false,"footnotes":""},"class_list":["post-15809","page","type-page","status-publish","hentry"],"jetpack_sharing_enabled":true,"jetpack_shortlink":"https:\/\/wp.me\/P82TDz-46Z","_links":{"self":[{"href":"https:\/\/www.toletum-network.com\/es\/wp-json\/wp\/v2\/pages\/15809","targetHints":{"allow":["GET"]}}],"collection":[{"href":"https:\/\/www.toletum-network.com\/es\/wp-json\/wp\/v2\/pages"}],"about":[{"href":"https:\/\/www.toletum-network.com\/es\/wp-json\/wp\/v2\/types\/page"}],"author":[{"embeddable":true,"href":"https:\/\/www.toletum-network.com\/es\/wp-json\/wp\/v2\/users\/8"}],"replies":[{"embeddable":true,"href":"https:\/\/www.toletum-network.com\/es\/wp-json\/wp\/v2\/comments?post=15809"}],"version-history":[{"count":5,"href":"https:\/\/www.toletum-network.com\/es\/wp-json\/wp\/v2\/pages\/15809\/revisions"}],"predecessor-version":[{"id":16061,"href":"https:\/\/www.toletum-network.com\/es\/wp-json\/wp\/v2\/pages\/15809\/revisions\/16061"}],"up":[{"embeddable":true,"href":"https:\/\/www.toletum-network.com\/es\/wp-json\/wp\/v2\/pages\/18"}],"wp:attachment":[{"href":"https:\/\/www.toletum-network.com\/es\/wp-json\/wp\/v2\/media?parent=15809"}],"curies":[{"name":"wp","href":"https:\/\/api.w.org\/{rel}","templated":true}]}}