{"id":15753,"date":"2021-11-01T14:57:57","date_gmt":"2021-11-01T12:57:57","guid":{"rendered":"https:\/\/www.toletum-network.com\/?page_id=15753"},"modified":"2023-01-02T11:00:21","modified_gmt":"2023-01-02T10:00:21","slug":"xii-workshop-2021","status":"publish","type":"page","link":"https:\/\/www.toletum-network.com\/es\/workshops\/xii-workshop-2021\/","title":{"rendered":"XII. Workshop 2021"},"content":{"rendered":"<p><img loading=\"lazy\" decoding=\"async\" class=\"alignnone size medium wp-image-17035\" src=\"http:\/\/www.toletum-network.com\/wp-content\/uploads\/2023\/01\/Toletum-XII.jpg\" alt=\"\" width=\"476\" height=\"673\" srcset=\"https:\/\/www.toletum-network.com\/wp-content\/uploads\/2023\/01\/Toletum-XII.jpg 476w, https:\/\/www.toletum-network.com\/wp-content\/uploads\/2023\/01\/Toletum-XII-212x300.jpg 212w\" sizes=\"auto, (max-width: 476px) 85vw, 476px\" \/><\/p>\n<hr \/>\n<h1><span style=\"color: #e6b900;\">XII. Workshop<\/span><\/h1>\n<h5><strong><span style=\"color: #e6b900;\">4.-6. November 2021 in Hamburg<\/span><\/strong><\/h5>\n<h5>Neueste Forschungen zur Iberischen Halbinsel (3. Jh. v. Chr. &#8211; 9. Jh. n. Chr.)<span style=\"color: #e6b900;\"><br \/>\n<\/span><\/h5>\n<p><strong>Tagungsort<br \/>\n<\/strong><a href=\"http:\/\/www.warburg-haus.de\/\">Warburg-Haus<\/a> \u00b7 Heilwigstr. 116 \u00b7 D-20249 Hamburg<br \/>\nDownload <a href=\"http:\/\/www.toletum-network.com\/wp-content\/uploads\/2021\/11\/Toletum-XII-11.2021.pdf\">Programm Workshop 2021<\/a> (PDF)<br \/>\nTagungsbericht von Dominik Kloss und Sabine Panzram:<br \/>\n<a href=\"https:\/\/www.hsozkult.de\/conferencereport\/id\/tagungsberichte-9312?title=neueste-forschungen-zur-iberischen-halbinsel-3-jh-v-chr-9-jh-n-chr&amp;recno=1&amp;q=&amp;sort=&amp;fq=&amp;total=8996\">H-Soz-u-Kult<\/a> \/ <a href=\"http:\/\/www.toletum-network.com\/wp-content\/uploads\/2022\/05\/Bollettino-di-Studi-Latini-52-2022-217-223.pdf\">Bollettino di Studi Latini 52 (2022), 217-223<\/a><\/p>\n<hr \/>\n<h3>Tagungsprogramm<\/h3>\n<h3><strong>Donnerstag, 4.11.2021<\/strong><\/h3>\n<p>\u2014 17.30 Uhr<br \/>\n<em>Begr\u00fc\u00dfung und Einf\u00fchrung<br \/>\n<\/em><strong>Sabine Panzram<br \/>\n<\/strong><em>Alte Geschichte \/ Universit\u00e4t Hamburg<br \/>\n<\/em><strong>Markus Trunk<br \/>\n<\/strong><em>Klassische Arch\u00e4ologie \/ Universit\u00e4t Trier<\/em><\/p>\n<p><em>Begr\u00fc\u00dfung<br \/>\n<\/em><strong>Pedro Antonio Villena P\u00e9rez<\/strong><em><br \/>\nGeneralkonsulat von Spanien in Hamburg<\/em><\/p>\n<h3><span style=\"color: #800080;\"><strong>Arquelog\u00eda del medio ambiente<\/strong><\/span><\/h3>\n<p>\u2014 17.45 Uhr<br \/>\n<strong>Prof. Dr. L\u00e1zaro Lag\u00f3stena Barrios<br \/>\n<\/strong><em>Arqueolog\u00eda cl\u00e1sica \/ Universidad de C\u00e1diz<br \/>\n<\/em>Contribuci\u00f3n de la investigaci\u00f3n hist\u00f3ricoarqueol\u00f3gica a la resiliencia frente al cambio clim\u00e1tico: los proyectos Riparia y Aquivergia<\/p>\n<p>\u2014 18.30 Uhr<br \/>\n<strong>Isis Alexandra Offen<br \/>\n<\/strong><em>Alte Geschichte \/ Universit\u00e4t Hamburg<br \/>\n<\/em>La romanizaci\u00f3n y el medio ambiente \u2013 El caso de la Pen\u00ednsula Ib\u00e9rica<\/p>\n<p>\u2014 19.05 Uhr<br \/>\n<strong>Juan Manuel Mart\u00edn Casado<br \/>\n<\/strong><em>Historia antigua \/ Universidad de M\u00e1laga<br \/>\n<\/em>El papel de las cat\u00e1strofes naturales en el proceso hist\u00f3rico de las comunidades de la pen\u00ednsula ib\u00e9rica durante la antig\u00fcedad. El caso de la provincia romana de Baetica en la Antig\u00fcedad Tard\u00eda<\/p>\n<p>\u2014 19.40 Uhr<br \/>\n<em>Empfang<\/em><\/p>\n<hr \/>\n<h3><strong>Freitag, 5.11.2021<\/strong><\/h3>\n<h3><span style=\"color: #800080;\"><strong>Arqueolog\u00eda del paisaje<\/strong><\/span><\/h3>\n<p>\u2014 9.30 Uhr<br \/>\n<strong>Prof. Dr. Lauro Olmo Enciso<br \/>\n<\/strong><em>Arqueolog\u00eda cl\u00e1sica \/ Universidad de Alcal\u00e1 de Henares<br \/>\n<\/em>Arqueolog\u00eda en contexto: el estudio del paisaje como espacio social<\/p>\n<p>\u2014 10.15 Uhr<br \/>\n<strong>Jos\u00e9 Luis Dom\u00ednguez Jim\u00e9nez<\/strong><br \/>\n<em>Arqueolog\u00eda cl\u00e1sica \/ Universidad de C\u00f3rdoba<\/em><br \/>\nLa organizaci\u00f3n log\u00edstica de un territorio en la Antig\u00fcedad. El <em>conventus Cordubensis<\/em> a estudio<\/p>\n<p>\u2014 10.50 Uhr<br \/>\n<em>Kaffeepause<\/em><\/p>\n<p>\u2014 11.20 Uhr<br \/>\n<strong>Miriam Gonz\u00e1lez Nieto <\/strong><br \/>\n<em>Arqueolog\u00eda cl\u00e1sica \/ Universidad de C\u00f3rdoba<br \/>\n<\/em>Las v\u00edas de comunicaci\u00f3n en la vertiente norte de Sierra Morena (mitad sur de la provincia de Ciudad Real): una propuesta metodol\u00f3gica<\/p>\n<p>\u2014 11.55 Uhr<br \/>\n<strong>Dr. Fedor Schlimbach <\/strong><br \/>\n<em>Christliche Arch\u00e4ologie und Byzantinische Kunstgeschichte<\/em><br \/>\n<em>\/ Georg-August-Universit\u00e4t G\u00f6ttingen<\/em><strong><br \/>\n<\/strong>Zu den Siedlungsstrukturen im l\u00e4ndlichen Bereich der Baetica: Ver\u00e4nderungen und Kontinuit\u00e4ten im Zeitraum des 4. bis 8. Jahrhunderts<\/p>\n<p>\u2014 12.30 Uhr<br \/>\n<strong>Ana Mateos Orozco <\/strong><br \/>\n<em>Estudios \u00e0rabes \/ Universidad de Sevilla<\/em><strong><br \/>\n<\/strong>El siglo VIII en la zona meridional de Garb al-Andalus (suroeste de la pen\u00ednsula ib\u00e9rica). An\u00e1lisis historiogr\u00e1fico y arqueol\u00f3gico de un proceso hist\u00f3rico de transici\u00f3ns<\/p>\n<p>\u2014 13.05 Uhr<br \/>\n<em>Mittagspause<\/em><\/p>\n<h3><span style=\"color: #800080;\"><strong>Historia de la econom\u00eda<\/strong><br \/>\n<\/span><\/h3>\n<p>\u2014 15.30 Uhr<br \/>\n<strong>Prof. Dr. Carlos Fabi\u00e3o<br \/>\n<\/strong><em>Arqueolog\u00eda cl\u00e1sica \/ Universidade de Lisboa<\/em><br \/>\n<em>Felicitas Iulia Olisipo<\/em>: una ciudad productora<\/p>\n<p>\u2014 16.15 Uhr<br \/>\n<strong>Pen\u00e9lope Isadora Mart\u00ednez de los Reyes<\/strong><br \/>\n<em>Arqueolog\u00eda cl\u00e1sica \/ Universidad de Sevilla<\/em><br \/>\nUna historia del Mediterr\u00e1neo antiguo. Proyecto de divulgaci\u00f3n de la investigaci\u00f3n arqueol\u00f3gica de las conservas p\u00fanicas de Gadir<\/p>\n<p>\u2014 16.50 Uhr<br \/>\n<em>Kaffeepause<\/em><\/p>\n<p>\u2014 17.20 Uhr<br \/>\n<strong>Dr. Jos\u00e9 \u00c1ngel Exp\u00f3sito \u00c1lvarez<br \/>\n<\/strong><em>Historia y Arqueolog\u00eda Mar\u00edtimas \/ Universidad de C\u00e1diz<br \/>\n<\/em>En busca del <em>garum<\/em> Carteiense<\/p>\n<p>\u2014 17.55 Uhr<br \/>\n<strong>Raquel Ezquerro Jim\u00e9nez<br \/>\n<\/strong><em>Historia antigua \/ Universidad de Le\u00f3n<\/em><br \/>\nLos circuitos tributarios y la articulaci\u00f3n sociopol\u00edtica y territorial del Reino de Toledo<\/p>\n<p>\u2014 18.30 Uhr<br \/>\n<strong>Jos\u00e9 Mar\u00eda Moreno Narganes<br \/>\n<\/strong><em>Estudios \u00e0rabes \/ Universidad de Alicante<\/em><br \/>\nLa tecnolog\u00eda textil entre visigodos y omeyas en la pen\u00ednsula ib\u00e9rica (ss. VII-X): una aproximaci\u00f3n desde la arqueolog\u00eda<\/p>\n<p>20.30 Uhr<strong><br \/>\n<\/strong><em>Gemeinsames Abendessen<\/em><\/p>\n<hr \/>\n<h3><strong>Samstag, 6.11.2021<\/strong><\/h3>\n<h3><span style=\"color: #800080;\"><strong>Historia social del poder<\/strong><br \/>\n<\/span><\/h3>\n<p>\u2014 9.30 Uhr<br \/>\n<strong>Prof. Dr. Alejandro Garc\u00eda Sanju\u00e1n<br \/>\n<\/strong><em>Estudios \u00e0rabes \/ Universidad Huelva<br \/>\n<\/em>La Historia en el siglo XXI: retos para una disciplina acad\u00e9mica<\/p>\n<p>\u2014 10.15 Uhr<br \/>\n<strong>Noelia Cases Mora<br \/>\n<\/strong><em>Historia antigua \/ Universidad de Alicante<\/em><br \/>\nEl culto a divinidades augusteas en <em>Hispania<\/em><\/p>\n<p>\u2014 10.50 Uhr<br \/>\n<em>Kaffeepause<\/em><\/p>\n<p>\u2014 11.20 Uhr<br \/>\n<strong>Sait Can Kutsal<br \/>\n<\/strong><em>Christliche Arch\u00e4ologie und Byzantinische Kunstgeschichte<\/em><br \/>\n<em>\/ Georg-August-Universit\u00e4t G\u00f6ttingen<\/em><br \/>\nMemoriale Praktiken in der <em>longue dur\u00e9e<\/em> \u2013 zur diachronen Neubewertung einiger hispanischer M\u00e4rtyrerkultkomplexe<\/p>\n<p>\u2014 11.55 Uhr<br \/>\n<strong>Kevin Grotherr<br \/>\n<\/strong><em>Alte Geschichte \/ Universit\u00e4t Hamburg<\/em><strong><em><br \/>\n<\/em><\/strong>Heilige Bisch\u00f6fe und bisch\u00f6fliche Heilige &#8211; Eine \u201aBischofsherrschaft\u2018 im sp\u00e4tantiken <em>Augusta Emerita<\/em>?<\/p>\n<p>\u2014 12.30 Uhr<br \/>\n<strong>Kay Boers<br \/>\n<\/strong><em>Alte und Mittelalterliche Geschichte \/ Universiteit Utrecht<\/em><strong><em><br \/>\n<\/em><\/strong><em>CIVIS<\/em>: B\u00fcrger, Macht und die Rhetorik des<br \/>\nWohlbefindens im Hispanien des 7. Jahrhunderts<\/p>\n<p>\u2014 13.05 Uhr<br \/>\n<em>Mittagspause<\/em><\/p>\n<p>\u2014 15.30 Uhr<br \/>\n<strong>Dr. Kati Ihnat \/ Cathrien Hoinjinck<br \/>\n<\/strong><em>Historia Medieval \/ Radboul Universiteit<br \/>\n<\/em>M\u00e1rtires en Iberia: desde la antig\u00fcedad tard\u00eda a la \u00e9poca isl\u00e1mica (589-1080)<\/p>\n<p>\u2014 16.15 Uhr<br \/>\n<strong>Alejandro Pel\u00e1ez Mart\u00edn<\/strong><br \/>\n<em>Estudios \u00e1rabes \/ Universidad Aut\u00f3noma de Madrid<\/em><br \/>\nLa ceremonia de la bay\u2018a en el Occidente isl\u00e1mico (siglos VIII-XV)<\/p>\n<p><strong>\u2014 <\/strong>16.50 Uhr<br \/>\n<em>Kaffeepause<\/em><\/p>\n<h3><span style=\"color: #800080;\"><strong>La <em>longue dur\u00e9e <\/em>pueste a prueba: el c\u00f3mic<br \/>\n<\/strong><\/span><\/h3>\n<p>\u2014 17.20 Uhr<br \/>\n<strong>Dr. Jacobo Hernando Morej\u00f3n<br \/>\n<\/strong><em>Historia moderna \/ Universidad de M\u00e1laga<\/em><strong><br \/>\n<\/strong>Larga duraci\u00f3n e historieta hist\u00f3rica. Observaciones desde la cultura popular<\/p>\n<p><strong>\u2014 <\/strong>18.15 Uhr<strong><br \/>\n<\/strong><em>Abschlu\u00dfdiskussion<\/em><\/p>\n<p>\u2014 20.30 Uhr<em><strong><br \/>\n<\/strong>Gemeinsames Abendessen<\/em><\/p>","protected":false},"excerpt":{"rendered":"<p>XII. Workshop 4.-6. November 2021 in Hamburg Neueste Forschungen zur Iberischen Halbinsel (3. Jh. v. Chr. &#8211; 9. Jh. n. Chr.) Tagungsort Warburg-Haus \u00b7 Heilwigstr. 116 \u00b7 D-20249 Hamburg Download Programm Workshop 2021 (PDF) Tagungsbericht von Dominik Kloss und Sabine Panzram: H-Soz-u-Kult \/ Bollettino di Studi Latini 52 (2022), 217-223 Tagungsprogramm Donnerstag, 4.11.2021 \u2014 17.30 &hellip; <a href=\"https:\/\/www.toletum-network.com\/es\/workshops\/xii-workshop-2021\/\" class=\"more-link\">Continuar leyendo<span class=\"screen-reader-text\"> \u00abXII. Workshop 2021\u00bb<\/span><\/a><\/p>\n","protected":false},"author":8,"featured_media":0,"parent":12,"menu_order":0,"comment_status":"closed","ping_status":"closed","template":"","meta":{"jetpack_post_was_ever_published":false,"footnotes":""},"class_list":["post-15753","page","type-page","status-publish","hentry"],"jetpack_sharing_enabled":true,"jetpack_shortlink":"https:\/\/wp.me\/P82TDz-465","_links":{"self":[{"href":"https:\/\/www.toletum-network.com\/es\/wp-json\/wp\/v2\/pages\/15753","targetHints":{"allow":["GET"]}}],"collection":[{"href":"https:\/\/www.toletum-network.com\/es\/wp-json\/wp\/v2\/pages"}],"about":[{"href":"https:\/\/www.toletum-network.com\/es\/wp-json\/wp\/v2\/types\/page"}],"author":[{"embeddable":true,"href":"https:\/\/www.toletum-network.com\/es\/wp-json\/wp\/v2\/users\/8"}],"replies":[{"embeddable":true,"href":"https:\/\/www.toletum-network.com\/es\/wp-json\/wp\/v2\/comments?post=15753"}],"version-history":[{"count":9,"href":"https:\/\/www.toletum-network.com\/es\/wp-json\/wp\/v2\/pages\/15753\/revisions"}],"predecessor-version":[{"id":17036,"href":"https:\/\/www.toletum-network.com\/es\/wp-json\/wp\/v2\/pages\/15753\/revisions\/17036"}],"up":[{"embeddable":true,"href":"https:\/\/www.toletum-network.com\/es\/wp-json\/wp\/v2\/pages\/12"}],"wp:attachment":[{"href":"https:\/\/www.toletum-network.com\/es\/wp-json\/wp\/v2\/media?parent=15753"}],"curies":[{"name":"wp","href":"https:\/\/api.w.org\/{rel}","templated":true}]}}