{"id":15533,"date":"2021-07-29T17:59:36","date_gmt":"2021-07-29T15:59:36","guid":{"rendered":"https:\/\/www.toletum-network.com\/?page_id=15533"},"modified":"2023-12-21T00:29:03","modified_gmt":"2023-12-20T23:29:03","slug":"noheda-ueberschwang-der-bilder-und-hispanisch-spaetantike-villenkultur","status":"publish","type":"page","link":"https:\/\/www.toletum-network.com\/es\/aktivitaten\/noheda-ueberschwang-der-bilder-und-hispanisch-spaetantike-villenkultur\/","title":{"rendered":"Noheda &#8211; La opulencia de las im\u00e1genes y las grandes villae de la Hispania tardoantigua"},"content":{"rendered":"<p>Coloquio internacional organizado por el Institut f\u00fcr Christliche Arch\u00e4ologie und Byzantinische Kunstgeschichte de la Universit\u00e4t G\u00f6ttingen, el Vorgeschichtliches Seminar de la Universit\u00e4t Marburg, el Seminar f\u00fcr Klassische Arch\u00e4ologie de la Universit\u00e4t Trier y el lnstituto Cervantes Hamburg en colaboraci\u00f3n con Toletum<\/p>\n<p><strong>Hora y lugar<\/strong><br \/>\n7 de julio de 2021 de 18:00-19:45 horas, 8 de julio de 2021 de 9:30-18:15 horas y 9 de julio de 2021 de 9:30-19:00 horas, en l\u00ednea<\/p>\n<p>Descargar el folleto: <a href=\"http:\/\/www.toletum-network.com\/wp-content\/uploads\/2021\/07\/Noheda-Spaetantike-Villenkultur-07.2021.pdf\">Noheda, Sp\u00e4tantike Villenkultur 07.2021<\/a><br \/>\nInforme por parte de Dominik Kloss y Sabine Panzram:<br \/>\n<a href=\"https:\/\/www.hsozkult.de\/conferencereport\/id\/tagungsberichte-9047?title=noheda-ueberschwang-der-bilder-und-hispan\">H-Soz-u-Kult<\/a> \/ <a href=\"http:\/\/www.toletum-network.com\/wp-content\/uploads\/2021\/11\/Bollettino-di-Studi-Latini-51-2021.pdf\">Bollettino di Studi Latini 51 (2021)<\/a><\/p>\n<h3>Programa<\/h3>\n<h3>Mi\u00e9rcoles, 07.07.2021<\/h3>\n<p>&#8211; 18:00-18:15 horas<br \/>\n<em>Bienvenida\/Introducci\u00f3n<\/em><br \/>\nCarlos Ortega Bayon (Instituto Cervantes, Hamburg)<br \/>\nSabine Panzram (Universit\u00e4t Hamburg)<br \/>\nC\u00f3nsul General Pedro Antonio Villena P\u00e9rez (Consulado General de Espa\u00f1a en Hamburgo)<\/p>\n<p>-18:15-19:00 horas<br \/>\n<strong>Los mosaicos de la villa de Noheda (Cuenca). Contexto arqueol\u00f3gico y an\u00e1lisis interpretativo<\/strong><br \/>\nMiguel \u00c1ngel Valero (Universidad de Castilla-La Mancha)<\/p>\n<p>&#8211; 19:00-19:45 horas<br \/>\n<strong>La Arqueolog\u00eda (per se) y el turismo arqueol\u00f3gico como nueva oportunidad de desarrollo de la Alcarria Conquense<\/strong><br \/>\nNuria Huete Alcocer (Universidad de Castilla-La Mancha)<\/p>\n<h3>Jueves, 08.07.2021<\/h3>\n<h3>El contexto hist\u00f3rico<\/h3>\n<p>&#8211; 9:30-10:15 horas<br \/>\n<strong>Cambios y permanencias en Hispania durante la Antig\u00fcedad tard\u00eda (siglos IV-VIII): una perspectiva hist\u00f3rica<\/strong><br \/>\nPablo Poveda Arias (Universit\u00e4t Hamburg)<\/p>\n<p>&#8211; 10:15-11:00 horas<br \/>\n<strong>Zum \u201aImpact\u2018 sp\u00e4tantiker Verwaltungsreformen auf die zeitgen\u00f6ssische Villenstruktur: Augusta Treverorum und Emerita Augusta<\/strong><br \/>\nBeate Br\u00fchlmann (Univesit\u00e4t Trier) &#8211; Felix Teichner (Universit\u00e4t Marburg)<\/p>\n<p>&#8211; 11:00-11:30 horas<br \/>\n<em>Pausa de caf\u00e9<br \/>\n<\/em><\/p>\n<h3>Las grandes <em>villae<\/em> de la Hispania tardoantigua<\/h3>\n<p>&#8211; 11:30-12:15 Uhr<br \/>\n<strong>La villa de la Olmeda y las villas tard\u00edas del norte de Hispania<\/strong><br \/>\nIsabel Rod\u00e0 de Llanza (Universidad Aut\u00f3noma de Barcelona)<\/p>\n<p>&#8211; 12:15-13:00 horas<br \/>\n<strong>La ocupaci\u00f3n del yacimiento de Santa Mar\u00eda de Abajo (Carranque, Prov. de Toledo) desde \u00e9poca romana hasta \u00e9poca emiral (siglos I-X). Una d\u00e9cada de investigaciones arqueol\u00f3gica<\/strong><br \/>\nVirginia Garc\u00eda Entero (Universidad Nacional de Educaci\u00f3n a Distancia Madrid)<\/p>\n<p>&#8211; 13:00-15:30 Uhr<br \/>\n<em>Comida<\/em><\/p>\n<p>&#8211; 15:30-16:15 horas<br \/>\n<strong>Los Hitos-Arisgotas, Orgaz-(Toledo). Una uillula de \u00e9poca visigoda (ss. VI al VIII)<\/strong><br \/>\nJorge Morin de Pablos (AUDEMA Madrid)<\/p>\n<p>&#8211; 16:15-17:00 horas<br \/>\n<strong>Centcelles. Un conjunto arquitect\u00f3nico y pict\u00f3rico a todas luces peculiar<\/strong><br \/>\nAchim Arbeiter (Universit\u00e4t G\u00f6ttingen)<\/p>\n<p>&#8211; 17:00-17:30 horas<br \/>\n<em>Pausa de caf\u00e9<br \/>\n<\/em><\/p>\n<p>&#8211; 17:30-18:15 horas<br \/>\n<strong>El Pla de Nadal: \u00bfresidencia rural o villa \u00e1ulica?<\/strong><br \/>\nSonia Guti\u00e9rrez Lloret (Universidad de Alicante)<\/p>\n<h3>Viernes, 09.07.2021<\/h3>\n<p>&#8211; 9:30-10:15 horas<br \/>\n<strong>El complejo palatino de Cercadilla en C\u00f3rdoba: arquitectura y funci\u00f3n<\/strong><br \/>\nRafael Hidalgo Prieto (Universidad Pablo de Olavide Sevilla)<\/p>\n<p>&#8211; 10:15-11:00 horas<br \/>\n<strong>Vinum oleumque dominicum. Las grandes haciendas agrarias tardorromanas en Hispania<\/strong><br \/>\nDr. Yolanda Pe\u00f1a Cervantes (Universidad Nacional de Educaci\u00f3n a Distancia Madrid)<\/p>\n<p>&#8211; 11:00-11:30 horas<br \/>\n<em>Pausa de caf\u00e9<br \/>\n<\/em><\/p>\n<h3>La opulencia de las im\u00e1genes<\/h3>\n<p>&#8211; 11:30-12:15 horas<br \/>\n<strong>Los mosaicos de las \u00abvillae\u00bb romanas tardoantiguas de Hispania como fuente documental para el estudio de las elites en la Antig\u00fcedad Tard\u00eda<\/strong><br \/>\nMar\u00eda Luz Neira Jim\u00e9nez (Universidad Carlos III Madrid)<\/p>\n<p>&#8211; 12:15-13:00 horas<br \/>\n<strong>Warum gerade Paris und Pelops? Die mythologischen Mosaikbilder von Noheda im Kontext der sp\u00e4tantiken Wohnkultur<\/strong><br \/>\nSusanne Muth (Humboldt-Universit\u00e4t Berlin)<\/p>\n<p>&#8211; 13:00-15:30 horas<br \/>\n<em>Pausa de caf\u00e9<br \/>\n<\/em><\/p>\n<p>&#8211; 15:30-16:15 horas<br \/>\n<strong>La villa de Noheda y su ciclo escult\u00f3rico en el contexto hispano<\/strong><br \/>\nJos\u00e9 Miguel Noguera Celdr\u00e1n (Universidad de Murcia)<\/p>\n<p>&#8211; 16:15-17:00 horas<br \/>\n<strong>De la piedra al mosaico. El cambio de los h\u00e1bitos epigr\u00e1ficos en la Hispania rural tardorromana<\/strong><br \/>\nJuan Manuel Abascal Palaz\u00f3n (Universidad de Alicante)<\/p>\n<p>&#8211; 17:00-17:30 horas<br \/>\n<em>Pausa de caf\u00e9<br \/>\n<\/em><\/p>\n<p>&#8211; 17:30-18:15 horas<br \/>\n<strong>Las almunias omeyas en la periferia de C\u00f3rdoba: del legado preisl\u00e1mico a la megal\u00f3polis califal<\/strong><br \/>\nRafael Blanco Guzman (Universidad de C\u00f3rdoba)<\/p>\n<p>&#8211; 18:15-19:00 horas<br \/>\n<strong>Conclusiones y debate final: M\u00e1s que 500 villae romanas: la Pen\u00ednsula Ib\u00e9rica \u00bfun caso particular?<\/strong><br \/>\nSabine Panzram (Universit\u00e4t Hamburg) &#8211; Markus Trunk (Universit\u00e4t Trier)<\/p>","protected":false},"excerpt":{"rendered":"<p>Coloquio internacional organizado por el Institut f\u00fcr Christliche Arch\u00e4ologie und Byzantinische Kunstgeschichte de la Universit\u00e4t G\u00f6ttingen, el Vorgeschichtliches Seminar de la Universit\u00e4t Marburg, el Seminar f\u00fcr Klassische Arch\u00e4ologie de la Universit\u00e4t Trier y el lnstituto Cervantes Hamburg en colaboraci\u00f3n con Toletum Hora y lugar 7 de julio de 2021 de 18:00-19:45 horas, 8 de julio &hellip; <a href=\"https:\/\/www.toletum-network.com\/es\/aktivitaten\/noheda-ueberschwang-der-bilder-und-hispanisch-spaetantike-villenkultur\/\" class=\"more-link\">Continuar leyendo<span class=\"screen-reader-text\"> \u00abNoheda &#8211; La opulencia de las im\u00e1genes y las grandes villae de la Hispania tardoantigua\u00bb<\/span><\/a><\/p>\n","protected":false},"author":8,"featured_media":15534,"parent":15,"menu_order":0,"comment_status":"closed","ping_status":"closed","template":"","meta":{"jetpack_post_was_ever_published":false,"footnotes":""},"class_list":["post-15533","page","type-page","status-publish","has-post-thumbnail","hentry"],"jetpack_sharing_enabled":true,"jetpack_shortlink":"https:\/\/wp.me\/P82TDz-42x","_links":{"self":[{"href":"https:\/\/www.toletum-network.com\/es\/wp-json\/wp\/v2\/pages\/15533","targetHints":{"allow":["GET"]}}],"collection":[{"href":"https:\/\/www.toletum-network.com\/es\/wp-json\/wp\/v2\/pages"}],"about":[{"href":"https:\/\/www.toletum-network.com\/es\/wp-json\/wp\/v2\/types\/page"}],"author":[{"embeddable":true,"href":"https:\/\/www.toletum-network.com\/es\/wp-json\/wp\/v2\/users\/8"}],"replies":[{"embeddable":true,"href":"https:\/\/www.toletum-network.com\/es\/wp-json\/wp\/v2\/comments?post=15533"}],"version-history":[{"count":17,"href":"https:\/\/www.toletum-network.com\/es\/wp-json\/wp\/v2\/pages\/15533\/revisions"}],"predecessor-version":[{"id":17945,"href":"https:\/\/www.toletum-network.com\/es\/wp-json\/wp\/v2\/pages\/15533\/revisions\/17945"}],"up":[{"embeddable":true,"href":"https:\/\/www.toletum-network.com\/es\/wp-json\/wp\/v2\/pages\/15"}],"wp:featuredmedia":[{"embeddable":true,"href":"https:\/\/www.toletum-network.com\/es\/wp-json\/wp\/v2\/media\/15534"}],"wp:attachment":[{"href":"https:\/\/www.toletum-network.com\/es\/wp-json\/wp\/v2\/media?parent=15533"}],"curies":[{"name":"wp","href":"https:\/\/api.w.org\/{rel}","templated":true}]}}