{"id":15010,"date":"2021-01-13T14:22:53","date_gmt":"2021-01-13T12:22:53","guid":{"rendered":"http:\/\/www.toletum-network.com\/?page_id=15010"},"modified":"2021-10-05T09:47:53","modified_gmt":"2021-10-05T07:47:53","slug":"elsa-cardoso","status":"publish","type":"page","link":"https:\/\/www.toletum-network.com\/es\/teilnehmer\/elsa-cardoso\/","title":{"rendered":"Dr. Elsa Cardoso"},"content":{"rendered":"<p><img loading=\"lazy\" decoding=\"async\" class=\"alignnone size-full wp-image-15011\" src=\"http:\/\/www.toletum-network.com\/wp-content\/uploads\/2021\/01\/Elsa_Cardoso.jpg\" alt=\"Elsa Cardoso\" width=\"250\" height=\"300\" \/><\/p>\n<h3 class=\"entry-title\">Dr. Elsa Fernandes Cardoso<\/h3>\n<p>Centro de Historia da Universidade de Lisboa<br \/>\nAlameda da Universidade<br \/>\nP-1600-214 Lisboa<br \/>\n<a href=\"mailto:elsacardoso@campus.ul.pt\">elsacardoso@campus.ul.pt<\/a><\/p>\n<hr \/>\n<p><strong>Academic qualifications and research<\/strong><br \/>\n2020 \u2013 Ph.D. in History \u2013 Interuniversity Doctoral Program in History, School of Arts and Humanities, University of Lisbon, FCT Grantee (Foundation for Science and Technology) (reference: PD\/BD\/113904\/2015), final classification Approved with Distinction and Honors<br \/>\nTitle: The door of the caliph in the Umayyad al-Andalus: from the conceptualization to the articulation of ceremonial (10th-11th centuries), under the supervision of Professors Hermenegildo Fernandes (Centre of History of the University of Lisbon) and Hugh Kennedy (School of Oriental and African Studies, University of London)<\/p>\n<p>2015 \u2013 M.A. in History of Islamic Mediterranean Societies, School of Arts and Humanities, University of Lisbon, merit-based scholarship, final classification 19 out of 20<br \/>\nTitle: Diplomacy and oriental influence in the court of Cordoba (9th &#8211; 10 th centuries), under the supervision of Professor Hermenegildo Fernandes<\/p>\n<p>2012 \u2013 B.A. in Asian Studies, School of Arts and Humanities, University of Lisbon, final classification 18\/20<br \/>\n2010 \u2013 Arabic Intensive Summer Course: Institut Bourguiba des Langues Vivantes, Universit\u00e9 Tunis El Manar, Tunisia<\/p>\n<p><strong>Additional education<br \/>\n<\/strong>October \u2013 November 2019 \u2013 selection and participation in the Webinar The Material Culture of the Caliphate, part of the International Islamic Webinar Initiative (University of Hamburg, Ludwig-Maximilians- University of Munich, University of Bonn, and New York University), organized by Professor Stefan Heidemann (University of Hamburg) and Professor Abigail Krasner Balbale (New York University)<br \/>\nJuly 2016 \u2013 selection and participation in the Intensive Summer Course Al-Andalus: Problems and Perspectives, organized by Professor Maribel Fierro (CSIC Madrid) at the Casa \u00c1rabe of Cordoba<\/p>\n<p><strong>Teaching experience<\/strong><br \/>\nSeptember 2018 \u2013 February 2019 \u2013 Teaching Assistant, B.A. course History of Medieval Islam, School of Arts and Humanities, University of Lisbon<br \/>\nSeptember 2017 \u2013 February 2018 \u2013 Teaching Assistant, B.A. course Islam in Asia: Past and Present, School of Arts and Humanities, University of Lisbon<br \/>\n26\/3\/2015, 20\/4\/2015 \u2013 Teaching experience, classes on Ziry\u0101b and \u2018Abd al-Ra\u1e25m\u0101n III, B.A. course History of al-Andalus, School of Arts and Humanities, University of Lisbon<br \/>\n21\/11\/2014 \u2013 Teaching experience, class on al-Andalus, B.A. course History of Medieval Islam, School of Arts and Humanities, University of Lisbon<br \/>\n18\/7\/2012 \u2013 Teaching experience, class on Arabic language and culture, Summer Program of St. Thomas School, Lisbon<\/p>\n<p><strong>Other experience<\/strong><br \/>\nMay 2015 \u2013 February 2020 \u2013 Voluntary of the Institute of Arabic and Islamic Studies, Centre for History of the University of Lisbon<br \/>\n\u2022 Inventory and keeping of the books of the library of the institute.<\/p>\n<p><strong>Current research interests<\/strong><br \/>\nMedieval Islam, al-Andalus, Mediterranean Studies, Byzantine Studies, Umayyads, \u2018Abbasids, Fatimids, Ceremonial, Court Studies<\/p>\n<p><strong>Scientific articles<\/strong><br \/>\n&#8211; forthcoming, \u201cThe Door of the Caliph in the Umayyad al-Andalus. Presentation of the PhD thesis,\u201d Medievalista 28 (forthcoming 2021);<br \/>\n&#8211; forthcoming, with Javier Albarr\u00e1n, \u201cLevantando las manos hacia Dios: ceremonial y liturgia de guerra santa. Al-Andalus en perspectiva mediterr\u00e1nea,\u201d Intus-Legere. Historia (forthcoming, 2021).<br \/>\n&#8211; forthcoming, \u201cZiry\u0101b, Ab\u016b-l-\u1e24asan \u2018Al\u012b bin N\u0101fi\u2018,\u201d in Routledge Medieval Encyclopedia Online, edited by Josef Meri (London: Routledge) (accepted in June 2018).<br \/>\n&#8211; 2019, \u201cPolitics and diplomacy in 10th century Mediterranean: al-Andalus and Byzantium,\u201d in Byzantium in Dialogue with the Mediterranean, edited by Dani\u00eblle Slootjes and Mari\u00ebtte Verhoeven. (Leiden: Brill, 2019). https:\/\/doi.org\/10.1163\/9789004393585_007<br \/>\n&#8211; 2018, \u201cThe scenography of power in al-Andalus and the \u2018Abbasid and Byzantine ceremonials: Christian ambassadorial receptions in the court of Cordoba in a comparative perspective,\u201d Medieval Encounters. Jewish, Christian and Muslim Culture in Confluence and Dialogue. Brill, vol. 24, issue 4 (2018): 1-45, DOI:<br \/>\n10.1163\/15700674-12340007. https:\/\/brill.com\/view\/journals\/me\/24\/4\/articlep390_2.xml?language=en<br \/>\n&#8211; 2016, \u201cDivulgar a Hist\u00f3ria do al-Andalus na Hist\u00f3ria Medieval Peninsular: conceitos, reflex\u00f5es e perspectivas,\u201d Revista Roda da Fortuna 2016\/1-1 (2016).<br \/>\n&#8211; 2015, \u201cThe poetics of the scenography of power: the embassy of Yahya al-Ghaz\u0101l to Constantinople,\u201d Hamsa 2 (2015).<br \/>\n&#8211; 2015, \u201cO modelo de realeza visigodo e o modelo emiral om\u00edada,\u201d Incipit 3 (2015).<br \/>\n&#8211; 2014, \u201cApontamentos sobre a primeira embaixada bizantina em C\u00f3rdova,\u201d Hist\u00f3ria \u2013 Revista da FLUP, IV s\u00e9rie, vol. 4 (2014).<br \/>\n&#8211; 2013, \u201cZiryab en el Muqtabis II. La orientalizaci\u00f3n de la C\u00f3rdoba de \u2018Abd ar-Rahman II: de los perfumes al funcionalismo de la corte,\u201d Revista Electr\u00f3nica Historias del Orbis Terrarum 11, (2013).<\/p>\n<p><strong>Articles in popular magazines<\/strong><br \/>\n&#8211; forthcoming, \u201cGuerras internas y aristocracias en Al-\u00c1ndalus,\u201d Desperta Ferro, forthcoming 2021;<br \/>\n&#8211; 2014, \u201cO saque de Constantinopla\u201d, Revista Vis\u00e3o Hist\u00f3ria, n. 26, December 2014;<br \/>\n&#8211; 2014, \u201cCairo\u201d, Revista Vis\u00e3o Hist\u00f3ria, n. 26, December 2014<\/p>\n<p><strong>Communications by invitation<\/strong><br \/>\n&#8211; 26 November 2020, \u201cLuis XIV, Versalles y Madinat al-Zahra: un modelo de sociedad de corte?,\u201d Cervantes Institute of Hamburg and Toletum network (Universit\u00e4t Hamburg), Hamburg, Germany;<br \/>\n&#8211; 6 June 2017, Lisbon, \u201cCerimonial e diplomacia na corte califal om\u00edada do al-Andalus,\u201d Course \u201cProblemas da corte r\u00e9gia portuguesa,\u201d School of Arts and Humanities, University of Lisbon, Portugal;<br \/>\n&#8211; 20 June 2016, Madrid, \u201cLiturgias de poder en al-Andalus omeya: una perspectiva comparada del ceremonial de corte,\u201d Seminar Los Califatos en Occidente isl\u00e1mico, Casa de Vel\u00e1zquez, CSIC Madrid, Spain;<br \/>\n&#8211; 5 May 2016, Lisbon, Participation in the workshop \u201cA recep\u00e7\u00e3o das mensagens pol\u00edticas na Idade M\u00e9dia,\u201d Centre of History, University of Lisbon, Portugal;<br \/>\n&#8211; 29 May 2013, Lisbon, \u201cA Diplomacia e a Orientaliza\u00e7\u00e3o da Corte de C\u00f3rdova (s\u00e9cs. IX-X),\u201d Seminar Mem\u00f3rias, Discursos e Pr\u00e1ticas Sociais, Centre for History, University of Lisbon, Portugal.<\/p>\n<p><strong>Organization<\/strong><br \/>\n&#8211; 22-23 March 2021, Workshop Min al-Gharb il\u0101 l-Sharq: The Umayyads &#8211; From West to East, organized with Dr. Javier Albarr\u00e1n, Dr. Antonia Bosanquet (RomanIslam, Universit\u00e4t Hamburg), and Professor Isabel Toral-Niehoff (Freie Universit\u00e4t Berlin), RomanIslam \u2013 Centre for Comparative Empire and<br \/>\nTranscultural Studies, Universit\u00e4t Hamburg, Germany;<br \/>\n&#8211; 11 November 2020 \u2013 17 February 2021, Course \u201cAl-Andalus: an introduction,\u201d organized with Dr. Javier Albarr\u00e1n and Dr. Antonia Bosanquet (RomanIslam, Universit\u00e4t Hamburg), RomanIslam \u2013 Centre for Comparative Empire and Transcultural Studies, Universit\u00e4t Hamburg, Germany<\/p>\n<p><strong>Papers in scientific meetings<\/strong><br \/>\n&#8211; 9-12 December 2020, Batalha, (Zoom Conference), \u201cOliveira Parreira and Os Luso-\u00c1rabes: a story within the history of Portugal?\u201d part of a three-paper panel under the title \u201cRemembering al-Andalus in Contemporary Iberia: the Case of the Taifa Kingdoms through Literary Culture,\u201d with Dr. Abigail Krasner Balbale (New York University) and Dr. Javier Albarr\u00e1n (RomanIslam, Universit\u00e4t Hamburg), moderated by Dr. Alejandro Garc\u00eda-Sanju\u00e1n (University of Huelva), Using the Past: the middle Ages in the Spotlight, Batalha, Portugal;<br \/>\n&#8211; 1-4 July 2019, Leeds, \u201cLiturgy of Blood under the Rule of the Caliph &#8216;Abd al-Ra\u1e25m\u0101n III\u201d part of a three-paper panel under the title \u201cTimes of Gold and Iron: Ceremonies, Objects, and Meanings in the Medieval Mediterranean, 10th-13th Centuries, I\u201d organized by Dr. Javier Albarr\u00e1n and Dr. Francisco L\u00f3pez-Santos,<br \/>\nPhD, and chaired by Professor Hugh Kennedy, International Medieval Congress, University of Leeds, United Kingdom<br \/>\n&#8211; 6-7 Dezembro 2018, Lisbon, \u201cPalestina: o enclave como estrat\u00e9gia de ocupa\u00e7\u00e3o,\u201d with Dr. Carlos Almeida, Congresso Internacional Insularidades e enclaves em situa\u00e7\u00f5es coloniais e p\u00f3s-coloniais: tr\u00e2nsitos, conflitos e constru\u00e7\u00f5es identit\u00e1rias (s\u00e9culos XV-XXI), School of Arts and Humanities, University of Lisbon, Portugal<br \/>\n&#8211; 8-9 March 2018, Madrid, \u201cal-Andalus y la Reconquista: tradici\u00f3n, paradigmas y renovaci\u00f3n historiogr\u00e1fica de una sociedad de frontera (ss. X-XI), with Gon\u00e7alo Matos Ramos, M.A., II Di\u00e1logos en Alta Edad Media: Ca\u00edda y ascenso de las estructuras de poder, Faculty of Geography and History, Universidad Complutense de Madrid, Spain<br \/>\n&#8211; 4-7 July 2016, Leeds, \u201cFeast without food?: Umayyad Andalusi ceremonial in a comparative perspective,\u201d part of a three-paper panel under the title \u201cCeremonial Banquets in Muslim Court Societies,\u201d with Dr. Fatima Rhorchi, and Ana Miranda, MA, chaired by Professor Hermenegildo Fernandes (University of Lisbon), International Medieval Congress, University of Leeds, United Kingdom<br \/>\n&#8211; 1-12 April 2016, London, \u201cThe theatre state and the divinization of the caliph in al-Andalus: a comparative perspective,\u201d Third Annual Conference of the British Association for Islamic Studies, Senate House, University of London, United Kingdom<br \/>\n&#8211; 14-16 March 2016, Stockholm, \u201cFrom Byzantium to Northmen Lands: diplomacy and ceremonial in al-Andalus under the rule of emir \u2018Abd al-Ra\u1e25m\u0101n II,\u201d Marcus Wallenberg Symposium Historians of Medieval Iberia: Enemies and Friends, University of Stockholm\/History Museum, Stockholm, Sweden<br \/>\n&#8211; 3-4 December 2015, Lisbon, \u201cCeuta, \u201cchave da outra margem\u201d: a legitimidade e diplomacia de \u2018Abd ar-Rahman III no programa de expans\u00e3o no Magrebe,\u201d VII Jornadas Luso-Espanholas de Hist\u00f3ria Medieval, University of Lisbon, Portugal<br \/>\n&#8211; 26-27 November 2015, C\u00e1ceres, \u201cDivulgar a Hist\u00f3ria do al-Andalus na Hist\u00f3ria Medieval Peninsular,\u201d Congreso Internacional de Historia Medieval Ciudad de C\u00e1ceres, University of Extremadura, C\u00e1ceres, Spain<br \/>\n&#8211; 5-6 September 2015, Bangor, \u201cThe Mediterranean Sea as a ceremonial and political stage: exchange of embassies between Cordoba and Byzantium (9th \u2013 10th centuries),\u201d part of a three-paper panel under the title \u201cAl-Andalus and the Mediterranean world: travel and conflict (9th \u2013 12th centuries)\u201d, with Ana Miranda and In\u00eas Lourinho, M.A. (University of Lisbon), Conference Travel and Conflict, University of Bangor, Wales, United Kingdom<br \/>\n&#8211; 24-27 June 2015, Lisbon, \u201cCeremonial and Political Legitimacy under the rule of Caliph \u2018Abd al-Rahman III\u201d, part of a three-paper panel with the title \u201cLiturgy of power: ceremonial, literary culture and legitimacy in al-Andalus (Xth-XIth centuries)\u201d, with Ana Miranda, M.A., and In\u00eas Lourinho, M.A., chaired by Professor Hermenegildo Fernandes (University of Lisbon), Conference Kings and Queens 4. Dynastic Changes and Legitimacy, Faculty of Arts, University of Lisbon<br \/>\n&#8211; 4 April 2014, Oporto, \u201cO modelo de realeza visigodo e o modelo emiral om\u00edada,\u201d Workshop of Medieval Studies, Faculty of Arts University of Oporto<br \/>\n&#8211; 18\/1\/2013, Lisbon, \u201cA Limpeza \u00c9tnica da Palestina,\u201d 1st Young Researchers Forum on Islamic Contexts, Centre for Research in Anthropology, Faculty of Social Sciences and Humanities \u2013 Universidade Nova de Lisboa<\/p>\n<p><strong>Further information<\/strong><br \/>\n&#8211; Member of the British Association for Islamic Studies, United Kingdom<br \/>\n&#8211; Member of the Portuguese Society for Medieval Studies (SPEM)<\/p>\n<p><strong>Languages<\/strong><br \/>\n&#8211; Portuguese (mother tongue)<br \/>\n&#8211; English (Proficient)<br \/>\n&#8211; Spanish (Proficient)<br \/>\n&#8211; Arabic (Advanced)<br \/>\n&#8211; French (Intermediate)<br \/>\n&#8211; Italian (Intermediate)<br \/>\n&#8211; Knowledge of Turkish and Persian<\/p>\n","protected":false},"excerpt":{"rendered":"<p>Dr. Elsa Fernandes Cardoso Centro de Historia da Universidade de Lisboa Alameda da Universidade P-1600-214 Lisboa elsacardoso@campus.ul.pt Academic qualifications and research 2020 \u2013 Ph.D. in History \u2013 Interuniversity Doctoral Program in History, School of Arts and Humanities, University of Lisbon, FCT Grantee (Foundation for Science and Technology) (reference: PD\/BD\/113904\/2015), final classification Approved with Distinction and &hellip; <a href=\"https:\/\/www.toletum-network.com\/es\/teilnehmer\/elsa-cardoso\/\" class=\"more-link\">Continuar leyendo<span class=\"screen-reader-text\"> \u00abDr. Elsa Cardoso\u00bb<\/span><\/a><\/p>\n","protected":false},"author":8,"featured_media":0,"parent":18,"menu_order":0,"comment_status":"closed","ping_status":"closed","template":"","meta":{"jetpack_post_was_ever_published":false,"footnotes":""},"class_list":["post-15010","page","type-page","status-publish","hentry"],"jetpack_sharing_enabled":true,"jetpack_shortlink":"https:\/\/wp.me\/P82TDz-3U6","_links":{"self":[{"href":"https:\/\/www.toletum-network.com\/es\/wp-json\/wp\/v2\/pages\/15010","targetHints":{"allow":["GET"]}}],"collection":[{"href":"https:\/\/www.toletum-network.com\/es\/wp-json\/wp\/v2\/pages"}],"about":[{"href":"https:\/\/www.toletum-network.com\/es\/wp-json\/wp\/v2\/types\/page"}],"author":[{"embeddable":true,"href":"https:\/\/www.toletum-network.com\/es\/wp-json\/wp\/v2\/users\/8"}],"replies":[{"embeddable":true,"href":"https:\/\/www.toletum-network.com\/es\/wp-json\/wp\/v2\/comments?post=15010"}],"version-history":[{"count":17,"href":"https:\/\/www.toletum-network.com\/es\/wp-json\/wp\/v2\/pages\/15010\/revisions"}],"predecessor-version":[{"id":15822,"href":"https:\/\/www.toletum-network.com\/es\/wp-json\/wp\/v2\/pages\/15010\/revisions\/15822"}],"up":[{"embeddable":true,"href":"https:\/\/www.toletum-network.com\/es\/wp-json\/wp\/v2\/pages\/18"}],"wp:attachment":[{"href":"https:\/\/www.toletum-network.com\/es\/wp-json\/wp\/v2\/media?parent=15010"}],"curies":[{"name":"wp","href":"https:\/\/api.w.org\/{rel}","templated":true}]}}