{"id":14605,"date":"2020-10-16T21:39:30","date_gmt":"2020-10-16T19:39:30","guid":{"rendered":"http:\/\/www.toletum-network.com\/?page_id=14605"},"modified":"2020-10-19T21:25:57","modified_gmt":"2020-10-19T19:25:57","slug":"ursprungsmythen-die-germanen-al-andalus-der-kampf-um-die-narrative-auf-der-iberischen-halbinsel","status":"publish","type":"page","link":"https:\/\/www.toletum-network.com\/es\/aktivitaten\/ursprungsmythen-die-germanen-al-andalus-der-kampf-um-die-narrative-auf-der-iberischen-halbinsel\/","title":{"rendered":"El mito germ\u00e1nico y el mito \u00e1rabe. Lucha de relatos en la Pen\u00ednsula Ib\u00e9rica"},"content":{"rendered":"<p><img loading=\"lazy\" decoding=\"async\" class=\"alignnone size-full wp-image-14682\" src=\"http:\/\/www.toletum-network.com\/wp-content\/uploads\/2020\/10\/c-Dionis-Baixeras-1885.jpg\" alt=\"\" width=\"400\" height=\"257\" srcset=\"https:\/\/www.toletum-network.com\/wp-content\/uploads\/2020\/10\/c-Dionis-Baixeras-1885.jpg 400w, https:\/\/www.toletum-network.com\/wp-content\/uploads\/2020\/10\/c-Dionis-Baixeras-1885-300x193.jpg 300w\" sizes=\"auto, (max-width: 400px) 85vw, 400px\" \/><\/p>\n<p><strong>Hora y lugar<\/strong><br \/>\n11.11.2020 \u2013 02.12.2020; mi\u00e9rcoles \/ jueves, 19 \u2013 21 horas;<br \/>\nInstituto Cervantes \u2013 Chilehaus, entrada B, 1<sup>o<\/sup> \u00b7 20095 Hamburg<\/p>\n<p><strong>Download<\/strong> <a href=\"http:\/\/www.toletum-network.com\/wp-content\/uploads\/2020\/10\/Vortragsreihe-2020.pdf\">Ciclo de conferencias 2020<\/a>\u00a0 (PDF)<\/p>\n<h3><strong>Programa<\/strong><\/h3>\n<p>\u2014 11.11.2020<br \/>\nEl mito germ\u00e1nico y el mito \u00e1rabe. Lucha de relatos en la Pen\u00ednsula Ib\u00e9rica<br \/>\n<strong>Prof. Dr. Pablo D\u00edaz Mart\u00ednez<\/strong> (Universidad de Salamanca \u2013 Centro RomanIslam, Universidad de Hamburgo)<\/p>\n<p>\u2014 26.11.2020<br \/>\nLuis XIV, Versalles y Madinat al-Zahra: \u00bfun modelo de sociedad de corte?<br \/>\n<strong>Dr. Elsa Cardoso <\/strong>(Universidade de Lisboa \u2013 Toletum, Universidad de Hamburgo)<\/p>\n<p>\u2014 02.12.2020<br \/>\nAl-Andalus en la Historia de Espa\u00f1a. Del rechazo a la exaltaci\u00f3n<br \/>\n<strong>Dr. Javier Albarr\u00e1n Iruela <\/strong>(Universidad Aut\u00f3noma de Madrid \u2013 Centro RomanIslam, Universidad de Hamburgo)<\/p>","protected":false},"excerpt":{"rendered":"<p>Hora y lugar 11.11.2020 \u2013 02.12.2020; mi\u00e9rcoles \/ jueves, 19 \u2013 21 horas; Instituto Cervantes \u2013 Chilehaus, entrada B, 1o \u00b7 20095 Hamburg Download Ciclo de conferencias 2020\u00a0 (PDF) Programa \u2014 11.11.2020 El mito germ\u00e1nico y el mito \u00e1rabe. Lucha de relatos en la Pen\u00ednsula Ib\u00e9rica Prof. Dr. Pablo D\u00edaz Mart\u00ednez (Universidad de Salamanca \u2013 &hellip; <a href=\"https:\/\/www.toletum-network.com\/es\/aktivitaten\/ursprungsmythen-die-germanen-al-andalus-der-kampf-um-die-narrative-auf-der-iberischen-halbinsel\/\" class=\"more-link\">Continuar leyendo<span class=\"screen-reader-text\"> \u00abEl mito germ\u00e1nico y el mito \u00e1rabe. Lucha de relatos en la Pen\u00ednsula Ib\u00e9rica\u00bb<\/span><\/a><\/p>\n","protected":false},"author":8,"featured_media":0,"parent":15,"menu_order":0,"comment_status":"closed","ping_status":"closed","template":"","meta":{"jetpack_post_was_ever_published":false,"footnotes":""},"class_list":["post-14605","page","type-page","status-publish","hentry"],"jetpack_sharing_enabled":true,"jetpack_shortlink":"https:\/\/wp.me\/P82TDz-3Nz","_links":{"self":[{"href":"https:\/\/www.toletum-network.com\/es\/wp-json\/wp\/v2\/pages\/14605","targetHints":{"allow":["GET"]}}],"collection":[{"href":"https:\/\/www.toletum-network.com\/es\/wp-json\/wp\/v2\/pages"}],"about":[{"href":"https:\/\/www.toletum-network.com\/es\/wp-json\/wp\/v2\/types\/page"}],"author":[{"embeddable":true,"href":"https:\/\/www.toletum-network.com\/es\/wp-json\/wp\/v2\/users\/8"}],"replies":[{"embeddable":true,"href":"https:\/\/www.toletum-network.com\/es\/wp-json\/wp\/v2\/comments?post=14605"}],"version-history":[{"count":7,"href":"https:\/\/www.toletum-network.com\/es\/wp-json\/wp\/v2\/pages\/14605\/revisions"}],"predecessor-version":[{"id":14685,"href":"https:\/\/www.toletum-network.com\/es\/wp-json\/wp\/v2\/pages\/14605\/revisions\/14685"}],"up":[{"embeddable":true,"href":"https:\/\/www.toletum-network.com\/es\/wp-json\/wp\/v2\/pages\/15"}],"wp:attachment":[{"href":"https:\/\/www.toletum-network.com\/es\/wp-json\/wp\/v2\/media?parent=14605"}],"curies":[{"name":"wp","href":"https:\/\/api.w.org\/{rel}","templated":true}]}}