{"id":14293,"date":"2020-08-07T11:07:36","date_gmt":"2020-08-07T09:07:36","guid":{"rendered":"http:\/\/www.toletum-network.com\/?page_id=14293"},"modified":"2021-05-01T12:58:17","modified_gmt":"2021-05-01T10:58:17","slug":"autumnschool-2020","status":"publish","type":"page","link":"https:\/\/www.toletum-network.com\/es\/workshops\/autumnschool-2020\/","title":{"rendered":"XI. Workshop 2020"},"content":{"rendered":"<p><img loading=\"lazy\" decoding=\"async\" class=\"alignnone size medium wp-image-14623\" src=\"http:\/\/www.toletum-network.com\/wp-content\/uploads\/2020\/10\/Toletum-XI-210x300.jpg\" alt=\"\" width=\"400\" height=\"572\" srcset=\"https:\/\/www.toletum-network.com\/wp-content\/uploads\/2020\/10\/Toletum-XI-210x300.jpg 210w, https:\/\/www.toletum-network.com\/wp-content\/uploads\/2020\/10\/Toletum-XI-717x1024.jpg 717w, https:\/\/www.toletum-network.com\/wp-content\/uploads\/2020\/10\/Toletum-XI-768x1097.jpg 768w, https:\/\/www.toletum-network.com\/wp-content\/uploads\/2020\/10\/Toletum-XI-1075x1536.jpg 1075w, https:\/\/www.toletum-network.com\/wp-content\/uploads\/2020\/10\/Toletum-XI-1434x2048.jpg 1434w, https:\/\/www.toletum-network.com\/wp-content\/uploads\/2020\/10\/Toletum-XI-1200x1714.jpg 1200w, https:\/\/www.toletum-network.com\/wp-content\/uploads\/2020\/10\/Toletum-XI-scaled.jpg 1792w\" sizes=\"auto, (max-width: 400px) 85vw, 400px\" \/><\/p>\n<hr \/>\n<h1><span style=\"color: #e6b900;\">XI. Workshop<\/span><\/h1>\n<h5><strong><span style=\"color: #e6b900;\">22. \u2013 24. Oktober 2020 in Hamburg<\/span><\/strong><\/h5>\n<h5>\u201eAntike Digital\u201c \u2013 Digital Humanities in der Erforschung der Iberischen Halbinsel in der Antike<span style=\"color: #e6b900;\"><br \/>\n<\/span><\/h5>\n<p><strong>Tagungsort<br \/>\n<\/strong><a href=\"http:\/\/www.warburg-haus.de\/\">Warburg-Haus<\/a> \u00b7 Heilwigstr. 116 \u00b7 D-20249 Hamburg<br \/>\nDownload <a href=\"http:\/\/www.toletum-network.com\/wp-content\/uploads\/2020\/10\/Programm-Workshop-2020.pdf\">Programm Workshop 2020<\/a> (PDF)<br \/>\nTagungsbericht von Dominik Kloss und Sabine Panzram:<br \/>\n<a href=\"https:\/\/www.hsozkult.de\/conferencereport\/id\/tagungsberichte-8840?title=toletum-netzwerk-zur-erforschung-der-iberischen-halbinsel-in-der-antike-red-para-la-investigacion-sobre-la-peninsula-iberica-en-la-antigueedad-11-workshop&amp;recno=3&amp;q=&amp;sort=&amp;fq=&amp;total=8536\">H-Soz-u-Kult<\/a> \/ <a href=\"http:\/\/www.toletum-network.com\/wp-content\/uploads\/2021\/05\/Bollettino-di-Studi-Latini-51-2021-209-214.pdf\">Bollettino di Studi Latini 51 (2021), 209-214<\/a><\/p>\n<hr \/>\n<h3>Tagungsprogramm<\/h3>\n<h3><strong>Donnerstag, 22.10.2020<\/strong><\/h3>\n<p>\u2014 18.00 Uhr<br \/>\n<em>Begr\u00fc\u00dfung und Einf\u00fchrung<br \/>\n<\/em><strong>Sabine Panzram<br \/>\n<\/strong><em>Universit\u00e4t Hamburg<br \/>\n<\/em><strong>Markus Trunk<br \/>\n<\/strong><em>Universit\u00e4t Trier<\/em><\/p>\n<p><em>Begr\u00fc\u00dfung<br \/>\n<\/em><strong>Pedro Antonio Villena P\u00e9rez<\/strong><em><br \/>\nGeneralkonsulat von Spanien in Hamburg<\/em><\/p>\n<p>\u2014 18.15 Uhr<br \/>\n<strong>Reinhard F\u00f6rtsch<br \/>\n<\/strong><em>Deutsches Arch\u00e4ologisches Institut Berlin<br \/>\n<\/em>\u00abi(t&#8217;)s the infrastructure(,) stupid\u00bb: iDAI.welt, Arachne &amp; Co. \u2013 Genese und Perspektiven<\/p>\n<p>\u2014 19.00 Uhr<br \/>\n<strong>Jos\u00e9 Remesal Rodr\u00edguez<br \/>\n<\/strong><em>Universidad de Barcelona<br \/>\n<\/em>Ciencia y Techn\u00e9. El cambio de paradigma<\/p>\n<p>\u2014 20.00 Uhr<br \/>\n<em>Empfang<\/em><\/p>\n<hr \/>\n<h3><strong>Freitag, 23.10.2020<\/strong><\/h3>\n<p><span style=\"color: #800080;\"><strong>Produktion: Forschungsdaten und Arbeitstechniken<\/strong><br \/>\n<span style=\"color: #800080;\">Diskussionsleitung: <strong>Jan Schneider<\/strong> (SPAU GmbH M\u00fcnzenberg)<\/span><\/span><\/p>\n<p>\u2014 9.30 Uhr<br \/>\n<strong>Pau de Soto<br \/>\n<\/strong><em>Institut Catal\u00e0 d\u2019Arqueologia Cl\u00e0ssica Tarragona<br \/>\n<\/em><em>Mille viae ducunt homines per saecula Romam. <\/em>Aplicando Network Science para analizar las redes de transporte romanas en la Pen\u00ednsula Ib\u00e9rica<\/p>\n<p>\u2014 10.15 Uhr<br \/>\n<strong>Jo\u00e3o Fonte &#8211; Jes\u00fas Garc\u00eda S\u00e1nchez <\/strong><br \/>\n<em>University of Exeter<\/em><strong> &#8211; <\/strong><em>Instituto de Arqueolog\u00eda M\u00e9rida<\/em><strong><br \/>\n<\/strong>Digital approaches and methods to disentangle the Roman conquest of the Iberian Northwest<\/p>\n<p>\u2014 11.00 Uhr<br \/>\n<em>Kaffeepause<\/em><\/p>\n<p>\u2014 11.30 Uhr<br \/>\n<strong>Ignasi Grau Mira <\/strong><br \/>\n<em>Universidad de Alicante<br \/>\n<\/em>La aplicaci\u00f3n de t\u00e9cnicas geoespaciales en Arqueolog\u00eda del Paisaje: Propuestas y estudios en el \u00e1rea oriental de la Antigua Iberia<\/p>\n<p>\u2014 12.15 Uhr<br \/>\n<strong>Massimo Gasparini <\/strong><br \/>\n<em>Universidad de C\u00f3rdoba<\/em><strong><br \/>\n<\/strong>Aplicaciones digitales para la investigaci\u00f3n y sociabilizaci\u00f3n de un paisaje hist\u00f3rico: el Proyecto \u00abAger Mellariensis\u00bb<\/p>\n<p>\u2014 13.00 Uhr<br \/>\n<em>Mittagspause<\/em><\/p>\n<p><span style=\"color: #800080;\">Diskussionsleitung: <strong>Markus Trunk <\/strong> (Universit\u00e4t Trier)<\/span><\/p>\n<p>\u2014 15.30 Uhr<br \/>\n<strong>Pieter H. A. Houten<br \/>\n<\/strong><em>University of Nottingham \/ CSAD University of Oxford<\/em><br \/>\nAutopsia epigr\u00e1fica de sill\u00f3n: Reflectance Transformation Imaging<\/p>\n<p><span style=\"color: #800080;\"><strong>Reflektion: Organisationsformen und Vorhaltung<\/strong><\/span><\/p>\n<p>\u2014 16.15 Uhr<br \/>\n<strong>Jan Schneider<\/strong><br \/>\n<em>SPAU GmbH M\u00fcnzenberg<\/em><br \/>\nBig Data aus der der Baetica: die Autumnschool Toletum XI \u00abQGIS for Classical Studies\u00bb \u2013 Bilanz und Perspektiven<\/p>\n<p>\u2014 17.00 Uhr<br \/>\n<em>Kaffeepause<\/em><\/p>\n<p>\u2014 17.30 Uhr<br \/>\n<strong>Patricia Murrieta-Flores<br \/>\n<\/strong><em>Lancaster University<br \/>\n<\/em>El Futuro del Pasado: Desarrollando m\u00e9todos de Inteligencia Artificial y otras t\u00e9cnicas computacionales para investigaci\u00f3n hist\u00f3rica y arqueol\u00f3gica<\/p>\n<p>\u2014 18.15 Uhr<br \/>\n<strong>Iza Romanowska<br \/>\n<\/strong><em>Barcelona Supercomputing Center<\/em><br \/>\nAgent-based Modelling in Historical Research<\/p>\n<p>20.30 Uhr<strong><br \/>\n<\/strong><em>Gemeinsames Abendessen<\/em><\/p>\n<hr \/>\n<h3><strong>Samstag, 24.10.2020<\/strong><\/h3>\n<p><span style=\"color: #800080;\">Diskussionsleitung: <strong>Pieter H. A. Houten <\/strong>(University of Nottingham \/ CSAD University of Oxford)<\/span><\/p>\n<p>\u2014 9.30 Uhr<br \/>\n<strong>Nicole R\u00f6ring<br \/>\n<\/strong><em>MEMVIER Bamberg \/ Technische Universit\u00e4t M\u00fcnchen<br \/>\n<\/em>Vom Handaufma\u00df zur Punktwolke &#8211; haptisch oder virtuell?<\/p>\n<p>\u2014 10.15 Uhr<br \/>\n<strong>Ricardo Mar Medina &#8211; Jos\u00e9 Alejandro Beltr\u00e1n-Caballero<br \/>\n<\/strong><em>Universitat Rogira i Virgili Tarragona &#8211; Barcelona<\/em><br \/>\nLapices, tinta y ordenadores: 25 a\u00f1os de arqueolog\u00eda y arquitectura<\/p>\n<p>\u2014 11.00 Uhr<br \/>\n<em>Kaffeepause<\/em><\/p>\n<p>\u2014 11.30 Uhr<br \/>\n<strong>Manuel Ram\u00edrez S\u00e1nchez<br \/>\n<\/strong><em>Universidad de Las Palmas de Gran Canaria<\/em><br \/>\nM\u00e1s all\u00e1 de las bases de datos epigr\u00e1ficas: Wikimedia Commons y Wikidata<\/p>\n<p>\u2014 12.15 Uhr<br \/>\n<strong>Simona Stoyanova<br \/>\n<\/strong><em>University of Nottingham \/ King\u2019s College London<\/em><strong><em><br \/>\n<\/em><\/strong>Digital Epigraphy: standards and possibilities<\/p>\n<p>\u2014 13.00 Uhr<br \/>\n<em>Mittagspause<\/em><\/p>\n<p><span style=\"color: #800080;\"><strong>Information: Rekonstruktion und Publikation<\/strong><br \/>\n<span style=\"color: #800080;\">Diskussionsleitung: <strong>Sabine Panzram<\/strong> (Universit\u00e4t Hamburg)<\/span><\/span><\/p>\n<p>\u2014 15.30 Uhr<br \/>\n<strong>Rosario Cebri\u00e1n Fern\u00e1ndez &#8211; Jes\u00fas G\u00f3mez<br \/>\n<\/strong><em>Universidad Complutense de Madrid &#8211; Balawat<br \/>\n<\/em>La recreaci\u00f3n virtual en la interpretaci\u00f3n arqueol\u00f3gica y en la comunicaci\u00f3n al gran p\u00fablico. El ejemplo de Segobriga<\/p>\n<p>\u2014 16.15 Uhr<br \/>\n<strong>Paula Granados Garcia <\/strong><br \/>\nOpen University London<br \/>\nLa integraci\u00f3n de recursos digitales para el estudio de la Pen\u00ednsula Ib\u00e9rica a trav\u00e9s de Datos Abiertos Vinculados<\/p>\n<p><strong>\u2014 <\/strong>17.00 Uhr<strong><br \/>\n<\/strong><em>Kaffeepause<\/em><strong><br \/>\n<\/strong><br \/>\n\u2014 17.30 Uhr<br \/>\n<strong>Milagros Navarro Caballero &#8211; Nathalie Pr\u00e9v\u00f4t<br \/>\n<\/strong>CNRS \/ Universit\u00e9 de Bordeaux-Montaigne<strong> &#8211; <\/strong>Servicio de Humanidades Digitales \/ Universit\u00e9 de Bordeaux-Montaigne<strong><br \/>\n<\/strong>El Instituto Ausonius y la epigraf\u00eda de la Pen\u00ednsula Ib\u00e9rica en la era de las Humanidades Digitales<\/p>\n<p><strong>\u2014 <\/strong>18.15 Uhr<strong><br \/>\nLuis Hidalgo Mart\u00edn<br \/>\n<\/strong><em>Consorcio Ciudad Monumental Hist\u00f3rica-Art\u00edstica y Arqueol\u00f3gica de M\u00e9rida<\/em><strong><br \/>\n<\/strong>CILAESEP, una base de datos epigr\u00e1fica online de <em>tituli Emeritenses<\/em>. El proyecto CIL II-M\u00e9rida digital<\/p>\n<p>\u2014 19.15 Uhr<strong><br \/>\nPieter H. A. Houten &#8211; Jan Schneider<br \/>\n<\/strong><em>University of Nottingham \/ CSAD University of Oxford &#8211; SPAU GmbH M\u00fcnzenberg<\/em><strong><br \/>\n<\/strong>Abschlu\u00dfdiskussion: El legado antiguo en tiempos de las humanidades digitales: \u00bfc\u00f3mo estudiarlo?<\/p>\n<p>\u2014 20.30 Uhr<em><strong><br \/>\n<\/strong>Gemeinsames Abendessen<\/em><\/p>","protected":false},"excerpt":{"rendered":"<p>XI. Workshop 22. \u2013 24. Oktober 2020 in Hamburg \u201eAntike Digital\u201c \u2013 Digital Humanities in der Erforschung der Iberischen Halbinsel in der Antike Tagungsort Warburg-Haus \u00b7 Heilwigstr. 116 \u00b7 D-20249 Hamburg Download Programm Workshop 2020 (PDF) Tagungsbericht von Dominik Kloss und Sabine Panzram: H-Soz-u-Kult \/ Bollettino di Studi Latini 51 (2021), 209-214 Tagungsprogramm Donnerstag, 22.10.2020 &hellip; <a href=\"https:\/\/www.toletum-network.com\/es\/workshops\/autumnschool-2020\/\" class=\"more-link\">Continuar leyendo<span class=\"screen-reader-text\"> \u00abXI. Workshop 2020\u00bb<\/span><\/a><\/p>\n","protected":false},"author":8,"featured_media":0,"parent":12,"menu_order":0,"comment_status":"closed","ping_status":"closed","template":"","meta":{"jetpack_post_was_ever_published":false,"footnotes":""},"class_list":["post-14293","page","type-page","status-publish","hentry"],"jetpack_sharing_enabled":true,"jetpack_shortlink":"https:\/\/wp.me\/P82TDz-3Ix","_links":{"self":[{"href":"https:\/\/www.toletum-network.com\/es\/wp-json\/wp\/v2\/pages\/14293","targetHints":{"allow":["GET"]}}],"collection":[{"href":"https:\/\/www.toletum-network.com\/es\/wp-json\/wp\/v2\/pages"}],"about":[{"href":"https:\/\/www.toletum-network.com\/es\/wp-json\/wp\/v2\/types\/page"}],"author":[{"embeddable":true,"href":"https:\/\/www.toletum-network.com\/es\/wp-json\/wp\/v2\/users\/8"}],"replies":[{"embeddable":true,"href":"https:\/\/www.toletum-network.com\/es\/wp-json\/wp\/v2\/comments?post=14293"}],"version-history":[{"count":31,"href":"https:\/\/www.toletum-network.com\/es\/wp-json\/wp\/v2\/pages\/14293\/revisions"}],"predecessor-version":[{"id":15288,"href":"https:\/\/www.toletum-network.com\/es\/wp-json\/wp\/v2\/pages\/14293\/revisions\/15288"}],"up":[{"embeddable":true,"href":"https:\/\/www.toletum-network.com\/es\/wp-json\/wp\/v2\/pages\/12"}],"wp:attachment":[{"href":"https:\/\/www.toletum-network.com\/es\/wp-json\/wp\/v2\/media?parent=14293"}],"curies":[{"name":"wp","href":"https:\/\/api.w.org\/{rel}","templated":true}]}}