{"id":1387,"date":"2016-09-05T14:25:51","date_gmt":"2016-09-05T14:25:51","guid":{"rendered":"http:\/\/www.toletum-network.com\/?page_id=1387"},"modified":"2020-11-18T11:27:20","modified_gmt":"2020-11-18T09:27:20","slug":"prof-dr-gisela-ripoll-lopez","status":"publish","type":"page","link":"https:\/\/www.toletum-network.com\/es\/teilnehmer\/prof-dr-gisela-ripoll-lopez\/","title":{"rendered":"Prof. Dr. Gisela Ripoll L\u00f3pez"},"content":{"rendered":"<p><img loading=\"lazy\" decoding=\"async\" class=\"alignnone wp-image-1805 size-full\" src=\"http:\/\/www.toletum-network.com\/wp-content\/uploads\/2016\/09\/Gisela-Ripoll-Lopez-04.2015-300x225.jpg\" width=\"300\" height=\"225\" \/><\/p>\n<h3 class=\"entry-title\">Prof. Dr. Gisela Ripoll L\u00f3pez<\/h3>\n<div class=\"entry-content\">\n<p>Dpto. Prehistoria, Historia Antigua y Arqueolog\u00eda<br \/>\nFacultad de Geograf\u00eda e Historia<br \/>\nUniversidad de Barcelona<br \/>\nc\/ Montealegre, 6-8<br \/>\n08001 Barcelona<br \/>\n<strong>T.<\/strong> +34 93 4037532<br \/>\n<strong>F.<\/strong> +34 93 4037541<br \/>\n<a href=\"mailto:giselaripoll@ub.edu\">giselaripoll@ub.edu<\/a><\/p>\n<p><a href=\"http:\/\/www.eraaub.com\/ub\/index.php\/es\/administracio\/24-miembros-ub-arqueologia\/190-ripoll-lopez-gisela\">CV<\/a><\/p>\n<p><strong><span style=\"color: #800080;\"><a style=\"color: #800080; text-decoration: underline;\" href=\"http:\/\/www.toletum-network.com\/aktivitaten\/spaniens-staedte-moderne-urbanitaet-seit-2000-jahren-ii-mittelalter-und-fruehe-neuzeit\">Jornada de estudio \u201eCiudades de Espa\u00f1a, II\u201c<\/a><\/span><\/strong><\/p>\n<\/div>\n<p><\/p>","protected":false},"excerpt":{"rendered":"<p>Prof. Dr. Gisela Ripoll L\u00f3pez Dpto. Prehistoria, Historia Antigua y Arqueolog\u00eda Facultad de Geograf\u00eda e Historia Universidad de Barcelona c\/ Montealegre, 6-8 08001 Barcelona T. +34 93 4037532 F. +34 93 4037541 giselaripoll@ub.edu CV Jornada de estudio \u201eCiudades de Espa\u00f1a, II\u201c<\/p>\n","protected":false},"author":7,"featured_media":0,"parent":18,"menu_order":0,"comment_status":"closed","ping_status":"closed","template":"","meta":{"jetpack_post_was_ever_published":false,"footnotes":""},"class_list":["post-1387","page","type-page","status-publish","hentry"],"jetpack_sharing_enabled":true,"jetpack_shortlink":"https:\/\/wp.me\/P82TDz-mn","_links":{"self":[{"href":"https:\/\/www.toletum-network.com\/es\/wp-json\/wp\/v2\/pages\/1387","targetHints":{"allow":["GET"]}}],"collection":[{"href":"https:\/\/www.toletum-network.com\/es\/wp-json\/wp\/v2\/pages"}],"about":[{"href":"https:\/\/www.toletum-network.com\/es\/wp-json\/wp\/v2\/types\/page"}],"author":[{"embeddable":true,"href":"https:\/\/www.toletum-network.com\/es\/wp-json\/wp\/v2\/users\/7"}],"replies":[{"embeddable":true,"href":"https:\/\/www.toletum-network.com\/es\/wp-json\/wp\/v2\/comments?post=1387"}],"version-history":[{"count":13,"href":"https:\/\/www.toletum-network.com\/es\/wp-json\/wp\/v2\/pages\/1387\/revisions"}],"predecessor-version":[{"id":10993,"href":"https:\/\/www.toletum-network.com\/es\/wp-json\/wp\/v2\/pages\/1387\/revisions\/10993"}],"up":[{"embeddable":true,"href":"https:\/\/www.toletum-network.com\/es\/wp-json\/wp\/v2\/pages\/18"}],"wp:attachment":[{"href":"https:\/\/www.toletum-network.com\/es\/wp-json\/wp\/v2\/media?parent=1387"}],"curies":[{"name":"wp","href":"https:\/\/api.w.org\/{rel}","templated":true}]}}