{"id":13850,"date":"2020-03-22T12:41:45","date_gmt":"2020-03-22T10:41:45","guid":{"rendered":"http:\/\/www.toletum-network.com\/?page_id=13850"},"modified":"2020-11-18T11:27:34","modified_gmt":"2020-11-18T09:27:34","slug":"prof-dr-inaki-martin-viso","status":"publish","type":"page","link":"https:\/\/www.toletum-network.com\/es\/teilnehmer\/prof-dr-inaki-martin-viso\/","title":{"rendered":"Prof. Dr. I\u00f1aki Mart\u00edn Viso"},"content":{"rendered":"<p><\/p>\n<h3><img loading=\"lazy\" decoding=\"async\" class=\"alignnone size-full wp-image-13899\" src=\"http:\/\/www.toletum-network.com\/wp-content\/uploads\/2020\/03\/I\u00f1aki-Mart\u00edn-Viso.jpg\" alt=\"\" width=\"300\" height=\"200\" \/><\/h3>\n<h3 class=\"entry-title\">Prof. Dr. I\u00f1aki Mart\u00edn Viso<\/h3>\n<div class=\"entry-content\">\n<div>Profesor Titular de Historia Medieval<\/div>\n<div dir=\"ltr\">\n<div>Departamento de Historia Medieval, Moderna y Contempor\u00e1nea<\/div>\n<div>Universidad de Salamanca<\/div>\n<div>c\/ Cervantes, s\/n<\/div>\n<div>E-37002 Salamanca<\/div>\n<p><a href=\"mailto:viso@usal.es\">viso@usal.es<\/a><\/p>\n<p><a href=\"https:\/\/usal.academia.edu\/I%C3%B1akiMart%C3%ADnViso\">CV<\/a><\/p>\n<p><a href=\"https:\/\/www.toletum-network.com\/es\/workshops\/x-workshop-2019\/\"><strong>Toletum X Necr\u00f3polis entre la Rep\u00fablica y la \u2018long Late Antiquity\u2019<\/strong><\/a><\/p>\n<\/div>\n<\/div>\n<p><\/p>","protected":false},"excerpt":{"rendered":"<p>Prof. Dr. I\u00f1aki Mart\u00edn Viso Profesor Titular de Historia Medieval Departamento de Historia Medieval, Moderna y Contempor\u00e1nea Universidad de Salamanca c\/ Cervantes, s\/n E-37002 Salamanca viso@usal.es CV Toletum X Necr\u00f3polis entre la Rep\u00fablica y la \u2018long Late Antiquity\u2019<\/p>\n","protected":false},"author":8,"featured_media":0,"parent":18,"menu_order":0,"comment_status":"closed","ping_status":"closed","template":"","meta":{"jetpack_post_was_ever_published":false,"footnotes":""},"class_list":["post-13850","page","type-page","status-publish","hentry"],"jetpack_sharing_enabled":true,"jetpack_shortlink":"https:\/\/wp.me\/P82TDz-3Bo","_links":{"self":[{"href":"https:\/\/www.toletum-network.com\/es\/wp-json\/wp\/v2\/pages\/13850","targetHints":{"allow":["GET"]}}],"collection":[{"href":"https:\/\/www.toletum-network.com\/es\/wp-json\/wp\/v2\/pages"}],"about":[{"href":"https:\/\/www.toletum-network.com\/es\/wp-json\/wp\/v2\/types\/page"}],"author":[{"embeddable":true,"href":"https:\/\/www.toletum-network.com\/es\/wp-json\/wp\/v2\/users\/8"}],"replies":[{"embeddable":true,"href":"https:\/\/www.toletum-network.com\/es\/wp-json\/wp\/v2\/comments?post=13850"}],"version-history":[{"count":12,"href":"https:\/\/www.toletum-network.com\/es\/wp-json\/wp\/v2\/pages\/13850\/revisions"}],"predecessor-version":[{"id":13900,"href":"https:\/\/www.toletum-network.com\/es\/wp-json\/wp\/v2\/pages\/13850\/revisions\/13900"}],"up":[{"embeddable":true,"href":"https:\/\/www.toletum-network.com\/es\/wp-json\/wp\/v2\/pages\/18"}],"wp:attachment":[{"href":"https:\/\/www.toletum-network.com\/es\/wp-json\/wp\/v2\/media?parent=13850"}],"curies":[{"name":"wp","href":"https:\/\/api.w.org\/{rel}","templated":true}]}}