{"id":1382,"date":"2016-09-05T14:23:32","date_gmt":"2016-09-05T14:23:32","guid":{"rendered":"http:\/\/www.toletum-network.com\/?page_id=1382"},"modified":"2020-11-18T11:28:29","modified_gmt":"2020-11-18T09:28:29","slug":"prof-dr-jose-remesal-rodriguez","status":"publish","type":"page","link":"https:\/\/www.toletum-network.com\/es\/teilnehmer\/prof-dr-jose-remesal-rodriguez\/","title":{"rendered":"Prof. Dr. Jos\u00e9 Remesal Rodr\u00edguez"},"content":{"rendered":"<p><img loading=\"lazy\" decoding=\"async\" class=\"alignnone wp-image-1800 size-full\" src=\"http:\/\/www.toletum-network.com\/wp-content\/uploads\/2016\/09\/Jose-Remesal-Rodriguez.jpg\" width=\"274\" height=\"184\" \/><\/p>\n<h3 class=\"entry-title\">Prof. Dr. Jos\u00e9 Remesal Rodr\u00edguez<\/h3>\n<div class=\"entry-content\">\n<p>Dpto. Prehistoria, Historia Antigua y Arqueolog\u00eda<br \/>\nFacultad de Geograf\u00eda e Historia<br \/>\nUniversidad de Barcelona<br \/>\nc\/ Montealegre, 6-8<br \/>\nE-08001 Barcelona<br \/>\n<strong>T.<\/strong> +34 93 4037557<br \/>\n<strong>F.<\/strong> +34 93 4037541<br \/>\n<a href=\"mailto:%20remesal@ceipac.ub.edu\">remesal@ub.edu<\/a><\/p>\n<p><strong>Website<\/strong><br \/>\n<a href=\"http:\/\/ceipac.ub.edu\/\">http:\/\/ceipac.ub.edu\/<\/a><\/p>\n<p><strong><span style=\"color: #800080;\"><a style=\"color: #800080; text-decoration: underline;\" href=\"http:\/\/www.toletum-network.com\/aktivitaten\/spaniens-staedte-moderne-urbanitaet-seit-2000-jahren-i\u2028-antike\">Ciclo de conferencias \u201eCiudades de Espa\u00f1a, I\u201c<\/a><\/span><\/strong><\/p>\n<\/div>\n<p><\/p>","protected":false},"excerpt":{"rendered":"<p>Prof. Dr. Jos\u00e9 Remesal Rodr\u00edguez Dpto. Prehistoria, Historia Antigua y Arqueolog\u00eda Facultad de Geograf\u00eda e Historia Universidad de Barcelona c\/ Montealegre, 6-8 E-08001 Barcelona T. +34 93 4037557 F. +34 93 4037541 remesal@ub.edu Website http:\/\/ceipac.ub.edu\/ Ciclo de conferencias \u201eCiudades de Espa\u00f1a, I\u201c<\/p>\n","protected":false},"author":7,"featured_media":0,"parent":18,"menu_order":0,"comment_status":"closed","ping_status":"closed","template":"","meta":{"jetpack_post_was_ever_published":false,"footnotes":""},"class_list":["post-1382","page","type-page","status-publish","hentry"],"jetpack_sharing_enabled":true,"jetpack_shortlink":"https:\/\/wp.me\/P82TDz-mi","_links":{"self":[{"href":"https:\/\/www.toletum-network.com\/es\/wp-json\/wp\/v2\/pages\/1382","targetHints":{"allow":["GET"]}}],"collection":[{"href":"https:\/\/www.toletum-network.com\/es\/wp-json\/wp\/v2\/pages"}],"about":[{"href":"https:\/\/www.toletum-network.com\/es\/wp-json\/wp\/v2\/types\/page"}],"author":[{"embeddable":true,"href":"https:\/\/www.toletum-network.com\/es\/wp-json\/wp\/v2\/users\/7"}],"replies":[{"embeddable":true,"href":"https:\/\/www.toletum-network.com\/es\/wp-json\/wp\/v2\/comments?post=1382"}],"version-history":[{"count":13,"href":"https:\/\/www.toletum-network.com\/es\/wp-json\/wp\/v2\/pages\/1382\/revisions"}],"predecessor-version":[{"id":10991,"href":"https:\/\/www.toletum-network.com\/es\/wp-json\/wp\/v2\/pages\/1382\/revisions\/10991"}],"up":[{"embeddable":true,"href":"https:\/\/www.toletum-network.com\/es\/wp-json\/wp\/v2\/pages\/18"}],"wp:attachment":[{"href":"https:\/\/www.toletum-network.com\/es\/wp-json\/wp\/v2\/media?parent=1382"}],"curies":[{"name":"wp","href":"https:\/\/api.w.org\/{rel}","templated":true}]}}