{"id":13775,"date":"2020-03-14T22:19:21","date_gmt":"2020-03-14T20:19:21","guid":{"rendered":"http:\/\/www.toletum-network.com\/?page_id=13775"},"modified":"2021-06-27T19:05:51","modified_gmt":"2021-06-27T17:05:51","slug":"von-gades-nach-tanger-med-die-zukunft-der-tradition-in-der-strasse-von-gibraltar","status":"publish","type":"page","link":"https:\/\/www.toletum-network.com\/es\/aktivitaten\/von-gades-nach-tanger-med-die-zukunft-der-tradition-in-der-strasse-von-gibraltar\/","title":{"rendered":"De Gades a T\u00e1nger Med: el futuro de la tradici\u00f3n en el Estrecho de Gibraltar"},"content":{"rendered":"<p><figure id=\"attachment_13884\" aria-describedby=\"caption-attachment-13884\" style=\"width: 400px\" class=\"wp-caption alignnone\"><img loading=\"lazy\" decoding=\"async\" class=\"wp-image-13884 size-full\" src=\"http:\/\/www.toletum-network.com\/wp-content\/uploads\/2020\/03\/Tanger-400x300-final.jpg\" alt=\"\u00a9 TangerMed, El Estrecho de Gibraltar\" width=\"400\" height=\"300\" srcset=\"https:\/\/www.toletum-network.com\/wp-content\/uploads\/2020\/03\/Tanger-400x300-final.jpg 400w, https:\/\/www.toletum-network.com\/wp-content\/uploads\/2020\/03\/Tanger-400x300-final-300x225.jpg 300w\" sizes=\"auto, (max-width: 400px) 85vw, 400px\" \/><figcaption id=\"caption-attachment-13884\" class=\"wp-caption-text\">\u00a9 TangerMed, El Estrecho de Gibraltar<\/figcaption><\/figure><\/p>\n<p>Coloquio Internacional de Casa \u00c1rabe Madrid y de l&#8217;\u00c9cole des hautes \u00e9tudes hispaniques et ib\u00e9riques (Casa de Vel\u00e1zquez, Madrid) en colaboraci\u00f3n con Toletum<\/p>\n<p><strong>Hora y lugar<br \/>\n<\/strong>19.-20.03. 2020, 9 &#8211; 18:30\/19:00 horas \u2013 ANULADO, POSTPUESTO AL 11 y 12 de noviembre de 2021; Casa \u00c1rabe, Sal\u00f3n de Embajadores, c\/ Alcal\u00e1, 62 (Metro: Retiro, Pr\u00edncipe de Vergara y Vel\u00e1zquez)<br \/>\n<strong><br \/>\n<\/strong>Download:<strong>\u00a0<a href=\"http:\/\/www.toletum-network.com\/wp-content\/uploads\/2020\/03\/Von-Gades-nach-Tanger-Med-03.2020.pdf\">Von Gades nach Tanger-Med 03.2020<\/a><\/strong><\/p>\n<h3>Programa<\/h3>\n<h3><strong>Jueves, 15.07.2020<\/strong><\/h3>\n<p>\u2014 9:00-10:00 horas<br \/>\n<em>Bienvenida<br \/>\n<\/em>Pedro Mart\u00ednez-Avial (Director de Casa \u00c1rabe Madrid)<br \/>\nMichel Bertrand (Director de la Casa de Vel\u00e1zquez Madrid)<br \/>\nSabine Panzram (Universit\u00e4t Hamburg)<em><br \/>\n<\/em><\/p>\n<p><em>Introducci\u00f3n<\/em><br \/>\nSabine Panzram (Universit\u00e4t Hamburg)<br \/>\n<em>\u00bfQu\u00e9 tiene que ver Gades con Tanger Med? Sobre la utilidad y el perjuicio de la historia<\/em><br \/>\n<em>comparada<\/em><\/p>\n<p>\u2014 10:00-11:30 horas<br \/>\n<strong>La tradici\u00f3n I &#8211; Antig\u00fcedad: Gades y Tingis &#8211; \u201cM\u00faltiples puertos\u201d en finis terrae<\/strong><br \/>\n<em>Presidencia:<\/em> Jos\u00e9 Remesal Rodr\u00edguez (Universitat de Barcelona)<br \/>\n<strong>\u2013<\/strong> Loic M\u00e9nanteau (LETG-Nantes Geolittomer), <em>El Estrecho de Gibraltar: fisiograf\u00eda costera, condiciones na\u00faticas e implantaci\u00f3n portuaria<\/em><br \/>\n<strong>\u2013 <\/strong>Dar\u00edo Bernal Casasola (Universidad de C\u00e1diz), <em>Gades: una ciudad portuaria en el Estrecho como centro del comercio imperial<\/em><\/p>\n<p><em>Pausa<\/em><\/p>\n<p>\u2014 12:00-14:00 horas<em><br \/>\n<\/em><strong>La tradici\u00f3n II &#8211; Juego de poder e intercambios en el Estrecho durante el medievo<\/strong><em><br \/>\nPresidencia: <\/em>Patrice Cressier (CNRS, CIHAM Lyon)<em><br \/>\n<\/em><strong>\u2013<\/strong> Aur\u00e9lien Montel (Universit\u00e9 Lumi\u00e8re Lyon 2), <em>Circulaciones en el Estrecho de Gibraltar en la \u00e9poca omeya<br \/>\n<\/em><strong>\u2013<\/strong> Enrique Jos\u00e9 Ruiz Pilares (Universidad de C\u00e1diz), <em>Espacio portuario e interconexiones comerciales entre el estuario del Guadalquivir y el estrecho<\/em> <em>de Gibraltar (siglos XIII-XVI)<\/em><br \/>\n<strong>\u2013<\/strong> Laurent Callegarin (EHEHI \u2013 Casa de Vel\u00e1zquez Madrid), <em>Presentaci\u00f3n de los resultados <\/em><em>y de las publicaciones del proyecto Estrecho<\/em><\/p>\n<p>\u2014 16:00-18:30 horas<strong><br \/>\nLa tradici\u00f3n III &#8211; Modernidad: C\u00e1diz y T\u00e1nger entre el comercio mediterr\u00e1neo y trasatl\u00e1ntico<br \/>\n<\/strong><em>Presidencia:<\/em> Manuel Bustos Rodr\u00edguez (Universidad de C\u00e1diz)<br \/>\n<strong>\u2013<\/strong> Carlos Mart\u00ednez Shaw (UNED Madrid), <em>C\u00e1diz y el comercio ultramarino (siglos XVI-XVIII)<\/em><strong><br \/>\n\u2013<\/strong> Leila Maziane (Universit\u00e9 Hassan II de Casablanca)<em>, T\u00e1nger y otros puertos del Estrecho en \u00c9poca Moderna<\/em><\/p>\n<p><em>Pausa<\/em><\/p>\n<p><strong>\u2013<\/strong> Eloy Mart\u00edn Corrales (Universitat Pompeu Fabra Barcelona), <em>Hombres y puertos que superaron todas las dificultades: espa\u00f1oles y marroqu\u00edes en la Edad Moderna<\/em><\/p>\n<p><em>Debate<\/em><\/p>\n<h3><strong>Viernes, 16.07.2020<\/strong><\/h3>\n<p>\u2014 9:00-9:30 horas<br \/>\n<em>Bienvenida<br \/>\n<\/em>Pedro Mart\u00ednez-Avial (Director de Casa \u00c1rabe Madrid)<br \/>\nKarima Benyaich (Excma. Sra. Embajadora de Marruecos en Espa\u00f1a)<\/p>\n<p>\u2014 9:30-11:15 horas<br \/>\n<strong>El futuro I &#8211; La orilla espa\u00f1ola: C\u00e1diz, Algeciras, Valencia<\/strong><br \/>\n<em>Presidencia:<\/em> Aziz El Atiaoui (Consejero econ\u00f3mico de la Embajada de Marruecos)<br \/>\n<strong>\u2013<\/strong> Jes\u00fas Gabriel Moreno Navarro (Universidad de Sevilla), Desarrollo econ\u00f3mico del sur de Espa\u00f1a: planes de desarrollo econ\u00f3mico, urban\u00edstico e integraci\u00f3n en las redes econ\u00f3micas del Mediterr\u00e1neo<br \/>\n<strong>\u2013 <\/strong>Gerardo Landaluce (Presidente de la Autoridad Portuaria Bah\u00eda de Algeciras)<em>, El Estrecho de Gibraltar como enclave estrat\u00e9gico del comercio mar\u00edtimo mundial: perspectiva del Puerto Bah\u00eda de Algeciras<\/em><\/p>\n<p><em>Pausa<\/em><\/p>\n<p>\u2014 11:45-13:30 horas<em><br \/>\n<\/em><strong>El futuro II &#8211; La orilla marroqu\u00ed: T\u00e1nger, Casablanca, T\u00e1nger Med<\/strong><em><br \/>\nPresidencia: <\/em>Jos\u00e9 Mar\u00eda Mella (Universidad Aut\u00f3noma de Madrid)<br \/>\n<em><strong>\u2013<\/strong><\/em> Omar Belkheiri (\u00c9cole Nationale de Commerce et de Gestion, Universit\u00e9 Abdelmalek Essa\u00e2di Tanger)<em>, La trajectoire d\u2019ouverture de Tanger (et de sa r\u00e9gion) entre internationalisation(s) et mondialisation \u00e9conomique : une approche historique des caract\u00e9ristiques et cons\u00e9quences sur le territoire<br \/>\n<strong>\u2013 <\/strong><\/em>Hassan Abkari (Director General Adjunto del puerto T\u00e1nger Med)<em>, Tanger Med : impact socio-\u00e9conomique local et int\u00e9gration<\/em><\/p>\n<p>\u2014 15:30-19:00 horas<em><br \/>\n<\/em><strong>El futuro III &#8211; Desdibujando fronteras, el di\u00e1logo entre las dos orillas<\/strong><em><br \/>\nPresidencia: <\/em>Olivia Orozco de la Torre (Casa \u00c1rabe Madrid)<em><br \/>\n<\/em><em><strong>\u2013<\/strong><\/em> Nora Marei (CNRS, UMR 8586, PRODIG Paris)<em>, Processus productifs, \u00e9changes et dynamiques territoriales dans la zone du d\u00e9troit de Gibraltar<br \/>\n<\/em><em><strong>\u2013<\/strong><\/em> Alejandro del Valle G\u00e1lvez (Universidad de C\u00e1diz \/ C\u00e1tedra Jean Monnet \u00abInmigraci\u00f3n y Fronteras\u00bb),<em> Cooperaci\u00f3n transfronteriza en el Estrecho de Gibraltar<\/em><\/p>\n<p><em>Pausa<\/em><\/p>\n<p><strong>\u2013 <\/strong>Gonzalo Escribano Franc\u00e9s (UNED Madrid \/ Director del Programa de Energ\u00eda y Cambio Clim\u00e1tico, Real Instituto Elcano),<em> La cooperaci\u00f3n econ\u00f3mica y energ\u00e9tica entre ambos lados del Estrecho<br \/>\n<strong>\u2013 <\/strong><\/em>Rafael Garc\u00eda-Monge Fern\u00e1ndez (Secretario General, Sociedad Espa\u00f1ola de Estudios<br \/>\npara la Comunicaci\u00f3n Fija a trav\u00e9s del Estrecho de Gibraltar),<em> El proyecto del Enlace Fijo <\/em><em>y la evoluci\u00f3n del transporte en el Estrecho<\/em><\/p>\n<p><strong>Mesa Redonda: \u00bfel futuro de la tradici\u00f3n?<\/strong><em><br \/>\n<\/em>Jos\u00e9 Remesal Rodr\u00edguez (Universitat de Barcelona), Patrice Cressier (CNRS, CIHAM Lyon), Leila Maziane (Universit\u00e9 Hassan II de Casablanca), Gonzalo Escribano Franc\u00e9s (UNED Madrid \/ Real Instituto Elcano)<\/p>","protected":false},"excerpt":{"rendered":"<p>Coloquio Internacional de Casa \u00c1rabe Madrid y de l&#8217;\u00c9cole des hautes \u00e9tudes hispaniques et ib\u00e9riques (Casa de Vel\u00e1zquez, Madrid) en colaboraci\u00f3n con Toletum Hora y lugar 19.-20.03. 2020, 9 &#8211; 18:30\/19:00 horas \u2013 ANULADO, POSTPUESTO AL 11 y 12 de noviembre de 2021; Casa \u00c1rabe, Sal\u00f3n de Embajadores, c\/ Alcal\u00e1, 62 (Metro: Retiro, Pr\u00edncipe de &hellip; <a href=\"https:\/\/www.toletum-network.com\/es\/aktivitaten\/von-gades-nach-tanger-med-die-zukunft-der-tradition-in-der-strasse-von-gibraltar\/\" class=\"more-link\">Continuar leyendo<span class=\"screen-reader-text\"> \u00abDe Gades a T\u00e1nger Med: el futuro de la tradici\u00f3n en el Estrecho de Gibraltar\u00bb<\/span><\/a><\/p>\n","protected":false},"author":8,"featured_media":0,"parent":15,"menu_order":0,"comment_status":"closed","ping_status":"closed","template":"","meta":{"jetpack_post_was_ever_published":false,"footnotes":""},"class_list":["post-13775","page","type-page","status-publish","hentry"],"jetpack_sharing_enabled":true,"jetpack_shortlink":"https:\/\/wp.me\/P82TDz-3Ab","_links":{"self":[{"href":"https:\/\/www.toletum-network.com\/es\/wp-json\/wp\/v2\/pages\/13775","targetHints":{"allow":["GET"]}}],"collection":[{"href":"https:\/\/www.toletum-network.com\/es\/wp-json\/wp\/v2\/pages"}],"about":[{"href":"https:\/\/www.toletum-network.com\/es\/wp-json\/wp\/v2\/types\/page"}],"author":[{"embeddable":true,"href":"https:\/\/www.toletum-network.com\/es\/wp-json\/wp\/v2\/users\/8"}],"replies":[{"embeddable":true,"href":"https:\/\/www.toletum-network.com\/es\/wp-json\/wp\/v2\/comments?post=13775"}],"version-history":[{"count":31,"href":"https:\/\/www.toletum-network.com\/es\/wp-json\/wp\/v2\/pages\/13775\/revisions"}],"predecessor-version":[{"id":15432,"href":"https:\/\/www.toletum-network.com\/es\/wp-json\/wp\/v2\/pages\/13775\/revisions\/15432"}],"up":[{"embeddable":true,"href":"https:\/\/www.toletum-network.com\/es\/wp-json\/wp\/v2\/pages\/15"}],"wp:attachment":[{"href":"https:\/\/www.toletum-network.com\/es\/wp-json\/wp\/v2\/media?parent=13775"}],"curies":[{"name":"wp","href":"https:\/\/api.w.org\/{rel}","templated":true}]}}