{"id":1370,"date":"2016-09-05T14:01:56","date_gmt":"2016-09-05T14:01:56","guid":{"rendered":"http:\/\/www.toletum-network.com\/?page_id=1370"},"modified":"2020-11-18T11:24:57","modified_gmt":"2020-11-18T09:24:57","slug":"prof-dr-antonio-monterroso-checa","status":"publish","type":"page","link":"https:\/\/www.toletum-network.com\/es\/teilnehmer\/prof-dr-antonio-monterroso-checa\/","title":{"rendered":"Prof. Dr. Antonio Monterroso Checa"},"content":{"rendered":"<p><img loading=\"lazy\" decoding=\"async\" class=\"alignnone wp-image-1371\" src=\"http:\/\/www.toletum-network.com\/wp-content\/uploads\/2016\/09\/Antonio-Monterroso-Checa.jpg\" alt=\"Antonio-Monterroso-Checa\" width=\"254\" height=\"203\" \/><\/p>\n<h3>Prof. Dr. Antonio Monterroso Checa<\/h3>\n<p>Universidad de C\u00f3rdoba<br \/>\nFacultad de Filosof\u00eda y Letras<br \/>\n\u00c1rea de Arqueolog\u00eda<br \/>\nPlaza del Cardenal Salazar, 3<br \/>\nE-14071 C\u00f3rdoba<br \/>\n<a href=\"mailto:%20amonterroso@uco.es\">amonterroso@uco.es<\/a><\/p>\n<p><a href=\"http:\/\/www.uco.es\/organiza\/departamentos\/arte\/personal\/documentos\/antonio-monterroso-checa.pdf\">CV<\/a><\/p>\n<p><strong><span style=\"color: #800080;\"><a style=\"color: #800080;\" href=\"http:\/\/www.toletum-network.com\/workshops\/v-workshop-2014\/\">Toletum V Spielst\u00e4tten<\/a> \/\u00a0<a href=\"http:\/\/www.toletum-network.com\/es\/workshops\/viii-workshop-2017\/\">Toletum VIII \u00bfConectando ciudades?<\/a><\/span><\/strong><\/p>\n<p>&nbsp;<\/p>","protected":false},"excerpt":{"rendered":"<p>Prof. Dr. Antonio Monterroso Checa Universidad de C\u00f3rdoba Facultad de Filosof\u00eda y Letras \u00c1rea de Arqueolog\u00eda Plaza del Cardenal Salazar, 3 E-14071 C\u00f3rdoba amonterroso@uco.es CV Toletum V Spielst\u00e4tten \/\u00a0Toletum VIII \u00bfConectando ciudades? &nbsp;<\/p>\n","protected":false},"author":7,"featured_media":0,"parent":18,"menu_order":0,"comment_status":"closed","ping_status":"closed","template":"","meta":{"jetpack_post_was_ever_published":false,"footnotes":""},"class_list":["post-1370","page","type-page","status-publish","hentry"],"jetpack_sharing_enabled":true,"jetpack_shortlink":"https:\/\/wp.me\/P82TDz-m6","_links":{"self":[{"href":"https:\/\/www.toletum-network.com\/es\/wp-json\/wp\/v2\/pages\/1370","targetHints":{"allow":["GET"]}}],"collection":[{"href":"https:\/\/www.toletum-network.com\/es\/wp-json\/wp\/v2\/pages"}],"about":[{"href":"https:\/\/www.toletum-network.com\/es\/wp-json\/wp\/v2\/types\/page"}],"author":[{"embeddable":true,"href":"https:\/\/www.toletum-network.com\/es\/wp-json\/wp\/v2\/users\/7"}],"replies":[{"embeddable":true,"href":"https:\/\/www.toletum-network.com\/es\/wp-json\/wp\/v2\/comments?post=1370"}],"version-history":[{"count":12,"href":"https:\/\/www.toletum-network.com\/es\/wp-json\/wp\/v2\/pages\/1370\/revisions"}],"predecessor-version":[{"id":10986,"href":"https:\/\/www.toletum-network.com\/es\/wp-json\/wp\/v2\/pages\/1370\/revisions\/10986"}],"up":[{"embeddable":true,"href":"https:\/\/www.toletum-network.com\/es\/wp-json\/wp\/v2\/pages\/18"}],"wp:attachment":[{"href":"https:\/\/www.toletum-network.com\/es\/wp-json\/wp\/v2\/media?parent=1370"}],"curies":[{"name":"wp","href":"https:\/\/api.w.org\/{rel}","templated":true}]}}