{"id":1345,"date":"2016-09-05T13:27:59","date_gmt":"2016-09-05T13:27:59","guid":{"rendered":"http:\/\/www.toletum-network.com\/?page_id=1345"},"modified":"2020-11-18T11:34:35","modified_gmt":"2020-11-18T09:34:35","slug":"prof-dr-santiago-castellanos","status":"publish","type":"page","link":"https:\/\/www.toletum-network.com\/es\/teilnehmer\/prof-dr-santiago-castellanos\/","title":{"rendered":"Prof. Dr. Santiago Castellanos Garc\u00eda"},"content":{"rendered":"<p><img loading=\"lazy\" decoding=\"async\" class=\"alignnone size-full wp-image-1346\" src=\"http:\/\/www.toletum-network.com\/wp-content\/uploads\/2016\/09\/Santiago-Castellanos-237x300.jpg\" alt=\"Santiago-Castellanos-237x300\" width=\"237\" height=\"300\" \/><\/p>\n<h3 class=\"entry-title\">Prof. Dr. Santiago Castellanos Garc\u00eda<\/h3>\n<p>Universidad de Le\u00f3n<br \/>\nFacultad de Filosof\u00eda y Letras<br \/>\nDepartamento de Historia<br \/>\nE-24071 Le\u00f3n<br \/>\n<a href=\"mailto:s.castellanos@unileon.es\">s.castellanos@unileon.es<\/a><\/p>\n<p><a href=\"http:\/\/www.edicionesb.com\/catalogo\/autor\/santiago-castellanos_936.html\">CV<\/a><\/p>\n<p><strong><span style=\"color: #800080\"><a style=\"color: #800080;text-decoration: underline\" href=\"http:\/\/www.toletum-network.com\/workshops\/iii-workshop-2012\/\">Toletum III Fokus Sp\u00e4tantike<\/a><\/span><\/strong><\/p>","protected":false},"excerpt":{"rendered":"<p>Prof. Dr. Santiago Castellanos Garc\u00eda Universidad de Le\u00f3n Facultad de Filosof\u00eda y Letras Departamento de Historia E-24071 Le\u00f3n s.castellanos@unileon.es CV Toletum III Fokus Sp\u00e4tantike<\/p>\n","protected":false},"author":7,"featured_media":0,"parent":18,"menu_order":0,"comment_status":"closed","ping_status":"closed","template":"","meta":{"jetpack_post_was_ever_published":false,"footnotes":""},"class_list":["post-1345","page","type-page","status-publish","hentry"],"jetpack_sharing_enabled":true,"jetpack_shortlink":"https:\/\/wp.me\/P82TDz-lH","_links":{"self":[{"href":"https:\/\/www.toletum-network.com\/es\/wp-json\/wp\/v2\/pages\/1345","targetHints":{"allow":["GET"]}}],"collection":[{"href":"https:\/\/www.toletum-network.com\/es\/wp-json\/wp\/v2\/pages"}],"about":[{"href":"https:\/\/www.toletum-network.com\/es\/wp-json\/wp\/v2\/types\/page"}],"author":[{"embeddable":true,"href":"https:\/\/www.toletum-network.com\/es\/wp-json\/wp\/v2\/users\/7"}],"replies":[{"embeddable":true,"href":"https:\/\/www.toletum-network.com\/es\/wp-json\/wp\/v2\/comments?post=1345"}],"version-history":[{"count":13,"href":"https:\/\/www.toletum-network.com\/es\/wp-json\/wp\/v2\/pages\/1345\/revisions"}],"predecessor-version":[{"id":14767,"href":"https:\/\/www.toletum-network.com\/es\/wp-json\/wp\/v2\/pages\/1345\/revisions\/14767"}],"up":[{"embeddable":true,"href":"https:\/\/www.toletum-network.com\/es\/wp-json\/wp\/v2\/pages\/18"}],"wp:attachment":[{"href":"https:\/\/www.toletum-network.com\/es\/wp-json\/wp\/v2\/media?parent=1345"}],"curies":[{"name":"wp","href":"https:\/\/api.w.org\/{rel}","templated":true}]}}