{"id":13440,"date":"2019-11-08T23:59:15","date_gmt":"2019-11-08T21:59:15","guid":{"rendered":"http:\/\/www.toletum-network.com\/?page_id=13440"},"modified":"2020-04-25T16:07:36","modified_gmt":"2020-04-25T14:07:36","slug":"x-workshop-2019","status":"publish","type":"page","link":"https:\/\/www.toletum-network.com\/es\/workshops\/x-workshop-2019\/","title":{"rendered":"X. Workshop 2019"},"content":{"rendered":"<p><img loading=\"lazy\" decoding=\"async\" class=\"alignnone size medium wp-image-13441\" src=\"http:\/\/www.toletum-network.com\/wp-content\/uploads\/2019\/10\/Toletum-X-2-211x300.jpg\" alt=\"\" width=\"400\" height=\"572\" \/><\/p>\n<hr \/>\n<h1><span style=\"color: #e6b900;\">X. Workshop<\/span><\/h1>\n<h5><strong><span style=\"color: #e6b900;\">24. \u2013 26. Oktober 2019 in Hamburg<\/span><\/strong><\/h5>\n<h5>Kontinuit\u00e4t, Wandel, Transformation? Nekropolen zwischen Republik und \u201along Late Antiquity\u2018<span style=\"color: #e6b900;\"><br \/>\n<\/span><\/h5>\n<p><strong>Tagungsort<br \/>\n<\/strong><a href=\"http:\/\/www.warburg-haus.de\/\">Warburg-Haus<\/a> \u00b7 Heilwigstr. 116 \u00b7 D-20249 Hamburg<br \/>\nDownload <a href=\"http:\/\/www.toletum-network.com\/wp-content\/uploads\/2019\/10\/Programm-Workshop-2019.pdf\">Programm Workshop 2019<\/a> (PDF)<br \/>\nTagungsbericht von Dominik Kloss und Sabine Panzram:<br \/>\n<a href=\"https:\/\/www.hsozkult.de\/searching\/id\/tagungsberichte-8549?title=toletum-netzwerk-zur-erforschung-der-iberischen-halbinsel-in-der-antike-red-para-la-investigacion-sobre-la-peninsula-iberica-en-la-antigueedad-10-workshop&amp;q=Panzram&amp;sort=&amp;fq=&amp;total=84&amp;recno=1&amp;subType=fdkn\">H-Soz-u-Kult<\/a> \/ <a href=\"http:\/\/www.toletum-network.com\/wp-content\/uploads\/2020\/04\/Bollettino-di-Studi-Latini-50-2020-245-249.pdf\">Bollettino di Studi Latini 50 (2020), 245-249<\/a><\/p>\n<hr \/>\n<h3>Tagungsprogramm<\/h3>\n<h3><strong>Donnerstag, 24.10.2019<\/strong><\/h3>\n<p>\u2014 18.00 Uhr<br \/>\n<em>Begr\u00fc\u00dfung und Einf\u00fchrung<br \/>\n<\/em><strong>Sabine Panzram<br \/>\n<\/strong><em>Universit\u00e4t Hamburg<br \/>\n<\/em><strong>Markus Trunk<br \/>\n<\/strong><em>Universit\u00e4t Trier<\/em><\/p>\n<p><em>Begr\u00fc\u00dfung<br \/>\n<\/em><strong>Pedro Antonio Villena P\u00e9rez<\/strong><em><br \/>\nGeneralkonsulat von Spanien in Hamburg<\/em><\/p>\n<p>\u2014 18.15 Uhr<br \/>\n<strong>Henner von Hesberg<br \/>\n<\/strong><em>Universit\u00e4t zu K\u00f6ln<\/em><em><br \/>\n<\/em>Inwieweit bilden Nekropolen die soziale Struktur einer Stadt in ihrer Kontinuit\u00e4t und ihrem Wandel ab?<\/p>\n<p>\u2014 19.00 Uhr<br \/>\n<strong>Jonathan Edmondson<br \/>\n<\/strong><em>York University Toronto<br \/>\n<\/em>La contribuci\u00f3n de la epigraf\u00eda funeraria a nuestro conocimiento de las pr\u00e1cticas funerarias y las necr\u00f3polis de la Hispania romana: el ejemplo de la <em>Colonia Augusta Emerita<\/em><\/p>\n<p>\u2014 20.00 Uhr<br \/>\n<em>Empfang<\/em><\/p>\n<hr \/>\n<h3><strong>Freitag, 25.10.2019<\/strong><\/h3>\n<p><span style=\"color: #800080;\"><strong>Nekropolen der Fr\u00fchzeit \u2013 (kelt)iberischer und ph\u00f6nizisch-punischer Provenienz<\/strong><br \/>\n<span style=\"color: #800080;\">Diskussionsleitung: <strong>Marie de Jonghe <\/strong>(\u00c9cole des hautes \u00e9tudes hispaniques et ib\u00e9riques. Casa de Vel\u00e1zquez Madrid)<br \/>\n<\/span><\/span><\/p>\n<p>\u2014 9.30 Uhr<br \/>\n<strong>Teresa Chapa Brunet<br \/>\n<\/strong><em>Universidad Complutense de Madrid<\/em><strong><br \/>\n<\/strong>Necr\u00f3polis ib\u00e9ricas y presencia romana: continuidad y cambio en el ritual funerario<\/p>\n<p>\u2014 10.15 Uhr<br \/>\n<strong>Fernando Prados Mart\u00ednez<\/strong><br \/>\n<em>Universidad de Alicante<\/em><strong><br \/>\n<\/strong>Las necr\u00f3polis del \u00e1rea de <em>Baelo<\/em> (Tarifa, C\u00e1diz). Entre tradici\u00f3n p\u00fanico-mauritana y romanidad<\/p>\n<p>\u2014 11.00 Uhr<br \/>\n<em>Kaffeepause<\/em><\/p>\n<p><span style=\"color: #800080;\"><strong>Kaiserzeitliche Nekropolen: r\u00f6misch, hispanoromanisch, hispanisch?<\/strong><br \/>\n<span style=\"color: #800080;\">Diskussionsleitung: <strong>Christof Berns <\/strong>(Universit\u00e4t Hamburg)<br \/>\n<\/span><\/span><\/p>\n<p>\u2014 11.30 Uhr<br \/>\n<strong>Janine Lehmann<\/strong><br \/>\n<em>Universit\u00e4t Leipzig<br \/>\n<\/em>Die Reliefs von Osuna. Zeugnisse eines kulturellen Wandels?<\/p>\n<p>\u2014 12.15 Uhr<br \/>\n<strong>Philipp Kobusch<\/strong><br \/>\n<em>Christian-Albrechts-Universit\u00e4t zu Kiel<\/em><strong><br \/>\n<\/strong>Kontinuit\u00e4ten und Diskontinuit\u00e4ten in der Sepulkralkultur Carmonas<\/p>\n<p>\u2014 13.00 Uhr<br \/>\n<em>Mittagspause<\/em><\/p>\n<p>\u2014 15.30 Uhr<br \/>\n<strong>Desiderio Vaquerizo Gil<br \/>\n<\/strong><em>Universidad de C\u00f3rdoba<\/em><br \/>\nTopograf\u00eda y parcelaciones funerarias en la Colonia Patricia de inicios del Imperio<\/p>\n<p>\u2014 16.15 Uhr<br \/>\n<strong>Mar\u00eda del Rosario Cebri\u00e1n Fern\u00e1ndez \/ Markus Trunk<\/strong><br \/>\n<em>Universidad Complutense de Madrid<\/em> <em>\/ Universit\u00e4t Trier<\/em><br \/>\nLas necr\u00f3polis de Seg\u00f3briga (Prov. Cuenca)<\/p>\n<p><strong>\u2014 17.00 Uhr<br \/>\n<em>Kaffeepause<\/em><\/strong><\/p>\n<p><span style=\"color: #800080;\">Diskussionsleitung: <strong>Markus Trunk <\/strong> (Universit\u00e4t Trier)<br \/>\n<\/span><\/p>\n<p>\u2014 17.30 Uhr<br \/>\n<strong>Carmen Marcks-Jacobs<br \/>\n<\/strong><em>Humboldt-Universit\u00e4t zu Berlin<br \/>\n<\/em>Kontinuit\u00e4t und Wandel bei Grabreliefs mit Portr\u00e4t aus Hispanien<\/p>\n<p>\u2014 18.15 Uhr<br \/>\n<strong>Pieter H.A. Houten<br \/>\n<\/strong><em>University of Nottingham \u2013 CSAD University of Oxford<\/em><br \/>\nLa latinizaci\u00f3n en las estelas funerarias<\/p>\n<p>20.30 Uhr<strong><br \/>\n<\/strong><em>Gemeinsames Abendessen<\/em><\/p>\n<hr \/>\n<h3><strong>Samstag, 26.10.2019<\/strong><\/h3>\n<p><span style=\"color: #800080;\"><strong>Sp\u00e4tantike Nekropolen: pagan, christianisiert, christlich?<\/strong><\/span><br \/>\n<span style=\"color: #800080;\">Diskussionsleitung: <strong>Stefan Ardeleanu <\/strong> (Universit\u00e4t Heidelberg)<\/span><\/p>\n<p>\u2014 9.30 Uhr<br \/>\n<strong>Isabelle Mossong<br \/>\n<\/strong><em>Kommission f\u00fcr Alte Geschichte und Epigraphik des Deutschen Arch\u00e4ologischen Instituts<\/em> Suburbane Nekropolen im <em>Conventus Asturum<\/em> im Spiegel der Epigraphik<\/p>\n<p>\u2014 10.15 Uhr<br \/>\n<strong>Christoph Eger<br \/>\n<\/strong><em>Freie Universit\u00e4t Berlin<\/em><br \/>\nZwischen Heidentum und Christentum: Grabbrauch in Hispanien vom 3. bis 6. Jahrhundert<strong><br \/>\n<\/strong><em><br \/>\n<\/em>\u2014 11.00 Uhr<br \/>\n<em>Kaffeepause<\/em><\/p>\n<p>\u2014 11.30 Uhr<br \/>\n<strong>Achim Arbeiter<br \/>\n<\/strong><em>Georg-August-Universit\u00e4t G\u00f6ttingen<\/em><br \/>\nBestattung und Kommemoration im fr\u00fchchristlichen Hispanien. Inschriftliche, ikonographische und materielle Aspekte<\/p>\n<p>\u2014 12.15 Uhr<br \/>\n<strong>Fedor Schlimbach<br \/>\n<\/strong><strong><em>Georg-August-Universit\u00e4t G\u00f6ttingen<br \/>\n<\/em><\/strong>Die Nekropole der Basilika von \u201aLa Losilla\u2018 bei A\u00f1ora (C\u00f3rdoba). Zum Bestattungsbrauch im l\u00e4ndlichen Bereich des sp\u00e4tantiken Hispanien<\/p>\n<p>\u2014 13.00 Uhr<br \/>\n<em>Mittagspause<br \/>\n<\/em><\/p>\n<p>\u2014 15.30 Uhr<br \/>\n<strong>Morgane Uberti<br \/>\n<\/strong><em>\u00c9coles des hautes \u00e9tudes hispaniques et ib\u00e9riques \u2013 Casa de Vel\u00e1zquez Madrid<\/em><strong><br \/>\n<\/strong>Exponer el tiempo en la necr\u00f3polis: el discurso de los epitafios entre Antig\u00fcedad y Edad Media<\/p>\n<p><span style=\"color: #800080;\"><strong>Nekropolen der \u201along Late Antiquity\u2018 \u2013 westgotischer und umayyadischer Provenienz<\/strong><\/span><br \/>\n<span style=\"color: #800080;\">Diskussionsleitung: <strong>Alfonso Vigil-Escalera Guirado<\/strong> (Universidad de Salamanca)<br \/>\n<\/span><\/p>\n<p>\u2014 16.15 Uhr<br \/>\n<strong>I\u00f1aki Mart\u00edn Viso<\/strong><br \/>\nUniversidad de Salamanca<br \/>\nEspacios funerarios y paisajes sociales en el centro peninsular (siglos V-VII)<\/p>\n<p><strong>\u2014 <\/strong>17.00 Uhr<strong><br \/>\n<\/strong><em>Kaffeepause<\/em><strong><br \/>\n<\/strong><br \/>\n\u2014 17.30 Uhr<br \/>\n<strong>Jes\u00fas Lorenzo Jim\u00e9nez<br \/>\n<\/strong><em>Universidad Nacional de Educaci\u00f3n a Distancia Madrid<\/em><strong><br \/>\n<\/strong>El testimonio de los muertos. La islamizaci\u00f3n de Pamplona a trav\u00e9s de sus necr\u00f3polis de \u00e9poca isl\u00e1mica<strong><br \/>\n<\/strong><strong><br \/>\n\u2014 <\/strong>18.15 Uhr<strong><br \/>\nJavier Arce<br \/>\n<\/strong><em>Universit\u00e9 Charles de Gaulle-Lille 3<\/em><strong><br \/>\n<\/strong>Las tumbas de los reyes visigodos: un problema hist\u00f3rico<\/p>\n<p>\u2014 19.15 Uhr<strong><br \/>\n<\/strong><em>Abschlu\u00dfdiskussion<br \/>\n<\/em><\/p>\n<p>\u2014 20.30 Uhr<em><strong><br \/>\n<\/strong>Gemeinsames Abendessen<\/em><\/p>\n<p>&nbsp;<\/p>\n","protected":false},"excerpt":{"rendered":"<p>X. Workshop 24. \u2013 26. Oktober 2019 in Hamburg Kontinuit\u00e4t, Wandel, Transformation? Nekropolen zwischen Republik und \u201along Late Antiquity\u2018 Tagungsort Warburg-Haus \u00b7 Heilwigstr. 116 \u00b7 D-20249 Hamburg Download Programm Workshop 2019 (PDF) Tagungsbericht von Dominik Kloss und Sabine Panzram: H-Soz-u-Kult \/ Bollettino di Studi Latini 50 (2020), 245-249 Tagungsprogramm Donnerstag, 24.10.2019 \u2014 18.00 Uhr Begr\u00fc\u00dfung &hellip; <a href=\"https:\/\/www.toletum-network.com\/es\/workshops\/x-workshop-2019\/\" class=\"more-link\">Continuar leyendo<span class=\"screen-reader-text\"> \u00abX. Workshop 2019\u00bb<\/span><\/a><\/p>\n","protected":false},"author":8,"featured_media":0,"parent":12,"menu_order":0,"comment_status":"closed","ping_status":"closed","template":"","meta":{"jetpack_post_was_ever_published":false,"footnotes":""},"class_list":["post-13440","page","type-page","status-publish","hentry"],"jetpack_sharing_enabled":true,"jetpack_shortlink":"https:\/\/wp.me\/P82TDz-3uM","_links":{"self":[{"href":"https:\/\/www.toletum-network.com\/es\/wp-json\/wp\/v2\/pages\/13440","targetHints":{"allow":["GET"]}}],"collection":[{"href":"https:\/\/www.toletum-network.com\/es\/wp-json\/wp\/v2\/pages"}],"about":[{"href":"https:\/\/www.toletum-network.com\/es\/wp-json\/wp\/v2\/types\/page"}],"author":[{"embeddable":true,"href":"https:\/\/www.toletum-network.com\/es\/wp-json\/wp\/v2\/users\/8"}],"replies":[{"embeddable":true,"href":"https:\/\/www.toletum-network.com\/es\/wp-json\/wp\/v2\/comments?post=13440"}],"version-history":[{"count":33,"href":"https:\/\/www.toletum-network.com\/es\/wp-json\/wp\/v2\/pages\/13440\/revisions"}],"predecessor-version":[{"id":13999,"href":"https:\/\/www.toletum-network.com\/es\/wp-json\/wp\/v2\/pages\/13440\/revisions\/13999"}],"up":[{"embeddable":true,"href":"https:\/\/www.toletum-network.com\/es\/wp-json\/wp\/v2\/pages\/12"}],"wp:attachment":[{"href":"https:\/\/www.toletum-network.com\/es\/wp-json\/wp\/v2\/media?parent=13440"}],"curies":[{"name":"wp","href":"https:\/\/api.w.org\/{rel}","templated":true}]}}