{"id":1330,"date":"2016-09-05T11:52:12","date_gmt":"2016-09-05T11:52:12","guid":{"rendered":"http:\/\/www.toletum-network.com\/?page_id=1330"},"modified":"2020-11-18T11:25:25","modified_gmt":"2020-11-18T09:25:25","slug":"prof-dr-dario-bernal-casasola","status":"publish","type":"page","link":"https:\/\/www.toletum-network.com\/es\/teilnehmer\/prof-dr-dario-bernal-casasola\/","title":{"rendered":"Prof. Dr. Dar\u00edo Bernal Casasola"},"content":{"rendered":"<p><img loading=\"lazy\" decoding=\"async\" class=\"alignnone wp-image-1807 size-full\" src=\"http:\/\/www.toletum-network.com\/wp-content\/uploads\/2016\/09\/Dario-Bernal-Casasola-300x200.jpg\" width=\"300\" height=\"200\" \/><\/p>\n<h3 class=\"entry-title\">Prof. Dr. Dar\u00edo Bernal Casasola<\/h3>\n<div class=\"entry-content\">\n<p>\u00c1rea de Arqueolog\u00eda<br \/>\nDepartamento de Historia, Geograf\u00eda y Filosof\u00eda<br \/>\nUniversidad de C\u00e1diz<br \/>\nAvda. Dr. G\u00f3mez Ulla 1<br \/>\nE-11003 C\u00e1diz<br \/>\n<strong>T.<\/strong> +34 956 015868<br \/>\n<a href=\"mailto:dario.bernal@uca.es\">dario.bernal@uca.es<\/a><\/p>\n<p><span style=\"color: #999999;\"><a style=\"color: #999999;\" href=\"http:\/\/www.toletum-network.com\/wp-content\/uploads\/2015\/10\/CV.pdf\">CV<\/a><\/span><\/p>\n<p><strong><span style=\"color: #800080;\"><a style=\"color: #800080; text-decoration: underline;\" href=\"http:\/\/www.toletum-network.com\/workshops\/vi-workshop-2015\/\">Toletum VI St\u00e4dtewesen<\/a><\/span><\/strong><\/p>\n<\/div>\n","protected":false},"excerpt":{"rendered":"<p>Prof. Dr. Dar\u00edo Bernal Casasola \u00c1rea de Arqueolog\u00eda Departamento de Historia, Geograf\u00eda y Filosof\u00eda Universidad de C\u00e1diz Avda. Dr. G\u00f3mez Ulla 1 E-11003 C\u00e1diz T. +34 956 015868 dario.bernal@uca.es CV Toletum VI St\u00e4dtewesen<\/p>\n","protected":false},"author":7,"featured_media":0,"parent":18,"menu_order":0,"comment_status":"closed","ping_status":"closed","template":"","meta":{"jetpack_post_was_ever_published":false,"footnotes":""},"class_list":["post-1330","page","type-page","status-publish","hentry"],"jetpack_sharing_enabled":true,"jetpack_shortlink":"https:\/\/wp.me\/P82TDz-ls","_links":{"self":[{"href":"https:\/\/www.toletum-network.com\/es\/wp-json\/wp\/v2\/pages\/1330","targetHints":{"allow":["GET"]}}],"collection":[{"href":"https:\/\/www.toletum-network.com\/es\/wp-json\/wp\/v2\/pages"}],"about":[{"href":"https:\/\/www.toletum-network.com\/es\/wp-json\/wp\/v2\/types\/page"}],"author":[{"embeddable":true,"href":"https:\/\/www.toletum-network.com\/es\/wp-json\/wp\/v2\/users\/7"}],"replies":[{"embeddable":true,"href":"https:\/\/www.toletum-network.com\/es\/wp-json\/wp\/v2\/comments?post=1330"}],"version-history":[{"count":13,"href":"https:\/\/www.toletum-network.com\/es\/wp-json\/wp\/v2\/pages\/1330\/revisions"}],"predecessor-version":[{"id":9499,"href":"https:\/\/www.toletum-network.com\/es\/wp-json\/wp\/v2\/pages\/1330\/revisions\/9499"}],"up":[{"embeddable":true,"href":"https:\/\/www.toletum-network.com\/es\/wp-json\/wp\/v2\/pages\/18"}],"wp:attachment":[{"href":"https:\/\/www.toletum-network.com\/es\/wp-json\/wp\/v2\/media?parent=1330"}],"curies":[{"name":"wp","href":"https:\/\/api.w.org\/{rel}","templated":true}]}}