{"id":1326,"date":"2017-09-09T19:25:15","date_gmt":"2017-09-09T17:25:15","guid":{"rendered":"http:\/\/www.toletum-network.com\/?page_id=1326"},"modified":"2020-11-18T11:24:02","modified_gmt":"2020-11-18T09:24:02","slug":"prof-dr-achim-arbeiter","status":"publish","type":"page","link":"https:\/\/www.toletum-network.com\/es\/teilnehmer\/prof-dr-achim-arbeiter\/","title":{"rendered":"Prof. Dr. Achim Arbeiter"},"content":{"rendered":"<p><img loading=\"lazy\" decoding=\"async\" class=\"alignnone size-full wp-image-1327\" src=\"http:\/\/www.toletum-network.com\/wp-content\/uploads\/2016\/09\/Achim-Arbeiter-300x276.jpg\" alt=\"Achim-Arbeiter-300x276\" width=\"300\" height=\"276\" \/><\/p>\n<h3 class=\"entry-title\">Prof. Dr. Achim Arbeiter<\/h3>\n<div class=\"entry-content\">\n<p>Georg-August-Universit\u00e4t G\u00f6ttingen<br \/>\nChristliche Arch\u00e4ologie und Byzantinische<br \/>\nKunstgeschichte<br \/>\nNikolausberger Weg 15<br \/>\nD-37073 G\u00f6ttingen<br \/>\n<span style=\"color: #999999;\"><a style=\"color: #999999;\" href=\"mailto:aarbeit@gwdg.de\">aarbeit@gwdg.de<\/a><\/span><\/p>\n<p><span style=\"color: #999999;\"><a style=\"color: #999999;\" href=\"https:\/\/www.uni-goettingen.de\/de\/prof-dr-achim-arbeiter\/115246.html\">CV<\/a><\/span><\/p>\n<p><strong><span style=\"color: #800080;\"><a style=\"color: #800080; text-decoration: underline;\" href=\"http:\/\/www.toletum-network.com\/workshops\/iii-workshop-2012\/\">Toletum III Fokus Sp\u00e4tantike<\/a><\/span><\/strong> \/<a href=\"http:\/\/www.toletum-network.com\/aktivitaten\/spaniens-staedte-moderne-urbanitaet-seit-2000-jahren-i\u2028-antike\"><span style=\"color: #800080;\"><strong> Ciclo de conferencias \u201eCiudades de Espa\u00f1a, I\u201c<\/strong><\/span><\/a><\/p>\n<\/div>\n<p><\/p>","protected":false},"excerpt":{"rendered":"<p>Prof. Dr. Achim Arbeiter Georg-August-Universit\u00e4t G\u00f6ttingen Christliche Arch\u00e4ologie und Byzantinische Kunstgeschichte Nikolausberger Weg 15 D-37073 G\u00f6ttingen aarbeit@gwdg.de CV Toletum III Fokus Sp\u00e4tantike \/ Ciclo de conferencias \u201eCiudades de Espa\u00f1a, I\u201c<\/p>\n","protected":false},"author":7,"featured_media":0,"parent":18,"menu_order":0,"comment_status":"closed","ping_status":"closed","template":"","meta":{"jetpack_post_was_ever_published":false,"footnotes":""},"class_list":["post-1326","page","type-page","status-publish","hentry"],"jetpack_sharing_enabled":true,"jetpack_shortlink":"https:\/\/wp.me\/P82TDz-lo","_links":{"self":[{"href":"https:\/\/www.toletum-network.com\/es\/wp-json\/wp\/v2\/pages\/1326","targetHints":{"allow":["GET"]}}],"collection":[{"href":"https:\/\/www.toletum-network.com\/es\/wp-json\/wp\/v2\/pages"}],"about":[{"href":"https:\/\/www.toletum-network.com\/es\/wp-json\/wp\/v2\/types\/page"}],"author":[{"embeddable":true,"href":"https:\/\/www.toletum-network.com\/es\/wp-json\/wp\/v2\/users\/7"}],"replies":[{"embeddable":true,"href":"https:\/\/www.toletum-network.com\/es\/wp-json\/wp\/v2\/comments?post=1326"}],"version-history":[{"count":24,"href":"https:\/\/www.toletum-network.com\/es\/wp-json\/wp\/v2\/pages\/1326\/revisions"}],"predecessor-version":[{"id":10981,"href":"https:\/\/www.toletum-network.com\/es\/wp-json\/wp\/v2\/pages\/1326\/revisions\/10981"}],"up":[{"embeddable":true,"href":"https:\/\/www.toletum-network.com\/es\/wp-json\/wp\/v2\/pages\/18"}],"wp:attachment":[{"href":"https:\/\/www.toletum-network.com\/es\/wp-json\/wp\/v2\/media?parent=1326"}],"curies":[{"name":"wp","href":"https:\/\/api.w.org\/{rel}","templated":true}]}}