{"id":13137,"date":"2019-07-16T19:25:06","date_gmt":"2019-07-16T17:25:06","guid":{"rendered":"http:\/\/www.toletum-network.com\/?page_id=13137"},"modified":"2020-11-18T11:15:13","modified_gmt":"2020-11-18T09:15:13","slug":"dr-pablo-poveda-arias","status":"publish","type":"page","link":"https:\/\/www.toletum-network.com\/es\/teilnehmer\/dr-pablo-poveda-arias\/","title":{"rendered":"Dr. Pablo Poveda Arias"},"content":{"rendered":"<h3><img loading=\"lazy\" decoding=\"async\" class=\"alignnone size-full wp-image-13176\" src=\"http:\/\/www.toletum-network.com\/wp-content\/uploads\/2019\/07\/Pablo-Poveda-Arias.png\" alt=\"\" width=\"300\" height=\"200\" \/><\/h3>\n<h3 class=\"entry-title\">Dr. Pablo Poveda Arias<\/h3>\n<p>Departamento de Prehistoria, Historia Antigua y Arqueolog\u00eda<br \/>\nFacultad de Geograf\u00eda e Historia<br \/>\nUniversidad de Salamanca<br \/>\nCerrada de Serranos, s\/n<br \/>\nE-37008 Salamanca<br \/>\n<a href=\"mailto:pablo.poveda.arias@gmail.com\">pablo.poveda.arias@gmail.com<\/a><\/p>\n<p><strong>Gastwissenschaftler, 09\/2019-08\/2021<\/strong><br \/>\nUniversit\u00e4t Hamburg<br \/>\nHistorisches Seminar \u2013 Arbeitsbereich Alte Geschichte<br \/>\n\u00dcberseering 35#5 \/ 2. OG, R. 02013<br \/>\nD-22297 Hamburg<\/p>\n<p><strong>Website<\/strong><br \/>\n<a href=\"https:\/\/usal.academia.edu\/PabloPovedaArias\">https:\/\/usal.academia.edu\/PabloPovedaArias<\/a><\/p>\n<p><strong>Forschungsprojekt: <\/strong>Bishops and Competitiveness in the Post-Imperial West: Gaul and Hispania (5<sup>th<\/sup>-8<sup>th<\/sup> Centuries)<\/p>\n<hr \/>\n<h5><strong>Education, academic background<\/strong><\/h5>\n<p><span style=\"color: #999999;\">\u2014 27\/11\/2018<\/span><br \/>\n<em>PhD \u00abMonarqu\u00eda, sociedad y territorio en el Occidente post-imperial: la construcci\u00f3n de la soberan\u00eda regia en la Galia merovingia y en el reino visigodo hispano\u00bb. <\/em>University of Salamanca. <em>PhD Programme: <\/em>Prehistoria y Ciencias de la Antig\u00fcedad. Average Grade: <em>Sobresaliente Cum Laude <\/em>(A+)<\/p>\n<p><span style=\"color: #999999;\">\u2014 14\/07\/2014<\/span><br \/>\n<em>M. A. \u00abEstudios Avanzados e Investigaci\u00f3n en Historia (Sociedades, Poderes e Identidades)\u00bb \/ \u00abAdvanced Studies and Research in History (Societies, Powers and Identities\u00bb<\/em>, Facultad de Geograf\u00eda e Historia. University of Salamanca. A-Grade Average<\/p>\n<p><span style=\"color: #999999;\">\u2014 25\/06\/2013<\/span><br \/>\n<em>B. A. History. <\/em>Facultad de Geograf\u00eda e Historia. University of Salamanca. A-Grade Average<\/p>\n<hr \/>\n<h5><strong>Participation in research contracts<\/strong><\/h5>\n<p><span style=\"color: #999999;\">\u2014 desde 09\/2019<\/span><br \/>\nPostdoctoral Research Associate (PDRA). \u00a0<em>University of Hamburg<\/em>. Historisches Seminar \u2013 Arbeitsbereich Alte Geschichte. Funding: <em>Fritz Thyssen Stiftung.<\/em><\/p>\n<p><span style=\"color: #999999;\">\u2014 10\/2014 \u2013 09\/2018<\/span><br \/>\nResearch Personnel in Training \u2013 Predoctoral Research Contract.\u00a0 <em>University of Salamanca<\/em>. Departamento de Prehistoria, Historia Antigua y Arqueolog\u00eda. Funding Body: <em>Ministerio de Educaci\u00f3n Cultura y Deporte (MECD). Programa de Formaci\u00f3n del Profesorado Universitario (FPU).<\/em><\/p>\n<hr \/>\n<h5><strong>Participation in R+I+D projects<\/strong><\/h5>\n<p><span style=\"color: #999999;\">\u2014 desde 09\/2019 \u2013 08\/2021<\/span><br \/>\n<em>\u00abBishops and Competitiveness in the Post-Imperial West: Gaul and Hispania (5<sup>th<\/sup>-8<sup>th<\/sup> Centuries)\u00bb <\/em>(Ref. 40.19.0.014GE). Lead Researchers: Dr\u00aa. Sabine Panzram &amp; Dr. Pablo Poveda Arias (University of Hamburg). Funding: <em>Fritz Thyssen Stiftung<\/em>.<\/p>\n<p><span style=\"color: #999999;\">\u2014 desde 01\/2017 \u2013 12\/2020<\/span><br \/>\n\u00ab<em>Formaci\u00f3n y din\u00e1mica de los comunales ganaderos en el Noroeste de la pen\u00ednsula ib\u00e9rica medieval: paisajes e identidades sociales en perspectiva comparada<\/em>\u00bb (HAR2016-76094-C4-4-R). Lead Researchers: Dr. Pablo C. D\u00edaz &amp; Dr. I\u00f1aki Mart\u00edn Viso (University of Salamanca). Funding: <em>Ministerio de Econom\u00eda y Competitividad (MINECO).<\/em><\/p>\n<p><span style=\"color: #999999;\">\u2014 desde 01\/2014 \u2013 12\/2016<\/span><br \/>\n<em>\u00abColapso y regeneraci\u00f3n en la Antig\u00fcedad tard\u00eda: el caso del noroeste peninsular\u00bb <\/em>(HAR2013-47889-C3-1-P). Lead Researchers: Dr. Pablo C. D\u00edaz &amp; Dr. I\u00f1aki Mart\u00edn Viso (University of Salamanca). Funding: <em>Ministerio de Econom\u00eda y Competitividad (MINECO).<\/em><\/p>\n<hr \/>\n<h5><strong>Membership of research groups<br \/>\n<\/strong><\/h5>\n<p><span style=\"color: #999999;\">\u2014 desde 2019<\/span><br \/>\n<em>TOLETUM<\/em>. <em>Red para la investigaci\u00f3n sobre la Pen\u00ednsula Ib\u00e9rica en la Antig\u00fcedad<\/em>. <em>University of Hamburg. <\/em>Lead Researcher: Sabine Panzram.<\/p>\n<p><span style=\"color: #999999;\">\u2014 desde 2014<\/span><br \/>\n<em>Antig\u00fcedad Tard\u00eda y Alta Edad Media en Hispania (ATAEMHIS<\/em>). <em>University of Salamanca. <\/em>Lead Researcher: Pablo C. D\u00edaz.<\/p>\n<hr \/>\n<h5><strong>Stays in internationally recognized centres<br \/>\n<\/strong><\/h5>\n<p><span style=\"color: #999999;\">\u2014 04\/2017 \u2013 06\/2017<\/span><br \/>\n<em>UMR 7041 \u2013 <strong>Arch\u00e9ologies et Sciences de l\u2019Antiquit\u00e9 (ArScAn). Universit\u00e9 Paris Nanterre<\/strong>. <\/em>Place: <em>Nanterre, France<\/em>. Supervisor: <strong><em>Bruno Dum\u00e9zil<\/em><\/strong><em>. <\/em>Funding: <em>Ministerio de Educaci\u00f3n, Cultura y Deporte (MECD)<\/em>. Key: <em>PhD Student.<\/em><\/p>\n<p><span style=\"color: #999999;\">\u2014 02\/2016 \u2013 05\/2016<\/span><br \/>\n<strong><em>Laboratoire de M\u00e9di\u00e9vistique Occidentale de Paris (LaMOP, UMR 8589), Universit\u00e9 Paris 1 Panth\u00e9on &#8211; Sorbonne<\/em><\/strong><em>. <\/em>Place: <em>Paris, France. <\/em>Supervisor: <strong><em>R\u00e9gine Le Jan<\/em><\/strong>. Funding: <em>Ministerio de Educaci\u00f3n, Cultura y Deporte (MECD)<\/em>. Key: <em>PhD Student.<\/em><\/p>\n<hr \/>\n<h5><strong>Publications<\/strong><\/h5>\n<p><strong>a) Articles in scientific journals:<\/strong><\/p>\n<p><strong>2019:<\/strong> Poveda Arias, P., \u00abLa di\u00f3cesis episcopal en la Hispania visigoda: concepci\u00f3n, construcci\u00f3n y disputas por su territorio\u00bb, <em>Hispania Sacra, <\/em>71\/143, pp. 9-24.<\/p>\n<p><strong>2019:<\/strong> Poveda Arias, P., \u00abClovis and Remigius of Reims in the Making of the Merovingian Kingdoms\u00bb, <em>European Review of History \u2013 Revue europ\u00e9enne d\u2019histoire<\/em>, 26\/2, pp. 197-218.<\/p>\n<p><strong>2017:<\/strong> Poveda Arias, P., \u00abA vueltas con la frontera tardoantigua: la Submeseta Norte en los confines del reino visigodo\u00bb, <em>Arkeogazte Alidzkaria, <\/em>7, pp. 79-96.<\/p>\n<p><strong>2016:<\/strong> D\u00edaz, P. C. &amp; Poveda, P., \u00ab\u2018Qui patrie excidium intulerunt\u2019. Hispania 711: explicaciones desesperadas para un colapso inesperado\u00bb, <em>Reti Medievali Rivista<\/em>, 17\/2, pp. 191-218.<\/p>\n<p><strong>2015:<\/strong> Poveda Arias, P., \u00abRelectura de la supuesta crisis del fin del reino visigodo de Toledo: una aproximaci\u00f3n al reinado de Egica a trav\u00e9s de sus fuentes legales\u00bb, <em>Anuario de Historia del Derecho Espa\u00f1ol<\/em>, 85, pp. 13-46.<\/p>\n<p><strong>a) Book chapters:<\/strong><\/p>\n<p><strong>Forthcoming:<\/strong> Poveda Arias, P., \u00abThe\u00a0role\u00a0of\u00a0the\u00a0military\u00a0element in\u00a0the\u00a0political and administrative shaping of\u00a0the\u00a0Visigothic kingdom (6<sup>th<\/sup>-7<sup>th<\/sup> centuries)\u00bb, in E. Bennett, G.M. Berndt, S. Esders, L. Sarti (eds.),\u00a0<em>Early Medieval Militarisation<\/em>, Amsterdam, Amsterdam University Press (under review).<\/p>\n<p><strong>2013:<\/strong> Poveda Arias, P., \u00abEl concepto de frontera en la Hispania tardoantigua: de <em>limes <\/em>a <em>confinium<\/em>\u00bb, in J. M. Aldea Celada, C. L\u00f3pez San Segundo, P. Ortega Mart\u00ednez, M\u00aa de los R. Soto Garc\u00eda &amp; F. J. Vicente Santos (coords.), <em>Los Lugares de la Historia<\/em>, Salamanca, Ediciones Antema, pp. 1157-1181.<\/p>\n<p><strong>c) Edited books:<\/strong><\/p>\n<p><strong>2018:<\/strong> Andr\u00e9s Cha\u00edn, M., Guti\u00e9rrez Hern\u00e1ndez, A. M\u00aa., Ortega Mart\u00ednez, P. &amp; Poveda Arias, P. (eds.), <em>La alimentaci\u00f3n en la Historia<\/em>, Salamanca, Ediciones Universidad de Salamanca.<\/p>\n<p><strong>2016:<\/strong> Hern\u00e1ndez, P., Hern\u00e1ndez S\u00e1nchez, G., Juanes Cort\u00e9s, A., P\u00edriz Gonz\u00e1lez, C., Poveda Arias, P. &amp; Rodr\u00edguez Escobar, M. (coords.), <em>Las violencias y la Historia<\/em>, Salamanca, Ediciones Antema.<\/p>\n<p><strong>2015:<\/strong> Hern\u00e1ndez, P., Hern\u00e1ndez S\u00e1nchez, G., P\u00edriz Gonz\u00e1lez, C., Poveda Arias, P. &amp; Rodr\u00edguez Escobar, M. (coords.), <em>Amor y Sexualidad en la Historia<\/em>, Salamanca, Ediciones Antema.<\/p>\n<p><strong>d) Reviews:<\/strong><\/p>\n<p><strong>2018:<\/strong> Poveda Arias, P. \u00abReview of: Castellanos, Santiago, <em>Los visigodos<\/em>. S\u00edntesis: Madrid. 2018. 236 pp.\u00bb. <em>Studia Historica. Historia Medieval<\/em>, 36\/2, pp. 243-245.<\/p>\n<p><strong>2018:<\/strong> Poveda Arias, P. \u00abReview of: Buchberger, Erica: <em>Shifting Ethnic Identities in Spain and Gaul, 500-700. From Romans to Goths and Franks<\/em>. Amsterdam: Amsterdam University Press, 2017, 218 pp.\u00bb, <em>Studia Historica. Historia Antigua<\/em>, 36, pp. 292-295.<\/p>\n<p><strong>2017:<\/strong> Poveda Arias, P. \u00abReview of: Brown, Peter, <em>Por el ojo de una aguja. La riqueza la ca\u00edda de Roma y la construcci\u00f3n del cristianismo en Occidente (350-550 d. C.) <\/em>Acantliado. Barcelona: 2016, 1224 pp.\u00bb. <em>Studia Historica. Historia medieval, <\/em>35\/1, pp. 183-188.<\/p>\n<p><strong>2016:<\/strong> Poveda Arias, P. \u00abReview of: Torres, Juana; Acerbi, Silvia (eds.). <em>La religi\u00f3n como factor de identidad<\/em>. Madrid: Escolar y Mayor Editores, 2016, 303 pp.\u00bb. <em>Studia Historica. Historia Antigua, <\/em>34, pp. 208-213.<\/p>\n<p><strong>2015:<\/strong> Poveda Arias, P. \u00abReview of: Fern\u00e1ndez Ubi\u00f1a, Jos\u00e9; Quiroga Puertas, Alberto; Ubric Rabaneda, Purificaci\u00f3n (coords.): <em>La Iglesia como sistema de dominaci\u00f3n en la Antig\u00fcedad Tard\u00eda<\/em>. Granada: Editorial Universidad de Granada, 2015, 358 pp.\u00bb. <em>Studia Historica. Historia Antigua, <\/em>33, pp. 270-275.<\/p>\n<hr \/>\n<h5><strong>Other achievments<br \/>\n<\/strong><\/h5>\n<p><span style=\"color: #999999;\">\u2014 03\/2019<\/span><br \/>\nPhD Student.Spanish Qualification as Lecturer (\u201cProfesor Ayudante Doctor\u201d) granted by the <em>Agencia Nacional de Evaluaci\u00f3n de la Calidad y Acreditaci\u00f3n <\/em>(ANECA).<\/p>\n<p><span style=\"color: #999999;\">\u2014 desde 2017<\/span><br \/>\nMember of the evaluator committe in the<em>Direcci\u00f3n de Evaluaci\u00f3n y Acreditation <\/em>(DEVA).<em> Agencia Andaluza de Conocimiento.<\/em><\/p>\n<p><span style=\"color: #999999;\">\u2014 desde 2013<\/span><br \/>\nMember of the <em>Association pour l\u2019Antiquit\u00e9 Tardive<\/em> (APAT).<\/p>\n<p><span style=\"color: #999999;\">\u2014 desde 2013<\/span><br \/>\nMember of the <em>Asociaci\u00f3n Interdisciplinar de Estudios Romanos<\/em> (AIER).<\/p>\n","protected":false},"excerpt":{"rendered":"<p>Dr. Pablo Poveda Arias Departamento de Prehistoria, Historia Antigua y Arqueolog\u00eda Facultad de Geograf\u00eda e Historia Universidad de Salamanca Cerrada de Serranos, s\/n E-37008 Salamanca pablo.poveda.arias@gmail.com Gastwissenschaftler, 09\/2019-08\/2021 Universit\u00e4t Hamburg Historisches Seminar \u2013 Arbeitsbereich Alte Geschichte \u00dcberseering 35#5 \/ 2. OG, R. 02013 D-22297 Hamburg Website https:\/\/usal.academia.edu\/PabloPovedaArias Forschungsprojekt: Bishops and Competitiveness in the Post-Imperial West: &hellip; <a href=\"https:\/\/www.toletum-network.com\/es\/teilnehmer\/dr-pablo-poveda-arias\/\" class=\"more-link\">Continuar leyendo<span class=\"screen-reader-text\"> \u00abDr. Pablo Poveda Arias\u00bb<\/span><\/a><\/p>\n","protected":false},"author":8,"featured_media":0,"parent":18,"menu_order":0,"comment_status":"closed","ping_status":"closed","template":"","meta":{"jetpack_post_was_ever_published":false,"footnotes":""},"class_list":["post-13137","page","type-page","status-publish","hentry"],"jetpack_sharing_enabled":true,"jetpack_shortlink":"https:\/\/wp.me\/P82TDz-3pT","_links":{"self":[{"href":"https:\/\/www.toletum-network.com\/es\/wp-json\/wp\/v2\/pages\/13137","targetHints":{"allow":["GET"]}}],"collection":[{"href":"https:\/\/www.toletum-network.com\/es\/wp-json\/wp\/v2\/pages"}],"about":[{"href":"https:\/\/www.toletum-network.com\/es\/wp-json\/wp\/v2\/types\/page"}],"author":[{"embeddable":true,"href":"https:\/\/www.toletum-network.com\/es\/wp-json\/wp\/v2\/users\/8"}],"replies":[{"embeddable":true,"href":"https:\/\/www.toletum-network.com\/es\/wp-json\/wp\/v2\/comments?post=13137"}],"version-history":[{"count":26,"href":"https:\/\/www.toletum-network.com\/es\/wp-json\/wp\/v2\/pages\/13137\/revisions"}],"predecessor-version":[{"id":13178,"href":"https:\/\/www.toletum-network.com\/es\/wp-json\/wp\/v2\/pages\/13137\/revisions\/13178"}],"up":[{"embeddable":true,"href":"https:\/\/www.toletum-network.com\/es\/wp-json\/wp\/v2\/pages\/18"}],"wp:attachment":[{"href":"https:\/\/www.toletum-network.com\/es\/wp-json\/wp\/v2\/media?parent=13137"}],"curies":[{"name":"wp","href":"https:\/\/api.w.org\/{rel}","templated":true}]}}