{"id":13129,"date":"2019-07-19T12:43:56","date_gmt":"2019-07-19T10:43:56","guid":{"rendered":"http:\/\/www.toletum-network.com\/?page_id=13129"},"modified":"2019-07-19T12:43:56","modified_gmt":"2019-07-19T10:43:56","slug":"frauen-in-der-geschichte-die-iberische-halbinsel-und-lateinamerika","status":"publish","type":"page","link":"https:\/\/www.toletum-network.com\/es\/aktivitaten\/frauen-in-der-geschichte-die-iberische-halbinsel-und-lateinamerika\/","title":{"rendered":"Mujeres en la Historia. La Pen\u00ednsula Ib\u00e9rica y Am\u00e9rica Latina"},"content":{"rendered":"<p><img loading=\"lazy\" decoding=\"async\" class=\"alignnone size-full wp-image-13208\" src=\"http:\/\/www.toletum-network.com\/wp-content\/uploads\/2019\/07\/Museo-Nacional-de-Arte-Romano-M\u00e9rida-c-Archivo.png\" alt=\"\" width=\"400\" height=\"258\" srcset=\"https:\/\/www.toletum-network.com\/wp-content\/uploads\/2019\/07\/Museo-Nacional-de-Arte-Romano-M\u00e9rida-c-Archivo.png 400w, https:\/\/www.toletum-network.com\/wp-content\/uploads\/2019\/07\/Museo-Nacional-de-Arte-Romano-M\u00e9rida-c-Archivo-300x194.png 300w\" sizes=\"auto, (max-width: 400px) 85vw, 400px\" \/><\/p>\n<p><strong>Hora y lugar<\/strong><br \/>\n09.10.2019 \u2013 26.11.2019; mi\u00e9rcoles \/ martes, 19 \u2013 21 horas;<br \/>\nInstituto Cervantes \u2013 Chilehaus, entrada B, 1<sup>o<\/sup> \u00b7 20095 Hamburg<\/p>\n<p><strong>Download<\/strong> <a href=\"http:\/\/www.toletum-network.com\/wp-content\/uploads\/2019\/07\/Programm-Vortragsreihe.pdf\">Programm Vortragsreihe<\/a> (PDF)<\/p>\n<h3><strong>Programa<\/strong><\/h3>\n<p>\u2014 09.10.2019<br \/>\n<a href=\"https:\/\/www.toletum-network.com\/es\/2019\/10\/frauen-und-frauenbewegung-in-peru-im-20-jahrhundert\/\">Frauen und Frauenbewegung in Peru im 20. Jahrhundert<\/a><br \/>\n<strong>Ulrich M\u00fccke &#8211; Katja Reuter<\/strong> (Historisches Seminar. Arbeitsbereich Globalgeschichte &#8211; Universit\u00e4t Hamburg)<\/p>\n<p>\u2014 13.11.2019<br \/>\n<a href=\"https:\/\/www.toletum-network.com\/es\/2019\/11\/frauen-in-der-geschichte-die-iberische-halbinsel-und-lateinamerika-das-koenigreich-der-nasriden\/\">El Reino Nazar\u00ed de Granada desde la historia de sus mujeres (siglos xiii-xv): pol\u00edtica, econom\u00eda y sociedad<\/a><br \/>\n<strong>B\u00e1rbara Boloix Gallardo<\/strong> (<span class=\"st\">Departamento de Estudios Sem\u00edticos. \u00c1rea de Estudios \u00c1rabes e Isl\u00e1micos<\/span> \u2013 Universidad de Granada)<\/p>\n<p>\u2014 26.11.2019<br \/>\n<a href=\"https:\/\/www.toletum-network.com\/es\/2019\/11\/frauen-in-der-geschichte-das-roemische-hispanien\/\"><em>Mulieres<\/em>. Mujeres en <em>Augusta Emerita<\/em> (Lusitania-Hispania)<\/a><br \/>\n<strong>Trinidad Nogales Basarrate<\/strong> (Museo Nacional de Arte Romano M\u00e9rida)<\/p>","protected":false},"excerpt":{"rendered":"<p>Hora y lugar 09.10.2019 \u2013 26.11.2019; mi\u00e9rcoles \/ martes, 19 \u2013 21 horas; Instituto Cervantes \u2013 Chilehaus, entrada B, 1o \u00b7 20095 Hamburg Download Programm Vortragsreihe (PDF) Programa \u2014 09.10.2019 Frauen und Frauenbewegung in Peru im 20. Jahrhundert Ulrich M\u00fccke &#8211; Katja Reuter (Historisches Seminar. Arbeitsbereich Globalgeschichte &#8211; Universit\u00e4t Hamburg) \u2014 13.11.2019 El Reino Nazar\u00ed &hellip; <a href=\"https:\/\/www.toletum-network.com\/es\/aktivitaten\/frauen-in-der-geschichte-die-iberische-halbinsel-und-lateinamerika\/\" class=\"more-link\">Continuar leyendo<span class=\"screen-reader-text\"> \u00abMujeres en la Historia. La Pen\u00ednsula Ib\u00e9rica y Am\u00e9rica Latina\u00bb<\/span><\/a><\/p>\n","protected":false},"author":8,"featured_media":0,"parent":15,"menu_order":0,"comment_status":"closed","ping_status":"closed","template":"","meta":{"jetpack_post_was_ever_published":false,"footnotes":""},"class_list":["post-13129","page","type-page","status-publish","hentry"],"jetpack_sharing_enabled":true,"jetpack_shortlink":"https:\/\/wp.me\/P82TDz-3pL","_links":{"self":[{"href":"https:\/\/www.toletum-network.com\/es\/wp-json\/wp\/v2\/pages\/13129","targetHints":{"allow":["GET"]}}],"collection":[{"href":"https:\/\/www.toletum-network.com\/es\/wp-json\/wp\/v2\/pages"}],"about":[{"href":"https:\/\/www.toletum-network.com\/es\/wp-json\/wp\/v2\/types\/page"}],"author":[{"embeddable":true,"href":"https:\/\/www.toletum-network.com\/es\/wp-json\/wp\/v2\/users\/8"}],"replies":[{"embeddable":true,"href":"https:\/\/www.toletum-network.com\/es\/wp-json\/wp\/v2\/comments?post=13129"}],"version-history":[{"count":11,"href":"https:\/\/www.toletum-network.com\/es\/wp-json\/wp\/v2\/pages\/13129\/revisions"}],"predecessor-version":[{"id":13223,"href":"https:\/\/www.toletum-network.com\/es\/wp-json\/wp\/v2\/pages\/13129\/revisions\/13223"}],"up":[{"embeddable":true,"href":"https:\/\/www.toletum-network.com\/es\/wp-json\/wp\/v2\/pages\/15"}],"wp:attachment":[{"href":"https:\/\/www.toletum-network.com\/es\/wp-json\/wp\/v2\/media?parent=13129"}],"curies":[{"name":"wp","href":"https:\/\/api.w.org\/{rel}","templated":true}]}}