{"id":1293,"date":"2016-09-05T10:47:46","date_gmt":"2016-09-05T10:47:46","guid":{"rendered":"http:\/\/www.toletum-network.com\/?page_id=1293"},"modified":"2020-11-18T11:22:29","modified_gmt":"2020-11-18T09:22:29","slug":"pd-dr-sebastian-steinbach","status":"publish","type":"page","link":"https:\/\/www.toletum-network.com\/es\/teilnehmer\/pd-dr-sebastian-steinbach\/","title":{"rendered":"PD Dr. Sebastian Steinbach"},"content":{"rendered":"<p class=\"entry-title\"><img loading=\"lazy\" decoding=\"async\" class=\"alignnone size-full wp-image-1294\" src=\"http:\/\/www.toletum-network.com\/wp-content\/uploads\/2016\/09\/Sebastian-Steinbach-200x300.jpg\" alt=\"Sebastian-Steinbach-200x300\" width=\"200\" height=\"300\" \/><\/p>\n<h3 class=\"entry-title\">PD Dr. Sebastian Steinbach<\/h3>\n<div class=\"entry-content\">\n<p>Historisches Seminar<br \/>\nUniversit\u00e4t Osnabr\u00fcck<br \/>\nSchlo\u00dfstr. 8<br \/>\nD-49069 Osnabr\u00fcck<br \/>\n<a href=\"mailto:sebastian.steinbach@gmx.net\">sebastian.steinbach@gmx.net<\/a><\/p>\n<p><strong>Websites<\/strong><br \/>\nProfil auf <a href=\"https:\/\/uni-m.academia.edu\/SebastianSteinbach\">academia.edu<\/a><\/p>\n<hr \/>\n<h5>Lebenslauf<\/h5>\n<p><span style=\"color: #999999;\">\u2014 1998-2003<\/span><br \/>\nStudium der Mittelalterlichen Geschichte \/ \u00c4lteren deutschen Literatur und Sprache \/ Soziologie an der Humboldt-Universit\u00e4t zu Berlin<\/p>\n<p><span style=\"color: #999999;\">\u2014 2003<\/span><br \/>\nMagister Artium (M.A.) an der Humboldt-Universit\u00e4t zu Berlin<br \/>\nThema der Magisterarbeit: Die M\u00fcnzpr\u00e4gung Heinrichs II. (1002 \u2013 1024). Struktur, Politik und Wirkung des M\u00fcnzregals in der sp\u00e4ten Ottonenzeit<\/p>\n<p><span style=\"color: #999999;\">\u2014 2004-2006<\/span><br \/>\nStipendiat des MittelalterKollegs am \u201eInstitut zur interdisziplin\u00e4ren Erforschung des Mittelalters und seines Nachwirkens\u201c (IEMAN) der Universit\u00e4t Paderborn<\/p>\n<p><span style=\"color: #999999;\">\u2014 2006<\/span><br \/>\nPromotion (Dr. phil.) an der Universit\u00e4t Paderborn<br \/>\nThema der Dissertation: M\u00fcnzrecht, M\u00fcnzpr\u00e4gung und Geldumlauf der ostfr\u00e4nkisch-deutschen Kl\u00f6ster in ottonisch-salischer Zeit (ca. 911 \u2013 1125)<\/p>\n<p><span style=\"color: #999999;\">\u2014 seit 2006<\/span><br \/>\nWissenschaftlicher Mitarbeiter bei einem Osnabr\u00fccker Auktionshaus<\/p>\n<p><span style=\"color: #999999;\">\u2014 seit 2004<\/span><br \/>\nLehrauftr\u00e4ge an den Universit\u00e4ten von Paderborn und Osnabr\u00fcck, der FernUniversit\u00e4t Hagen und der Westf\u00e4lischen Wilhelms-Universit\u00e4t M\u00fcnster<\/p>\n<p><span style=\"color: #999999;\">\u2014 2015<\/span><br \/>\nHabilitation im Fach Mittelalterliche Geschichte (Priv. Doz. Dr. phil. habil.) an der Universit\u00e4t Osnabr\u00fcck<br \/>\nThema der Habilitationsschrift: Imitation, Innovation und Imperialisierung \u2013 Geldwesen und M\u00fcnzpr\u00e4gung als wirtschaftshistorische Quellen zur ethnischen Identit\u00e4t und Herrschaftsorganisation des spanischen Westgotenreiches (ca. 572 \u2013 714)<\/p>\n<p><span style=\"color: #999999;\">\u2014 SoSe 2016<\/span><br \/>\nVertretung einer Professur f\u00fcr Mittelalterliche Geschichte und Historische Hilfswissenschaften an der Westf\u00e4lischen Wilhelms-Universit\u00e4t M\u00fcnster<\/p>\n<hr \/>\n<h5><strong>Arbeits- und Interessensschwerpunkte<\/strong><\/h5>\n<ul>\n<li>Wirtschafts-, Geld- und M\u00fcnzgeschichte von der Sp\u00e4tantike bis zur Fr\u00fchen Neuzeit<\/li>\n<li>Wirtschaftliche und soziale Transformations- und Austauschprozesse zwischen Sp\u00e4tantike und Fr\u00fchmittelalter<\/li>\n<li>Die Iberische Halbinsel, die Britischen Inseln und das Deutsche Reich im Fr\u00fch- und Hochmittelalter<\/li>\n<li>Historische Hilfswissenschaften (insbesondere Numismatik, Heraldik, Sphragistik, Vexillologie, Pal\u00e4ographie und Historische Bildwissenschaften)<\/li>\n<\/ul>\n<hr \/>\n<h5><strong>Mitgliedschaften<br \/>\n<\/strong><\/h5>\n<ul>\n<li>Medi\u00e4vistenverband e.V.<\/li>\n<li>Deutscher Hochschulverband<\/li>\n<li>Gesellschaft f\u00fcr Internationale Geldgeschichte, Gemeinn\u00fctzige Forschungsgesellschaft e.V.<\/li>\n<li>Verein f\u00fcr Geschichte und Landeskunde von Osnabr\u00fcck e. V.<\/li>\n<li>Numismatische Gesellschaft zu Berlin e.V., gegr. 1843<\/li>\n<li>M\u00fcnzfreunde f\u00fcr Westfalen und Nachbargebiete, gegr. 1913<br \/>\n<h3><\/h3>\n<hr \/>\n<h5><strong>Publikationen (Auswahl)<\/strong><\/h5>\n<p><strong>Monographie<\/strong><\/p>\n<p>Das Geld der Nonnen und M\u00f6nche. M\u00fcnzrecht, M\u00fcnzpr\u00e4gung und Geldumlauf der ostfr\u00e4nkisch-deutschen Kl\u00f6ster in ottonisch-salischer Zeit (ca. 911 \u2013 1125), Berlin 2007 [= phil. Diss. Paderborn 2006].<\/p>\n<p>Rezensionen (soweit bekannt geworden): Deutsches Archiv f\u00fcr Erforschung des Mittelalters, Band 65, 1 (2009), S. 277-278 (Torsten Fried); Geldgeschichtliche Nachrichten 238 (2008), S. 172-173 (Michael Matzke); Numismatisches Nachrichtenblatt 5\/2008, S. 196-197 (Klaus Giesen); Harzzeitschrift 2008 (Paul Lauerwald), S. 225; M\u00fcnzenRevue 9\/2007, S. 113-114 (Ursula Kampmann).<br \/>\n<strong><br \/>\nAufs\u00e4tze und Beitr\u00e4ge zu Sammelb\u00e4nden<\/strong><\/p>\n<p>30 Mark f\u00fcr Beinkleider und einen Fellrock \u2013 M\u00fcnze und Geld im spanischen Heldenepos <em>El Cantar de Mio Cid<\/em>, in: Geldgeschichtliche Nachrichten 285 (51. Jg. \/ 2016), S. 138-145.<\/p>\n<p>Von M\u00fcnzrechtsverleihungen, Handelsz\u00f6llen und Inlandsfunden \u2013 Heinrich IV. (1056-1106) und der Beginn der Geldwirtschaft in der Salierzeit, in: Albert, R. [Hrsg.]: ZEITENWENDE. M\u00fcnzpr\u00e4gung und Geldwirtschaft in der Zeit Kaiser Heinrichs IV. (1056-1106) (Schriftenreihe der Numismatischen Gesellschaft Speyer, Bd. 52), Speyer 2015, S. 9-25 und 76-77.<\/p>\n<p>Die Stadt in der Hand. Ansichten von Osnabr\u00fcck in M\u00fcnz- und Medaillenpr\u00e4gungen am Beispiel der Osnabr\u00fccker L\u00f6ser von 1662, in: Gleba, G. [Hrsg.]: Osnabr\u00fcck. Stadt \u2013 Land \u2013 Lernort (zugeeignet Herrn Prof. Dr. Thomas Vogtherr zu seinem 60. Geburtstag), Bielefeld 2015, S. 146-159.<\/p>\n<p><em>Qui autem falsam monetam sculpserit \u2026 <\/em>Eine numismatische Forschungsgeschichte zu den F\u00e4lschungen von Pr\u00e4gungen des Westgotenreiches von Toledo (585-711), in: Albert, R. [Hrsg.]: B\u00f6ses Geld, schlechtes Geld, falsches Geld (Schriftenreihe der Numismatischen Gesellschaft Speyer, Bd. 53), Speyer 2015, S. 193-204.<\/p>\n<p>From HEINRICVS REX to ROTHARDVS ABBAS \u2013 Monastic coinage under the Ottonians and Salians (c. 911-1125), in: Gasper, G. E. M. \/ Gullbekk, S. H. [Hrsg.]: Money and the Church in Medieval Europe, 1000-1200 \u2013 Practice, Morality and Thought, Farnham 2015.<\/p>\n<p>Geldzinse, Lohnkosten und Handelsz\u00f6lle \u2013 Die Bedeutung der M\u00fcnzpr\u00e4gung f\u00fcr die Wirtschaftsgeschichte der ottonisch-salischen Kaiserzeit (ca. 919-1125), in: Beitr\u00e4ge zur brandenburgisch-preu\u00dfischen Numismatik 22 (2014), S. 71-83.<\/p>\n<p>Wirtschaft, Gesellschaft und Geldwesen der spanischen Mark im 9.\/10. Jahrhundert. Ein Beitrag zum Karlsjahr 2014, in: Numismatisches Nachrichtenblatt 9\/2014 \u201eKarl der Gro\u00dfe\u201c, S. 378-383.<\/p>\n<p>Der Zolltarif von Jaca und Pamplona \u2013 Handel, Wirtschaft und Geldwesen der christlichen K\u00f6nigreiche Spaniens in der zweiten H\u00e4lfte des 11. Jahrhunderts, in: Geldgeschichtliche Nachrichten 274 (49. Jg. \/ 2014), S. 185-191.<\/p>\n<p>GOTTES FREVNDT \/ DER PFAFFEN FEINDT. Protestantisch-reformatorische Propaganda im M\u00fcnzbild des Drei\u00dfigj\u00e4hrigen Krieges (1618-1648) am Beispiel der \u201ePfaffenfeindtaler\u201c, in: Doerk, E. [Hrsg.]: Reformatio in Nummis. Luther und die Reformation auf M\u00fcnzen und Medaillen, Regensburg 2014, S. 68-77.<\/p>\n<p>\u201eMittelalterliche\u201c M\u00fcnzpr\u00e4gung zwischen dem 6. und 11. Jahrhundert \u2013 Merowingische Macht und ottonische Ohnmacht?, in: Jarnut, J. \/ Strothmann, J. [Hrsg.]: Die Merowingischen Monetarm\u00fcnzen als Quelle zum Verst\u00e4ndnis des 7. Jahrhunderts in Gallien (MittelalterStudien 27), Paderborn 2013, S. 573-584.<\/p>\n<p>NOR\u00d0MAN aus Lewes \u2013 Ein angels\u00e4chsischer M\u00fcnzmeister zwischen den Fronten, in: Lehmann, R. \/ Hamborg, B. \/ Siebert, A. V. \/ Vogt, S. \/ Loeben, C. E. [Hrsg.]: Nub Nefer \u2013 Gutes Gold. Gedenkschrift zu Ehren von Dr. Manfred Gutgesell (Hannoversche Numismatische Beitr\u00e4ge, Band 1), Rahden 2014, S. 227-232.<\/p>\n<p>Im Zeichen des Dreiecks. Rheinisch-westf\u00e4lische Nachahmungen irischer Sterlingtypen des 13. und 14. Jahrhunderts, in: Dethlefs, G. \/ Ilisch, P. \/ Wittenbrink, S. [Hrsg.]: Westfalia Numismatica 2013. Festschrift zum 100-j\u00e4hrigen Bestehen des Vereins der M\u00fcnzfreunde f\u00fcr Westfalen und Nachbargebiete, Osnabr\u00fcck 2013, S. 117-128.<\/p>\n<p>LVTEGER, FVRITIGhER und ERTH V ELHAR \u2013 Stempelschneider(namen) auf M\u00fcnzen der Stauferzeit, in: Dethlefs, G. \/ Pol, A. \/ Wittenbrink, S. [Hrsg.]: NUMMI DOCENT! M\u00fcnzen \u2013 Sch\u00e4tze \u2013 Funde. Festschrift f\u00fcr Peter Ilisch zum 65. Geburtstag am 28. April 2012, Osnabr\u00fcck 2012, S. 175-182.<\/p>\n<p>OTTO \/ ODDO and ADELHEID \/ ATHALHET \u2013 Onomatological aspects of German coin types of the tenth and eleventh centuries, in: Holmes, N. [Hrsg.]: Proceedings of the XIV<sup>th<\/sup> International Numismatic Congress, Volume I, Glasgow 2011, S. 1633-1639.<\/p>\n<p>\u201e\u2026 f\u00fcr einen Esel und guten Wein\u201c \u2013 Reisekosten eines s\u00fcddeutschen Bischofs um 1200, in: Jahrbuch der Gesellschaft f\u00fcr Th\u00fcringer M\u00fcnz- und Medaillenkunde e.V., Heft 18 (2008-2010), S. 61-71.<\/p>\n<p>Das Anlagegold (Bullionm\u00fcnzen) und die Goldgiganten der Gegenwart, in: Kluge, B. \/ Alram, M. [Hrsg.]: Goldgiganten. Das gro\u00dfe Gold in der M\u00fcnze und Medaille (Das Kabinett 12), Berlin 2010, S. 341-358.<\/p>\n<p>30.000 Pfennige f\u00fcr das Seelenheil. Bemerkungen zu Geld in den Schriftquellen der sp\u00e4ten Ottonenzeit, in: Geldgeschichtliche Nachrichten 243 (44 Jg. \/ Mai 2009), S. 150-156.<\/p>\n<p>HERIMANNVS REX \u2013 M\u00fcnzen als Informationstr\u00e4ger am Beispiel der Goslarer Gepr\u00e4ge Hermanns von Salm, in: Laubinger, A. \/ Gedderth, B. \/ Dobrinski, C. [Hrsg.]: Text \u2013 Bild \u2013 Schrift \u2013 Vermittlung von Information im Mittelalter (Mittelalterstudien 14), M\u00fcnchen 2007, S. 27-44.<\/li>\n<\/ul>\n<\/div>\n","protected":false},"excerpt":{"rendered":"<p>PD Dr. Sebastian Steinbach Historisches Seminar Universit\u00e4t Osnabr\u00fcck Schlo\u00dfstr. 8 D-49069 Osnabr\u00fcck sebastian.steinbach@gmx.net Websites Profil auf academia.edu Lebenslauf \u2014 1998-2003 Studium der Mittelalterlichen Geschichte \/ \u00c4lteren deutschen Literatur und Sprache \/ Soziologie an der Humboldt-Universit\u00e4t zu Berlin \u2014 2003 Magister Artium (M.A.) an der Humboldt-Universit\u00e4t zu Berlin Thema der Magisterarbeit: Die M\u00fcnzpr\u00e4gung Heinrichs II. (1002 &hellip; <a href=\"https:\/\/www.toletum-network.com\/es\/teilnehmer\/pd-dr-sebastian-steinbach\/\" class=\"more-link\">Continuar leyendo<span class=\"screen-reader-text\"> \u00abPD Dr. Sebastian Steinbach\u00bb<\/span><\/a><\/p>\n","protected":false},"author":7,"featured_media":0,"parent":18,"menu_order":0,"comment_status":"closed","ping_status":"closed","template":"","meta":{"jetpack_post_was_ever_published":false,"footnotes":""},"class_list":["post-1293","page","type-page","status-publish","hentry"],"jetpack_sharing_enabled":true,"jetpack_shortlink":"https:\/\/wp.me\/P82TDz-kR","_links":{"self":[{"href":"https:\/\/www.toletum-network.com\/es\/wp-json\/wp\/v2\/pages\/1293","targetHints":{"allow":["GET"]}}],"collection":[{"href":"https:\/\/www.toletum-network.com\/es\/wp-json\/wp\/v2\/pages"}],"about":[{"href":"https:\/\/www.toletum-network.com\/es\/wp-json\/wp\/v2\/types\/page"}],"author":[{"embeddable":true,"href":"https:\/\/www.toletum-network.com\/es\/wp-json\/wp\/v2\/users\/7"}],"replies":[{"embeddable":true,"href":"https:\/\/www.toletum-network.com\/es\/wp-json\/wp\/v2\/comments?post=1293"}],"version-history":[{"count":9,"href":"https:\/\/www.toletum-network.com\/es\/wp-json\/wp\/v2\/pages\/1293\/revisions"}],"predecessor-version":[{"id":9689,"href":"https:\/\/www.toletum-network.com\/es\/wp-json\/wp\/v2\/pages\/1293\/revisions\/9689"}],"up":[{"embeddable":true,"href":"https:\/\/www.toletum-network.com\/es\/wp-json\/wp\/v2\/pages\/18"}],"wp:attachment":[{"href":"https:\/\/www.toletum-network.com\/es\/wp-json\/wp\/v2\/media?parent=1293"}],"curies":[{"name":"wp","href":"https:\/\/api.w.org\/{rel}","templated":true}]}}