{"id":1289,"date":"2016-09-05T10:41:01","date_gmt":"2016-09-05T10:41:01","guid":{"rendered":"http:\/\/www.toletum-network.com\/?page_id=1289"},"modified":"2022-04-06T12:47:02","modified_gmt":"2022-04-06T10:47:02","slug":"jan-schneider-m-a","status":"publish","type":"page","link":"https:\/\/www.toletum-network.com\/es\/teilnehmer\/jan-schneider-m-a\/","title":{"rendered":"Dr. Jan Schneider"},"content":{"rendered":"<p><img loading=\"lazy\" decoding=\"async\" class=\"alignnone wp-image-1290\" src=\"http:\/\/www.toletum-network.com\/wp-content\/uploads\/2016\/09\/schneider.jpg\" alt=\"schneider\" width=\"165\" height=\"226\" \/><\/p>\n<h3 class=\"entry-title\">Dr. Jan Schneider<\/h3>\n<div class=\"entry-content\">\n<div>SPAU GmbH<\/div>\n<div>In den Hirschg\u00e4rten 1<\/div>\n<div>D-35516 M\u00fcnzenberg<br \/>\n<a href=\"mailto:schneider.jan@gmx.net\">schneider.jan@gmx.net<\/a><\/div>\n<p><strong><br \/>\nWebsite<\/strong><br \/>\n<a href=\"http:\/\/spau-ausgrabungen.de\/schneider.htm\">spau-ausgrabungen.de\/schneider&#8230;.<\/a><\/p>\n<p><strong>Arbeits- und Forschungsschwerpunkt:<\/strong><br \/>\nDer Schwerpunkt seiner hauptberuflichen T\u00e4tigkeit liegt in der Leitung arch\u00e4ologischer Prospektionen, Ausgrabungen und Gutachten in Deutschland, besonders in Hessen und Nordbayern. Die Projekte umfassen dabei alle Zeitstellungen und Befundarten beider Regionen. Dar\u00fcber hinaus liegt sein pers\u00f6nlicher Forschungsschwerpunkt seit seinem Studium und bis heute auf der R\u00f6mischen Epoche der Iberischen Halbinsel. In beiden T\u00e4tigkeitsfeldern stehen computergest\u00fctzte Arbeitsweisen (bspw. der Einsatz von Geoinformationssystemen) und damit verbundene Analysen im Fokus.<\/p>\n<hr \/>\n<h5><strong>Kurzbiographie<\/strong><\/h5>\n<p><span style=\"color: #999999;\">\u2014 2016-heute<\/span><br \/>\nSPAU GmbH<br \/>\n<strong>Angestellter in der privatwirtschaftlichen Arch\u00e4ologie<\/strong><br \/>\nProjektleiter, spezialisiert auf Prospektionen und Gutachten<\/p>\n<p><span style=\"color: #999999;\">\u2014 2011-2016<\/span><br \/>\n<em>Justus-Liebig-Universit\u00e4t Gie\u00dfen<\/em><br \/>\n<strong>Promotion in Klassischer Arch\u00e4ologie<\/strong><br \/>\nDissertation: \u00abL\u00e4ndliche Siedlungen im r\u00f6mischen Spanien. Untersuchungen im Becken von Vera und dem Camp de Tarragona\u00bb (Betreut durch Prof. Dr. A. Kl\u00f6ckner, JLU Gie\u00dfen &amp; Apl. Prof. Dr. Th. Schattner, DAI Madrid)<\/p>\n<p><span style=\"color: #999999;\">\u2014 2005-2010<\/span><br \/>\n<em>Justus-Liebig-Universit\u00e4t Gie\u00dfen<\/em><br \/>\n<strong>Magisterstudium der Klassischen Arch\u00e4ologie und Alten Geschichte<\/strong><br \/>\nMagisterarbeit: \u201eFuente \u00c1lamo in r\u00f6mischer Zeit\u201c (Betreut durch Prof. Dr. A. Kl\u00f6ckner, JLU Gie\u00dfen &amp; Apl. Prof. Dr. Th. Schattner, DAI Madrid)<\/p>\n<hr \/>\n<h5>Stipendien und Auszeichnungen<\/h5>\n<p><span style=\"color: #999999;\">\u2014 2021<\/span><br \/>\n<strong>Akkreditierung als \u201eMember\u201c<\/strong> durch das Chartered Institute for Archaeologists (MCIfA 9506)<\/p>\n<p><span style=\"color: #999999;\">\u2014 2017<\/span><br \/>\n<strong>Dr. Dieter und Sigrun Neukirch-Preis<\/strong>, verliehen durch die Justus-Liebig-Universit\u00e4t Gie\u00dfen f\u00fcr die herausragende Dissertation \u201eL\u00e4ndliche Siedlungsstrukturen im r\u00f6mischen Spanien. Untersuchungen im Becken von Vera und dem Camp de Tarragona\u00bb<\/p>\n<p><span style=\"color: #999999;\">\u2014 2017<\/span><br \/>\n<strong>Akkreditierung als \u201eAssociate\u201c<\/strong> durch das Chartered Institute for Archaeologists (ACIfA 9506)<\/p>\n<p><span style=\"color: #999999;\">\u2014 2015<\/span><br \/>\n<strong>Abschlussstipendium<\/strong> der Maria und Dr. Ernst Rink-Stiftung, Gie\u00dfen<\/p>\n<p><span style=\"color: #999999;\">\u2014 2013-2015<\/span><br \/>\n<strong>Promotionsstipendium<\/strong> der Stiftung Besinnung und Ordnung, Z\u00fcrich<\/p>\n<hr \/>\n<h5><strong>Lehre<\/strong><\/h5>\n<p><span style=\"color: #999999;\">\u2014 2021<\/span><br \/>\n<strong>Guest Lecture<\/strong><br \/>\nDurchf\u00fchrung einer <strong>Online-Lehrveranstaltung<\/strong>: \u201eQGIS for Classical Studies\u201c (University of Nottingham \u2013 Digital Transformations Hub)<br \/>\nGemeinsam mit Dr. P.H.A. Houten<\/p>\n<p><span style=\"color: #999999;\">\u2014 2020<\/span><br \/>\n<strong>Herbstschule<\/strong><br \/>\nKonzeption und Durchf\u00fchrung eines <strong>Online-Kurses<\/strong>: \u201eQGIS f\u00fcr Altertumswissenschaftler\u201c (TOLETUM- Netzwerk zur Erforschung der Iberischen Halbinsel in der Antike)<br \/>\nGemeinsam mit Dr. P.H.A. Houten<\/p>\n<p><span style=\"color: #999999;\">\u2014 j\u00e4hrlich seit 2019<\/span><br \/>\nKonzeption und Durchf\u00fchrung von <strong>Mitarbeiterschulungen<\/strong> zum Einsatz von QGIS in der Feldarch\u00e4ologie (SPAU GmbH)<br \/>\nGemeinsam mit A. K\u00f6nig M.A.<\/p>\n<p><span style=\"color: #999999;\">\u2014 WiSe 2017\/2018<\/span><br \/>\n<strong>Lehrauftrag<\/strong>: \u201eSmall cities\u201c \u2013 Die Romanisierung kleiner St\u00e4dte und Ortschaften in den Peripherien des r\u00f6mischen Reichs (Justus-Liebig-Universit\u00e4t Gie\u00dfen \u2013 Klassische Arch\u00e4ologie)<br \/>\nGemeinsam mit Dr. R. M\u00fcller<\/p>\n<p><span style=\"color: #999999;\">\u2014 WiSe 2016\/2017<\/span><br \/>\n<strong>Lehrauftrag<\/strong>: \u00abArch\u00e4ologie ganz praktisch: Einf\u00fchrung in die moderne Grabungstechnik und Fundbearbeitung\u00bb (Justus-Liebig-Universit\u00e4t Gie\u00dfen \u2013 Klassische Arch\u00e4ologie)<br \/>\nPraktische Durchf\u00fchrung eines Lehrauftrags der SPAU GmbH gemeinsam mit S. Piffko M.A. und Dr. R. M\u00fcller<\/p>\n<p><span style=\"color: #999999;\">\u2014 WiSe 2015\/2016<\/span><br \/>\n<strong>Tutorium<\/strong>: \u201eEinf\u00fchrung in die griechische Arch\u00e4ologie\u201c (Justus-Liebig-Universit\u00e4t Gie\u00dfen \u2013 Klassische Arch\u00e4ologie)<\/p>\n<p><span style=\"color: #999999;\">\u2014 WiSe 2015\/2016<\/span><br \/>\nKonzeption eines <strong>Tutoriums<\/strong>: \u201eText-\/Bildanalyse: Kompetenztraining f\u00fcr angehende Kulturwissenschaftler\u201c (Justus-Liebig-Universit\u00e4t Gie\u00dfen \u2013 Medienstelle, Dekanat FB04)<\/p>\n<p><span style=\"color: #999999;\">\u2014 SoSe 2016<\/span><br \/>\n<strong>Tutorium<\/strong>: \u201eEinf\u00fchrung in die r\u00f6mische Arch\u00e4ologie\u201c (Justus-Liebig-Universit\u00e4t Gie\u00dfen \u2013 Klassische Arch\u00e4ologie)<\/p>\n<p><span style=\"color: #999999;\">\u2014 SoSe 2014<\/span><br \/>\n<strong>Tutorium<\/strong>: \u201eEinf\u00fchrung in die r\u00f6mische Arch\u00e4ologie\u201c (Justus-Liebig-Universit\u00e4t Gie\u00dfen \u2013 Klassische Arch\u00e4ologie)<\/p>\n<p><span style=\"color: #999999;\">\u2014 SoSe 2013<\/span><br \/>\n<strong>Tutorium<\/strong>: \u201eEinf\u00fchrung in die r\u00f6mische Arch\u00e4ologie\u201c (Justus-Liebig-Universit\u00e4t Gie\u00dfen \u2013 Klassische Arch\u00e4ologie)<\/p>\n<hr \/>\n<h5><strong>Sonstiges<\/strong><\/h5>\n<p><span style=\"color: #999999;\">\u2014 2020<\/span><br \/>\nMitorganisator des \u201eXI. TOLETUM Workshops: \u201aAntike Digital\u2018 \u2013 Digital Humanities in der Erforschung der Iberischen Halbinsel in der Antike\u201c, gef\u00f6rdert durch die Deutsche Forschungsgemeinschaft<\/p>\n<p><span style=\"color: #999999;\">\u2014 2017-2021<\/span><br \/>\nehrenamtliche T\u00e4tigkeit als Schatzmeister von CIfA Deutschland (Chartered Institute for Archaeologists)<\/p>\n<p><span style=\"color: #999999;\">\u2014 2007<\/span><br \/>\nBildredaktion f\u00fcr M. Recke (Hrsg.), Wahre Helden? Daumier und die Antike: AKAMAS 1 (Norderstedt 2007)<\/p>\n<hr \/>\n<h5><strong>Monographie<\/strong><\/h5>\n<p>J. Schneider, <a href=\"http:\/\/www.archaeopress.com\/ArchaeopressShop\/Public\/displayProductDetail.asp?id={2A4C827C-508D-4F00-A994-F284BE624BB0}\">L\u00e4ndliche Siedlungsstrukturen im r\u00f6mischen Spanien. Das Becken von Vera und das Camp de Tarragona &#8211; zwei Mikroregionen im Vergleich<\/a>, Archaeopress Roman Archaeology 22, Oxford 2017<\/p>\n<p>Rezensiert durch:<br \/>\nI. Array\u00e1s-Morales, Gnomon 92.1 (2020)<br \/>\nB. Weissov\u00e1, Ancient West &amp; East 18 (2019)<br \/>\nA. Vermeulen, Bryn Mawr Classical Review 2018.04.05 (2018)<br \/>\nT. Schierl, Antiquity 91.360 (2017)<br \/>\nG. Sch\u00f6rner, sehepunkte 17.7-8 (2017)<\/p>\n<hr \/>\n<h5><strong>Aufs\u00e4tze<\/strong><\/h5>\n<p>\u00abZwei Seelen wohnen, ach, in seiner Brust\u00bb \u2013 oder auch: Ein Landeskonservator im Berufsverband (mit M. Schauer, F. Siegmund, M. Mietz, C. Drummer, F. N\u00e4th, S. Piffko, G. Wait und S. Wolff), in: Bayerisches Landesamt f\u00fcr Bodendenkmalpflege (Hrsg.), Bericht der Bayerischen Bodendenkmalpflege 62, 2021 \u2013 C. Sebastian Sommer gewidmet (Bonn 2021), 631-638<\/p>\n<p>Methodological approaches on Urban Micro-Regions in Southern Spain and Northern Tunisia (mit P. Scheding), in: J. Lehman &#8211; P. Scheding (Hrsg.), Explaining the urban boom. A comparison of the regional development of the cities in the Roman Provinces of Africa and Hispania, Iberia Archaeologica (im Druck)<\/p>\n<p>CIfA-Umfrage 2020 zu Lohnuntergrenzen in der privatwirtschaftlichen Arch\u00e4ologie (Arbeitspapiere CIfA Deutschland 2) (gemeinsam mit M. Mietz und M. Schauer) in: Arch\u00e4ologische Informationen 43 (Early View: <a href=\"https:\/\/www.dguf.de\/fileadmin\/AI\/ArchInf-EV_Schauer-etal.pdf\">https:\/\/www.dguf.de\/fileadmin\/AI\/ArchInf-EV_Schauer-etal.pdf<\/a>)<\/p>\n<p>CIfA: Verband der Arch\u00e4ologen (mit S. Piffko), in: Bayerische Arch\u00e4ologie 3\/2019, 54-55<\/p>\n<p>Vergleich l\u00e4ndlicher Siedlungsstrukturen: Mikroregionale Analysen im r\u00f6mischen Spanien, in: S. Panzram (Ed.): <em>Oppidum \u2013 civitas \u2013 urbs<\/em>. St\u00e4dteforschung auf der Iberischen Halbinsel zwischen Rom und al-Andalus, Berlin 2017, 657-679 (= Geschichte und Kultur der Iberischen Welt; 13)<\/p>\n<p>Angeschnitten \u2013 neue Einblicke in den Wetteraulimes (mit R. M\u00fcller), in: hessenARCH\u00c4OLOGIE 2016, 109-112<\/p>\n<p>Neues Konzept f\u00fcr alte Funde. Arch\u00e4ologische Fundst\u00fccke erhalten einen gro\u00dfartigen Rahmen in Almer\u00edas neuem Museum, AW 4\/2013, 86-89<\/p>\n<p>Biographie HAP Grieshaber, in: A. Kl\u00f6ckner \u2013 M. Recke (Hrsg.), PAN-tastisch. Grieshaber und die Antike: AKAMAS 4 (Gie\u00dfen 2009), 12-13<\/p>\n<p>Antike Bildmotive in Grieshabers Werken, in: A. Kl\u00f6ckner \u2013 M. Recke (Hrsg.), PAN-tastisch. Grieshaber und die Antike: AKAMAS 4 (Gie\u00dfen 2009), 23-35<\/p>\n<p>Der Tod am Nil, in: A. Kl\u00f6ckner \u2013 M. Recke (Hrsg.), PAN-tastisch. Grieshaber und die Antike: AKAMAS 4 (Gie\u00dfen 2009), 94-97<\/p>\n<p>Daumier und die Frauen, in: M. Recke (Hrsg.), Wahre Helden? Daumier und die Antike: AKAMAS 1 (Norderstedt 2007), 86-95<\/p>\n<p>Daumier und die Antike (mit P. Kobusch, S. Sattler), in: M. Recke (Hrsg.), Wahre Helden? Daumier und die Antike: AKAMAS 1 (Norderstedt 2007), 27-30<\/p>\n<hr \/>\n<h5><strong>Rezensionen<\/strong><\/h5>\n<p>J. Mart\u00ednez Jim\u00e9nez &#8211; I. Sastre de Diego &#8211; C. Tejerizo Garc\u00eda, The Iberian Peninsula between 300 and 850. An archaeological perspective. Late antique and early medieval Iberia 6, in: Bryn Mawr Classical Review 04.2020 (<a href=\"https:\/\/bmcr.brynmawr.edu\/2020\/2020.04.44\/\">https:\/\/bmcr.brynmawr.edu\/2020\/2020.04.44\/<\/a>)<\/p>\n<p>F\u00e9lix Teichner (Hrsg.), Aktuelle Forschungen zur Provinzialr\u00f6mischen Arch\u00e4ologie in Hispanien. Beitr\u00e4ge des DAAD-Kolloquiums im Mai 2015 in Sevilla, Marburg: Vorgeschichtliches Seminar der Philipps-Universit\u00e4t Marburg 2016, in: <a href=\"http:\/\/www.sehepunkte.de\/2017\/06\/30225.html\">sehepunkte 17 (2017)<\/a><\/p>\n<p>S. Agarwal \u2013 B. Glencross, (Hrsg.): Social Bioarchaeology (San Francisco 2011), in: <a href=\"http:\/\/kult-online.uni-giessen.de\/archiv\/2012\/ausgabe33\/rezensionen\/neue-wege-der-bioarchaeologie\">KULT_online 33, 2012<\/a><\/p>\n<hr \/>\n<h5><strong>Mitgliedschaften<\/strong><\/h5>\n<p>CIfA \u2013 Chartered Institute for Archaeologists (MCIfA)<br \/>\nGGK \u2013 Gie\u00dfener Graduiertenzentrum Kulturwissenschaften<br \/>\ndArV \u2013 Deutscher Arch\u00e4ologen-Verband e.V.<br \/>\nTOLETUM \u2013 Netzwerk zur Erforschung der Iberischen Halbinsel in der Antike<br \/>\nFreunde der Gie\u00dfener Antikensammlung e.V.<br \/>\nArch\u00e4ologie im Gleiberger Land e.V.<\/p>\n<\/div>\n<p><\/p>","protected":false},"excerpt":{"rendered":"<p>Dr. Jan Schneider SPAU GmbH In den Hirschg\u00e4rten 1 D-35516 M\u00fcnzenberg schneider.jan@gmx.net Website spau-ausgrabungen.de\/schneider&#8230;. Arbeits- und Forschungsschwerpunkt: Der Schwerpunkt seiner hauptberuflichen T\u00e4tigkeit liegt in der Leitung arch\u00e4ologischer Prospektionen, Ausgrabungen und Gutachten in Deutschland, besonders in Hessen und Nordbayern. Die Projekte umfassen dabei alle Zeitstellungen und Befundarten beider Regionen. Dar\u00fcber hinaus liegt sein pers\u00f6nlicher Forschungsschwerpunkt seit &hellip; <a href=\"https:\/\/www.toletum-network.com\/es\/teilnehmer\/jan-schneider-m-a\/\" class=\"more-link\">Continuar leyendo<span class=\"screen-reader-text\"> \u00abDr. Jan Schneider\u00bb<\/span><\/a><\/p>\n","protected":false},"author":7,"featured_media":0,"parent":18,"menu_order":0,"comment_status":"closed","ping_status":"closed","template":"","meta":{"jetpack_post_was_ever_published":false,"footnotes":""},"class_list":["post-1289","page","type-page","status-publish","hentry"],"jetpack_sharing_enabled":true,"jetpack_shortlink":"https:\/\/wp.me\/P82TDz-kN","_links":{"self":[{"href":"https:\/\/www.toletum-network.com\/es\/wp-json\/wp\/v2\/pages\/1289","targetHints":{"allow":["GET"]}}],"collection":[{"href":"https:\/\/www.toletum-network.com\/es\/wp-json\/wp\/v2\/pages"}],"about":[{"href":"https:\/\/www.toletum-network.com\/es\/wp-json\/wp\/v2\/types\/page"}],"author":[{"embeddable":true,"href":"https:\/\/www.toletum-network.com\/es\/wp-json\/wp\/v2\/users\/7"}],"replies":[{"embeddable":true,"href":"https:\/\/www.toletum-network.com\/es\/wp-json\/wp\/v2\/comments?post=1289"}],"version-history":[{"count":56,"href":"https:\/\/www.toletum-network.com\/es\/wp-json\/wp\/v2\/pages\/1289\/revisions"}],"predecessor-version":[{"id":16387,"href":"https:\/\/www.toletum-network.com\/es\/wp-json\/wp\/v2\/pages\/1289\/revisions\/16387"}],"up":[{"embeddable":true,"href":"https:\/\/www.toletum-network.com\/es\/wp-json\/wp\/v2\/pages\/18"}],"wp:attachment":[{"href":"https:\/\/www.toletum-network.com\/es\/wp-json\/wp\/v2\/media?parent=1289"}],"curies":[{"name":"wp","href":"https:\/\/api.w.org\/{rel}","templated":true}]}}