{"id":12852,"date":"2019-04-15T15:37:46","date_gmt":"2019-04-15T13:37:46","guid":{"rendered":"http:\/\/www.toletum-network.com\/?page_id=12852"},"modified":"2020-03-14T22:05:05","modified_gmt":"2020-03-14T20:05:05","slug":"meerengen-im-antiken-mittelmeerraum","status":"publish","type":"page","link":"https:\/\/www.toletum-network.com\/es\/aktivitaten\/meerengen-im-antiken-mittelmeerraum\/","title":{"rendered":"Estrechos en el mediterr\u00e1neo antiguo"},"content":{"rendered":"<p><img loading=\"lazy\" decoding=\"async\" class=\"alignnone size-full wp-image-12891\" src=\"http:\/\/www.toletum-network.com\/wp-content\/uploads\/2019\/04\/Estrecho-c-NASA-1.png\" alt=\"\" width=\"400\" height=\"300\" srcset=\"https:\/\/www.toletum-network.com\/wp-content\/uploads\/2019\/04\/Estrecho-c-NASA-1.png 400w, https:\/\/www.toletum-network.com\/wp-content\/uploads\/2019\/04\/Estrecho-c-NASA-1-300x225.png 300w\" sizes=\"auto, (max-width: 400px) 85vw, 400px\" \/><\/p>\n<p>Jornada de estudio organizada por la \u00c9cole des hautes \u00e9tudes hispaniques et ib\u00e9riques (Casa de Vel\u00e1zquez, Madrid), la Universidad Aut\u00f3noma de Madrid y Toletum<\/p>\n<p><strong>Hora y lugar<br \/>\n<\/strong>20.05.2019; lunes, 9:30 \u2013 18:30 horas; Casa de Vel\u00e1zquez, Ciudad Universitaria, c\/Paul Guinard 3, 28040 Madrid<\/p>\n<p>Download: <a href=\"http:\/\/www.toletum-network.com\/wp-content\/uploads\/2019\/04\/Programa-Jornada-de-estudio.pdf\">Programa Jornada de estudio<\/a> (PDF); <a href=\"https:\/\/www.casadevelazquez.org\/es\/investigacion\/podcasts\/novedad\/estrechos-en-el-mediterraneo-antiguo\/\">Podcasts<\/a> de algunas conferencias<\/p>\n<h3>Programa<\/h3>\n<p>\u2014 9.30 horas \u2013 14.00 horas<\/p>\n<p><strong>Apertura<br \/>\n<\/strong>Antonio \u00c1lvarez-Ossorio Alvari\u00f1o, Director del Madrid Institute for Advanced Study (MIAS)<br \/>\nMichel Bertrand, Subdirector del Madrid Institute for Advanced Study (MIAS) &#8211; Director de la Casa de Vel\u00e1zquez<br \/>\n<strong>Introducci\u00f3n<br \/>\n<\/strong>Sabine Panzram, Universit\u00e4t Hamburg &#8211; Madrid Institute of Advanced Study (MIAS)<\/p>\n<p><strong>Presidencia<br \/>\n<\/strong>Laurent Callegarin, \u00c9cole des hautes \u00e9tudes hispaniques et ib\u00e9riques (Casa de Vel\u00e1zquez, Madrid)<\/p>\n<div data-canvas-width=\"180.35332\">\n<div data-canvas-width=\"466.0765199999999\">\n<p><strong>Tipolog\u00eda y din\u00e1micas de los estrechos<br \/>\n<\/strong>Loic M\u00e9nanteau, Universit\u00e9 de Nantes<\/p>\n<p><strong>Las caracter\u00edsticas f\u00edsicas del estrecho de Gibraltar como condicionantes de la navegaci\u00f3n en el Mediterr\u00e1neo occidental durante la Antig\u00fcedad<\/strong><br \/>\nXavier Nieto Prieto, Universidad de Valencia<\/p>\n<\/div>\n<div data-canvas-width=\"464.65776\">\n<div data-canvas-width=\"196.245\"><strong>Environnement et arch\u00e9ologie des d\u00e9troits tyrrh\u00e9niens (IIe &#8211; d\u00e9but Ier mill\u00e9naire av. n. \u00e8.)<\/strong><\/div>\n<div data-canvas-width=\"196.245\">\n<div data-canvas-width=\"443.9478399999999\">\n<p>Sol\u00e8ne Chevalier, \u00c9cole pratique des hautes \u00e9tudes \/ UMR 8546 (AOrOc, Paris)<\/p>\n<\/div>\n<\/div>\n<div data-canvas-width=\"466.0765199999999\">\n<p><strong>Quand le d\u00e9troit devient un isthme. Les pertuis en contexte portuaire ph\u00e9nicien et punique<br \/>\n<\/strong>Nicolas Carayon, Ipso Facto Scop-Arl, Marseille<\/p>\n<p><strong>Debate<\/strong><\/p>\n<p>\u2014 15.30 horas \u2013 18.30 horas<\/p>\n<p><strong>Presidencia<br \/>\n<\/strong>Sabine Panzram, Universit\u00e4t Hamburg &#8211; Madrid Institute of Advanced Study (MIAS)<\/p>\n<p><strong>Estrechos e istmos: dos formas de frontera en la geograf\u00eda antigua<br \/>\n<\/strong>Irene Paj\u00f3n Leyra, Universidad de Sevilla<\/p>\n<div data-canvas-width=\"466.0765199999999\"><strong>Leyes contra la pirater\u00eda: el caso de los estrechos<\/strong><\/div>\n<div data-canvas-width=\"466.0765199999999\">\n<p>Carlos S\u00e1nchez Moreno-Ellart, Universitat de Val\u00e8ncia<\/p>\n<\/div>\n<div data-canvas-width=\"466.0765199999999\">\n<p><strong>\u00ab Stoma tou Adriou \u00bb : le d\u00e9troit d\u2019Otrante et l\u2019Adriatique dans l\u2019Antiquit\u00e9<\/strong><br \/>\nCecilia D\u2019Ercole, EHESS (Paris) \/ UMR 8210 (ANHIMA, Paris)<\/p>\n<\/div>\n<div data-canvas-width=\"139.21684000000002\">\n<p><strong>Del Mediterr\u00e1neo al \u00cdndico: los estrechos del mar Rojo<\/strong><br \/>\nManuel Albaladejo Vivero, Universidad de Valencia<\/p>\n<p><strong>Debate final conclusivo<\/strong><\/p>\n<\/div>\n<\/div>\n<\/div>\n<\/div>\n<p><\/p>","protected":false},"excerpt":{"rendered":"<p>Jornada de estudio organizada por la \u00c9cole des hautes \u00e9tudes hispaniques et ib\u00e9riques (Casa de Vel\u00e1zquez, Madrid), la Universidad Aut\u00f3noma de Madrid y Toletum Hora y lugar 20.05.2019; lunes, 9:30 \u2013 18:30 horas; Casa de Vel\u00e1zquez, Ciudad Universitaria, c\/Paul Guinard 3, 28040 Madrid Download: Programa Jornada de estudio (PDF); Podcasts de algunas conferencias Programa \u2014 &hellip; <a href=\"https:\/\/www.toletum-network.com\/es\/aktivitaten\/meerengen-im-antiken-mittelmeerraum\/\" class=\"more-link\">Continuar leyendo<span class=\"screen-reader-text\"> \u00abEstrechos en el mediterr\u00e1neo antiguo\u00bb<\/span><\/a><\/p>\n","protected":false},"author":8,"featured_media":0,"parent":15,"menu_order":0,"comment_status":"closed","ping_status":"closed","template":"","meta":{"jetpack_post_was_ever_published":false,"footnotes":""},"class_list":["post-12852","page","type-page","status-publish","hentry"],"jetpack_sharing_enabled":true,"jetpack_shortlink":"https:\/\/wp.me\/P82TDz-3li","_links":{"self":[{"href":"https:\/\/www.toletum-network.com\/es\/wp-json\/wp\/v2\/pages\/12852","targetHints":{"allow":["GET"]}}],"collection":[{"href":"https:\/\/www.toletum-network.com\/es\/wp-json\/wp\/v2\/pages"}],"about":[{"href":"https:\/\/www.toletum-network.com\/es\/wp-json\/wp\/v2\/types\/page"}],"author":[{"embeddable":true,"href":"https:\/\/www.toletum-network.com\/es\/wp-json\/wp\/v2\/users\/8"}],"replies":[{"embeddable":true,"href":"https:\/\/www.toletum-network.com\/es\/wp-json\/wp\/v2\/comments?post=12852"}],"version-history":[{"count":13,"href":"https:\/\/www.toletum-network.com\/es\/wp-json\/wp\/v2\/pages\/12852\/revisions"}],"predecessor-version":[{"id":13792,"href":"https:\/\/www.toletum-network.com\/es\/wp-json\/wp\/v2\/pages\/12852\/revisions\/13792"}],"up":[{"embeddable":true,"href":"https:\/\/www.toletum-network.com\/es\/wp-json\/wp\/v2\/pages\/15"}],"wp:attachment":[{"href":"https:\/\/www.toletum-network.com\/es\/wp-json\/wp\/v2\/media?parent=12852"}],"curies":[{"name":"wp","href":"https:\/\/api.w.org\/{rel}","templated":true}]}}