{"id":12582,"date":"2019-02-01T23:14:39","date_gmt":"2019-02-01T21:14:39","guid":{"rendered":"http:\/\/www.toletum-network.com\/?page_id=12582"},"modified":"2019-04-12T10:17:07","modified_gmt":"2019-04-12T08:17:07","slug":"staedte-verbinden-staedtische-lebenswelten-auf-beiden-seiten-der-strasse-von-gibraltar-5-jh-v-chr-12-jh-n-chr","status":"publish","type":"page","link":"https:\/\/www.toletum-network.com\/es\/aktivitaten\/staedte-verbinden-staedtische-lebenswelten-auf-beiden-seiten-der-strasse-von-gibraltar-5-jh-v-chr-12-jh-n-chr\/","title":{"rendered":"\u00bfConexi\u00f3n entre ciudades? Cultura urbana en las dos orillas del Estrecho (siglos V a.C. \u2013 XII d.C.)"},"content":{"rendered":"<p><figure id=\"attachment_12595\" aria-describedby=\"caption-attachment-12595\" style=\"width: 400px\" class=\"wp-caption alignnone\"><img loading=\"lazy\" decoding=\"async\" class=\"wp-image-12595 size-full\" src=\"http:\/\/www.toletum-network.com\/wp-content\/uploads\/2019\/02\/CdV-Estrecho-Gibraltar-1.png\" alt=\"Vista del Estrecho desde la orilla norte (\u00a9 Curro Cassillas)\" width=\"400\" height=\"300\" srcset=\"https:\/\/www.toletum-network.com\/wp-content\/uploads\/2019\/02\/CdV-Estrecho-Gibraltar-1.png 400w, https:\/\/www.toletum-network.com\/wp-content\/uploads\/2019\/02\/CdV-Estrecho-Gibraltar-1-300x225.png 300w\" sizes=\"auto, (max-width: 400px) 85vw, 400px\" \/><figcaption id=\"caption-attachment-12595\" class=\"wp-caption-text\">Vista del Estrecho desde la orilla norte (\u00a9 Curro Cassillas)<\/figcaption><\/figure><\/p>\n<p>Jornada de estudio organizada por la \u00c9cole des hautes \u00e9tudes hispaniques et ib\u00e9riques (Casa de Vel\u00e1zquez, Madrid), la Universidad Aut\u00f3noma de Madrid y Toletum<\/p>\n<p><strong>Hora y lugar<br \/>\n<\/strong>18.02.2019; lunes, 10 \u2013 18 horas; Universidad Aut\u00f3noma de Madrid, Facultad de Filosof\u00eda y Letras, Sal\u00f3n de Actos, c\/ Francisco Tom\u00e1s y Valiente, 1; Campus de Cantoblanco, 28049 Madrid<\/p>\n<p>Download:\u00a0<a href=\"http:\/\/www.toletum-network.com\/wp-content\/uploads\/2019\/02\/Jornada-de-estudio-Estrecho-02.2019.pdf\">Programa Jornada de estudio<\/a> (PDF)<\/p>\n<h3>Programa<\/h3>\n<p>\u2014 10.00 horas \u2013 13.30 horas<\/p>\n<p><strong>Apertura<br \/>\n<\/strong>Patricia Mart\u00ednez Garc\u00eda, Decana de la Facultad de Filosof\u00eda y Letras (UAM)<br \/>\nAntonio \u00c1lvarez-Ossorio Alvari\u00f1o, Director del Madrid Institute for Advanced Study (MIAS)<br \/>\nMichel Bertrand, Subdirector del Madrid Institute for Advanced Study (MIAS) &#8211; Director de la Casa de Vel\u00e1zquez<br \/>\n<strong>Introducci\u00f3n<br \/>\n<\/strong>Sabine Panzram, Universit\u00e4t Hamburg &#8211; Madrid Institute of Advanced Study (MIAS)<\/p>\n<p><strong>Presidencia<br \/>\n<\/strong>Alfredo Mederos Mart\u00edn, Universidad Aut\u00f3noma de Madrid<\/p>\n<div data-canvas-width=\"180.35332\">\n<div data-canvas-width=\"163.56004000000001\"><strong>Pesca y salazones en las ciudades del Estrecho entre el mundo p\u00fanico y el romano (siglos V a.C. \u2013 I d.C.)<\/strong><\/div>\n<div data-canvas-width=\"464.65776\">\n<p>Enrique Garc\u00eda Vargas, Universidad de Sevilla<\/p>\n<div data-canvas-width=\"466.0765199999999\"><strong>Relaciones sociales y econ\u00f3micas entre las ciudades del Estrecho (siglos III a.C. \u2013 I d.C.): el testimonio de la moneda<\/strong><br \/>\nLaurent Callegarin, \u00c9cole des hautes \u00e9tudes hispaniques et ib\u00e9riques (Casa de Vel\u00e1zquez, Madrid)<\/div>\n<div data-canvas-width=\"466.0765199999999\">\n<p><strong><br \/>\nCiudades en las dos orillas del Estrecho en el periodo augusteo<br \/>\n<\/strong>Adolfo Dom\u00ednguez Monedero, Universidad Aut\u00f3noma de Madrid<\/p>\n<div data-canvas-width=\"196.245\"><strong>Un puente entre dos\u00a0orillas:\u00a0los gobernadores romanos y la administraci\u00f3n del territorio\u00a0de \u00c1frica e Hispania en\u00a0el Alto Imperio<\/strong><\/div>\n<div data-canvas-width=\"196.245\">\n<div data-canvas-width=\"443.9478399999999\">\n<p>Rub\u00e9n Olmo L\u00f3pez, Universidade de Santiago de Compostela \u2013 Universit\u00e4t Hamburg<\/p>\n<\/div>\n<\/div>\n<p>\u2014 15.00 horas \u2013 18 horas<\/p>\n<p><strong>Presidencia<br \/>\n<\/strong>Esther S\u00e1nchez Medina, Universidad Aut\u00f3noma de Madrid<\/p>\n<p><strong>Un \u00abdiario municipal\u00bb paralelo en las ciudades de B\u00e9tica y de las Mauretanias durante el Alto imperio<\/strong><br \/>\nGwladys Bernard, Universit\u00e9 Paris 8 Vincennes-Saint-Denis<\/p>\n<div data-canvas-width=\"466.0765199999999\"><strong>El <em>Fretum Gaditanum<\/em> en la Antig\u00fcedad Tard\u00eda: un espacio com\u00fan de afiliaci\u00f3n religiosa y de circulaci\u00f3n cristiana<\/strong><\/div>\n<div data-canvas-width=\"466.0765199999999\">\n<p>St\u00e9phanie Gu\u00e9don, Universit\u00e9 de Limoges<\/p>\n<\/div>\n<div data-canvas-width=\"139.21684000000002\">\n<p data-canvas-width=\"506.21312\"><strong>Ciudades en el <em>Fretum Gaditanum<\/em> en la Antig\u00fcedad Tard\u00eda: pulmones econ\u00f3micos y comercio mar\u00edtimo<\/strong><br \/>\nDar\u00edo Bernal Casasola, Universidad de C\u00e1diz<\/p>\n<div data-canvas-width=\"152.586\"><strong>El poblamiento medieval en la Guelaya (Marruecos) y sus interacciones con al-Andalus (siglos VII \u2013 XII)<\/strong><\/div>\n<div data-canvas-width=\"215.57451999999998\">\n<p>Bilal Sarr Marroco, Universidad de Granada<\/p>\n<\/div>\n<\/div>\n<\/div>\n<\/div>\n<\/div>\n<p><\/p>","protected":false},"excerpt":{"rendered":"<p>Jornada de estudio organizada por la \u00c9cole des hautes \u00e9tudes hispaniques et ib\u00e9riques (Casa de Vel\u00e1zquez, Madrid), la Universidad Aut\u00f3noma de Madrid y Toletum Hora y lugar 18.02.2019; lunes, 10 \u2013 18 horas; Universidad Aut\u00f3noma de Madrid, Facultad de Filosof\u00eda y Letras, Sal\u00f3n de Actos, c\/ Francisco Tom\u00e1s y Valiente, 1; Campus de Cantoblanco, 28049 &hellip; <a href=\"https:\/\/www.toletum-network.com\/es\/aktivitaten\/staedte-verbinden-staedtische-lebenswelten-auf-beiden-seiten-der-strasse-von-gibraltar-5-jh-v-chr-12-jh-n-chr\/\" class=\"more-link\">Continuar leyendo<span class=\"screen-reader-text\"> \u00ab\u00bfConexi\u00f3n entre ciudades? Cultura urbana en las dos orillas del Estrecho (siglos V a.C. \u2013 XII d.C.)\u00bb<\/span><\/a><\/p>\n","protected":false},"author":8,"featured_media":0,"parent":15,"menu_order":0,"comment_status":"closed","ping_status":"closed","template":"","meta":{"jetpack_post_was_ever_published":false,"footnotes":""},"class_list":["post-12582","page","type-page","status-publish","hentry"],"jetpack_sharing_enabled":true,"jetpack_shortlink":"https:\/\/wp.me\/P82TDz-3gW","_links":{"self":[{"href":"https:\/\/www.toletum-network.com\/es\/wp-json\/wp\/v2\/pages\/12582","targetHints":{"allow":["GET"]}}],"collection":[{"href":"https:\/\/www.toletum-network.com\/es\/wp-json\/wp\/v2\/pages"}],"about":[{"href":"https:\/\/www.toletum-network.com\/es\/wp-json\/wp\/v2\/types\/page"}],"author":[{"embeddable":true,"href":"https:\/\/www.toletum-network.com\/es\/wp-json\/wp\/v2\/users\/8"}],"replies":[{"embeddable":true,"href":"https:\/\/www.toletum-network.com\/es\/wp-json\/wp\/v2\/comments?post=12582"}],"version-history":[{"count":9,"href":"https:\/\/www.toletum-network.com\/es\/wp-json\/wp\/v2\/pages\/12582\/revisions"}],"predecessor-version":[{"id":12851,"href":"https:\/\/www.toletum-network.com\/es\/wp-json\/wp\/v2\/pages\/12582\/revisions\/12851"}],"up":[{"embeddable":true,"href":"https:\/\/www.toletum-network.com\/es\/wp-json\/wp\/v2\/pages\/15"}],"wp:attachment":[{"href":"https:\/\/www.toletum-network.com\/es\/wp-json\/wp\/v2\/media?parent=12582"}],"curies":[{"name":"wp","href":"https:\/\/api.w.org\/{rel}","templated":true}]}}