{"id":1227,"date":"2016-09-02T12:35:26","date_gmt":"2016-09-02T12:35:26","guid":{"rendered":"http:\/\/www.toletum-network.com\/?page_id=1227"},"modified":"2022-02-14T11:49:29","modified_gmt":"2022-02-14T10:49:29","slug":"pieter-h-a-houten","status":"publish","type":"page","link":"https:\/\/www.toletum-network.com\/es\/teilnehmer\/pieter-h-a-houten\/","title":{"rendered":"Pieter H. A. Houten"},"content":{"rendered":"<p><img loading=\"lazy\" decoding=\"async\" class=\"alignnone wp-image-1228\" src=\"http:\/\/www.toletum-network.com\/wp-content\/uploads\/2016\/09\/Pieter-H.A.-Houten-300x200.jpg\" alt=\"Pieter-H.A.-Houten-300x200\" width=\"321\" height=\"215\" \/><\/p>\n<h3 class=\"entry-title\">Dr. Pieter H. A. Houten<\/h3>\n<div class=\"entry-content\">\n<p>Universit\u00e4t Hamburg<br \/>\nEdmund-Siemers-Allee 1 \/ R. 23<br \/>\n20146 Hamburg<br \/>\n<a href=\"mailto:phahouten@gmail.com\">phahouten@gmail.com<\/a><br \/>\n<a href=\"mailto:Pieter.Houten@uni-hamburg.de\">Pieter.Houten@uni-hamburg.de<\/a><\/p>\n<p>Sus investigaciones se centran en procesos sociales como la urbanizaci\u00f3n y la latinizaci\u00f3n (la difusi\u00f3n del lat\u00edn) en el Occidente romano, con especial atenci\u00f3n a la Pen\u00ednsula Ib\u00e9rica en la Antig\u00fcedad. Dentro del proyecto ATLAS (www.atlas-cities.com) investiga las ciudades de la Antig\u00fcedad Tard\u00eda del sur de Espa\u00f1a y T\u00fanez. Para el proyecto LatinNow (www.latinnow.eu) ha estudiado la difusi\u00f3n del lat\u00edn durante el periodo imperial, especialmente en aquellos que aprenden a hablar y escribir lat\u00edn como segunda lengua junto a las lenguas paleohisp\u00e1nicas. Su investigaci\u00f3n doctoral ha sido publicada con el t\u00edtulo Urbanisation in Roman Spain and Portugal (Routledge 2021).<\/p>\n<p>Para su investigaci\u00f3n combina fuentes arqueol\u00f3gicas, epigr\u00e1ficas e hist\u00f3ricas para obtener una imagen m\u00e1s clara de los procesos sociales mencionados. Para el estudio de las grandes regiones y conjuntos de datos se apoya en los Sistemas de Informaci\u00f3n Geogr\u00e1fica.<\/p>\n<hr \/>\n<h5><strong>Publikationen<\/strong><\/h5>\n<p>Houten, P.H.A. (Forthcoming) \u2018Cities, literacy and Latinization: a sociolinguistic view from the Hispaniae\u2019 in: A. Mullen (ed.) <em>Transformations of the Roman West: Social Factors in Latinization<\/em>, University of Oxford Press, Oxford.<\/p>\n<p>Houten, P.H.A. (2022) \u2018Urban boom in Hispania during the High Empire: Monumentalisation and municipalisation\u2019 in: J. Lehman &amp; P. Scheding (eds.),\u00a0<em>Explaining the urban boom. A comparison of the regional development of the cities in the Roman Provinces of Africa and Hispania,<\/em>\u00a0Iberia Archaeologica.<\/p>\n<p>Houten, P.H.A. (2021) <em>Urbanisation in Roman Spain and Portugal: Civitates Hispaniae in the Early Empire<\/em>, Routledge, London.<\/p>\n<p>Houten, P.H.A. (2020) \u2018Moet ik Latijn leren? Latinisering van Germania Inferior.\u2019 <em>Hermeneus. Tijdschrift voor antieke cultuur<\/em> 92.4, 20-27.<\/p>\n<p>Houten, P.H.A. (2020) \u2018The concept of the Augustan City in Hispania Citerior\u2019, in J. Andreu (ed) <em>PARVA OPPIDA: Imagen, patrones e ideolog\u00eda del despegue monumental de las ciudades de la Tarraconense hispana<\/em>, Fundaci\u00f3n Uncastillo \u201cLos Ba\u00f1ales\u201d, 39-62.<\/p>\n<p>Houten, P.H.A. (2020) \u2018Urbanism on the Iberian Peninsula during the High Empire\u2019 in: R. Willet (ed.) <em>The Economics of Urbanism in the Roman Eas<\/em>t, Propylaeum, Heidelberg, 71-82.<\/p>\n<p>Houten, P.H.A. (2019) \u201c[Review] Kl\u00e4r, Timo:\u00a0<em>Die Vasconen und das R\u00f6mische Reich. Der Romanisierungsprozess im Norden der Iberischen Halbinsel<\/em>\u00a0Stuttgart 2017\u201d,\u00a0<em>H-Soz-Kult.<\/em><\/p>\n<p>Houten, P.H.A. (2019) \u2018Why would we need a city? The dispersed civitates in Lusitania\u2019 in: T. Stek &amp; A. Carneiro,\u00a0<em>The Archaeology of Roman Portugal in its Western Mediterranean context<\/em>, Oxford, Oxbow.<\/p>\n<p>Houten, P.H.A. (2019) \u2018Urbanism on the Iberian Peninsula during the High Empire\u2019 in:\u00a0<em>Proceedings of the<\/em>\u00a0<em>19th International Congress of Classical Archaeology<\/em>.<\/p>\n<p>Houten, P.H.A. (2018) \u201c[Review] HANSON, J. W:\u00a0<em>An Urban Geography of the Roman World, 100 BC to AD 300<\/em>, Oxford: Archaeopress 2016. (Archaeopress Roman Archaeology 18). 817 p., ill. ISBN 9781784914721\u201d,\u00a0<em>Orbis Terrarum<\/em>\u00a015, 259-262.<\/p>\n<p>Houten, P.H.A. (2017) \u2018El papel de las aglomeraciones secundarias en las civitates dispersas.\u2019 In: Panzram, S. (ed.),\u00a0<em>Oppidum \u2013 civitas \u2013 urbs. St\u00e4dteforschung auf der Iberischen Halbinsel zwischen Rom und al-Andalus<\/em>. Geschichte und Kultur der Iberischen Welt 13 M\u00fcnster, LIT-Verlag, 681-708.<\/p>\n<p>Houten, P.H.A.\u00a0 (2016) \u201cMonumentality in Hispanoroman Cities: A social network approach\u201d,\u00a0<em>Cuadernos de Arqueolog\u00eda de la Universidad de Navarra\u00a0<\/em>24, p. 49-80.<\/p>\n<p>Ligt, L. de, P.H.A. Houten &amp; R. Willet (2014) \u201cAn Empire of 2000 Cities:\u00a0urban networks and economic integration in the Roman empire\u201d,\u00a0<em>TMA<\/em>\u00a052, 67.<\/p>\n<hr \/>\n<h5><strong>Vortr\u00e4ge<\/strong><\/h5>\n<p>2021\u00a0\u00a0\u00a0 NETLAND Arqueolog\u00eda, redes urbanas y paisajes de asentamientos en la larga duraci\u00f3n, Alicante, Spain<br \/>\nA long way from Rome: A sociolinguistic approach to the role of urban networks in Latinization<\/p>\n<p>2021\u00a0\u00a0\u00a0 ICS Seminar The Archaeology of the Roman Mediterranean: papers celebrating the work of Simon Keay, London United Kingdom<br \/>\nWe don\u2019t need a city: Roman &#8216;civitates&#8217; without urban centres in Hispania<\/p>\n<p>2021\u00a0\u00a0\u00a0 Small Towns, una realidad urbana en la Hispania romana, MARQ, Alicante Spain<br \/>\nSmall Towns a trav\u00e9s de la epigraf\u00eda (Planned 2020 COVID-19 postponed)<\/p>\n<p>2021\u00a0\u00a0\u00a0 Digital Humanities Series at San Diego State University, San Diego USA (online)<br \/>\nLatinNow: Latinization of the north-western Roman provinces and Digital Humanities<\/p>\n<p>2020 \u00a0\u00a0 Guangqi Lecture Shanghai Normal University, Shanghai China (online)<br \/>\nWHY DO WE NEED A CITY? Urbanisation of Roman Spain and Portugal<\/p>\n<p>2019\u00a0\u00a0\u00a0 X TOLETUM, Hamburg Germany<br \/>\nLatinizaci\u00f3n de las estelas funerarias<\/p>\n<p>2019\u00a0\u00a0\u00a0 Parva Oppida, Pamplona Spain<br \/>\nThe concept of the Augustan city in Hispania Citerior<\/p>\n<p>2018\u00a0\u00a0\u00a0 AIAC, Bonn Germany<br \/>\nUrbanism on the Iberian Peninsula during the High Empire<\/p>\n<p>2018\u00a0\u00a0\u00a0 Explaining the urban boom, Madrid Spain<br \/>\nUrban boom in Hispania during the High Empire: monuments and magistrates<\/p>\n<p>2017\u00a0\u00a0\u00a0 Regional Urban Systems in the Roman Empire, Leiden The Netherlands<br \/>\nThe role of secondary agglomerations in the dispersed civitates<\/p>\n<p>2016\u00a0\u00a0\u00a0 VII TOLETUM, Hamburg Germany<br \/>\nEl papel de las aglomeraciones secundarias en las civitates dispersas<\/p>\n<p>2015\u00a0\u00a0\u00a0 I EJIAC \u2013 ROMA AETERNA, Pamplona Spain<br \/>\nMonumentalidad, estatus jur\u00eddico y conectividad<\/p>\n<p>2014\u00a0\u00a0\u00a0 RAC\/TRAC, Reading United Kingdom<br \/>\nThe Development of the Roman Empire\u2019s Urban Network<\/p>\n<hr \/>\n<h5><strong>Arch\u00e4ologische Erfahrungen<\/strong><\/h5>\n<p>2016 X Curs d\u2019arqueologia ciutat romana de\u00a0Iesso<br \/>\n<em>Ausgrabung<br \/>\n<\/em><em>Iesso Guissona, Spanien (10 Tage).<\/em><\/p>\n<p>2015 Deutsch-Spanische Fieldschool in Seg\u00f3briga\/Trier<br \/>\nTOLETUM, Hamburg, Deutschland<br \/>\n<em>Fielschool Klassische Arch\u00e4ologie<br \/>\n<\/em><em>Segobriga, Spanien &amp; Trier, Deutschland\u00a0 (12 Tage).<\/em><\/p>\n<p>2013-2016, I.M.S. FORTH<br \/>\nUniversit\u00e4t Leiden, Leiden, Niederlande<br \/>\n<em>Geophysikalische Prospektionsmethoden und Auswertung<br \/>\nHyettos &amp; Haliartos, B\u00f6otien, Griechenland (34 Tage).<\/em><\/p>\n<p>2013, I.M.S. FORTH<br \/>\nUniversit\u00e4t Leiden, Leiden, Niederlande<br \/>\n<em>Keramik \u2013 Analyse<br \/>\nB\u00f6otien, Griechenland\u00a0(10 Tage).<\/em><\/p>\n<p>2012, Universit\u00e4t Utrecht, Utrecht, Niederlande<br \/>\n<em>Prospektion und Ausgrabung<br \/>\nThorikos, Attika, Griechenland (6 Tage).<\/em><\/p>\n<p>2011,\u00a0BAAC BV, Den Bosch, Niederlande<br \/>\n<em>Ausgrabung &amp; Auswertung Bronzezeit und Mittelalter<\/em><br \/>\n<em>Beers, Niederlande (7 Tage).<\/em><\/p>\n<p><em>Ausgrabung Eisenzeit und Mittelalter<\/em><br \/>\n<em>Barneveld, Niederlande (4 Tage).<\/em><\/p>\n<hr \/>\n<h5><strong>Lehrerfahrung<\/strong><\/h5>\n<p>2020-21\u00a0\u00a0\u00a0\u00a0\u00a0\u00a0\u00a0\u00a0\u00a0 <strong>University of Nottingham<br \/>\n<\/strong>Mastering the Arts \u2013 MA course interdisciplinary approaches to research<br \/>\nStudying the Roman World \u2013 BA1 introduction into Roman History<br \/>\nAugustus \u2013 BA3 Roman History seminar<\/p>\n<p>2019-20\u00a0\u00a0\u00a0\u00a0\u00a0\u00a0\u00a0\u00a0\u00a0 <strong>University of Oxford<br \/>\n<\/strong>Epigraphy in the Roman World \u2013 Graduate seminar on Roman inscriptions<\/p>\n<p>2018-19\u00a0\u00a0\u00a0\u00a0\u00a0\u00a0\u00a0 <strong>Universit\u00e4t Leiden<br \/>\n<\/strong>Thesis Seminar \u2013 BA3<br \/>\nPolis und Burger: Athenische Staatsb\u00fcrgerschaft \u2013 BA2<br \/>\nSeminar f\u00fcr Alte Geschichte \u2013 BA1<br \/>\nThematisches Seminar Sp\u00e4tantike\u2013 BA1<br \/>\nAkademische Kenntnisse \u2013 BA1<\/p>\n<p>2017-18\u00a0\u00a0\u00a0\u00a0\u00a0\u00a0\u00a0 <strong>Universit\u00e4t Leiden<br \/>\n<\/strong>Thesis Seminar \u2013 BA3<br \/>\nSeminar f\u00fcr Alte Geschichte \u2013 BA1<br \/>\nThematises Seminar R\u00f6mische St\u00e4dten \u2013 BA1<br \/>\nAkademische Kenntnisse \u2013 BA1<\/p>\n<p>2017-18 \u00a0\u00a0\u00a0\u00a0\u00a0\u00a0 <strong>Universit\u00e4t Utrecht<br \/>\n<\/strong>Seminar f\u00fcr Alte Geschichte \u2013 BA1<br \/>\nKlassische Mythologie\u2013 BA2<\/p>\n<p>2016-17\u00a0\u00a0\u00a0\u00a0\u00a0\u00a0 <strong>Universit\u00e4t Leiden<\/strong><br \/>\nSeminar f\u00fcr Alte Geschichte \u2013 BA1<\/p>\n<p>2015-16\u00a0\u00a0\u00a0\u00a0\u00a0\u00a0 <strong>Universit\u00e4t Leiden<br \/>\n<\/strong>Seminar f\u00fcr Alte Geschichte \u2013 BA1<\/p>\n<p>2014-15\u00a0\u00a0\u00a0\u00a0\u00a0\u00a0\u00a0 <strong>Universit\u00e4t Leiden<br \/>\n<\/strong>Seminar f\u00fcr Alte Geschichte \u2013 BA1<\/p>\n<hr \/>\n<h5><strong>Studium<\/strong><\/h5>\n<p>2013-2018, Universiteit Leiden, Promotionsprojekt<br \/>\nDissertation: <em>Civitates Hispaniae: Urbanisation on the Iberian Peninsula during the High Empire<\/em><\/p>\n<p>2011-2013, Universiteit Utrecht, Researchmaster Ancient Studies<br \/>\nThesis:\u00a0<em>Celtiberian Cities and Roman Rule<\/em><\/p>\n<p>2013, Universiteit Leiden<br \/>\nFeb.-May,\u00a0<em>\u2018Romanisation\u2019 Acculturation processes in the Roman Empire<br \/>\n<\/em>March, VU Universiteit Amsterdam, KNIR<br \/>\n<em>Epigraphy on Location<\/em><\/p>\n<p>2012, ERASMUS, Universidad Complutense de Madrid<br \/>\nJan.-July, \u00a0<em>Etnoarcheolog\u00eda, Protohistor\u00eda de Europa, Antropolog\u00eda Urbana, Lengua y Cultura\u00a0<\/em>and\u00a0<em>Ritual y Creencia<\/em><\/p>\n<p>2008-2011, Universiteit Utrecht, Bachelor Geschichte<br \/>\nMinor:\u00a0<em>Antieke Kultur<br \/>\n<\/em>Thesis:\u00a0<em>Gallo-Romeinse Tempels in Gallia Belgica<\/em><\/p>\n<hr \/>\n<h5><strong> Stipendien<\/strong><\/h5>\n<p>2012, Philologisch Studiefonds Travel grant<\/p>\n<hr \/>\n<h5><strong>Mitglied<\/strong><\/h5>\n<p><em>TALANTA \u2013 Herausgeber<br \/>\nBritish Epigraphic Society &#8211; Member<br \/>\nOIKOS \u2013 Impact of Empire, Member<br \/>\nTOLETUM, Member<\/em><\/p>\n<\/div>\n<p><\/p>","protected":false},"excerpt":{"rendered":"<p>Dr. Pieter H. A. Houten Universit\u00e4t Hamburg Edmund-Siemers-Allee 1 \/ R. 23 20146 Hamburg phahouten@gmail.com Pieter.Houten@uni-hamburg.de Sus investigaciones se centran en procesos sociales como la urbanizaci\u00f3n y la latinizaci\u00f3n (la difusi\u00f3n del lat\u00edn) en el Occidente romano, con especial atenci\u00f3n a la Pen\u00ednsula Ib\u00e9rica en la Antig\u00fcedad. Dentro del proyecto ATLAS (www.atlas-cities.com) investiga las ciudades &hellip; <a href=\"https:\/\/www.toletum-network.com\/es\/teilnehmer\/pieter-h-a-houten\/\" class=\"more-link\">Continuar leyendo<span class=\"screen-reader-text\"> \u00abPieter H. A. Houten\u00bb<\/span><\/a><\/p>\n","protected":false},"author":7,"featured_media":0,"parent":18,"menu_order":0,"comment_status":"closed","ping_status":"closed","template":"","meta":{"jetpack_post_was_ever_published":false,"footnotes":""},"class_list":["post-1227","page","type-page","status-publish","hentry"],"jetpack_sharing_enabled":true,"jetpack_shortlink":"https:\/\/wp.me\/P82TDz-jN","_links":{"self":[{"href":"https:\/\/www.toletum-network.com\/es\/wp-json\/wp\/v2\/pages\/1227","targetHints":{"allow":["GET"]}}],"collection":[{"href":"https:\/\/www.toletum-network.com\/es\/wp-json\/wp\/v2\/pages"}],"about":[{"href":"https:\/\/www.toletum-network.com\/es\/wp-json\/wp\/v2\/types\/page"}],"author":[{"embeddable":true,"href":"https:\/\/www.toletum-network.com\/es\/wp-json\/wp\/v2\/users\/7"}],"replies":[{"embeddable":true,"href":"https:\/\/www.toletum-network.com\/es\/wp-json\/wp\/v2\/comments?post=1227"}],"version-history":[{"count":23,"href":"https:\/\/www.toletum-network.com\/es\/wp-json\/wp\/v2\/pages\/1227\/revisions"}],"predecessor-version":[{"id":16166,"href":"https:\/\/www.toletum-network.com\/es\/wp-json\/wp\/v2\/pages\/1227\/revisions\/16166"}],"up":[{"embeddable":true,"href":"https:\/\/www.toletum-network.com\/es\/wp-json\/wp\/v2\/pages\/18"}],"wp:attachment":[{"href":"https:\/\/www.toletum-network.com\/es\/wp-json\/wp\/v2\/media?parent=1227"}],"curies":[{"name":"wp","href":"https:\/\/api.w.org\/{rel}","templated":true}]}}