{"id":12240,"date":"2018-11-09T00:07:13","date_gmt":"2018-11-08T22:07:13","guid":{"rendered":"http:\/\/www.toletum-network.com\/?page_id=12240"},"modified":"2021-11-27T20:32:26","modified_gmt":"2021-11-27T18:32:26","slug":"prof-dr-lauro-olmo-enciso","status":"publish","type":"page","link":"https:\/\/www.toletum-network.com\/es\/teilnehmer\/prof-dr-lauro-olmo-enciso\/","title":{"rendered":"Prof. Dr. Lauro Olmo Enciso"},"content":{"rendered":"<p><\/p>\n<h3><img loading=\"lazy\" decoding=\"async\" class=\"alignleft size-full wp-image-12246\" src=\"http:\/\/www.toletum-network.com\/wp-content\/uploads\/2018\/11\/Lauro-Olmo-Enciso-2.png\" alt=\"\" width=\"200\" height=\"300\" \/><\/h3>\n<h3 class=\"entry-title\">Prof. Dr. Lauro Olmo Enciso<\/h3>\n<div class=\"entry-content\">\n<p>Universidad de Alcal\u00e1<br \/>\nDepartamento de Historia y Filosof\u00eda<br \/>\nPza. San Diego, s\/n<br \/>\nE-28801 Alcal\u00e1 de Henares<br \/>\n<a href=\"mailto:lauro.olmo@uah.es\">lauro.olmo@uah.es<\/a><\/p>\n<p><a href=\"https:\/\/uah.academia.edu\/LAUROOLMOENCISO\">CV<\/a><\/p>\n<p><strong><span style=\"color: #800080;\"><a style=\"color: #800080; text-decoration: underline;\" href=\"http:\/\/www.toletum-network.com\/es\/workshops\/ix-workshop-2018\/\">Toletum IX Reino visigodo de Toledo<\/a> \/ <strong><span style=\"color: #800080;\"><a style=\"color: #800080; text-decoration: underline;\" <a href=\"https:\/\/www.toletum-network.com\/es\/workshops\/xii-workshop-2021\/\">Toletum XII \u00daltimas novedades y l\u00edneas de investigaci\u00f3n sobre la Pen\u00ednsula Ib\u00e9rica<\/a><\/span><\/strong><\/p>\n<\/div>\n<p><\/p>","protected":false},"excerpt":{"rendered":"<p>Prof. Dr. Lauro Olmo Enciso Universidad de Alcal\u00e1 Departamento de Historia y Filosof\u00eda Pza. San Diego, s\/n E-28801 Alcal\u00e1 de Henares lauro.olmo@uah.es CV Toletum IX Reino visigodo de Toledo \/<\/p>\n","protected":false},"author":8,"featured_media":0,"parent":18,"menu_order":0,"comment_status":"closed","ping_status":"closed","template":"","meta":{"jetpack_post_was_ever_published":false,"footnotes":""},"class_list":["post-12240","page","type-page","status-publish","hentry"],"jetpack_sharing_enabled":true,"jetpack_shortlink":"https:\/\/wp.me\/P82TDz-3bq","_links":{"self":[{"href":"https:\/\/www.toletum-network.com\/es\/wp-json\/wp\/v2\/pages\/12240","targetHints":{"allow":["GET"]}}],"collection":[{"href":"https:\/\/www.toletum-network.com\/es\/wp-json\/wp\/v2\/pages"}],"about":[{"href":"https:\/\/www.toletum-network.com\/es\/wp-json\/wp\/v2\/types\/page"}],"author":[{"embeddable":true,"href":"https:\/\/www.toletum-network.com\/es\/wp-json\/wp\/v2\/users\/8"}],"replies":[{"embeddable":true,"href":"https:\/\/www.toletum-network.com\/es\/wp-json\/wp\/v2\/comments?post=12240"}],"version-history":[{"count":12,"href":"https:\/\/www.toletum-network.com\/es\/wp-json\/wp\/v2\/pages\/12240\/revisions"}],"predecessor-version":[{"id":15869,"href":"https:\/\/www.toletum-network.com\/es\/wp-json\/wp\/v2\/pages\/12240\/revisions\/15869"}],"up":[{"embeddable":true,"href":"https:\/\/www.toletum-network.com\/es\/wp-json\/wp\/v2\/pages\/18"}],"wp:attachment":[{"href":"https:\/\/www.toletum-network.com\/es\/wp-json\/wp\/v2\/media?parent=12240"}],"curies":[{"name":"wp","href":"https:\/\/api.w.org\/{rel}","templated":true}]}}