{"id":11529,"date":"2018-02-17T15:54:14","date_gmt":"2018-02-17T14:54:14","guid":{"rendered":"http:\/\/www.toletum-network.com\/?page_id=11529"},"modified":"2021-11-27T21:39:36","modified_gmt":"2021-11-27T19:39:36","slug":"prof-dr-alejandro-garcia-sanjuan","status":"publish","type":"page","link":"https:\/\/www.toletum-network.com\/es\/teilnehmer\/prof-dr-alejandro-garcia-sanjuan\/","title":{"rendered":"Prof. Dr. Alejandro Garc\u00eda Sanju\u00e1n"},"content":{"rendered":"<p><img loading=\"lazy\" decoding=\"async\" class=\"alignnone wp-image-11531 size-medium\" src=\"http:\/\/www.toletum-network.com\/wp-content\/uploads\/2018\/02\/2018-02-17-blogbild-1-300x200-300x200.jpg\" alt=\"\" width=\"300\" height=\"200\" \/><\/p>\n<h3 class=\"entry-title\">Prof. Dr. Alejandro Garc\u00eda Sanju\u00e1n<\/h3>\n<div class=\"entry-content\">\n<p>Universidad de Huelva<br \/>\nFacultad de Humanidades<br \/>\nDepartamento de Historia, Geograf\u00eda y Antropolog\u00eda \u2013 Historia Medieval<br \/>\nCampus de \u00abEl Carmen\u00bb<br \/>\nAvenida de las Fuerzas Armadas, s\/n<br \/>\nE-21007 Huelva<br \/>\n<a href=\"mailto:sanjuan@uhu.es\">sanjuan@uhu.es<\/a><\/p>\n<p><strong>profesor invitado, 05\/2018-06\/2018<\/strong><br \/>\nUniversit\u00e4t Hamburg<br \/>\nHistorisches Seminar \u2013 Arbeitsbereich Alte Geschichte<br \/>\n\u00dcberseering 35#5 \/ 2. OG<br \/>\nD-22297 Hamburg<\/p>\n<p><a href=\"https:\/\/uhu.academia.edu\/AlejandroGarc%C3%ADaSanju%C3%A1n\">CV<\/a><\/p>\n<p><strong><span style=\"color: #800080;\"><a style=\"color: #800080; text-decoration: underline;\" <a href=\"https:\/\/www.toletum-network.com\/es\/aktivitaten\/spain-is-different-nationalism-and-identity-between-antiquity-and-today\/\"><strong>Jornada de estudio \u201eSpain is different\u201c!?<\/strong><\/a> <strong><a <strong><span style=\"color: #800080;\"><a style=\"color: #800080; text-decoration: underline;\" href=\"https:\/\/www.toletum-network.com\/es\/workshops\/xii-workshop-2021\/\">\/ Toletum XII \u00daltimas novedades y l\u00edneas de investigaci\u00f3n sobre la Pen\u00ednsula Ib\u00e9rica<\/a><\/strong><\/p>\n<\/div>\n<p><\/p>","protected":false},"excerpt":{"rendered":"<p>Prof. Dr. Alejandro Garc\u00eda Sanju\u00e1n Universidad de Huelva Facultad de Humanidades Departamento de Historia, Geograf\u00eda y Antropolog\u00eda \u2013 Historia Medieval Campus de \u00abEl Carmen\u00bb Avenida de las Fuerzas Armadas, s\/n E-21007 Huelva sanjuan@uhu.es profesor invitado, 05\/2018-06\/2018 Universit\u00e4t Hamburg Historisches Seminar \u2013 Arbeitsbereich Alte Geschichte \u00dcberseering 35#5 \/ 2. OG D-22297 Hamburg CV<\/p>\n","protected":false},"author":10,"featured_media":0,"parent":18,"menu_order":0,"comment_status":"closed","ping_status":"closed","template":"","meta":{"jetpack_post_was_ever_published":false,"footnotes":""},"class_list":["post-11529","page","type-page","status-publish","hentry"],"jetpack_sharing_enabled":true,"jetpack_shortlink":"https:\/\/wp.me\/P82TDz-2ZX","_links":{"self":[{"href":"https:\/\/www.toletum-network.com\/es\/wp-json\/wp\/v2\/pages\/11529","targetHints":{"allow":["GET"]}}],"collection":[{"href":"https:\/\/www.toletum-network.com\/es\/wp-json\/wp\/v2\/pages"}],"about":[{"href":"https:\/\/www.toletum-network.com\/es\/wp-json\/wp\/v2\/types\/page"}],"author":[{"embeddable":true,"href":"https:\/\/www.toletum-network.com\/es\/wp-json\/wp\/v2\/users\/10"}],"replies":[{"embeddable":true,"href":"https:\/\/www.toletum-network.com\/es\/wp-json\/wp\/v2\/comments?post=11529"}],"version-history":[{"count":9,"href":"https:\/\/www.toletum-network.com\/es\/wp-json\/wp\/v2\/pages\/11529\/revisions"}],"predecessor-version":[{"id":15895,"href":"https:\/\/www.toletum-network.com\/es\/wp-json\/wp\/v2\/pages\/11529\/revisions\/15895"}],"up":[{"embeddable":true,"href":"https:\/\/www.toletum-network.com\/es\/wp-json\/wp\/v2\/pages\/18"}],"wp:attachment":[{"href":"https:\/\/www.toletum-network.com\/es\/wp-json\/wp\/v2\/media?parent=11529"}],"curies":[{"name":"wp","href":"https:\/\/api.w.org\/{rel}","templated":true}]}}